{"id":8,"date":"2017-11-02T09:59:06","date_gmt":"2017-11-02T08:59:06","guid":{"rendered":"http:\/\/www.phil.uzh.ch\/elearning\/blog\/zuerchergeschichten\/?page_id=8"},"modified":"2019-07-05T10:58:22","modified_gmt":"2019-07-05T08:58:22","slug":"impressum","status":"publish","type":"page","link":"https:\/\/dlf.uzh.ch\/sites\/zuerchergeschichten\/impressum\/","title":{"rendered":"Impressum"},"content":{"rendered":"<p>Z\u00fcrcher Geschichten \u2013 Ein Public History Blog Projekt am Historischen Seminar der Universit\u00e4t Z\u00fcrich<\/p>\n<h1>Kontakt<\/h1>\n<p>Dr. Sarah-Maria Schober<br \/>\nHistorisches Seminar der UZH<br \/>\nKarl Schmid-Strasse 4<br \/>\nCH-8006 Z\u00fcrich<\/p>\n<p>E-Mail: sarah.schober@uzh.ch<\/p>\n<h1>Urheberrechte<\/h1>\n<p>Wir gew\u00e4hren die Nutzung der Inhalte von \u00abZ\u00fcrcher Geschichten\u00bb unter einer Creative Commons Attribution-ShareAlike-NonCommercial 4.0 International License (CC BY-SA-NC 4.0).<\/p>\n<p>Soweit die Inhalte auf dieser Seite nicht vom Betreiber erstellt wurden, werden die Urheberrechte Dritter beachtet. Insbesondere werden Inhalte Dritter als solche gekennzeichnet. Sollten Sie trotzdem auf eine Urheberrechtsverletzung aufmerksam werden, bitten wir um einen entsprechenden Hinweis. Bei Bekanntwerden von Rechtsverletzungen werden wir derartige Inhalte umgehend entfernen.<\/p>\n<h1>Haftungsausschluss<\/h1>\n<p>Die Inhalte unserer Seiten wurden mit gr\u00f6\u00dfter Sorgfalt erstellt. Wir sind bem\u00fcht, richtige und vollst\u00e4ndige Informationen auf dieser Website bereitzustellen. Allerdings \u00fcbernehmen wir keinerlei Gew\u00e4hr hinsichtlich der inhaltlichen Richtigkeit, Genauigkeit, Aktualit\u00e4t, Zuverl\u00e4ssigkeit und Vollst\u00e4ndigkeit der Informationen. Haftungsanspr\u00fcche gegen den Autor wegen Sch\u00e4den materieller oder immaterieller Art, welche aus dem Zugriff oder der Nutzung bzw. Nichtnutzung der ver\u00f6ffentlichten Informationen, durch Missbrauch der Verbindung oder durch technische St\u00f6rungen entstanden sind, werden ausgeschlossen. Alle Angebote sind unverbindlich. Der Autor beh\u00e4lt es sich ausdr\u00fccklich vor, Teile der Seiten oder das gesamte Angebot ohne gesonderte Ank\u00fcndigung zu ver\u00e4ndern, zu erg\u00e4nzen, zu l\u00f6schen oder die Ver\u00f6ffentlichung zeitweise oder endg\u00fcltig einzustellen.<\/p>\n<h1>Haftung f\u00fcr Links<\/h1>\n<p>Verweise und Links auf Webseiten Dritter liegen ausserhalb unseres Verantwortungsbereichs. Es wird jegliche Verantwortung f\u00fcr solche Webseiten abgelehnt. Der Zugriff und die Nutzung solcher Webseiten erfolgen auf eigene Gefahr des Nutzers oder der Nutzerin.<\/p>\n<h1>Datenschutz<\/h1>\n<p>Mit jedem Aufruf der Website durch eine betroffene Person oder ein automatisiertes System werden eine Reihe von allgemeinen Daten und Informationen erfasst. Diese allgemeinen Daten und Informationen werden in den Logfiles des Servers gespeichert. Erfasst werden k\u00f6nnen die (1) verwendeten Browsertypen und Versionen, (2) das vom zugreifenden System verwendete Betriebssystem, (3) die Website, von welcher ein zugreifendes System auf unsere Website gelangt (sogenannte Referrer), (4) die Unterwebsites, welche \u00fcber ein zugreifendes System auf unserer Website angesteuert werden, (5) das Datum und die Uhrzeit eines Zugriffs auf die Website, (6) eine Internet-Protokoll-Adresse (IP-Adresse), (7) der Internet- Service-Provider des zugreifenden Systems und (8) sonstige \u00e4hnliche Daten und Informationen, die der Gefahrenabwehr im Falle von Angriffen auf unsere IT- Infrastruktur dienen.<\/p>\n<p>Diese Daten und Informationen werden ben\u00f6tigt, um (1) die Inhalte unserer Website korrekt darzustellen, (2) die Inhalte unserer Website zu optimieren, (3) die dauerhafte Funktionsf\u00e4higkeit unserer IT-Infrastruktur und der Technik unserer Website zu gew\u00e4hrleisten sowie (4) im Falle eines Cyberangriffes den Strafverfolgungsbeh\u00f6rden die notwendigen Informationen bereitzustellen. Die so erhobenen Daten und Informationen werden nur zu den eben erw\u00e4hnten Zwecken bearbeitet und getrennt von allen durch eine betroffene Person angegebenen personenbezogenen Daten gespeichert.<\/p>\n<p>Personenbezogene Daten, die bei der Einrichtung eines Benutzerkontos erhoben werden k\u00f6nnen, werden von uns in keiner Weise ausgewertet oder an Dritte weitergegeben.<\/p>\n","protected":false},"excerpt":{"rendered":"<p>Z\u00fcrcher Geschichten \u2013 Ein Public History Blog Projekt am Historischen Seminar der Universit\u00e4t Z\u00fcrich Kontakt Dr. Sarah-Maria Schober Historisches Seminar der UZH Karl Schmid-Strasse 4 CH-8006 Z\u00fcrich E-Mail: sarah.schober@uzh.ch Urheberrechte Wir gew\u00e4hren die Nutzung der Inhalte von \u00abZ\u00fcrcher Geschichten\u00bb unter einer Creative Commons Attribution-ShareAlike-NonCommercial 4.0 International License (CC BY-SA-NC 4.0). Soweit die Inhalte auf dieser&hellip;&nbsp;<\/p>\n","protected":false},"author":346,"featured_media":0,"parent":0,"menu_order":0,"comment_status":"closed","ping_status":"closed","template":"","meta":{"neve_meta_sidebar":"","neve_meta_container":"","neve_meta_enable_content_width":"","neve_meta_content_width":0,"neve_meta_title_alignment":"","neve_meta_author_avatar":"","neve_post_elements_order":"","neve_meta_disable_header":"","neve_meta_disable_footer":"","neve_meta_disable_title":"","footnotes":""},"class_list":["post-8","page","type-page","status-publish","hentry"],"_links":{"self":[{"href":"https:\/\/dlf.uzh.ch\/sites\/zuerchergeschichten\/wp-json\/wp\/v2\/pages\/8","targetHints":{"allow":["GET"]}}],"collection":[{"href":"https:\/\/dlf.uzh.ch\/sites\/zuerchergeschichten\/wp-json\/wp\/v2\/pages"}],"about":[{"href":"https:\/\/dlf.uzh.ch\/sites\/zuerchergeschichten\/wp-json\/wp\/v2\/types\/page"}],"author":[{"embeddable":true,"href":"https:\/\/dlf.uzh.ch\/sites\/zuerchergeschichten\/wp-json\/wp\/v2\/users\/346"}],"replies":[{"embeddable":true,"href":"https:\/\/dlf.uzh.ch\/sites\/zuerchergeschichten\/wp-json\/wp\/v2\/comments?post=8"}],"version-history":[{"count":5,"href":"https:\/\/dlf.uzh.ch\/sites\/zuerchergeschichten\/wp-json\/wp\/v2\/pages\/8\/revisions"}],"predecessor-version":[{"id":2183,"href":"https:\/\/dlf.uzh.ch\/sites\/zuerchergeschichten\/wp-json\/wp\/v2\/pages\/8\/revisions\/2183"}],"wp:attachment":[{"href":"https:\/\/dlf.uzh.ch\/sites\/zuerchergeschichten\/wp-json\/wp\/v2\/media?parent=8"}],"curies":[{"name":"wp","href":"https:\/\/api.w.org\/{rel}","templated":true}]}}