{"id":2,"date":"2017-11-02T09:53:46","date_gmt":"2017-11-02T08:53:46","guid":{"rendered":"http:\/\/www.phil.uzh.ch\/elearning\/blog\/zuerchergeschichten\/?page_id=2"},"modified":"2018-12-21T11:21:04","modified_gmt":"2018-12-21T10:21:04","slug":"projekt","status":"publish","type":"page","link":"https:\/\/dlf.uzh.ch\/sites\/zuerchergeschichten\/projekt\/","title":{"rendered":"Projekt"},"content":{"rendered":"<div class=\"wpb-content-wrapper\">[vc_row][vc_column width=&#8220;2\/3&#8243;][vc_column_text]&#8220;Z\u00fcrcher Geschichten&#8220; ist ein studentisches Public History Blog-Projekt des Historischen Seminars der Universit\u00e4t Z\u00fcrich. Es dient dazu, ausgew\u00e4hlte studentische Beitr\u00e4ge und Arbeiten zu Z\u00fcrcher Geschichte und Geschichten einer breiteren \u00d6ffentlichkeit in innovativer Form zug\u00e4nglich zu machen.<\/p>\n<p>Initiiert wurde es in einem Projektseminar zur Public History im Blog w\u00e4hrend des Herbstsemesters 2017 und Fr\u00fchjahrssemesters 2018, geleitet von Jan-Friedrich Missfelder.[\/vc_column_text][\/vc_column][vc_column width=&#8220;1\/3&#8243;][vc_wp_search][vc_wp_posts number=&#8220;3&#8243;][vc_wp_categories][vc_wp_tagcloud taxonomy=&#8220;category&#8220;][\/vc_column][\/vc_row][vc_row][vc_column][\/vc_column][\/vc_row][vc_row][vc_column][\/vc_column][\/vc_row][vc_row][vc_column][\/vc_column][\/vc_row]\n<\/div>","protected":false},"excerpt":{"rendered":"<p>[vc_row][vc_column width=&#8220;2\/3&#8243;][vc_column_text]&#8220;Z\u00fcrcher Geschichten&#8220; ist ein studentisches Public History Blog-Projekt des Historischen Seminars der Universit\u00e4t Z\u00fcrich. Es dient dazu, ausgew\u00e4hlte studentische Beitr\u00e4ge und Arbeiten zu Z\u00fcrcher Geschichte und Geschichten einer breiteren \u00d6ffentlichkeit in innovativer Form zug\u00e4nglich zu machen. Initiiert wurde es in einem Projektseminar zur Public History im Blog w\u00e4hrend des Herbstsemesters 2017 und Fr\u00fchjahrssemesters 2018,&hellip;&nbsp;<\/p>\n","protected":false},"author":346,"featured_media":0,"parent":0,"menu_order":0,"comment_status":"closed","ping_status":"open","template":"","meta":{"neve_meta_sidebar":"","neve_meta_container":"","neve_meta_enable_content_width":"","neve_meta_content_width":0,"neve_meta_title_alignment":"","neve_meta_author_avatar":"","neve_post_elements_order":"","neve_meta_disable_header":"","neve_meta_disable_footer":"","neve_meta_disable_title":"","footnotes":""},"class_list":["post-2","page","type-page","status-publish","hentry"],"_links":{"self":[{"href":"https:\/\/dlf.uzh.ch\/sites\/zuerchergeschichten\/wp-json\/wp\/v2\/pages\/2","targetHints":{"allow":["GET"]}}],"collection":[{"href":"https:\/\/dlf.uzh.ch\/sites\/zuerchergeschichten\/wp-json\/wp\/v2\/pages"}],"about":[{"href":"https:\/\/dlf.uzh.ch\/sites\/zuerchergeschichten\/wp-json\/wp\/v2\/types\/page"}],"author":[{"embeddable":true,"href":"https:\/\/dlf.uzh.ch\/sites\/zuerchergeschichten\/wp-json\/wp\/v2\/users\/346"}],"replies":[{"embeddable":true,"href":"https:\/\/dlf.uzh.ch\/sites\/zuerchergeschichten\/wp-json\/wp\/v2\/comments?post=2"}],"version-history":[{"count":11,"href":"https:\/\/dlf.uzh.ch\/sites\/zuerchergeschichten\/wp-json\/wp\/v2\/pages\/2\/revisions"}],"predecessor-version":[{"id":2151,"href":"https:\/\/dlf.uzh.ch\/sites\/zuerchergeschichten\/wp-json\/wp\/v2\/pages\/2\/revisions\/2151"}],"wp:attachment":[{"href":"https:\/\/dlf.uzh.ch\/sites\/zuerchergeschichten\/wp-json\/wp\/v2\/media?parent=2"}],"curies":[{"name":"wp","href":"https:\/\/api.w.org\/{rel}","templated":true}]}}