{"id":19,"date":"2020-09-11T11:04:55","date_gmt":"2020-09-11T09:04:55","guid":{"rendered":"https:\/\/dlf.uzh.ch\/sites\/zoubery\/?page_id=19"},"modified":"2020-09-11T11:04:55","modified_gmt":"2020-09-11T09:04:55","slug":"ressourcen","status":"publish","type":"page","link":"https:\/\/dlf.uzh.ch\/sites\/zoubery\/ressourcen\/","title":{"rendered":"Ressourcen"},"content":{"rendered":"\n<p><em>Diese Seite wird laufend erweitert.<\/em><\/p>\n\n\n\n<p><strong>Nachschlagewerke<\/strong><\/p>\n\n\n\n<ul class=\"wp-block-list\"><li><a href=\"https:\/\/www.degruyter.com\/view\/mvw\/HWBDAB-B?rskey=0HvQyd&amp;result=1\">Handw\u00f6rterbuch des deutschen Aberglaubens<\/a><\/li><li><a href=\"https:\/\/hls-dhs-dss.ch\/de\/\">Historisches Lexikon der Schweiz<\/a><\/li><li><a href=\"https:\/\/referenceworks.brillonline.com\/browse\/religion-in-geschichte-und-gegenwart\">Religion in Geschichte und Gegenwart<\/a><\/li><\/ul>\n\n\n\n<p><strong>W\u00f6rterb\u00fccher<\/strong><\/p>\n\n\n\n<ul class=\"wp-block-list\"><li><a href=\"https:\/\/fwb-online.de\/\">Fr\u00fchneuhochdeutsches W\u00f6rterbuch<\/a><\/li><li><a href=\"https:\/\/www.idiotikon.ch\/woerterbuch\/idiotikon-digital\">Schweizerisches Idiotikon<\/a><\/li><\/ul>\n\n\n\n<p><strong>Digitale Quellensammlungen<\/strong><\/p>\n\n\n\n<ul class=\"wp-block-list\"><li><a href=\"https:\/\/www.e-manuscripta.ch\/\">e-manuscripta.ch &#8211; <strong>&nbsp;<\/strong>Plattform f\u00fcr digitalisierte handschriftliche Quellen<\/a><\/li><li><a href=\"https:\/\/www.e-rara.ch\/\">e-rara.ch &#8211; &nbsp;Plattform f\u00fcr digitalisierte Drucke aus Schweizer Institutionen<\/a><\/li><\/ul>\n\n\n\n<p><strong>Staatsarchive<\/strong><\/p>\n\n\n\n<ul class=\"wp-block-list\"><li><a href=\"https:\/\/hls-dhs-dss.ch\/de\/about\/help\/03-archive-abreviations\">Abk\u00fcrzungen und Siglen von Archiven, Bibliotheken, Museen und anderen Institutionen<\/a><\/li><li><a href=\"https:\/\/www.archives-online.org\/Search\">archives-online.org &#8211; Archivdatenbank s\u00e4mtlicher schweizerischer Staatsarchive<\/a><\/li><li><a href=\"https:\/\/ch-historia.ch\/?page_id=19&amp;lang=de\">\u00dcbersicht der wichtigsten Staatsarchive mit entsprechenden Links<\/a><\/li><\/ul>\n","protected":false},"excerpt":{"rendered":"<p>Diese Seite wird laufend erweitert. Nachschlagewerke Handw\u00f6rterbuch des deutschen Aberglaubens Historisches Lexikon der Schweiz Religion in Geschichte und Gegenwart W\u00f6rterb\u00fccher Fr\u00fchneuhochdeutsches W\u00f6rterbuch Schweizerisches Idiotikon Digitale Quellensammlungen e-manuscripta.ch &#8211; &nbsp;Plattform f\u00fcr digitalisierte handschriftliche Quellen e-rara.ch &#8211; &nbsp;Plattform f\u00fcr digitalisierte Drucke aus Schweizer Institutionen Staatsarchive Abk\u00fcrzungen und Siglen von Archiven, Bibliotheken, Museen und anderen Institutionen archives-online.org &#8211; [&hellip;]<\/p>\n","protected":false},"author":620,"featured_media":0,"parent":0,"menu_order":0,"comment_status":"closed","ping_status":"closed","template":"","meta":{"footnotes":""},"class_list":["post-19","page","type-page","status-publish","hentry"],"_links":{"self":[{"href":"https:\/\/dlf.uzh.ch\/sites\/zoubery\/wp-json\/wp\/v2\/pages\/19","targetHints":{"allow":["GET"]}}],"collection":[{"href":"https:\/\/dlf.uzh.ch\/sites\/zoubery\/wp-json\/wp\/v2\/pages"}],"about":[{"href":"https:\/\/dlf.uzh.ch\/sites\/zoubery\/wp-json\/wp\/v2\/types\/page"}],"author":[{"embeddable":true,"href":"https:\/\/dlf.uzh.ch\/sites\/zoubery\/wp-json\/wp\/v2\/users\/620"}],"replies":[{"embeddable":true,"href":"https:\/\/dlf.uzh.ch\/sites\/zoubery\/wp-json\/wp\/v2\/comments?post=19"}],"version-history":[{"count":1,"href":"https:\/\/dlf.uzh.ch\/sites\/zoubery\/wp-json\/wp\/v2\/pages\/19\/revisions"}],"predecessor-version":[{"id":20,"href":"https:\/\/dlf.uzh.ch\/sites\/zoubery\/wp-json\/wp\/v2\/pages\/19\/revisions\/20"}],"wp:attachment":[{"href":"https:\/\/dlf.uzh.ch\/sites\/zoubery\/wp-json\/wp\/v2\/media?parent=19"}],"curies":[{"name":"wp","href":"https:\/\/api.w.org\/{rel}","templated":true}]}}