{"id":17,"date":"2020-09-11T11:04:31","date_gmt":"2020-09-11T09:04:31","guid":{"rendered":"https:\/\/dlf.uzh.ch\/sites\/zoubery\/?page_id=17"},"modified":"2020-10-12T08:14:26","modified_gmt":"2020-10-12T06:14:26","slug":"literatur","status":"publish","type":"page","link":"https:\/\/dlf.uzh.ch\/sites\/zoubery\/literatur\/","title":{"rendered":"Literatur"},"content":{"rendered":"\n<p><em>Diese Seite wird laufend erweitert.<\/em><\/p>\n\n\n\n<p><strong>Amulette<\/strong><\/p>\n\n\n\n<ul class=\"wp-block-list\"><li>Szarka, Eveline: Powerful Bundles: The Materiality of Protection Amulets in Early Modern Switzerland,\u00a0in: The Recipes Project. Food, Magic, Art, Science, and Medicine, 24.09.2020, <a href=\"https:\/\/recipes.hypotheses.org\/17515\">online<\/a>.<\/li><\/ul>\n\n\n\n<p><strong>Geisterglaube<\/strong><\/p>\n\n\n\n<ul class=\"wp-block-list\"><li>Gordon, Bruce: Malevolent Ghosts and Ministering Angels, Apparitions and Pastoral Care in the Swiss Reformation, in: Ders. \/ Marshall, Peter (Hg.): The place of the dead. Death and remembrance in late medieval and early modern Europe. Cambridge 2000, S. 87-109.<\/li><li>Gordon, Bruce: God Killed Saul. Heinrich Bullinger and Jacob Ruef on the Power of the Devil, in Edwards, Kathryn, E. (Hg.): Werewolves, Witches and Wandering Spirits. Kirksville 2002, S. 155-179.<\/li><li>Szarka, Eveline: Von Toten und Teufeln. Geisterglaube und Reformation, in: Niederh\u00e4user Peter (Hg.): Verfolgt, verdr\u00e4ngt, vergessen. Schatten der Reformation, Z\u00fcrich: Chronos-Verlag 2018, S. 149-158.<\/li><li>Szarka, Eveline: Protestantische Normvermittlung auf der Landschaft Z\u00fcrich. Der Spuk im Pfarrhaus Lindau (1697) aus kultursemiotischer Perspektive<em>,&nbsp;<\/em>in: Zeitschrift f\u00fcr Agrargeschichte und Agrarsoziologie 67\/1 (2019), S. 81-98.<\/li><\/ul>\n\n\n\n<p><strong>Geisterbeschw\u00f6rung<\/strong><\/p>\n\n\n\n<ul class=\"wp-block-list\"><li>Szarka, Eveline: How to Conjure Spirits: The Logistics of the Necromancer&#8217;s Manual in Early Modern Switzerland, in: History of Knowledge. Research, Resources, and Perspectives, 14.05.2018,&nbsp;<a href=\"http:\/\/historyofknowledge.net\/2018\/05\/14\/how-to-conjure-spirits\/\">online<\/a>.<\/li><\/ul>\n\n\n\n<p><strong>Hexerei<\/strong> <strong>und Zauberei<\/strong><\/p>\n\n\n\n<ul class=\"wp-block-list\"><li>Bart, Philippe: Hexenverfolgungen in der Innerschweiz 1670-1754, in: Der Geschichtsfreund. Mitteilungen Des Historischen Vereins Zentralschweiz 158 (2005), 1\u2013161.<\/li><li>Bettl\u00e9, Nicole: Wenn Saturn seine Kinder frisst. Kinderhexenprozesse&nbsp;und ihre Bedeutung als Krisenindikator, Bern 2013 (Freiburger Studien zur fr\u00fchen Neuzeit 15).<\/li><li>Meili, Daniel: Hexen in Wasterkingen. Magie und Lebensform in einem Dorf des fr\u00fchen 18. Jahrhunderts. Wetzikon 1979.<\/li><li>Rhyner, Monika: Das verhexte Kanzlerhaus in Einsiedeln, in: Mitteilungen des Historischen Vereins des Kantons Schwyz 96 (2004), 149\u2013184.<\/li><\/ul>\n\n\n\n<p><strong>Schatzgr\u00e4berei<\/strong><\/p>\n\n\n\n<ul class=\"wp-block-list\"><li>Schnyder, Albert: Zauberei und Schatzgr\u00e4berei vor dem Basler Rat. Von der Suche nach besonderen Ursachen und verborgenen Sch\u00e4tzen im 17. und 18. Jahrhundert. Liestal 2003.<\/li><\/ul>\n","protected":false},"excerpt":{"rendered":"<p>Diese Seite wird laufend erweitert. Amulette Szarka, Eveline: Powerful Bundles: The Materiality of Protection Amulets in Early Modern Switzerland,\u00a0in: The Recipes Project. Food, Magic, Art, Science, and Medicine, 24.09.2020, online. Geisterglaube Gordon, Bruce: Malevolent Ghosts and Ministering Angels, Apparitions and Pastoral Care in the Swiss Reformation, in: Ders. \/ Marshall, Peter (Hg.): The place of [&hellip;]<\/p>\n","protected":false},"author":620,"featured_media":0,"parent":0,"menu_order":0,"comment_status":"closed","ping_status":"closed","template":"","meta":{"footnotes":""},"class_list":["post-17","page","type-page","status-publish","hentry"],"_links":{"self":[{"href":"https:\/\/dlf.uzh.ch\/sites\/zoubery\/wp-json\/wp\/v2\/pages\/17","targetHints":{"allow":["GET"]}}],"collection":[{"href":"https:\/\/dlf.uzh.ch\/sites\/zoubery\/wp-json\/wp\/v2\/pages"}],"about":[{"href":"https:\/\/dlf.uzh.ch\/sites\/zoubery\/wp-json\/wp\/v2\/types\/page"}],"author":[{"embeddable":true,"href":"https:\/\/dlf.uzh.ch\/sites\/zoubery\/wp-json\/wp\/v2\/users\/620"}],"replies":[{"embeddable":true,"href":"https:\/\/dlf.uzh.ch\/sites\/zoubery\/wp-json\/wp\/v2\/comments?post=17"}],"version-history":[{"count":4,"href":"https:\/\/dlf.uzh.ch\/sites\/zoubery\/wp-json\/wp\/v2\/pages\/17\/revisions"}],"predecessor-version":[{"id":71,"href":"https:\/\/dlf.uzh.ch\/sites\/zoubery\/wp-json\/wp\/v2\/pages\/17\/revisions\/71"}],"wp:attachment":[{"href":"https:\/\/dlf.uzh.ch\/sites\/zoubery\/wp-json\/wp\/v2\/media?parent=17"}],"curies":[{"name":"wp","href":"https:\/\/api.w.org\/{rel}","templated":true}]}}