{"id":12,"date":"2020-09-11T11:02:35","date_gmt":"2020-09-11T09:02:35","guid":{"rendered":"https:\/\/dlf.uzh.ch\/sites\/zoubery\/?page_id=12"},"modified":"2020-09-20T14:09:27","modified_gmt":"2020-09-20T12:09:27","slug":"das-projekt","status":"publish","type":"page","link":"https:\/\/dlf.uzh.ch\/sites\/zoubery\/das-projekt\/","title":{"rendered":"Das Projekt"},"content":{"rendered":"\n<p>Ob <em>zoubery<\/em>, <em>schwartzk\u00fcnstlerey<\/em>, <em>te\u00fcffelskunst <\/em>oder <em>aberglauben <\/em>&#8211; in fr\u00fchneuzeitlichen Quellen der Schweiz finden sich zahlreiche Begriffe, die \u00fcbernat\u00fcrliche K\u00fcnste und Ph\u00e4nomene umschreiben. Sie widerspiegeln eine Kultur, in der die Macht des Teufels ganz selbstverst\u00e4ndlich zur Lebenswirklichkeit geh\u00f6rte &#8211; und zwar unabh\u00e4ngig von der jeweiligen Konfession. Das Ziel dieses Blogprojektes ist es, diesen Aspekt der schweizerischen Kulturgeschichte n\u00e4her zu beleuchten.<\/p>\n\n\n\n<p>Das Projekt erf\u00fcllt haupts\u00e4chlich zwei Funktionen: einerseits sollen angehende Historiker*innen und Studierende anderer geisteswissenschaftlicher Disziplinen die M\u00f6glichkeit erhalten, ihre Forschungsergebnisse aus Seminar-, BA- und MA-Arbeiten zum \u00dcbernat\u00fcrlichen in der vormodernen Schweiz zu publizieren und einer allgemein interessierten Leserschaft zug\u00e4nglich zu machen. Andererseits bietet der Blog Hinweise auf Ressourcen wie (teilweise digital verf\u00fcgbare) <a href=\"https:\/\/dlf.uzh.ch\/sites\/zoubery\/quellen\/\" data-type=\"URL\" data-id=\"https:\/\/dlf.uzh.ch\/sites\/zoubery\/quellen\/\">Quellen <\/a>und <a href=\"https:\/\/dlf.uzh.ch\/sites\/zoubery\/literatur\/\">Sekund\u00e4rliteratur <\/a>f\u00fcr zuk\u00fcnftige universit\u00e4re Arbeiten.<\/p>\n\n\n\n<p>Dieses Projekt entstand aus dem Bachelor-Kolloquium &#8222;Teufel, Spuk und Zauberei. Kulturgeschichte des \u00dcbersinnlichen in der Schweiz (1550-1750)&#8220; im Fr\u00fchlingssemester 2020 bei <a href=\"https:\/\/www.hist.uzh.ch\/de\/fachbereiche\/neuzeit\/lehrstuehle\/loetz\/team\/szarka.html\">Eveline Szarka<\/a> am Historischen Seminar der Universit\u00e4t Z\u00fcrich. Es wird unterst\u00fctzt von der <a href=\"https:\/\/dlf.uzh.ch\/\">Digitalen Lehre an der UZH<\/a>. Den Startschuss f\u00fcr den Blog bilden ausgew\u00e4hlte Beitr\u00e4ge von Bachelorstudierenden, die im Rahmen dieses Kolloquiums verfasst worden sind. Vielen herzlichen Dank an die Tutorin Stefanie Fivian f\u00fcr ihre tatkr\u00e4ftige Unterst\u00fctzung.<\/p>\n\n\n\n<p>Bild rechts: Trommelnder Teufel im Appenzell, ZBZ Ms F 29, Bl. 2.<\/p>\n","protected":false},"excerpt":{"rendered":"<p>Ob zoubery, schwartzk\u00fcnstlerey, te\u00fcffelskunst oder aberglauben &#8211; in fr\u00fchneuzeitlichen Quellen der Schweiz finden sich zahlreiche Begriffe, die \u00fcbernat\u00fcrliche K\u00fcnste und Ph\u00e4nomene umschreiben. Sie widerspiegeln eine Kultur, in der die Macht des Teufels ganz selbstverst\u00e4ndlich zur Lebenswirklichkeit geh\u00f6rte &#8211; und zwar unabh\u00e4ngig von der jeweiligen Konfession. Das Ziel dieses Blogprojektes ist es, diesen Aspekt der schweizerischen [&hellip;]<\/p>\n","protected":false},"author":620,"featured_media":0,"parent":0,"menu_order":0,"comment_status":"closed","ping_status":"closed","template":"","meta":{"footnotes":""},"class_list":["post-12","page","type-page","status-publish","hentry"],"_links":{"self":[{"href":"https:\/\/dlf.uzh.ch\/sites\/zoubery\/wp-json\/wp\/v2\/pages\/12","targetHints":{"allow":["GET"]}}],"collection":[{"href":"https:\/\/dlf.uzh.ch\/sites\/zoubery\/wp-json\/wp\/v2\/pages"}],"about":[{"href":"https:\/\/dlf.uzh.ch\/sites\/zoubery\/wp-json\/wp\/v2\/types\/page"}],"author":[{"embeddable":true,"href":"https:\/\/dlf.uzh.ch\/sites\/zoubery\/wp-json\/wp\/v2\/users\/620"}],"replies":[{"embeddable":true,"href":"https:\/\/dlf.uzh.ch\/sites\/zoubery\/wp-json\/wp\/v2\/comments?post=12"}],"version-history":[{"count":4,"href":"https:\/\/dlf.uzh.ch\/sites\/zoubery\/wp-json\/wp\/v2\/pages\/12\/revisions"}],"predecessor-version":[{"id":49,"href":"https:\/\/dlf.uzh.ch\/sites\/zoubery\/wp-json\/wp\/v2\/pages\/12\/revisions\/49"}],"wp:attachment":[{"href":"https:\/\/dlf.uzh.ch\/sites\/zoubery\/wp-json\/wp\/v2\/media?parent=12"}],"curies":[{"name":"wp","href":"https:\/\/api.w.org\/{rel}","templated":true}]}}