{"id":12,"date":"2024-02-22T13:07:26","date_gmt":"2024-02-22T12:07:26","guid":{"rendered":"https:\/\/dlf.uzh.ch\/sites\/wunderzeichenbuch\/?page_id=12"},"modified":"2024-08-11T17:06:15","modified_gmt":"2024-08-11T15:06:15","slug":"impressum","status":"publish","type":"page","link":"https:\/\/dlf.uzh.ch\/sites\/wunderzeichenbuch\/main\/impressum\/","title":{"rendered":"Impressum"},"content":{"rendered":"\n<div style=\"height:49px\" aria-hidden=\"true\" class=\"wp-block-spacer\"><\/div>\n\n\n\n<p>Diese Website ist ein studentisches <em>Digital-Public-History<\/em>-Projekt des Historischen Seminars der Universit\u00e4t Z\u00fcrich und wurde im Rahmen einer Seminararbeit im HS23\/FS24 erstellt.<\/p>\n\n\n\n<p><strong>Team<\/strong>: Valerija Vlasic, Rojba\u015f Feiner &amp; Digitale Lehre und Forschung (DLF)<\/p>\n\n\n\n<div style=\"height:43px\" aria-hidden=\"true\" class=\"wp-block-spacer\"><\/div>\n\n\n\n<hr class=\"wp-block-separator aligncenter has-alpha-channel-opacity\" \/>\n\n\n\n<h4 class=\"wp-block-heading\">Disclaimer:<\/h4>\n\n\n\n<p>Die publizierten Inhalte sind Werke von Studierenden der Universit\u00e4t Z\u00fcrich und wurden nach bestem Gewissen und sorgf\u00e4ltig unter geschichtswissenschaftlichen Standards erschaffen. Allerdings \u00fcbernehmen wir keinerlei Gew\u00e4hr hinsichtlich der inhaltlichen Richtigkeit, Genauigkeit, Aktualit\u00e4t, Zuverl\u00e4ssigkeit und Vollst\u00e4ndigkeit der Informationen.<br>Die Beitr\u00e4ge m\u00fcssen nicht zwingend die g\u00e4ngigen Forschungsmeinungen widerspiegeln, sondern sollten zum Nachdenken und Diskutieren anregen.<\/p>\n\n\n\n<p>Haftungsanspr\u00fcche jedweder Art werden ausgeschlossen.<\/p>\n\n\n\n<div style=\"height:52px\" aria-hidden=\"true\" class=\"wp-block-spacer\"><\/div>\n\n\n\n<hr class=\"wp-block-separator aligncenter has-alpha-channel-opacity\" \/>\n\n\n\n<h4 class=\"wp-block-heading\">Kontakt:<\/h4>\n\n\n\n<div class=\"wp-block-group is-nowrap is-layout-flex wp-container-core-group-is-layout-6c531013 wp-block-group-is-layout-flex\">\n<p>Digitale Lehre und Forschung<br>R\u00e4mistrasse 69<br>CH-8001 Z\u00fcrich<br>E-Mail: dlf@phil.uzh.ch<br>Tel.: +41 44 634 50 80<br>Website: <a href=\"https:\/\/dlf.uzh.ch\">https:\/\/dlf.uzh.ch<\/a>.<\/p>\n\n\n\n<div style=\"height:100px;width:0px\" aria-hidden=\"true\" class=\"wp-block-spacer wp-container-content-6388d5dc\"><\/div>\n\n\n\n<p>Valerija Vlasic<br>Historisches Seminar<br>Universit\u00e4t Z\u00fcrich<br>Karl-Schmid-Strasse 4<br>8006 Z\u00fcrich<br>E-Mail: <a href=\"mailto:valerija.vlasic@uzh.ch\">valerija.vlasic@uzh.ch<\/a><\/p>\n<\/div>\n\n\n\n<div style=\"height:48px\" aria-hidden=\"true\" class=\"wp-block-spacer\"><\/div>\n\n\n\n<figure class=\"wp-block-image size-full is-resized\"><img loading=\"lazy\" decoding=\"async\" width=\"591\" height=\"201\" src=\"https:\/\/dlf.uzh.ch\/sites\/wunderzeichenbuch\/files\/2024\/03\/uzh_logo_d_neg-01.png\" alt=\"\" class=\"wp-image-168\" style=\"width:241px;height:auto\" srcset=\"https:\/\/dlf.uzh.ch\/sites\/wunderzeichenbuch\/files\/2024\/03\/uzh_logo_d_neg-01.png 591w, https:\/\/dlf.uzh.ch\/sites\/wunderzeichenbuch\/files\/2024\/03\/uzh_logo_d_neg-01-300x102.png 300w\" sizes=\"auto, (max-width: 591px) 100vw, 591px\" \/><\/figure>\n\n\n\n<div style=\"height:70px\" aria-hidden=\"true\" class=\"wp-block-spacer\"><\/div>\n\n\n\n<hr class=\"wp-block-separator aligncenter has-alpha-channel-opacity\" \/>\n\n\n\n<p style=\"font-size:1.3rem\">Mit freundlicher Unterst\u00fctzung von: <\/p>\n\n\n\n<p>TASCHEN Verlag<\/p>\n\n\n\n<p>The Mickey Cartin Collection<\/p>\n\n\n\n<div style=\"height:100px\" aria-hidden=\"true\" class=\"wp-block-spacer\"><\/div>\n\n\n\n<p style=\"font-size:1.3rem\">Besten Dank auch an: <\/p>\n\n\n\n<p>Till-Holger Borchert und Joshua P. Waterman<\/p>\n\n\n\n<div style=\"height:26px\" aria-hidden=\"true\" class=\"wp-block-spacer\"><\/div>\n\n\n\n<p>Autoren des Faksimilie-Bandes, der als Basis dieses Projektes gedient hat: <\/p>\n\n\n\n<p style=\"font-size:0.8rem\">Borchert, Till-Holger; Waterman, Joshua P. (Hg): The Book of Miracles\/ Das Wunderzeichenbuch \/ Le Livre des miracles. Facsimile of the Augsburg manuscript from the collection of Mickey Cartin, dt. \u00fcbers. von Els\u00e4sser, Rebekka; Rehkopf, Kurt, K\u00f6ln 2013.<\/p>\n\n\n\n<div style=\"height:70px\" aria-hidden=\"true\" class=\"wp-block-spacer\"><\/div>\n\n\n\n<hr class=\"wp-block-separator aligncenter has-alpha-channel-opacity\" \/>\n\n\n\n<h4 class=\"wp-block-heading\">Datenschutz:<\/h4>\n\n\n\n<p>Mit jedem Aufruf der Website durch eine betroffene Person oder ein automatisiertes System werden eine Reihe von allgemeinen Daten und Informationen erfasst. Diese allgemeinen Daten und Informationen werden in den Logfiles des Servers gespeichert. Erfasst werden k\u00f6nnen die (1) verwendeten Browsertypen und Versionen, (2) das vom zugreifenden System verwendete Betriebssystem, (3) die Website, von welcher ein zugreifendes System auf unsere Website gelangt (sogenannte Referrer), (4) die Unterwebsites, welche \u00fcber ein zugreifendes System auf unserer Website angesteuert werden, (5) das Datum und die Uhrzeit eines Zugriffs auf die Website, (6) eine Internet-Protokoll-Adresse (IP-Adresse), (7) der Internet- Service-Provider des zugreifenden Systems und (8) sonstige \u00e4hnliche Daten und Informationen, die der Gefahrenabwehr im Falle von Angriffen auf unsere IT- Infrastruktur dienen.<\/p>\n\n\n\n<p>Diese Daten und Informationen werden ben\u00f6tigt, um (1) die Inhalte unserer Website korrekt darzustellen, (2) die Inhalte unserer Website zu optimieren, (3) die dauerhafte Funktionsf\u00e4higkeit unserer IT-Infrastruktur und der Technik unserer Website zu gew\u00e4hrleisten sowie (4) im Falle eines Cyberangriffes den Strafverfolgungsbeh\u00f6rden die notwendigen Informationen bereitzustellen. Die so erhobenen Daten und Informationen werden nur zu den eben erw\u00e4hnten Zwecken bearbeitet und getrennt von allen durch eine betroffene Person angegebenen personenbezogenen Daten gespeichert.<\/p>\n\n\n\n<p>Personenbezogene Daten, die bei der Einrichtung eines Benutzerkontos oder bei Kontaktaufnahme via Kontaktformular erhoben werden k\u00f6nnen, werden von uns in keiner Weise ausgewertet oder an Dritte weitergegeben.<\/p>\n\n\n\n<div style=\"height:205px\" aria-hidden=\"true\" class=\"wp-block-spacer\"><\/div>\n","protected":false},"excerpt":{"rendered":"<p>Diese Website ist ein studentisches Digital-Public-History-Projekt des Historischen Seminars der Universit\u00e4t Z\u00fcrich und wurde im Rahmen einer Seminararbeit im HS23\/FS24 erstellt. Team: Valerija Vlasic, Rojba\u015f Feiner &amp; Digitale Lehre und Forschung (DLF) Disclaimer: Die publizierten Inhalte sind Werke von Studierenden der Universit\u00e4t Z\u00fcrich und wurden nach bestem Gewissen und sorgf\u00e4ltig unter geschichtswissenschaftlichen Standards erschaffen. Allerdings [&hellip;]<\/p>\n","protected":false},"author":895,"featured_media":0,"parent":2,"menu_order":0,"comment_status":"closed","ping_status":"closed","template":"","meta":{"footnotes":""},"class_list":["post-12","page","type-page","status-publish","hentry"],"_links":{"self":[{"href":"https:\/\/dlf.uzh.ch\/sites\/wunderzeichenbuch\/wp-json\/wp\/v2\/pages\/12","targetHints":{"allow":["GET"]}}],"collection":[{"href":"https:\/\/dlf.uzh.ch\/sites\/wunderzeichenbuch\/wp-json\/wp\/v2\/pages"}],"about":[{"href":"https:\/\/dlf.uzh.ch\/sites\/wunderzeichenbuch\/wp-json\/wp\/v2\/types\/page"}],"author":[{"embeddable":true,"href":"https:\/\/dlf.uzh.ch\/sites\/wunderzeichenbuch\/wp-json\/wp\/v2\/users\/895"}],"replies":[{"embeddable":true,"href":"https:\/\/dlf.uzh.ch\/sites\/wunderzeichenbuch\/wp-json\/wp\/v2\/comments?post=12"}],"version-history":[{"count":10,"href":"https:\/\/dlf.uzh.ch\/sites\/wunderzeichenbuch\/wp-json\/wp\/v2\/pages\/12\/revisions"}],"predecessor-version":[{"id":592,"href":"https:\/\/dlf.uzh.ch\/sites\/wunderzeichenbuch\/wp-json\/wp\/v2\/pages\/12\/revisions\/592"}],"up":[{"embeddable":true,"href":"https:\/\/dlf.uzh.ch\/sites\/wunderzeichenbuch\/wp-json\/wp\/v2\/pages\/2"}],"wp:attachment":[{"href":"https:\/\/dlf.uzh.ch\/sites\/wunderzeichenbuch\/wp-json\/wp\/v2\/media?parent=12"}],"curies":[{"name":"wp","href":"https:\/\/api.w.org\/{rel}","templated":true}]}}