{"id":10,"date":"2024-02-22T13:06:58","date_gmt":"2024-02-22T12:06:58","guid":{"rendered":"https:\/\/dlf.uzh.ch\/sites\/wunderzeichenbuch\/?page_id=10"},"modified":"2024-05-26T12:01:05","modified_gmt":"2024-05-26T10:01:05","slug":"uber-das-projekt","status":"publish","type":"page","link":"https:\/\/dlf.uzh.ch\/sites\/wunderzeichenbuch\/main\/uber-das-projekt\/","title":{"rendered":"\u00dcber das Projekt"},"content":{"rendered":"\n<div style=\"height:49px\" aria-hidden=\"true\" class=\"wp-block-spacer\"><\/div>\n\n\n\n<p class=\"has-medium-font-size\">Dieses studentische Projekt entstand im Rahmen einer BA-Seminararbeit des HS23\/FS24. Ein besonderer Dank gilt Dr. Christine Grundig und der <a href=\"https:\/\/dlf.uzh.ch\/\" data-type=\"link\" data-id=\"https:\/\/dlf.uzh.ch\/\">Digitalen Lehre und Forschung der Philosophischen Fakult\u00e4t (DLF),<\/a> namentlich Anita Holdener und Rojba\u015f Feiner, die dieses Projekt unterst\u00fctzten.<\/p>\n\n\n\n<p><\/p>\n\n\n\n<p>Als eine Kombination aus digitaler Edition und Mapping hat sich dieses Projekt der Quelle des Augsburger Wunderzeichenbuches verschrieben. Ziel des Projektes besteht einerseits darin, im Rahmen der Seminararbeit digitale Tools f\u00fcr Historiker:innen auszuprobieren, und andererseits darin, im Rahmen dieser Website anderen Historiker:innen, Studierenden und Interessierten das Augsburger Wunderzeichenbuch nicht klassisch in einer analogen Edition, sondern interaktiv in Form einer Karte zu pr\u00e4sentieren.<\/p>\n\n\n\n<p><\/p>\n\n\n\n<p>Ich lade Sie herzlich ein, diese Website und die interaktive GIS-Karte auf der <a href=\"https:\/\/dlf.uzh.ch\/sites\/wunderzeichenbuch\/\" data-type=\"link\" data-id=\"https:\/\/dlf.uzh.ch\/sites\/wunderzeichenbuch\/\">Homepage<\/a> zu erkunden und mehr \u00fcber das Augsburger Wunderzeichenbuch zu erfahren. In den nachfolgenden Rubriken finden sich Erl\u00e4uterungen zur Ausgangslage, aus der dieses Projekt entstanden ist, sowie Vertiefungen zu <em>Digital History<\/em> und den GIS-Tools.<\/p>\n\n\n\n<p><br>Vielen Dank f\u00fcr Ihr Interesse und Ihre Unterst\u00fctzung!<\/p>\n\n\n\n<p><\/p>\n\n\n\n<p>Valerija Vlasic<br>Studentin an der Universit\u00e4t Z\u00fcrich, Historisches Seminar &#8211; Mai 2024<\/p>\n\n\n\n<hr class=\"wp-block-separator has-alpha-channel-opacity is-style-dots\" style=\"margin-top:var(--wp--preset--spacing--60);margin-bottom:var(--wp--preset--spacing--60)\" \/>\n\n\n\n<details class=\"wp-block-details has-medium-font-size is-layout-flow wp-block-details-is-layout-flow\"><summary>Ausgangslage des studentischen Projektes: Seminar der <em>Digital History<\/em><\/summary>\n<p>Im Methoden- und Theorieseminar \u00ab<em>Digital History<\/em>\u00bb des Historischen Seminars im HS23\/FS24 hatte ich die Gelegenheit, verschiedene Aspekte, Methoden und Tools zur Analyse historischer Quellen kennenzulernen und einige davon auch auszuprobieren. Obwohl ich bereits seit einiger Zeit ein Interesse an der Erstellung einer eigenen Website hegte, ergab sich dieses Projekt eher zuf\u00e4llig. Auf der Suche nach Quellen f\u00fcr die Seminararbeit stiess ich bei einer Online-Recherche auf das Augsburger Wunderzeichenbuch bzw. dessen Wikipedia-Artikel, das mir f\u00fcr ein GIS-Projekt besonders geeignet erschien, da es mit seinen 170 Folia und den kurzen Beschreibungen, meist jeweils mit Orts- und Zeitangabe, eine \u00fcberschaubare und dennoch inhaltsreiche Grundlage bietet.<\/p>\n\n\n\n<p>Obgleich sich im Rahmen der Realisierung des Projekts unerwartete Herausforderungen manifestierten, stellt dieses Projekt einen wertvollen Kompetenzerwerb dar. Durch dieses Projekt erwarb ich grundlegende Kenntnisse \u00fcber digitale Methoden im Bereich der Geschichtswissenschaften, darunter GIS-Karten und digitale Publikationsformate. Zudem erlernte ich den Umgang mit <em>Spatial Data<\/em>, die durch historische Quellen generiert wurden.<\/p>\n<\/details>\n\n\n\n<hr class=\"wp-block-separator has-alpha-channel-opacity\" style=\"margin-top:var(--wp--preset--spacing--60);margin-bottom:var(--wp--preset--spacing--60)\" \/>\n\n\n\n<details class=\"wp-block-details has-medium-font-size is-layout-flow wp-block-details-is-layout-flow\"><summary>Digital (Public) History<\/summary>\n<p>In den letzten Jahren hat die Digitalisierung sowohl die Gesellschaft als auch die Geschichtswissenschaften massgeblich beeinflusst. Unter dem Begriff \u00ab<em>Digital History<\/em>\u00bb<sup data-fn=\"75469b69-98a5-4e1a-b385-d82d2c8e9ab6\" class=\"fn\"><a href=\"#75469b69-98a5-4e1a-b385-d82d2c8e9ab6\" id=\"75469b69-98a5-4e1a-b385-d82d2c8e9ab6-link\">1<\/a><\/sup> werden verschiedene Methoden und Forschungsbereiche subsumiert, darunter digitale Analysewerkzeuge f\u00fcr Text- und Bildquellen, die Digitalisierung und Archivierung von Quellen sowie die historische Analyse von \u00ab<em>digital born<\/em> <em>sources<\/em>\u00bb, also Websites, E-Mails oder <em>Social Media Posts<\/em>. In diesem Zusammenhang ist auch die \u00ab<em>Digital Public History<\/em>\u00bb<sup data-fn=\"a0c49d81-98b0-4922-81e7-63d560c11269\" class=\"fn\"><a href=\"#a0c49d81-98b0-4922-81e7-63d560c11269\" id=\"a0c49d81-98b0-4922-81e7-63d560c11269-link\">2<\/a><\/sup> zu erw\u00e4hnen. Die Schnittstelle der Bereiche \u00ab<em>Digital History<\/em>\u00bb und \u00ab<em>Public History<\/em>\u00bb f\u00f6rdert die Zusammenarbeit von Historiker:innen und einer breiteren \u00d6ffentlichkeit, von Laien bis hin zu Fachkreisen, bei der Bearbeitung historischer Quellen.<sup data-fn=\"7b5a4394-d97b-4f28-a7e2-fdac8732ab0e\" class=\"fn\"><a href=\"#7b5a4394-d97b-4f28-a7e2-fdac8732ab0e\" id=\"7b5a4394-d97b-4f28-a7e2-fdac8732ab0e-link\">3<\/a><\/sup><\/p>\n\n\n\n<p>Trotz der zahlreichen Vorteile, stellen die digitale Transformationen auch Herausforderungen dar, mit denen sich insbesondere die neue Generation von Historiker:innen auseinandersetzen und neue Kompetenzen erwerben muss. In diesem Sinne kann auch dieses Projekt als Beispiel f\u00fcr die Anwendung digitaler Methoden betrachtet werden. Dies betrifft sowohl die Quellenanalyse, bei der die Daten aus der Quelle extrahiert wurden und in einer interaktiven Karte visualisiert sind, als auch die Publikationsform einer Website, die weitere Forschung inspirieren und anstossen kann.<\/p>\n<\/details>\n\n\n\n<hr class=\"wp-block-separator has-alpha-channel-opacity\" style=\"margin-top:var(--wp--preset--spacing--60);margin-bottom:var(--wp--preset--spacing--60)\" \/>\n\n\n\n<details class=\"wp-block-details has-medium-font-size is-layout-flow wp-block-details-is-layout-flow\"><summary>Geoinformationssysteme (GIS)<\/summary>\n<p>Geographische Informationssysteme (GIS) werden in vielen wissenschaftlichen Disziplinen, einschliesslich der Geschichtswissenschaften, zunehmend genutzt, um komplexe Ph\u00e4nomene und Zusammenh\u00e4nge r\u00e4umlich quantitativ oder qualitativ zu analysieren, zu verstehen und zu visualisieren.<sup data-fn=\"e1b7e21e-c14e-4b28-95be-23053057a106\" class=\"fn\"><a href=\"#e1b7e21e-c14e-4b28-95be-23053057a106\" id=\"e1b7e21e-c14e-4b28-95be-23053057a106-link\">4<\/a><\/sup> GIS umfassen sowohl Software-Tools<sup data-fn=\"268128c5-fd47-47bb-aa07-8a437f35df05\" class=\"fn\"><a href=\"#268128c5-fd47-47bb-aa07-8a437f35df05\" id=\"268128c5-fd47-47bb-aa07-8a437f35df05-link\">5<\/a><\/sup> als auch Methoden, welche die Erfassung, Speicherung, Verwaltung, Darstellung und Analyse r\u00e4umlicher Daten erm\u00f6glichen.<sup data-fn=\"715d68e3-3a67-4d90-a813-71235722f154\" class=\"fn\"><a href=\"#715d68e3-3a67-4d90-a813-71235722f154\" id=\"715d68e3-3a67-4d90-a813-71235722f154-link\">6<\/a><\/sup> GIS basieren auf geografischen Informationen, welche die Positionen auf der Erdoberfl\u00e4che beschreiben und durch Koordinatensysteme mit L\u00e4ngen- und Breitengraden bestimmt werden.<sup data-fn=\"d8f0397f-398b-4ea7-93c3-5c0120195f56\" class=\"fn\"><a href=\"#d8f0397f-398b-4ea7-93c3-5c0120195f56\" id=\"d8f0397f-398b-4ea7-93c3-5c0120195f56-link\">7<\/a><\/sup> Diese Daten k\u00f6nnen mit attributiven Informationen verkn\u00fcpft werden und historische Ereignisse beschreiben, indem sie Orte, Zeitpunkte und beteiligte Personen oder Aktivit\u00e4ten angeben.<sup data-fn=\"5a2f22d7-993e-4d66-afa9-dc3b554eb9bd\" class=\"fn\"><a href=\"#5a2f22d7-993e-4d66-afa9-dc3b554eb9bd\" id=\"5a2f22d7-993e-4d66-afa9-dc3b554eb9bd-link\">8<\/a><\/sup><\/p>\n\n\n\n<p>Die Ver\u00f6ffentlichung von interaktiven GIS-Karten auf Websites erm\u00f6glicht eine breitere Verbreitung und bietet Historiker:innen eine neue Perspektive auf historische Quellen. Diese digitale Methode erlaubt nicht nur die Visualisierung von Daten, sondern auch deren Erfassung, Verwaltung und Weitergabe sowie die Nutzung interaktiver Funktionen zur Filterung von Informationen und zur schnellen Wissensvermittlung im Vergleich zur analogen Kartografie. GIS bieten Historiker:innen somit die M\u00f6glichkeit, r\u00e4umliche und zeitliche Dimensionen historischer Daten zu erforschen und die Wechselwirkungen zwischen Raum und Zeit sowie die Zusammenh\u00e4nge zwischen verschiedenen Datens\u00e4tzen zu verstehen.<sup data-fn=\"03dc56f3-f962-4b2a-873c-f36f10a9e2d7\" class=\"fn\"><a href=\"#03dc56f3-f962-4b2a-873c-f36f10a9e2d7\" id=\"03dc56f3-f962-4b2a-873c-f36f10a9e2d7-link\">9<\/a><\/sup><\/p>\n\n\n\n<p>Im Rahmen dieses Projektes wurden 207 Datens\u00e4tze aus der Quelle des Augsburger Wunderzeichenbuches erstellt, in eine Datenbank eingef\u00fcgt und mit verschiedenen attributiven Daten verkn\u00fcpft. Dabei handelt es sich einerseits um Quellenbezeichnungen und andererseits um nachtr\u00e4glich hierf\u00fcr erstellte Kategorien. Die interaktive Karte wurde mit mit einem WordPress-Karten-Plugin (WP Go Maps) erstellt.<\/p>\n\n\n\n<p><\/p>\n<\/details>\n\n\n\n<hr class=\"wp-block-separator has-alpha-channel-opacity is-style-dots\" style=\"margin-top:var(--wp--preset--spacing--60);margin-bottom:var(--wp--preset--spacing--60)\" \/>\n\n\n\n<figure class=\"wp-block-image aligncenter is-resized\"><img loading=\"lazy\" decoding=\"async\" width=\"639\" height=\"391\" src=\"https:\/\/dlf.uzh.ch\/sites\/wunderzeichenbuch\/files\/2024\/03\/PNG_Drache.png\" alt=\"\" class=\"wp-image-178\" style=\"width:352px;height:auto\" srcset=\"https:\/\/dlf.uzh.ch\/sites\/wunderzeichenbuch\/files\/2024\/03\/PNG_Drache.png 639w, https:\/\/dlf.uzh.ch\/sites\/wunderzeichenbuch\/files\/2024\/03\/PNG_Drache-300x184.png 300w\" sizes=\"auto, (max-width: 639px) 100vw, 639px\" \/><\/figure>\n\n\n<ol class=\"wp-block-footnotes\"><li id=\"75469b69-98a5-4e1a-b385-d82d2c8e9ab6\">Vgl. K\u00f6nig 2024, S. 20, 24, 31, 33 und 35; L\u00e4ssig 2021, S. 20, 24 und 26.   <a href=\"#75469b69-98a5-4e1a-b385-d82d2c8e9ab6-link\" aria-label=\"Jump to footnote reference 1\">\u21a9\ufe0e<\/a><\/li><li id=\"a0c49d81-98b0-4922-81e7-63d560c11269\">F\u00fcr einen gr\u00f6sseren Einblick in die <em>Digital Public History<\/em> siehe: Noiret et. al. 2022. <a href=\"#a0c49d81-98b0-4922-81e7-63d560c11269-link\" aria-label=\"Jump to footnote reference 2\">\u21a9\ufe0e<\/a><\/li><li id=\"7b5a4394-d97b-4f28-a7e2-fdac8732ab0e\">Vgl. K\u00f6nig 2024, S. 34; L\u00e4ssig 2021, S. 12 und 29; L\u00fccke et. al. 2018, S. 26. <a href=\"#7b5a4394-d97b-4f28-a7e2-fdac8732ab0e-link\" aria-label=\"Jump to footnote reference 3\">\u21a9\ufe0e<\/a><\/li><li id=\"e1b7e21e-c14e-4b28-95be-23053057a106\">Danthine et. al. 2024, S. 165; Gregory et. al. 2007, S. 1. <a href=\"#e1b7e21e-c14e-4b28-95be-23053057a106-link\" aria-label=\"Jump to footnote reference 4\">\u21a9\ufe0e<\/a><\/li><li id=\"268128c5-fd47-47bb-aa07-8a437f35df05\">Unter anderem sind dies ArcGIS, QGIS und Leaflet.  <a href=\"#268128c5-fd47-47bb-aa07-8a437f35df05-link\" aria-label=\"Jump to footnote reference 5\">\u21a9\ufe0e<\/a><\/li><li id=\"715d68e3-3a67-4d90-a813-71235722f154\">Danthine et. al. 2024, S. 176 und 188. <a href=\"#715d68e3-3a67-4d90-a813-71235722f154-link\" aria-label=\"Jump to footnote reference 6\">\u21a9\ufe0e<\/a><\/li><li id=\"d8f0397f-398b-4ea7-93c3-5c0120195f56\">Ebd., S. 173; Gregory et. al. 2007, S. 3.  <a href=\"#d8f0397f-398b-4ea7-93c3-5c0120195f56-link\" aria-label=\"Jump to footnote reference 7\">\u21a9\ufe0e<\/a><\/li><li id=\"5a2f22d7-993e-4d66-afa9-dc3b554eb9bd\">Danthine et. al. 2024, S. 169 und 173. <a href=\"#5a2f22d7-993e-4d66-afa9-dc3b554eb9bd-link\" aria-label=\"Jump to footnote reference 8\">\u21a9\ufe0e<\/a><\/li><li id=\"03dc56f3-f962-4b2a-873c-f36f10a9e2d7\">Ebd., S. 165, 177 und 179; Mogorovich et. al. 2022, S. 421. <a href=\"#03dc56f3-f962-4b2a-873c-f36f10a9e2d7-link\" aria-label=\"Jump to footnote reference 9\">\u21a9\ufe0e<\/a><\/li><\/ol>\n\n\n<p><\/p>\n\n\n\n<p><\/p>\n\n\n\n<h4 class=\"wp-block-heading\"><br><\/h4>\n\n\n\n<h4 class=\"wp-block-heading\">Bibliographie<\/h4>\n\n\n\n<p>Quellenverzeichnis<\/p>\n\n\n\n<ul class=\"wp-block-list\">\n<li>Augsburger Wunderbuch, hg. von Till-Holger Borchert; Joshua Waterman: The Book of Miracles\/ Das Wunderzeichenbuch \/ Le Livre des miracles. Facsimile of the Augsburg manuscript from the collection of Mickey Cartin, K\u00f6ln 2013.<\/li>\n<\/ul>\n\n\n\n<p>Sekund\u00e4rliteratur<\/p>\n\n\n\n<ul class=\"wp-block-list\">\n<li>Berns, J\u00f6rg Jochen: Wunderzeichen am Himmel und auf Erden. Der fr\u00fchneuzeitliche Prodigiendiskurs und dessen medientechnische Bedingungen, in: Neue Diskurse der Gelehrtenkultur in der Fr\u00fchen Neuzeit, Berlin\/Boston 2016, S. 99\u2013162.<\/li>\n\n\n\n<li>Beyer, J\u00fcrgen: Prodigien, in: Enzyklop\u00e4die des M\u00e4rchens, Bd. 10 (Nibelungenlied \u2013 Proze\u00dfmotive), Berlin\/Boston 2002, Sp. 1378-1388.<\/li>\n\n\n\n<li>Danthine, Brigit; Hiebel, Gerald; Rampl, Gerhard: Geoinformationssysteme (GIS) in den Geschichtswissenschaften, in: Antenhofer, Christina; K\u00fchberger, Christoph; Strohmeyer, Arno (Hg.): Digital Humanities in den Geschichtswissenschaften, Wien 2024 (UTB 6116), S. 165-190.<\/li>\n\n\n\n<li>Gregory, Ian; Ell, Paul: Historical GIS. Technologies, Methodologies and Scholarship, Cambridge 2007 (Cambridge Studies in Historical Geography 39).<\/li>\n\n\n\n<li>K\u00f6nig, Mareike: Die digitale Transformation der Geschichtswissenschaften, in: Antenhofer, Christina; K\u00fchberger, Christoph; Strohmeyer, Arno (Hg.): Digital Humanities in den Geschichtswissenschaften, Wien 2024 (UTB 6116), S. 29-42.<\/li>\n\n\n\n<li>L\u00e4ssig, Simone: Digital History. Challenges and Opportunities for the Profession, in: Geschichte und Gesellschaft, Heft 1\/2021, Nr. 47.1 (H20754), G\u00f6ttingen 2021, S. 5-34.<\/li>\n\n\n\n<li>L\u00fccke, Martin; Z\u00fcndorf, Irmgard: Einf\u00fchrung in die Public History, Stuttgart 2018<sup>1<\/sup> (UTB 4909).<\/li>\n\n\n\n<li>Mogorovich, Paolo; Salvatori, Enrica: Historical GIS, in: Noiret, Serge; Tebeau, Mark; Zaagsma, Gerben (Hg.): Handbook of Digital Public History, Berlin\/Boston 2022, S. 419-430.<\/li>\n\n\n\n<li>Noiret, Serge; Tebeau, Mark; Zaagsma, Gerben: Introduction, in: Noiret, Serge; Tebeau, Mark; Zaagsma, Gerben (Hg.): Handbook of Digital Public History, Berlin\/Boston 2022, S. 1-15.<\/li>\n<\/ul>\n\n\n\n<div style=\"height:132px\" aria-hidden=\"true\" class=\"wp-block-spacer\"><\/div>\n","protected":false},"excerpt":{"rendered":"<p>Dieses studentische Projekt entstand im Rahmen einer BA-Seminararbeit des HS23\/FS24. Ein besonderer Dank gilt Dr. Christine Grundig und der Digitalen Lehre und Forschung der Philosophischen Fakult\u00e4t (DLF), namentlich Anita Holdener und Rojba\u015f Feiner, die dieses Projekt unterst\u00fctzten. Als eine Kombination aus digitaler Edition und Mapping hat sich dieses Projekt der Quelle des Augsburger Wunderzeichenbuches verschrieben. [&hellip;]<\/p>\n","protected":false},"author":895,"featured_media":0,"parent":2,"menu_order":1,"comment_status":"closed","ping_status":"closed","template":"","meta":{"footnotes":"[{\"id\":\"75469b69-98a5-4e1a-b385-d82d2c8e9ab6\",\"content\":\"Vgl. K\\u00f6nig 2024, S. 20, 24, 31, 33 und 35; L\\u00e4ssig 2021, S. 20, 24 und 26.  \"},{\"id\":\"a0c49d81-98b0-4922-81e7-63d560c11269\",\"content\":\"F\\u00fcr einen gr\\u00f6sseren Einblick in die <em>Digital Public History<\\\/em> siehe: Noiret et. al. 2022.\"},{\"id\":\"7b5a4394-d97b-4f28-a7e2-fdac8732ab0e\",\"content\":\"Vgl. K\\u00f6nig 2024, S. 34; L\\u00e4ssig 2021, S. 12 und 29; L\\u00fccke et. al. 2018, S. 26.\"},{\"id\":\"e1b7e21e-c14e-4b28-95be-23053057a106\",\"content\":\"Danthine et. al. 2024, S. 165; Gregory et. al. 2007, S. 1.\"},{\"id\":\"268128c5-fd47-47bb-aa07-8a437f35df05\",\"content\":\"Unter anderem sind dies ArcGIS, QGIS und Leaflet. \"},{\"id\":\"715d68e3-3a67-4d90-a813-71235722f154\",\"content\":\"Danthine et. al. 2024, S. 176 und 188.\"},{\"id\":\"d8f0397f-398b-4ea7-93c3-5c0120195f56\",\"content\":\"Ebd., S. 173; Gregory et. al. 2007, S. 3. \"},{\"id\":\"5a2f22d7-993e-4d66-afa9-dc3b554eb9bd\",\"content\":\"Danthine et. al. 2024, S. 169 und 173.\"},{\"id\":\"03dc56f3-f962-4b2a-873c-f36f10a9e2d7\",\"content\":\"Ebd., S. 165, 177 und 179; Mogorovich et. al. 2022, S. 421.\"}]"},"class_list":["post-10","page","type-page","status-publish","hentry"],"_links":{"self":[{"href":"https:\/\/dlf.uzh.ch\/sites\/wunderzeichenbuch\/wp-json\/wp\/v2\/pages\/10","targetHints":{"allow":["GET"]}}],"collection":[{"href":"https:\/\/dlf.uzh.ch\/sites\/wunderzeichenbuch\/wp-json\/wp\/v2\/pages"}],"about":[{"href":"https:\/\/dlf.uzh.ch\/sites\/wunderzeichenbuch\/wp-json\/wp\/v2\/types\/page"}],"author":[{"embeddable":true,"href":"https:\/\/dlf.uzh.ch\/sites\/wunderzeichenbuch\/wp-json\/wp\/v2\/users\/895"}],"replies":[{"embeddable":true,"href":"https:\/\/dlf.uzh.ch\/sites\/wunderzeichenbuch\/wp-json\/wp\/v2\/comments?post=10"}],"version-history":[{"count":9,"href":"https:\/\/dlf.uzh.ch\/sites\/wunderzeichenbuch\/wp-json\/wp\/v2\/pages\/10\/revisions"}],"predecessor-version":[{"id":559,"href":"https:\/\/dlf.uzh.ch\/sites\/wunderzeichenbuch\/wp-json\/wp\/v2\/pages\/10\/revisions\/559"}],"up":[{"embeddable":true,"href":"https:\/\/dlf.uzh.ch\/sites\/wunderzeichenbuch\/wp-json\/wp\/v2\/pages\/2"}],"wp:attachment":[{"href":"https:\/\/dlf.uzh.ch\/sites\/wunderzeichenbuch\/wp-json\/wp\/v2\/media?parent=10"}],"curies":[{"name":"wp","href":"https:\/\/api.w.org\/{rel}","templated":true}]}}