{"id":4928,"date":"2023-11-07T15:46:42","date_gmt":"2023-11-07T14:46:42","guid":{"rendered":"https:\/\/dlf.uzh.ch\/sites\/?page_id=4928"},"modified":"2023-11-08T13:10:19","modified_gmt":"2023-11-08T12:10:19","slug":"datenschutzerklarung","status":"publish","type":"page","link":"https:\/\/dlf.uzh.ch\/sites\/datenschutzerklarung\/","title":{"rendered":"Datenschutzerkl\u00e4rung"},"content":{"rendered":"<div class=\"entry-content\">\n<div class=\"entry-the-content\">\n<p>Die von Ihnen aufgerufene Website ist Teil der Blogfarm, die vom Team Digitale Lehre und Forschung (DLF) der Philosophischen Fakult\u00e4t auf Servern der Universit\u00e4t Z\u00fcrich (UZH) betrieben wird.<br \/>\nVerantwortlich f\u00fcr die Inhalte dieses Blogs ist\/sind:<\/p>\n<p><strong><span style=\"color: #ff0000;\"><span class=\"TextRun SCXW162188819 BCX9\" lang=\"DE-DE\" xml:lang=\"DE-DE\" data-contrast=\"auto\"><span class=\"NormalTextRun SCXW162188819 BCX9\">[BITTE DIESE DATEN AUSF\u00dcLLEN<\/span> <\/span><\/span><\/strong><\/p>\n<p><strong><span style=\"color: #ff0000;\"><span class=\"TextRun SCXW162188819 BCX9\" lang=\"DE-DE\" xml:lang=\"DE-DE\" data-contrast=\"auto\"><span class=\"NormalTextRun SCXW162188819 BCX9\">Universit\u00e4t Z\u00fcrich<\/span><\/span><span class=\"LineBreakBlob BlobObject DragDrop SCXW162188819 BCX9\"><span class=\"SCXW162188819 BCX9\">\u00a0<\/span><br class=\"SCXW162188819 BCX9\" \/><\/span><span class=\"TextRun SCXW162188819 BCX9\" lang=\"DE-DE\" xml:lang=\"DE-DE\" data-contrast=\"auto\"><span class=\"NormalTextRun SCXW162188819 BCX9\">NAME DES INSTITUTS<\/span><\/span><span class=\"LineBreakBlob BlobObject DragDrop SCXW162188819 BCX9\"><span class=\"SCXW162188819 BCX9\">\u00a0<\/span><br class=\"SCXW162188819 BCX9\" \/><\/span><span class=\"TextRun SCXW162188819 BCX9\" lang=\"DE-DE\" xml:lang=\"DE-DE\" data-contrast=\"auto\"><span class=\"NormalTextRun SCXW162188819 BCX9\">ANSCHRIFT\u00a0 <\/span><\/span><span class=\"LineBreakBlob BlobObject DragDrop SCXW162188819 BCX9\"><br class=\"SCXW162188819 BCX9\" \/><\/span><span class=\"TextRun SCXW162188819 BCX9\" lang=\"DE-DE\" xml:lang=\"DE-DE\" data-contrast=\"auto\"><span class=\"NormalTextRun SCXW162188819 BCX9\">E-MAIL DER VERANTWORTLICHEN PERSON<\/span><\/span> <\/span><span style=\"color: #ff0000;\"><span class=\"TextRun SCXW162188819 BCX9\" lang=\"DE-DE\" xml:lang=\"DE-DE\" data-contrast=\"auto\"><span class=\"NormalTextRun ContextualSpellingAndGrammarErrorV2Themed SCXW162188819 BCX9\">]<\/span><span class=\"NormalTextRun SCXW162188819 BCX9\">\u00a0<\/span><\/span><span class=\"EOP SCXW162188819 BCX9\" data-ccp-props=\"{&quot;201341983&quot;:0,&quot;335559739&quot;:160,&quot;335559740&quot;:259}\">\u00a0<\/span><\/span><\/strong><\/p>\n<p>Da der Datenschutz f\u00fcr uns ein wichtiges Anliegen ist, m\u00f6chten wir Sie im Folgenden kurz dar\u00fcber unterrichten, welche Daten im Rahmen der geltenden datenschutzrechtlichen Bestimmungen von Nutzenden dieses Blogs zu welchem Zweck erhoben und weiterbearbeitet werden, und welche Massnahmen getroffen worden sind, um f\u00fcr die Sicherheit dieser Daten zu sorgen.<\/p>\n<h2 class=\"wp-block-heading\">1. Gegenstand des Datenschutzes<\/h2>\n<p>Datenschutz dient dem Schutz der Pers\u00f6nlichkeitsrechte. Er verpflichtet die Datenbearbeiter zu rechtm\u00e4ssigem Handeln und verleiht den betroffenen Personen durchsetzbare Rechte im Hinblick auf die Bearbeitung ihrer Personendaten. Personendaten sind nach \u00a7 3 Gesetz \u00fcber die Information und den Datenschutz des Kantons Z\u00fcrich (IDG ZH) alle Informationen, die sich auf eine bestimmte oder bestimmbare Person beziehen. Hierunter fallen z.B. Angaben wie Name, Anschrift, Telefonnummer, E-Mail- oder IP-Adresse.<\/p>\n<h2 class=\"wp-block-heading\">2. Datenerhebung, -bearbeitung, -speicherung<\/h2>\n<p><strong>Seitenaufruf<\/strong><\/p>\n<p>Bei jedem Anfordern resp. Aufrufen einer Blogseite werden folgende Zugriffsdaten erhoben und in einer Webserver-Logdatei auf Servern der UZH gespeichert:<\/p>\n<ul>\n<li>die IP-Adresse des anfordernden Rechners (z. B. 123.456.97.36)<\/li>\n<li>die Seite\/Adresse (URL), von der aus die Webseite angefordert wurde<\/li>\n<li>der Pfad und der Name der angeforderten Webseite der UZH<\/li>\n<li>das Datum und die Uhrzeit der Anforderung (z. B. [12\/Apr\/2016:00:00:01 +0200])<\/li>\n<li>die \u00fcbertragene Datenmenge<\/li>\n<li>der Zugriffsstatus<\/li>\n<li>die Zugriffsart<\/li>\n<li>die Beschreibung des verwendeten Webbrowsertyps bzw. des verwendeten Betriebssystems<\/li>\n<li>die Session-ID<\/li>\n<\/ul>\n<p>Ein Eintrag im Web-Log k\u00f6nnte beispielsweise wie folgt aussehen:<\/p>\n<pre>180.76.15.25 \u2013 \u2013 [12\/Apr\/2024:00:07:34 +0200] \u00abhttps:\/\/dlf.uzh.ch GET \/digitale-lehre\/ HTTP\/1.1\u00bb200 16 22183 \u00ab\u00bb \u00abUser-agent: Mozilla\/5.0 (compatible; Baiduspider\/2.0; +http:\/\/www.baidu.com\/search\/spider.html)\u00bb<\/pre>\n<p>Die Bearbeitung dieser Daten erfolgt zu folgenden Zwecken:<\/p>\n<ul>\n<li>Sicherstellung der Netzinfrastruktur und der technischen Administration<\/li>\n<li>Optimierung der Nutzung bestimmter Web-Angebote<\/li>\n<li>Identifikation und Nachverfolgung unzul\u00e4ssiger Zugriffsversuche.<\/li>\n<\/ul>\n<p>Die Webserver-Logdateien werden ab Beendigung des Zugriffs f\u00fcr einen begrenzten Zeitraum gespeichert. Danach werden die Webserver-Logdateien gel\u00f6scht, soweit nicht ein erkannter Angriff auf unsere Netzinfrastruktur zu einer zivil- oder strafrechtlichen Verfolgung des Angreifers f\u00fchrt und damit eine weitere Speicherung erforderlich macht.<\/p>\n<p><strong>Registrierung<\/strong><\/p>\n<p>Auf unserer Internetseite bieten wir Nutzenden die M\u00f6glichkeit, sich unter Angabe personenbezogener Daten zu registrieren. Die Daten werden dabei in eine Eingabemaske eingegeben und an uns \u00fcbermittelt und gespeichert. Eine Weitergabe der Daten an Dritte findet nicht statt. Folgende Daten werden im Rahmen des Registrierungsprozesses erhoben:<\/p>\n<ul>\n<li>Benutzer:innenname<\/li>\n<li>Passwort (verschl\u00fcsselt)<\/li>\n<li>E-Mail-Adresse<\/li>\n<li>Vorname, Nachname, Nickname (freiwillige Eingabe)<\/li>\n<\/ul>\n<p>Im Zeitpunkt der Registrierung werden zudem folgende Daten gespeichert:<\/p>\n<ul>\n<li>Die IP-Adresse des Nutzenden<\/li>\n<li>Datum und Uhrzeit der Registrierung<\/li>\n<\/ul>\n<p><strong>Kommentare<\/strong><\/p>\n<p>Wenn Sie Kommentare auf der Website schreiben, sammeln wir die Daten, die im Kommentar-Formular angezeigt werden, ausserdem die IP-Adresse und den User-Agent-String (damit wird der Browser identifiziert), um die Erkennung von Spam zu unterst\u00fctzen.<\/p>\n<p>Aus der E-Mail-Adresse kann eine anonymisierte Zeichenfolge erstellt (auch Hash genannt) und dem Gravatar-Dienst \u00fcbergeben werden, um zu pr\u00fcfen, ob Sie diesen nutzen. Die Datenschutzerkl\u00e4rung des Gravatar-Dienstes finden Sie hier: https:\/\/automattic.com\/privacy\/.<br \/>\nNachdem ein Kommentar freigegeben wurde, ist Ihr Profilbild \u00f6ffentlich im Kontext des Kommentars sichtbar.<\/p>\n<h2 class=\"wp-block-heading\">3. Einwilligung in weitergehende Datennutzung<\/h2>\n<p>Die Nutzung bestimmter Angebote auf dem Blog (Kontaktformulare, Webanwendungen) kann eine weitergehende Erhebung, Bearbeitung und l\u00e4ngerfristige Speicherung von Personendaten wie z.B. Name, Anschrift oder E-Mail-Adresse erfordern. Mit Eingabe und \u00dcbersendung dieser Daten willigen Sie in deren Bearbeitung ein.<br \/>\nEs erfolgt in diesem Zusammenhang aber keine Weitergabe der Daten an Dritte. Die Daten werden ausschlie\u00dflich f\u00fcr die Verarbeitung der Konversation verwendet.<\/p>\n<h2 class=\"wp-block-heading\">4. Bekanntgabe von Personendaten<\/h2>\n<p>Personendaten werden ausschliesslich dann an Dritte (z.B. an andere Beh\u00f6rden) bekannt gegeben, soweit dies im Rahmen zwingender Rechtsvorschriften (z.B. beh\u00f6rdlichen Aufforderungen, Gerichtsbeschl\u00fcssen) oder zum Zweck der Rechts- oder Strafverfolgung (z.B. im Fall von Angriffen auf die UZH-Netzinfrastruktur) erforderlich ist. Eine Bekanntgabe an Dritte zu anderen Zwecken findet nicht statt.<\/p>\n<p>Dessen ungeachtet kann das Team DLF Dienstleistungsfirmen damit beauftragen, die \u00fcber die Blogs erhobenen Daten zu den oben genannten Zwecken weiter zu bearbeiten. Die UZH und die beauftragten Drittanbieter werden mittels rechtlicher, technischer und organisatorischer Massnahmen dazu verpflichtet, die Einhaltung datenschutzrechtlicher Bestimmungen zu gew\u00e4hrleisten.<\/p>\n<h2 class=\"wp-block-heading\">5. Tracking-Einstellungen<\/h2>\n<p>Um die Inhaltsstrukturen und Navigationsmechanismen des Blogs besser an die Bed\u00fcrfnisse der Nutzenden anpassen zu k\u00f6nnen, werden die Seitenaufrufe und die angeklickten Elemente innerhalb der Seiten protokolliert und analysiert. Dazu wird die Software Matomo verwendet. Matomo setzt sog. \u00abCookies\u00bb ein (zum Einsatz und Unterbinden des Einsatzes solcher Cookies siehe unten Punkt 6.)\u202fDie durch die Cookies erzeugten Nutzungsinformationen einschliesslich ihrer gek\u00fcrzten IP-Adresse werden nicht\u202fan Dritte weitergeleitet, sondern auf\u202fServern der UZH zum Zweck der Nutzungsanalyse und der Webseitenoptimierung gespeichert.\u202fDie IP-Adressen werden bei diesem Vorgang umgehend anonymisiert. Daher ist es nicht m\u00f6glich,\u202fdie Auswertungsergebnisse einer bestimmten IP-Adresse zuzuordnen oder eine personenbezogene Verhaltens\u00fcberwachung durchzuf\u00fchren.<\/p>\n<h2 class=\"wp-block-heading\">6. Cookies<\/h2>\n<p>Beim Aufruf einzelner Blogseiten k\u00f6nnen sogenannte tempor\u00e4re Cookies eingesetzt werden. Hierbei handelt es sich um kleine Dateien, die beim Besuch des Blogs auf Ihrem Rechner zu dem Zweck gespeichert werden, um eine optimale Nutzung der Webseiten zu erm\u00f6glichen. Sie k\u00f6nnen den Einsatz solcher Cookies grunds\u00e4tzlich unterbinden, indem Sie entsprechende Einstellungen in dem von Ihnen verwendeten Webbrowser vornehmen. Wir weisen allerdings darauf hin, dass das Ablehnen, Sperren oder Deaktivieren von Cookies zu Einschr\u00e4nkungen der Funktion aufgerufener Webseite f\u00fchren kann.<\/p>\n<h2 class=\"wp-block-heading\">7. Querverweise (Links) zu Webseiten anderer Anbieter<\/h2>\n<p>Die vorliegende Datenschutzerkl\u00e4rung gilt nur f\u00fcr Blogs die vom Team Digitale Lehre und Forschung auf den Servern der UZH gehostet werden. Soweit \u00fcber Links der Zugang zu Inhalten anderer Anbieter vermittelt wird, m\u00f6chten wir Sie bitten, deren Datenschutzerkl\u00e4rungen zu beachten. Das Team DLF ist weder f\u00fcr den Inhalt noch die Datenschutzpraxis dieser anderen Anbieter verantwortlich. Insbesondere kann das Team DLF nicht gew\u00e4hrleisten, dass die Inhalte anderer Anbieter frei von Malware sind.<\/p>\n<h2 class=\"wp-block-heading\">8. Sicherheit<\/h2>\n<p>Die UZH setzt technische und organisatorische Sicherheitsmassnahmen ein, damit die Daten, die sie \u00fcber die Blogs erhebt und weiter bearbeitet,<\/p>\n<ul>\n<li>vertraulich bleiben und vor zuf\u00e4lligen oder unrechtm\u00e4ssigen Zugriffen, Ver\u00e4nderungen oder Offenlegungen sowie vor Verlusten und Zerst\u00f6rung gesch\u00fctzt werden; und<\/li>\n<li>ein Zugriff auf die Daten ausschliesslich nach dem Grundsatz der Erforderlichkeit (\u00abNeed-to-Know\u00bb) denjenigen Personen erteilt wird, die aufgrund ihrer Funktion und Aufgabe auf die Personendaten zugreifen m\u00fcssen.<\/li>\n<\/ul>\n<p>Die zu treffenden Massnahmen richten sich nach der Art der Information, nach Art und Zweck der Verwendung und nach dem jeweiligen Stand der Technik.<\/p>\n<h2 class=\"wp-block-heading\">9. G\u00fcltigkeit<\/h2>\n<p>Die UZH beh\u00e4lt sich vor, die Datenschutzerkl\u00e4rung jederzeit mit Wirkung f\u00fcr die Zukunft zu \u00e4ndern, sollte die Implementierung neuer Technologien oder die Gesetzeslage eine solche Anpassung erforderlich machen. Wir empfehlen Ihnen daher, die Datenschutzerkl\u00e4rung regelm\u00e4ssig zu \u00fcberpr\u00fcfen.<\/p>\n<h2 class=\"wp-block-heading\">10. Auskunftsrecht<\/h2>\n<p>Sollten Sie eine Auskunft zu den \u00fcber Sie erhobenen und weiter bearbeiteten Personendaten oder eine Berichtigung, Vernichtung oder Sperrung dieser Daten w\u00fcnschen oder weitergehende Fragen zu deren Verwendung haben, wenden Sie sich bitte an die Abteilung Recht und Datenschutz der UZH. Diese ist unter folgender Adresse erreichbar:<\/p>\n<p>Universit\u00e4t Z\u00fcrich<br \/>\nRecht und Datenschutz<br \/>\nK\u00fcnstlergasse 15<br \/>\nCH-8001 Z\u00fcrich<\/p>\n<p>Weitere Informationen finden Sie auf der Webseite der Abteilung:<br \/>\n<a href=\"https:\/\/www.rud.uzh.ch\/de\/angebot\/datenschutzrecht.html\" target=\"_blank\" rel=\"noreferrer noopener\">Recht und Datenschutz UZH: Datenschutzrecht<\/a><\/p>\n<\/div>\n<\/div>\n","protected":false},"excerpt":{"rendered":"<p>Die von Ihnen aufgerufene Website ist Teil der Blogfarm, die vom Team Digitale Lehre und Forschung (DLF) der Philosophischen Fakult\u00e4t auf Servern der Universit\u00e4t Z\u00fcrich (UZH) betrieben wird. Verantwortlich f\u00fcr die Inhalte dieses Blogs ist\/sind: [BITTE DIESE DATEN AUSF\u00dcLLEN Universit\u00e4t Z\u00fcrich\u00a0NAME DES INSTITUTS\u00a0ANSCHRIFT\u00a0 E-MAIL DER VERANTWORTLICHEN PERSON ]\u00a0\u00a0 Da der Datenschutz f\u00fcr uns ein wichtiges [&hellip;]<\/p>\n","protected":false},"author":581,"featured_media":0,"parent":0,"menu_order":0,"comment_status":"closed","ping_status":"closed","template":"","meta":{"footnotes":""},"class_list":["post-4928","page","type-page","status-publish","hentry"],"_links":{"self":[{"href":"https:\/\/dlf.uzh.ch\/sites\/wp-json\/wp\/v2\/pages\/4928","targetHints":{"allow":["GET"]}}],"collection":[{"href":"https:\/\/dlf.uzh.ch\/sites\/wp-json\/wp\/v2\/pages"}],"about":[{"href":"https:\/\/dlf.uzh.ch\/sites\/wp-json\/wp\/v2\/types\/page"}],"author":[{"embeddable":true,"href":"https:\/\/dlf.uzh.ch\/sites\/wp-json\/wp\/v2\/users\/581"}],"replies":[{"embeddable":true,"href":"https:\/\/dlf.uzh.ch\/sites\/wp-json\/wp\/v2\/comments?post=4928"}],"version-history":[{"count":3,"href":"https:\/\/dlf.uzh.ch\/sites\/wp-json\/wp\/v2\/pages\/4928\/revisions"}],"predecessor-version":[{"id":4931,"href":"https:\/\/dlf.uzh.ch\/sites\/wp-json\/wp\/v2\/pages\/4928\/revisions\/4931"}],"wp:attachment":[{"href":"https:\/\/dlf.uzh.ch\/sites\/wp-json\/wp\/v2\/media?parent=4928"}],"curies":[{"name":"wp","href":"https:\/\/api.w.org\/{rel}","templated":true}]}}