{"id":4454,"date":"2019-01-07T13:34:26","date_gmt":"2019-01-07T12:34:26","guid":{"rendered":"https:\/\/dlf.uzh.ch\/sites\/?page_id=4454"},"modified":"2025-09-24T11:49:21","modified_gmt":"2025-09-24T10:49:21","slug":"dlf-blogfarm","status":"publish","type":"page","link":"https:\/\/dlf.uzh.ch\/sites\/","title":{"rendered":"DLF Blogfarm"},"content":{"rendered":"<div class=\"wpb-content-wrapper\"><p>[vc_row][vc_column][vc_column_text css=&#8221;&#8221;]<\/p>\r\n<p>Liebe Nutzerinnen und Nutzer der DLF-Blogfarm<br \/>Nach 20 Jahren wird das Team Digitale Lehre und Forschung (DLF) per Ende Dezember 2024 aufgel\u00f6st. An der Philosophischen Fakult\u00e4t wird es ab 2025 keine Anlaufstelle f\u00fcr digitale Vorhaben mehr geben. <br \/>F\u00fcr unsere Dienstleistungen konnten zum gr\u00f6ssten Teil L\u00f6sungen gefunden werden:<br \/>Die Blogfarm sowie die <a href=\"https:\/\/dlf.uzh.ch\/openbooks\/\" target=\"_blank\" rel=\"noopener\">Openbooks-Plattform<\/a> werden von der <a href=\"https:\/\/www.ub.uzh.ch\/de.html\" target=\"_blank\" rel=\"noopener\">Universit\u00e4tsbibliothek Z\u00fcrich<\/a> \u00fcbernommen. Sie wird die Blogs und E-Books weiterhin unter der URL <strong><em>https:\/\/dlf.uzh.ch\/sites\/<\/em><\/strong> und <em><strong>https:\/\/dlf.uzh.ch\/openbooks\/<\/strong><\/em> hosten. Mittelfristig ist aber mit einer neuen URL zu rechnen.<br \/>Anfragen f\u00fcr die Er\u00f6ffnung neuer Blogs oder Openbooks k\u00f6nnen ab Janaur 2025 an die folgende Adresse gerichtet werden: <br \/>it@ub.uzh.ch<\/p>\r\n<p>Wir danken allen, die mit viel Engagement und Herzblut Blogs und E-Books betrieben haben und damit einen spannenden Einblick in die unterschiedlichen Aktivit\u00e4ten in Lehre und Forschung an der Philosophischen Fakult\u00e4t gegeben haben. Wir hoffen, dass dieses Schaufenster auch in Zukunft rege genutzt wird.<\/p>\r\n<p>Mit herzlichen Gr\u00fcssen<br \/>Euer Team Digitale Lehre und Forschung<\/p>\r\n\r\n<p>&nbsp;<\/p>\r\n<p>[\/vc_column_text][\/vc_column][\/vc_row]<\/p><\/div>","protected":false},"excerpt":{"rendered":"<p>[vc_row][vc_column][vc_column_text css=&#8221;&#8221;] Liebe Nutzerinnen und Nutzer der DLF-BlogfarmNach 20 Jahren wird das Team Digitale Lehre und Forschung (DLF) per Ende Dezember 2024 aufgel\u00f6st. An der Philosophischen Fakult\u00e4t wird es ab 2025 keine Anlaufstelle f\u00fcr digitale Vorhaben mehr geben. F\u00fcr unsere Dienstleistungen konnten zum gr\u00f6ssten Teil L\u00f6sungen gefunden werden:Die Blogfarm sowie die Openbooks-Plattform werden von der [&hellip;]<\/p>\n","protected":false},"author":476,"featured_media":0,"parent":0,"menu_order":0,"comment_status":"closed","ping_status":"closed","template":"","meta":{"footnotes":""},"class_list":["post-4454","page","type-page","status-publish","hentry"],"_links":{"self":[{"href":"https:\/\/dlf.uzh.ch\/sites\/wp-json\/wp\/v2\/pages\/4454","targetHints":{"allow":["GET"]}}],"collection":[{"href":"https:\/\/dlf.uzh.ch\/sites\/wp-json\/wp\/v2\/pages"}],"about":[{"href":"https:\/\/dlf.uzh.ch\/sites\/wp-json\/wp\/v2\/types\/page"}],"author":[{"embeddable":true,"href":"https:\/\/dlf.uzh.ch\/sites\/wp-json\/wp\/v2\/users\/476"}],"replies":[{"embeddable":true,"href":"https:\/\/dlf.uzh.ch\/sites\/wp-json\/wp\/v2\/comments?post=4454"}],"version-history":[{"count":8,"href":"https:\/\/dlf.uzh.ch\/sites\/wp-json\/wp\/v2\/pages\/4454\/revisions"}],"predecessor-version":[{"id":5105,"href":"https:\/\/dlf.uzh.ch\/sites\/wp-json\/wp\/v2\/pages\/4454\/revisions\/5105"}],"wp:attachment":[{"href":"https:\/\/dlf.uzh.ch\/sites\/wp-json\/wp\/v2\/media?parent=4454"}],"curies":[{"name":"wp","href":"https:\/\/api.w.org\/{rel}","templated":true}]}}