{"id":90,"date":"2023-03-22T02:10:21","date_gmt":"2023-03-22T02:10:21","guid":{"rendered":"https:\/\/dlf.uzh.ch\/sites\/iberorromanistica\/?page_id=90"},"modified":"2024-06-10T13:15:48","modified_gmt":"2024-06-10T13:15:48","slug":"bachelor","status":"publish","type":"page","link":"https:\/\/dlf.uzh.ch\/sites\/uzhispanistik\/bachelor\/","title":{"rendered":"Bachelor"},"content":{"rendered":"<div class=\"wpb-content-wrapper\"><p>[vc_row full_width=&#8221;stretch_row_content_no_spaces&#8221;][vc_column el_class=&#8221;position-relative&#8221; el_id=&#8221;head-home&#8221;][vc_single_image image=&#8221;430&#8243; img_size=&#8221;full&#8221; el_class=&#8221;head-image bg-aqua&#8221; css=&#8221;.vc_custom_1685300936922{margin-bottom: 85px !important;}&#8221;][vc_column_text el_class=&#8221;custom-border&#8221; el_id=&#8221;title-home&#8221;]<\/p>\n<h1><strong>Bachelor<\/strong><\/h1>\n<p>[\/vc_column_text][\/vc_column][\/vc_row][vc_row el_id=&#8221;section-body-text&#8221; css=&#8221;.vc_custom_1682271872518{margin-top: 100px !important;margin-bottom: 100px !important;}&#8221;][vc_column width=&#8221;5\/6&#8243; offset=&#8221;vc_col-lg-7 vc_col-md-9 vc_col-xs-12&#8243;][vc_column_text el_class=&#8221;custom-text-background&#8221;]El <em>Bachelor<\/em> (o grado, como decimos en espa\u00f1ol) son los primeros estudios universitarios que se pueden emprender. En la Universidad de Z\u00farich, puedes estudiar el grado en Iberorroman\u00edstica: como seguro que ya sabes, el espa\u00f1ol y el portugu\u00e9s son dos de los idiomas m\u00e1s hablados del mundo, con presencia \u2014entre los dos\u2014 en todos los continentes. Adem\u00e1s, estas lenguas son muy cercanas entre s\u00ed y tienen un alto grado de intercomprensi\u00f3n, lo que significa que, sabiendo una, no es demasiado dif\u00edcil entender la otra.<\/p>\n<p>Nuestro programa de <em>Bachelor<\/em> aprovecha este hecho y, aunque la mayor\u00eda de las clases est\u00e1n centradas en el \u00e1mbito del espa\u00f1ol, frecuentemente se incluye la perspectiva del portugu\u00e9s. Adem\u00e1s, si tu nivel de portugu\u00e9s es mejor que el de castellano, podr\u00e1s realizar la mayor\u00eda de trabajos y ex\u00e1menes en esta lengua. Adem\u00e1s, ofrecemos clases para aprender portugu\u00e9s y catal\u00e1n (y a veces gallego y euskera) desde cero (los cursos de espa\u00f1ol empiezan en el B2).<\/p>\n<p><span style=\"font-weight: 400\">En este <\/span><i><span style=\"font-weight: 400\">Bachelor<\/span><\/i><span style=\"font-weight: 400\"> no solo mejorar\u00e1s tu nivel de estos idiomas, sino que adem\u00e1s te sumergir\u00e1s en la literatura y cultura de los pa\u00edses hispanohablantes, aprendiendo a analizarlas con ojos cr\u00edticos, y te enfrentar\u00e1s a estas lenguas desde una perspectiva cient\u00edfica, conociendo m\u00e1s sobre su estructura, su historia y sus procesos de variaci\u00f3n.\u00a0<\/span><\/p>\n<p><span style=\"font-weight: 400\">Podr\u00e1s elegir cursos de distintos tipos: seminarios y sesiones de ejercicios (con un formato pr\u00e1ctico e interactivo) y clases magistrales (<\/span><i><span style=\"font-weight: 400\">Vorlesungen<\/span><\/i><span style=\"font-weight: 400\">, en las que sobre todo es el profesor el que presenta un tema). Existen algunas asignaturas introductorias (tanto a la ling\u00fc\u00edstica como a la literatura), adem\u00e1s de clases de perfeccionamiento del espa\u00f1ol, que son obligatorias y que es recomendable cursar al principio. M\u00e1s adelante tendr\u00e1s mucha libertad para elegir cursos de profundizaci\u00f3n de temas variados y podr\u00e1s adaptar tu plan de estudios a tus intereses (ten en cuenta que esta libertad se reduce si decides estudiar Iberorroman\u00edstica como materia secundaria). Para finalizar el <\/span><i><span style=\"font-weight: 400\">Bachelor<\/span><\/i><span style=\"font-weight: 400\">, tendr\u00e1s que escribir un trabajo final, tutelado por alguno de los profesores: \u00a1elige un tema que te apasione y disfruta de tu primera experiencia investigadora!<\/span><\/p>\n<p><span style=\"font-weight: 400\">Ahora solo tienes que decidirte entre dos opciones: estudiarlo como materia principal (<\/span><strong><i>Major<\/i><\/strong><span style=\"font-weight: 400\"><strong>: 120 ECTS<\/strong>) o como materia secundaria (<\/span><strong><i>Minor<\/i><\/strong><span style=\"font-weight: 400\"><strong>: 60 ECTS<\/strong>). <a href=\"https:\/\/www.rose.uzh.ch\/de\/studium\/iberoromanistik\/bachelor-ibero.html\">Aqu\u00ed<\/a> encuentras m\u00e1s informaci\u00f3n sobre estas dos alternativas. Adem\u00e1s, como se necesitan un <\/span><i><span style=\"font-weight: 400\">Major<\/span><\/i><span style=\"font-weight: 400\"> y un <\/span><i><span style=\"font-weight: 400\">Minor<\/span><\/i><span style=\"font-weight: 400\">, deber\u00e1s pensar con qu\u00e9\u202f<\/span><strong><a href=\"https:\/\/dlf.uzh.ch\/sites\/uzhispanistik\/por-que-y-para-que-estudiarla\/\">combinar los estudios de Iberorroman\u00edstica<\/a>.<\/strong>[\/vc_column_text][\/vc_column][\/vc_row][vc_row el_id=&#8221;letters-sidebar&#8221;][vc_column][vc_widget_sidebar sidebar_id=&#8221;footer-2&#8243;][\/vc_column][\/vc_row]<\/p>\n<\/div>","protected":false},"excerpt":{"rendered":"<p>[vc_row full_width=&#8221;stretch_row_content_no_spaces&#8221;][vc_column el_class=&#8221;position-relative&#8221; el_id=&#8221;head-home&#8221;][vc_single_image image=&#8221;430&#8243; img_size=&#8221;full&#8221; el_class=&#8221;head-image bg-aqua&#8221; css=&#8221;.vc_custom_1685300936922{margin-bottom: 85px !important;}&#8221;][vc_column_text el_class=&#8221;custom-border&#8221; el_id=&#8221;title-home&#8221;] Bachelor [\/vc_column_text][\/vc_column][\/vc_row][vc_row el_id=&#8221;section-body-text&#8221; css=&#8221;.vc_custom_1682271872518{margin-top: 100px !important;margin-bottom: 100px !important;}&#8221;][vc_column width=&#8221;5\/6&#8243; offset=&#8221;vc_col-lg-7 vc_col-md-9 vc_col-xs-12&#8243;][vc_column_text&hellip;<\/p>\n","protected":false},"author":697,"featured_media":0,"parent":0,"menu_order":0,"comment_status":"closed","ping_status":"closed","template":"","meta":{"footnotes":""},"class_list":["post-90","page","type-page","status-publish","hentry"],"_links":{"self":[{"href":"https:\/\/dlf.uzh.ch\/sites\/uzhispanistik\/wp-json\/wp\/v2\/pages\/90","targetHints":{"allow":["GET"]}}],"collection":[{"href":"https:\/\/dlf.uzh.ch\/sites\/uzhispanistik\/wp-json\/wp\/v2\/pages"}],"about":[{"href":"https:\/\/dlf.uzh.ch\/sites\/uzhispanistik\/wp-json\/wp\/v2\/types\/page"}],"author":[{"embeddable":true,"href":"https:\/\/dlf.uzh.ch\/sites\/uzhispanistik\/wp-json\/wp\/v2\/users\/697"}],"replies":[{"embeddable":true,"href":"https:\/\/dlf.uzh.ch\/sites\/uzhispanistik\/wp-json\/wp\/v2\/comments?post=90"}],"version-history":[{"count":11,"href":"https:\/\/dlf.uzh.ch\/sites\/uzhispanistik\/wp-json\/wp\/v2\/pages\/90\/revisions"}],"predecessor-version":[{"id":973,"href":"https:\/\/dlf.uzh.ch\/sites\/uzhispanistik\/wp-json\/wp\/v2\/pages\/90\/revisions\/973"}],"wp:attachment":[{"href":"https:\/\/dlf.uzh.ch\/sites\/uzhispanistik\/wp-json\/wp\/v2\/media?parent=90"}],"curies":[{"name":"wp","href":"https:\/\/api.w.org\/{rel}","templated":true}]}}