{"id":8,"date":"2023-03-05T22:10:03","date_gmt":"2023-03-05T22:10:03","guid":{"rendered":"https:\/\/dlf.uzh.ch\/sites\/iberorromanistica\/?page_id=8"},"modified":"2024-06-01T20:43:17","modified_gmt":"2024-06-01T20:43:17","slug":"iberorromanistica","status":"publish","type":"page","link":"https:\/\/dlf.uzh.ch\/sites\/uzhispanistik\/","title":{"rendered":"Iberorromanistica"},"content":{"rendered":"<div class=\"wpb-content-wrapper\"><p>[vc_row full_width=&#8221;stretch_row_content_no_spaces&#8221;][vc_column el_class=&#8221;position-relative&#8221; el_id=&#8221;head-home&#8221;][vc_single_image image=&#8221;32&#8243; img_size=&#8221;full&#8221; el_class=&#8221;head-image bg-aqua&#8221; css=&#8221;.vc_custom_1679249975935{margin-bottom: 85px !important;}&#8221;][vc_column_text el_class=&#8221;custom-border&#8221; el_id=&#8221;title-home&#8221;]<\/p>\n<h1><strong>Iberorroman\u00edstica<\/strong><\/h1>\n<p>[\/vc_column_text][vc_column_text el_class=&#8221;custom-border subheader&#8221; el_id=&#8221;subtitle-home&#8221;]<em><strong>Estudiar espa\u00f1ol y portugu\u00e9s en la Universidad de Z\u00farich<\/strong> <\/em>[\/vc_column_text][\/vc_column][\/vc_row][vc_row css=&#8221;.vc_custom_1682213180796{margin-top: 30px !important;margin-bottom: 60px !important;}&#8221; el_id=&#8221;menu-education&#8221;][vc_column el_class=&#8221;custom-column-buttons&#8221;][vc_btn title=&#8221;Bachelor&#8221; style=&#8221;custom&#8221; custom_background=&#8221;&#8221; custom_text=&#8221;#0a0a0a&#8221; shape=&#8221;round&#8221; size=&#8221;lg&#8221; el_class=&#8221;custom-link bg-soft-green&#8221; link=&#8221;url:https%3A%2F%2Fdlf.uzh.ch%2Fsites%2Fuzhispanistik%2Fbachelor%2F|title:Bachelor&#8221;][vc_btn title=&#8221;M\u00e1ster&#8221; style=&#8221;custom&#8221; custom_background=&#8221;&#8221; custom_text=&#8221;#0a0a0a&#8221; shape=&#8221;round&#8221; size=&#8221;lg&#8221; el_class=&#8221;custom-link bg-soft-violet&#8221; link=&#8221;url:https%3A%2F%2Fdlf.uzh.ch%2Fsites%2Fuzhispanistik%2Fmaster%2F|title:Master&#8221;][vc_btn title=&#8221;Doctorado&#8221; style=&#8221;custom&#8221; custom_background=&#8221;&#8221; custom_text=&#8221;#0a0a0a&#8221; shape=&#8221;round&#8221; size=&#8221;lg&#8221; el_class=&#8221;custom-link bg-soft-yellow&#8221; link=&#8221;url:https%3A%2F%2Fdlf.uzh.ch%2Fsites%2Fuzhispanistik%2Fdoctorado%2F|title:Doctorado&#8221;][\/vc_column][\/vc_row][vc_row content_placement=&#8221;middle&#8221; el_id=&#8221;section-a&#8221; css=&#8221;.vc_custom_1679716791532{margin-bottom: 50px !important;border-bottom-width: 40px !important;padding-top: 40px !important;}&#8221;][vc_column width=&#8221;7\/12&#8243;][vc_column_text el_class=&#8221;font-800 subtitle-text&#8221;]<\/p>\n<h2><strong>\u00bfQu\u00e9 es?<\/strong><\/h2>\n<p>[\/vc_column_text][vc_column_text el_class=&#8221;custom-text-background&#8221;]El programa de Iberorroman\u00edstica de la Universidad de Z\u00farich est\u00e1 destinado a quienes se interesan por los estudios relacionados con el mundo hisp\u00e1nico y lus\u00f3fono, es decir, a grandes rasgos, Espa\u00f1a, Portugal y Latinoam\u00e9rica. Profundizamos en aspectos relacionados con la literatura, la historia, la lengua y la cultura de estos pa\u00edses y regiones.[\/vc_column_text][vc_row_inner][vc_column_inner el_class=&#8221;d-grid custom-column&#8221;][vc_btn title=&#8221;Conocer +&#8221; style=&#8221;custom&#8221; custom_background=&#8221;#ffffff&#8221; custom_text=&#8221;#ffffff&#8221; shape=&#8221;round&#8221; el_class=&#8221;custom-button&#8221; link=&#8221;url:https%3A%2F%2Fdlf.uzh.ch%2Fsites%2Fuzhispanistik%2Fque-es%2F|title:%C2%BFQu%C3%A9%20es%3F&#8221;][\/vc_column_inner][\/vc_row_inner][\/vc_column][vc_column width=&#8221;5\/12&#8243; el_class=&#8221;custom-column-2&#8243;][vc_single_image image=&#8221;50&#8243; img_size=&#8221;large&#8221; alignment=&#8221;center&#8221; onclick=&#8221;custom_link&#8221; el_id=&#8221;letter-a&#8221; el_class=&#8221;letter-image&#8221; link=&#8221;https:\/\/dlf.uzh.ch\/sites\/uzhispanistik\/que-es\/&#8221;][\/vc_column][\/vc_row][vc_row content_placement=&#8221;middle&#8221; css=&#8221;.vc_custom_1679716809580{margin-bottom: 50px !important;}&#8221; el_id=&#8221;section-b&#8221;][vc_column width=&#8221;5\/12&#8243; el_class=&#8221;position-relative custom-column-1&#8243;][vc_single_image image=&#8221;51&#8243; img_size=&#8221;large&#8221; alignment=&#8221;center&#8221; onclick=&#8221;custom_link&#8221; el_id=&#8221;letter-b&#8221; el_class=&#8221;letter-image&#8221; link=&#8221;https:\/\/dlf.uzh.ch\/sites\/uzhispanistik\/por-que-y-para-que-estudiarla\/&#8221;][vc_column_text el_class=&#8221;font-800 subtitle-text&#8221;]<\/p>\n<h2><strong>\u00bfPor qu\u00e9 y para qu\u00e9 estudiarla?<\/strong><\/h2>\n<p>[\/vc_column_text][vc_btn title=&#8221;Testimonios&#8221; style=&#8221;custom&#8221; custom_background=&#8221;&#8221; custom_text=&#8221;#5e5d5d&#8221; shape=&#8221;round&#8221; el_class=&#8221;custom-button&#8221; el_id=&#8221;link-section-b&#8221; link=&#8221;url:https%3A%2F%2Fdlf.uzh.ch%2Fsites%2Fuzhispanistik%2Fpor-que-y-para-que-estudiarla%2F|title:%C2%BFPor%20qu%C3%A9%20y%20para%20qu%C3%A9%20estudiarla%3F&#8221;][\/vc_column][vc_column width=&#8221;7\/12&#8243; el_class=&#8221;custom-column-2&#8243;][vc_column_text el_class=&#8221;custom-text-background&#8221;]<span style=\"font-weight: 400\">El espa\u00f1ol y el portugu\u00e9s se encuentran entre los idiomas m\u00e1s importantes del mundo y con mayor n\u00famero de hablantes. Con casi 500 millones, el espa\u00f1ol es la lengua romance m\u00e1s hablada, seguida del portugu\u00e9s, que cuenta con m\u00e1s de 250 millones. Conocer el funcionamiento interno de las culturas a partir del estudio de la lengua, la literatura y la ling\u00fc\u00edstica nos dota de una serie de herramientas y conocimientos que podemos emplear en un sinf\u00edn de actividades profesionales y personales. <\/span>[\/vc_column_text][vc_btn title=&#8221;Testimonios&#8221; style=&#8221;custom&#8221; custom_background=&#8221;&#8221; custom_text=&#8221;#5e5d5d&#8221; shape=&#8221;round&#8221; el_class=&#8221;custom-button&#8221; el_id=&#8221;link-section-b-mobile&#8221; link=&#8221;url:https%3A%2F%2Fdlf.uzh.ch%2Fsites%2Fuzhispanistik%2Fpor-que-y-para-que-estudiarla%2F|title:%C2%BFPor%20qu%C3%A9%20y%20para%20qu%C3%A9%20estudiarla%3F&#8221;][\/vc_column][\/vc_row][vc_row content_placement=&#8221;middle&#8221; el_id=&#8221;section-c&#8221;][vc_column width=&#8221;7\/12&#8243;][vc_column_text el_class=&#8221;font-800 subtitle-text&#8221;]<\/p>\n<h2><strong>\u00bfQui\u00e9nes somos?<\/strong><\/h2>\n<p>[\/vc_column_text][vc_column_text el_class=&#8221;custom-text-background&#8221;]Somos profesores, doctorandos y estudiantes apasionados por el mundo hisp\u00e1nico y lus\u00f3fono, sus lenguas y sus literaturas. Queremos compartir esa pasi\u00f3n contigo, ense\u00f1\u00e1ndote lo que sabemos y aprendiendo cosas nuevas en el camino.<\/p>\n<p>\u00bfTe sumas?[\/vc_column_text][vc_btn title=&#8221;Conocer +&#8221; style=&#8221;custom&#8221; custom_background=&#8221;&#8221; custom_text=&#8221;#5e5d5d&#8221; shape=&#8221;round&#8221; el_class=&#8221;custom-button&#8221; link=&#8221;url:https%3A%2F%2Fdlf.uzh.ch%2Fsites%2Fuzhispanistik%2Fquienes-somos%2F|title:%C2%BFQuienes%20somos%3F&#8221;][\/vc_column][vc_column width=&#8221;5\/12&#8243;][vc_single_image image=&#8221;52&#8243; img_size=&#8221;large&#8221; alignment=&#8221;center&#8221; onclick=&#8221;custom_link&#8221; el_id=&#8221;letter-c&#8221; el_class=&#8221;letter-image&#8221; link=&#8221;https:\/\/dlf.uzh.ch\/sites\/uzhispanistik\/quienes-somos\/&#8221;][\/vc_column][\/vc_row][vc_row full_width=&#8221;stretch_row_content&#8221; css=&#8221;.vc_custom_1682205291133{padding-top: 150px !important;padding-bottom: 100px !important;}&#8221; el_id=&#8221;section-d&#8221;][vc_column][vc_column_text el_class=&#8221;font-800 subtitle-text&#8221; css=&#8221;.vc_custom_1692480634935{padding-right: 400px !important;}&#8221;]<\/p>\n<h2 style=\"text-align: center\"><strong>\u00bfY qu\u00e9 m\u00e1s?<\/strong><\/h2>\n<p>[\/vc_column_text][vc_column_text css=&#8221;.vc_custom_1690510870752{padding-top: 40px !important;padding-right: 20px !important;padding-bottom: 40px !important;padding-left: 20px !important;background-color: rgba(205,207,253,0.8) !important;*background-color: rgb(205,207,253) !important;border-radius: 35px !important;}&#8221; el_id=&#8221;activities-block&#8221; el_class=&#8221;animation-loop&#8221;]<\/p>\n<p class=\"animate-loop\" style=\"text-align: center\"><strong><a href=\"https:\/\/dlf.uzh.ch\/sites\/uzhispanistik\/y-que-mas\/#1680887759676-c561bd9c-252d\">Excursiones<\/a><a href=\"https:\/\/dlf.uzh.ch\/sites\/uzhispanistik\/y-que-mas\/#1684730863759-fd2fecbf-5181\">Eventos<\/a><a href=\"https:\/\/dlf.uzh.ch\/sites\/uzhispanistik\/y-que-mas\/#1684730889189-b476ce39-e327\">Recursos<\/a> <\/strong><\/p>\n<p><a href=\"https:\/\/dlf.uzh.ch\/sites\/uzhispanistik\/y-que-mas\/\"><img loading=\"lazy\" decoding=\"async\" class=\"letter-d letter-image alignnone wp-image-53 size-full\" src=\"https:\/\/dlf.uzh.ch\/sites\/uzhispanistik\/files\/2023\/03\/D.png\" alt=\"\" width=\"431\" height=\"469\" srcset=\"https:\/\/dlf.uzh.ch\/sites\/uzhispanistik\/files\/2023\/03\/D.png 431w, https:\/\/dlf.uzh.ch\/sites\/uzhispanistik\/files\/2023\/03\/D-276x300.png 276w\" sizes=\"auto, (max-width: 431px) 100vw, 431px\" \/><\/a>[\/vc_column_text][\/vc_column][\/vc_row]<\/p>\n<\/div>","protected":false},"excerpt":{"rendered":"<p>[vc_row full_width=&#8221;stretch_row_content_no_spaces&#8221;][vc_column el_class=&#8221;position-relative&#8221; el_id=&#8221;head-home&#8221;][vc_single_image image=&#8221;32&#8243; img_size=&#8221;full&#8221; el_class=&#8221;head-image bg-aqua&#8221; css=&#8221;.vc_custom_1679249975935{margin-bottom: 85px !important;}&#8221;][vc_column_text el_class=&#8221;custom-border&#8221; el_id=&#8221;title-home&#8221;] Iberorroman\u00edstica [\/vc_column_text][vc_column_text el_class=&#8221;custom-border subheader&#8221; el_id=&#8221;subtitle-home&#8221;]Estudiar espa\u00f1ol y portugu\u00e9s en la Universidad de&hellip;<\/p>\n","protected":false},"author":697,"featured_media":0,"parent":0,"menu_order":0,"comment_status":"closed","ping_status":"closed","template":"","meta":{"footnotes":""},"class_list":["post-8","page","type-page","status-publish","hentry"],"_links":{"self":[{"href":"https:\/\/dlf.uzh.ch\/sites\/uzhispanistik\/wp-json\/wp\/v2\/pages\/8","targetHints":{"allow":["GET"]}}],"collection":[{"href":"https:\/\/dlf.uzh.ch\/sites\/uzhispanistik\/wp-json\/wp\/v2\/pages"}],"about":[{"href":"https:\/\/dlf.uzh.ch\/sites\/uzhispanistik\/wp-json\/wp\/v2\/types\/page"}],"author":[{"embeddable":true,"href":"https:\/\/dlf.uzh.ch\/sites\/uzhispanistik\/wp-json\/wp\/v2\/users\/697"}],"replies":[{"embeddable":true,"href":"https:\/\/dlf.uzh.ch\/sites\/uzhispanistik\/wp-json\/wp\/v2\/comments?post=8"}],"version-history":[{"count":10,"href":"https:\/\/dlf.uzh.ch\/sites\/uzhispanistik\/wp-json\/wp\/v2\/pages\/8\/revisions"}],"predecessor-version":[{"id":891,"href":"https:\/\/dlf.uzh.ch\/sites\/uzhispanistik\/wp-json\/wp\/v2\/pages\/8\/revisions\/891"}],"wp:attachment":[{"href":"https:\/\/dlf.uzh.ch\/sites\/uzhispanistik\/wp-json\/wp\/v2\/media?parent=8"}],"curies":[{"name":"wp","href":"https:\/\/api.w.org\/{rel}","templated":true}]}}