{"id":760,"date":"2023-07-26T23:53:02","date_gmt":"2023-07-26T23:53:02","guid":{"rendered":"https:\/\/dlf.uzh.ch\/sites\/uzhispanistik\/?page_id=760"},"modified":"2025-03-03T23:04:32","modified_gmt":"2025-03-03T23:04:32","slug":"licenciatura","status":"publish","type":"page","link":"https:\/\/dlf.uzh.ch\/sites\/uzhispanistik\/pt\/licenciatura\/","title":{"rendered":"Licenciatura"},"content":{"rendered":"<div class=\"wpb-content-wrapper\"><p>[vc_row full_width=&#8221;stretch_row_content_no_spaces&#8221;][vc_column el_class=&#8221;position-relative&#8221; el_id=&#8221;head-home&#8221;][vc_single_image image=&#8221;430&#8243; img_size=&#8221;full&#8221; css=&#8221;.vc_custom_1685300936922{margin-bottom: 85px !important;}&#8221; el_class=&#8221;head-image bg-aqua&#8221;][vc_column_text el_class=&#8221;custom-border&#8221; el_id=&#8221;title-home&#8221;]<\/p>\n<h1>Licenciatura<\/h1>\n<p>[\/vc_column_text][\/vc_column][\/vc_row][vc_row el_id=&#8221;section-body-text&#8221; css=&#8221;.vc_custom_1682271872518{margin-top: 100px !important;margin-bottom: 100px !important;}&#8221;][vc_column width=&#8221;5\/6&#8243; offset=&#8221;vc_col-lg-7 vc_col-md-9 vc_col-xs-12&#8243;][vc_column_text css=&#8221;&#8221; el_class=&#8221;custom-text-background&#8221;]A licenciatura (<em>Bachelor<\/em>) \u00e9 o primeiro grau universit\u00e1rio que podes obter. Na Universidade de Zurique, \u00e9 poss\u00edvel obteres uma licenciatura em Iberorrom\u00e2nicas: com certeza j\u00e1 sabes, o espanhol e o portugu\u00eas s\u00e3o duas das l\u00ednguas mais faladas no mundo, estando presentes &#8211; entre elas &#8211; em todos os continentes. Al\u00e9m disso, estas l\u00ednguas s\u00e3o muito pr\u00f3ximas e t\u00eam um elevado grau de intercompreens\u00e3o, o que significa que, ao falar uma, n\u00e3o \u00e9 muito dif\u00edcil compreender a outra.<\/p>\n<p>O nosso programa de licenciatura <em>(Bachelor)<\/em> tira partido deste facto e, embora a maioria das aulas seja centrada na l\u00edngua espanhola, a perspetiva portuguesa \u00e9 frequentemente inclu\u00edda. Al\u00e9m disso, se o teu n\u00edvel de portugu\u00eas for melhor do que o teu n\u00edvel de espanhol, poder\u00e1s fazer a maioria dos trabalhos e exames em portugu\u00eas. Tamb\u00e9m oferecemos aulas para aprender portugu\u00eas e catal\u00e3o (e por vezes galego e basco) a partir do zero (as disciplinas de espanhol come\u00e7am no B2).<\/p>\n<p>Com esta licenciatura, n\u00e3o s\u00f3 poder\u00e1s aperfei\u00e7oar o dom\u00ednio destas l\u00ednguas, como tamb\u00e9m mergulhar\u00e1s na literatura e na cultura dos pa\u00edses de l\u00edngua espanhola e portuguesa, aprendendo a analis\u00e1-las criticamente, e abordar\u00e1s estas l\u00ednguas de uma perspetiva cient\u00edfica, aprendendo mais sobre a sua estrutura, hist\u00f3ria e processos de varia\u00e7\u00e3o.<\/p>\n<p>\u00c9 poss\u00edvel escolher entre diferentes tipos de disciplinas: semin\u00e1rios e exerc\u00edcios (com um formato pr\u00e1tico e interativo) e aula magistral (<em>Vorlesungen,<\/em> nas quais o \/ a docente apresenta um tema). Existem algumas disciplinas introdut\u00f3rias (lingu\u00edstica e literatura), bem como aulas de profici\u00eancia em l\u00edngua espanhola, que s\u00e3o obrigat\u00f3rias e que \u00e9 aconselh\u00e1vel frequentar no in\u00edcio, mas mais adiante ter\u00e1s muita liberdade para escolher disciplinas de aprofundamento sobre uma variedade de t\u00f3picos, e poder\u00e1s assim adaptar o teu plano de estudos em fun\u00e7\u00e3o dos teus interesses (por favor, tem em conta que esta liberdade \u00e9 reduzida se decidires estudar Iberorrom\u00e2nicas como disciplina secund\u00e1ria). No final do programa de <em>Bachelor<\/em>, ter\u00e1s de escrever um trabalho final, supervisionado por um\/a do\/as professores\/as: escolhe um tema que te apaixone e desfruta da tua primeira experi\u00eancia de investiga\u00e7\u00e3o!<\/p>\n<p>Agora, s\u00f3 tens de decidir entre duas op\u00e7\u00f5es: estudar como curso principal (120 ECTS) ou como curso secund\u00e1rio (60 ECTS). Podes encontrar mais informa\u00e7\u00f5es sobre estas duas alternativas <a href=\"https:\/\/www.rose.uzh.ch\/de\/studium\/iberoromanistik\/bachelor-ibero.html\" target=\"_blank\" rel=\"noopener\">aqui<\/a>. Al\u00e9m disso, como precisas de um <em>major<\/em> e de um <em>minor<\/em>, ter\u00e1s de pensar no que queres combinar com os teus estudos de <a href=\"https:\/\/dlf.uzh.ch\/sites\/uzhispanistik\/por-que-y-para-que-estudiarla\/\" target=\"_blank\" rel=\"noopener\">Iberorrom\u00e2nicas<\/a>.[\/vc_column_text][\/vc_column][\/vc_row][vc_row el_id=&#8221;letters-sidebar&#8221;][vc_column][vc_widget_sidebar sidebar_id=&#8221;footer-2&#8243;][\/vc_column][\/vc_row]<\/p>\n<\/div>","protected":false},"excerpt":{"rendered":"<p>[vc_row full_width=&#8221;stretch_row_content_no_spaces&#8221;][vc_column el_class=&#8221;position-relative&#8221; el_id=&#8221;head-home&#8221;][vc_single_image image=&#8221;430&#8243; img_size=&#8221;full&#8221; css=&#8221;.vc_custom_1685300936922{margin-bottom: 85px !important;}&#8221; el_class=&#8221;head-image bg-aqua&#8221;][vc_column_text el_class=&#8221;custom-border&#8221; el_id=&#8221;title-home&#8221;] Licenciatura [\/vc_column_text][\/vc_column][\/vc_row][vc_row el_id=&#8221;section-body-text&#8221; css=&#8221;.vc_custom_1682271872518{margin-top: 100px !important;margin-bottom: 100px !important;}&#8221;][vc_column width=&#8221;5\/6&#8243; offset=&#8221;vc_col-lg-7 vc_col-md-9 vc_col-xs-12&#8243;][vc_column_text&hellip;<\/p>\n","protected":false},"author":697,"featured_media":0,"parent":0,"menu_order":0,"comment_status":"closed","ping_status":"closed","template":"","meta":{"footnotes":""},"class_list":["post-760","page","type-page","status-publish","hentry"],"_links":{"self":[{"href":"https:\/\/dlf.uzh.ch\/sites\/uzhispanistik\/wp-json\/wp\/v2\/pages\/760","targetHints":{"allow":["GET"]}}],"collection":[{"href":"https:\/\/dlf.uzh.ch\/sites\/uzhispanistik\/wp-json\/wp\/v2\/pages"}],"about":[{"href":"https:\/\/dlf.uzh.ch\/sites\/uzhispanistik\/wp-json\/wp\/v2\/types\/page"}],"author":[{"embeddable":true,"href":"https:\/\/dlf.uzh.ch\/sites\/uzhispanistik\/wp-json\/wp\/v2\/users\/697"}],"replies":[{"embeddable":true,"href":"https:\/\/dlf.uzh.ch\/sites\/uzhispanistik\/wp-json\/wp\/v2\/comments?post=760"}],"version-history":[{"count":9,"href":"https:\/\/dlf.uzh.ch\/sites\/uzhispanistik\/wp-json\/wp\/v2\/pages\/760\/revisions"}],"predecessor-version":[{"id":1093,"href":"https:\/\/dlf.uzh.ch\/sites\/uzhispanistik\/wp-json\/wp\/v2\/pages\/760\/revisions\/1093"}],"wp:attachment":[{"href":"https:\/\/dlf.uzh.ch\/sites\/uzhispanistik\/wp-json\/wp\/v2\/media?parent=760"}],"curies":[{"name":"wp","href":"https:\/\/api.w.org\/{rel}","templated":true}]}}