{"id":751,"date":"2023-07-26T23:46:08","date_gmt":"2023-07-26T23:46:08","guid":{"rendered":"https:\/\/dlf.uzh.ch\/sites\/uzhispanistik\/?page_id=751"},"modified":"2025-03-07T14:21:40","modified_gmt":"2025-03-07T14:21:40","slug":"doutoramento","status":"publish","type":"page","link":"https:\/\/dlf.uzh.ch\/sites\/uzhispanistik\/pt\/doutoramento\/","title":{"rendered":"Doutoramento"},"content":{"rendered":"<div class=\"wpb-content-wrapper\"><p>[vc_row full_width=&#8221;stretch_row_content_no_spaces&#8221;][vc_column el_class=&#8221;position-relative&#8221; el_id=&#8221;head-home&#8221;][vc_single_image image=&#8221;644&#8243; img_size=&#8221;full&#8221; css=&#8221;.vc_custom_1689301897226{margin-bottom: 85px !important;}&#8221; el_class=&#8221;head-image bg-aqua&#8221;][vc_column_text el_class=&#8221;custom-border&#8221; el_id=&#8221;title-home&#8221;]<\/p>\n<h1>Doutoramento<\/h1>\n<p>[\/vc_column_text][\/vc_column][\/vc_row][vc_row el_id=&#8221;section-body-text&#8221; css=&#8221;.vc_custom_1682272565303{margin-top: 100px !important;margin-bottom: 100px !important;}&#8221;][vc_column width=&#8221;5\/6&#8243; offset=&#8221;vc_col-lg-7 vc_col-md-9 vc_col-xs-12&#8243;][vc_column_text css=&#8221;&#8221; el_class=&#8221;custom-text-background&#8221;]Oferecemos dois <a href=\"https:\/\/www.rose.uzh.ch\/de\/forschung\/doktorat-post.html\" target=\"_blank\" rel=\"noopener\">programas de doutoramento<\/a> diferentes, um especializado em literatura e outro em lingu\u00edstica. Para fazer um doutoramento connosco, a primeira coisa a fazer \u00e9 contactares um <a href=\"https:\/\/www.rose.uzh.ch\/de\/studium\/iberoromanistik\/teams-ibero.html\" target=\"_blank\" rel=\"noopener\">dos nossos professores<\/a>, de acordo com os teus interesses, para saber da possibilidade de fazeres a tua tese de doutoramento sob a sua orienta\u00e7\u00e3o.<\/p>\n<p>Outra quest\u00e3o fundamental \u00e9 geralmente o <a href=\"https:\/\/www.research.uzh.ch\/de\/funding\/phd.html\" target=\"_blank\" rel=\"noopener\">financiamento<\/a> e, neste caso, existem v\u00e1rias possibilidades: existe a possibilidade de te <a href=\"https:\/\/www.uzh.ch\/de\/explore\/work\/jobs.html\" target=\"_blank\" rel=\"noopener\">candidatar<\/a> a um cargo de assistente, a um posto num projeto de investiga\u00e7\u00e3o ou a uma bolsa de doutoramento.<\/p>\n<p>A Universidade de Zurique oferece excelentes oportunidades para a investiga\u00e7\u00e3o ao n\u00edvel do <a href=\"https:\/\/www.phil.uzh.ch\/de\/studium\/doktorat.html\" target=\"_blank\" rel=\"noopener\">doutoramento<\/a>: s\u00e3o organizados frequentemente col\u00f3quios para os quais s\u00e3o convidados muitos investigadores para darem confer\u00eancias sobre os temas que nos ocupam; est\u00e3o dispon\u00edveis financiamentos para a participa\u00e7\u00e3o em confer\u00eancias, escolas de ver\u00e3o e de inverno, etc.[\/vc_column_text][\/vc_column][\/vc_row][vc_row el_id=&#8221;letters-sidebar&#8221;][vc_column][vc_widget_sidebar sidebar_id=&#8221;footer-2&#8243;][\/vc_column][\/vc_row]<\/p>\n<\/div>","protected":false},"excerpt":{"rendered":"<p>[vc_row full_width=&#8221;stretch_row_content_no_spaces&#8221;][vc_column el_class=&#8221;position-relative&#8221; el_id=&#8221;head-home&#8221;][vc_single_image image=&#8221;644&#8243; img_size=&#8221;full&#8221; css=&#8221;.vc_custom_1689301897226{margin-bottom: 85px !important;}&#8221; el_class=&#8221;head-image bg-aqua&#8221;][vc_column_text el_class=&#8221;custom-border&#8221; el_id=&#8221;title-home&#8221;] Doutoramento [\/vc_column_text][\/vc_column][\/vc_row][vc_row el_id=&#8221;section-body-text&#8221; css=&#8221;.vc_custom_1682272565303{margin-top: 100px !important;margin-bottom: 100px !important;}&#8221;][vc_column width=&#8221;5\/6&#8243; offset=&#8221;vc_col-lg-7 vc_col-md-9 vc_col-xs-12&#8243;][vc_column_text&hellip;<\/p>\n","protected":false},"author":697,"featured_media":0,"parent":0,"menu_order":0,"comment_status":"closed","ping_status":"closed","template":"","meta":{"footnotes":""},"class_list":["post-751","page","type-page","status-publish","hentry"],"_links":{"self":[{"href":"https:\/\/dlf.uzh.ch\/sites\/uzhispanistik\/wp-json\/wp\/v2\/pages\/751","targetHints":{"allow":["GET"]}}],"collection":[{"href":"https:\/\/dlf.uzh.ch\/sites\/uzhispanistik\/wp-json\/wp\/v2\/pages"}],"about":[{"href":"https:\/\/dlf.uzh.ch\/sites\/uzhispanistik\/wp-json\/wp\/v2\/types\/page"}],"author":[{"embeddable":true,"href":"https:\/\/dlf.uzh.ch\/sites\/uzhispanistik\/wp-json\/wp\/v2\/users\/697"}],"replies":[{"embeddable":true,"href":"https:\/\/dlf.uzh.ch\/sites\/uzhispanistik\/wp-json\/wp\/v2\/comments?post=751"}],"version-history":[{"count":9,"href":"https:\/\/dlf.uzh.ch\/sites\/uzhispanistik\/wp-json\/wp\/v2\/pages\/751\/revisions"}],"predecessor-version":[{"id":1123,"href":"https:\/\/dlf.uzh.ch\/sites\/uzhispanistik\/wp-json\/wp\/v2\/pages\/751\/revisions\/1123"}],"wp:attachment":[{"href":"https:\/\/dlf.uzh.ch\/sites\/uzhispanistik\/wp-json\/wp\/v2\/media?parent=751"}],"curies":[{"name":"wp","href":"https:\/\/api.w.org\/{rel}","templated":true}]}}