{"id":662,"date":"2023-07-14T02:55:10","date_gmt":"2023-07-14T02:55:10","guid":{"rendered":"https:\/\/dlf.uzh.ch\/sites\/uzhispanistik\/?page_id=662"},"modified":"2025-03-07T14:03:45","modified_gmt":"2025-03-07T14:03:45","slug":"was","status":"publish","type":"page","link":"https:\/\/dlf.uzh.ch\/sites\/uzhispanistik\/de\/was\/","title":{"rendered":"Was?"},"content":{"rendered":"<div class=\"wpb-content-wrapper\"><p>[vc_row el_class=&#8221;head-image&#8221; css=&#8221;.vc_custom_1686585246754{margin-bottom: 30px !important;}&#8221;][vc_column width=&#8221;2\/6&#8243;][vc_single_image image=&#8221;50&#8243; img_size=&#8221;full&#8221;][\/vc_column][vc_column width=&#8221;4\/6&#8243;][vc_column_text el_class=&#8221;title-page&#8221;]<\/p>\n<h1>Was?<\/h1>\n<p>[\/vc_column_text][\/vc_column][\/vc_row][vc_row css=&#8221;.vc_custom_1680883133208{margin-bottom: 100px !important;}&#8221;][vc_column width=&#8221;5\/6&#8243; offset=&#8221;vc_col-lg-10 vc_col-sm-offset-1&#8243;][vc_row_inner][vc_column_inner css=&#8221;.vc_custom_1682273390048{padding-top: 40px !important;}&#8221;][vc_column_text el_class=&#8221;right-content&#8221;]<\/p>\n<h2>Was ist die Iberoromania?<\/h2>\n<p>Die <em><strong>Iberoromania<\/strong><\/em> ist der Sprachraum, in dem die romanischen Sprachen gesprochen werden, die, vom Latein abstammend, auf der Iberischen Halbinsel entstanden sind. Hierzu z\u00e4hlen Spanisch, Portugiesisch, Katalanisch, Galicisch, Navarro-Aragonesisch, Asturleonisch. So viele? Ja, so viele! Wie dir sicherlich bekannt ist, werden einige von ihnen heute weit \u00fcber die Grenzen der Iberischen Halbinsel hinaus gesprochen (in Amerika, Afrika, Asien). Bei uns hast du die M\u00f6glichkeit, sie viel besser kennen zu lernen: Neben Spanisch und Portugiesisch kannst du auch Katalanisch und sogar Galicisch lernen. Au\u00dferdem erf\u00e4hrst du etwas \u00fcber ihre Geschichte, ihre Struktur, ihre aktuelle Situation, du lernst ihre Literaturgeschichte besser kennen&#8230;[\/vc_column_text][vc_column_text el_class=&#8221;left-content&#8221;]<\/p>\n<h2>Was ist die Sprachwissenschaft?<\/h2>\n<p>Die Sprachwissenschaft (auch Linguistik genannt) ist die wissenschaftliche Untersuchung aller Aspekte, die Sprache im Allgemeinen und einzelne Sprachen im Besonderen betreffen. Warum verwenden die Argentinier vos statt t\u00fa? Warum hat das Spanische nur f\u00fcnf Vokale, w\u00e4hrend das Lateinische und andere romanische Sprachen mehr haben? Sind die Unterschiede zwischen dem Portugiesischen in Portugal und in Brasilien auf den Einfluss der afrikanischen Sprachen zur\u00fcckzuf\u00fchren, die von den Sklaven gesprochen wurden? In welchem Land wird nach Meinung der Sprecher die beste Variante des Spanischen gesprochen? Und die schlechteste? Dies sind einige der Fragen, mit denen wir uns auseinandersetzen.[\/vc_column_text][\/vc_column_inner][\/vc_row_inner][vc_column_text css=&#8221;&#8221; el_class=&#8221;right-content border-violet&#8221;]<\/p>\n<h2>Was ist die Literaturwissenschaft?<\/h2>\n<p>Die Literaturwissenschaft umfasst verschiedene interdisziplin\u00e4re Kriterien und Methoden f\u00fcr die wissenschaftliche Untersuchung literarischer Texte, seien sie nun geschrieben oder gesprochen. Nachgeforscht wird zu Fragen wie: Ist Don Quijote ein Barock- oder ein Renaissanceroman? Welche anderen Bedeutungen als die literarische hat Gabriel Garc\u00eda M\u00e1rquez&#8217; <em>Cien a\u00f1os de soledad<\/em>, und wie sind sie konstruiert? Welche Textmechanismen sind f\u00fcr die Emotionen verantwortlich, die dieses Gedicht von Federico Garc\u00eda Lorca in mir ausl\u00f6st? Welches sind die h\u00e4ufigsten Symbole in der Poesie der schweizerisch-argentinischen Schriftstellerin Alfonsina Storni? Geben B\u00fccher tats\u00e4chlich das vom Autor geschriebene Werk wieder? Warum gibt es in der Literaturgeschichte kaum Schriftstellerinnen? Welchen Beitrag leistet die Literatur zu aktuellen Debatten \u00fcber historisches Ged\u00e4chtnis, Machtstrukturen, Umwelt oder Gewalt? Wie wird die Eroberung Lateinamerikas in der hispanischen Literatur vom 15. Jahrhundert bis heute dargestellt? Wer spricht in der Autobiografie: der\/die Autor:in oder eine Figur?[\/vc_column_text][vc_column_text el_class=&#8221;left-content border-yellow&#8221;]<\/p>\n<h2>Was ist die Kulturwissenschaft?<\/h2>\n<p><span style=\"font-weight: 400\">Die Kulturwissenschaften sind ein relativ neues Studienfeld (seit den 1950er Jahren), das sich darauf spezialisiert, Konzepte, Methoden und Interpretationsans\u00e4tze rund um Kultur(en) zu systematisieren. Im Zusammenhang mit dem klassischen Literaturstudium untersuchen die Kulturwissenschaften literarische Texte in ihrem historischen, sozialen und kulturellen Kontext. Ebenso erforschen sie das Zusammenspiel zwischen Literatur und zentralen Aspekten der Kultur, wie z.B. Politik, Machtverh\u00e4ltnisse, Rasse, Geschlecht, Religion oder soziale Klassen. Typische Fragen sind dabei: Wie werden der feministische Kampf und die Gewalt an Frauen in Texten des Barocks dargestellt? Wie in der heutigen Literatur? Was bedeutet Postkolonialit\u00e4t oder Dekolonialisierung f\u00fcr die Literatur? Wie war die Eroberung Amerikas und wie wurde sie von Eroberern und Eroberten dargestellt? Wie stellt die Literatur das Thema Klimawandel dar? Stimmt es, dass Literatur (auch) eine soziale Funktion hat (oder hatte)? K\u00f6nnen wir anhand von Science Fiction die Gegenwart und ihre Probleme verstehen?<\/span>[\/vc_column_text][\/vc_column][\/vc_row][vc_row el_id=&#8221;letters-sidebar&#8221;][vc_column][vc_widget_sidebar sidebar_id=&#8221;footer-2&#8243;][\/vc_column][\/vc_row]<\/p>\n<\/div>","protected":false},"excerpt":{"rendered":"<p>[vc_row el_class=&#8221;head-image&#8221; css=&#8221;.vc_custom_1686585246754{margin-bottom: 30px !important;}&#8221;][vc_column width=&#8221;2\/6&#8243;][vc_single_image image=&#8221;50&#8243; img_size=&#8221;full&#8221;][\/vc_column][vc_column width=&#8221;4\/6&#8243;][vc_column_text el_class=&#8221;title-page&#8221;] Was? [\/vc_column_text][\/vc_column][\/vc_row][vc_row css=&#8221;.vc_custom_1680883133208{margin-bottom: 100px !important;}&#8221;][vc_column width=&#8221;5\/6&#8243; offset=&#8221;vc_col-lg-10 vc_col-sm-offset-1&#8243;][vc_row_inner][vc_column_inner css=&#8221;.vc_custom_1682273390048{padding-top: 40px !important;}&#8221;][vc_column_text el_class=&#8221;right-content&#8221;] Was ist die&hellip;<\/p>\n","protected":false},"author":697,"featured_media":0,"parent":0,"menu_order":0,"comment_status":"closed","ping_status":"closed","template":"","meta":{"footnotes":""},"class_list":["post-662","page","type-page","status-publish","hentry"],"_links":{"self":[{"href":"https:\/\/dlf.uzh.ch\/sites\/uzhispanistik\/wp-json\/wp\/v2\/pages\/662","targetHints":{"allow":["GET"]}}],"collection":[{"href":"https:\/\/dlf.uzh.ch\/sites\/uzhispanistik\/wp-json\/wp\/v2\/pages"}],"about":[{"href":"https:\/\/dlf.uzh.ch\/sites\/uzhispanistik\/wp-json\/wp\/v2\/types\/page"}],"author":[{"embeddable":true,"href":"https:\/\/dlf.uzh.ch\/sites\/uzhispanistik\/wp-json\/wp\/v2\/users\/697"}],"replies":[{"embeddable":true,"href":"https:\/\/dlf.uzh.ch\/sites\/uzhispanistik\/wp-json\/wp\/v2\/comments?post=662"}],"version-history":[{"count":5,"href":"https:\/\/dlf.uzh.ch\/sites\/uzhispanistik\/wp-json\/wp\/v2\/pages\/662\/revisions"}],"predecessor-version":[{"id":1118,"href":"https:\/\/dlf.uzh.ch\/sites\/uzhispanistik\/wp-json\/wp\/v2\/pages\/662\/revisions\/1118"}],"wp:attachment":[{"href":"https:\/\/dlf.uzh.ch\/sites\/uzhispanistik\/wp-json\/wp\/v2\/media?parent=662"}],"curies":[{"name":"wp","href":"https:\/\/api.w.org\/{rel}","templated":true}]}}