{"id":612,"date":"2023-06-20T03:11:02","date_gmt":"2023-06-20T03:11:02","guid":{"rendered":"https:\/\/dlf.uzh.ch\/sites\/uzhispanistik\/?page_id=612"},"modified":"2024-06-10T13:15:23","modified_gmt":"2024-06-10T13:15:23","slug":"bachelor-2","status":"publish","type":"page","link":"https:\/\/dlf.uzh.ch\/sites\/uzhispanistik\/de\/bachelor-2\/","title":{"rendered":"Bachelor"},"content":{"rendered":"<div class=\"wpb-content-wrapper\"><p>[vc_row full_width=&#8221;stretch_row_content_no_spaces&#8221;][vc_column el_class=&#8221;position-relative&#8221; el_id=&#8221;head-home&#8221;][vc_single_image image=&#8221;430&#8243; img_size=&#8221;full&#8221; el_class=&#8221;head-image bg-aqua&#8221; css=&#8221;.vc_custom_1685300936922{margin-bottom: 85px !important;}&#8221;][vc_column_text el_class=&#8221;custom-border&#8221; el_id=&#8221;title-home&#8221;]<\/p>\n<h1><strong>Bachelor<\/strong><\/h1>\n<p>[\/vc_column_text][\/vc_column][\/vc_row][vc_row el_id=&#8221;section-body-text&#8221; css=&#8221;.vc_custom_1682271872518{margin-top: 100px !important;margin-bottom: 100px !important;}&#8221;][vc_column width=&#8221;5\/6&#8243; offset=&#8221;vc_col-lg-7 vc_col-md-9 vc_col-xs-12&#8243;][vc_column_text el_class=&#8221;custom-text-background&#8221;]Der Bachelor (oder auch grado, wie man auf Spanisch sagt), ist der erste Hochschulabschluss, den man erwerben kann. An der Universit\u00e4t Z\u00fcrich kannst du den Bachelor in Iberoromanistik machen: Wie du wahrscheinlich schon weisst, sind Spanisch und Portugiesisch zwei der meistgesprochenen Sprachen der Welt und zusammen sind sie auf allen Kontinenten vertreten. Zudem sind diese beiden Sprachen einander sehr \u00e4hnlich, was die gegenseitige Verst\u00e4ndigung stark vereinfacht. Das heisst, wenn man eine der beiden Sprachen kennt, ist es nicht so schwierig, auch die andere zu verstehen.<\/p>\n<p>Unser Bachelor-Studiengang macht sich diese Tatsache zunutze und obwohl in den meisten Kursen das Spanische im Mittelpunkt steht, wird auch die portugiesische Perspektive oft miteinbezogen. Falls zudem deine Portugiesischkenntnisse besser sind als deine Spanischkenntnisse, kannst du die meisten schriftlichen Arbeiten und Pr\u00fcfungen auch auf Portugiesisch ablegen. Zus\u00e4tzlich bieten wir Kurse an, in denen du Portugiesisch und Katalanisch (und sporadischer auch Galicisch und Baskisch) von Grund auf lernen kannst (die Spanischkurse beginnen auf der Stufe B2).<\/p>\n<p>In diesem Bachelor-Studiengang wirst du nicht nur deine Sprachkenntnisse verbessern k\u00f6nnen, sondern auch in die Literatur und Kultur spanisch- und portugiesischsprachiger L\u00e4nder eintauchen und lernen, diese kritisch zu analysieren. Du wirst diese beiden Sprachen aus einer wissenschaftlichen Perspektive kennen lernen und mehr \u00fcber ihre Struktur, ihre Geschichte sowie ihre geografische und soziale Variation erfahren.<\/p>\n<p>Im Studium wirst du zwischen verschiedenen Arten von Kursen w\u00e4hlen k\u00f6nnen: Seminare und \u00dcbungen (beide mit einem interaktiven, praktischen Format) und klassische Vorlesungen, in denen haupts\u00e4chlich der\/die Dozent*in selbst ein Thema pr\u00e4sentiert. Es gibt einige Einf\u00fchrungskurse (sowohl in Sprach- als auch in Literaturwissenschaft) sowie Sprachkurse zur Verbesserung der Spanischkenntnisse, die obligatorisch sind. Es wird empfohlen diese Kurse zu Beginn des Studiums zu belegen. Ansonsten hast du jedoch grosse Freiheit bei der Wahl von vertiefenden Kursen zu einer Vielzahl von Themen und kannst deinen Studienplan weitgehend deinen Interessen anpassen (bitte beachte, dass diese Freiheit eingeschr\u00e4nkter ist, wenn du Iberoromanistik als Nebenfach studieren m\u00f6chtest). Am Ende des Bachelor-Studiums musst du dann eine Abschlussarbeit schreiben, die von einer der Professorinnen oder einem der Professoren betreut wird: W\u00e4hle ein Thema, dass dich begeistert und geniesse deine erste Forschungserfahrung!<\/p>\n<p>Nun musst du dich nur noch entscheiden, ob du Iberoromanistik als Hauptfach\/<em>Major<\/em> (120 ECTS) oder als Nebenfach\/<em>Minor<\/em> (60 ECTS) studieren m\u00f6chtest. Weitere Informationen \u00fcber diese beiden M\u00f6glichkeiten <a href=\"https:\/\/www.rose.uzh.ch\/de\/studium\/iberoromanistik\/bachelor-ibero.html\" target=\"_blank\" rel=\"noopener\">findest du hier<\/a>. Da man sowohl ein Haupt-, als auch ein Nebenfach braucht, musst du dir auch noch \u00fcberlegen, womit du <a href=\"https:\/\/dlf.uzh.ch\/sites\/uzhispanistik\/por-que-y-para-que-estudiarla\/\">Iberoromanistik kombinieren m\u00f6chtest.<\/a>[\/vc_column_text][\/vc_column][\/vc_row][vc_row el_id=&#8221;letters-sidebar&#8221;][vc_column][vc_widget_sidebar sidebar_id=&#8221;footer-2&#8243;][\/vc_column][\/vc_row]<\/p>\n<\/div>","protected":false},"excerpt":{"rendered":"<p>[vc_row full_width=&#8221;stretch_row_content_no_spaces&#8221;][vc_column el_class=&#8221;position-relative&#8221; el_id=&#8221;head-home&#8221;][vc_single_image image=&#8221;430&#8243; img_size=&#8221;full&#8221; el_class=&#8221;head-image bg-aqua&#8221; css=&#8221;.vc_custom_1685300936922{margin-bottom: 85px !important;}&#8221;][vc_column_text el_class=&#8221;custom-border&#8221; el_id=&#8221;title-home&#8221;] Bachelor [\/vc_column_text][\/vc_column][\/vc_row][vc_row el_id=&#8221;section-body-text&#8221; css=&#8221;.vc_custom_1682271872518{margin-top: 100px !important;margin-bottom: 100px !important;}&#8221;][vc_column width=&#8221;5\/6&#8243; offset=&#8221;vc_col-lg-7 vc_col-md-9 vc_col-xs-12&#8243;][vc_column_text&hellip;<\/p>\n","protected":false},"author":697,"featured_media":0,"parent":0,"menu_order":0,"comment_status":"closed","ping_status":"closed","template":"","meta":{"footnotes":""},"class_list":["post-612","page","type-page","status-publish","hentry"],"_links":{"self":[{"href":"https:\/\/dlf.uzh.ch\/sites\/uzhispanistik\/wp-json\/wp\/v2\/pages\/612","targetHints":{"allow":["GET"]}}],"collection":[{"href":"https:\/\/dlf.uzh.ch\/sites\/uzhispanistik\/wp-json\/wp\/v2\/pages"}],"about":[{"href":"https:\/\/dlf.uzh.ch\/sites\/uzhispanistik\/wp-json\/wp\/v2\/types\/page"}],"author":[{"embeddable":true,"href":"https:\/\/dlf.uzh.ch\/sites\/uzhispanistik\/wp-json\/wp\/v2\/users\/697"}],"replies":[{"embeddable":true,"href":"https:\/\/dlf.uzh.ch\/sites\/uzhispanistik\/wp-json\/wp\/v2\/comments?post=612"}],"version-history":[{"count":8,"href":"https:\/\/dlf.uzh.ch\/sites\/uzhispanistik\/wp-json\/wp\/v2\/pages\/612\/revisions"}],"predecessor-version":[{"id":972,"href":"https:\/\/dlf.uzh.ch\/sites\/uzhispanistik\/wp-json\/wp\/v2\/pages\/612\/revisions\/972"}],"wp:attachment":[{"href":"https:\/\/dlf.uzh.ch\/sites\/uzhispanistik\/wp-json\/wp\/v2\/media?parent=612"}],"curies":[{"name":"wp","href":"https:\/\/api.w.org\/{rel}","templated":true}]}}