{"id":204,"date":"2023-04-07T20:39:22","date_gmt":"2023-04-07T20:39:22","guid":{"rendered":"https:\/\/dlf.uzh.ch\/sites\/iberorromanistica\/?page_id=204"},"modified":"2025-03-26T13:31:14","modified_gmt":"2025-03-26T13:31:14","slug":"por-que-y-para-que-estudiarla","status":"publish","type":"page","link":"https:\/\/dlf.uzh.ch\/sites\/uzhispanistik\/por-que-y-para-que-estudiarla\/","title":{"rendered":"\u00bfPor qu\u00e9 y para qu\u00e9 estudiarla?"},"content":{"rendered":"<div class=\"wpb-content-wrapper\"><p>[vc_row full_width=&#8221;stretch_row_content&#8221; el_class=&#8221;head-image&#8221; css=&#8221;.vc_custom_1686597298680{margin-bottom: 30px !important;}&#8221;][vc_column width=&#8221;2\/6&#8243;][vc_single_image image=&#8221;51&#8243; img_size=&#8221;full&#8221; alignment=&#8221;right&#8221;][\/vc_column][vc_column width=&#8221;4\/6&#8243;][vc_column_text el_class=&#8221;title-page&#8221;]<\/p>\n<h1>\u00bfPor qu\u00e9 y para qu\u00e9 estudiarla?<\/h1>\n<p>[\/vc_column_text][\/vc_column][\/vc_row][vc_row el_id=&#8221;content-por-que&#8221;][vc_column width=&#8221;5\/6&#8243; offset=&#8221;vc_col-md-12 vc_col-sm-offset-0&#8243;][vc_tta_pageable no_fill_content_area=&#8221;true&#8221; autoplay=&#8221;10&#8243; active_section=&#8221;1&#8243; pagination_color=&#8221;turquoise&#8221; tab_position=&#8221;top&#8221;][vc_tta_section title=&#8221;Video Student 1&#8243; tab_id=&#8221;1684033134455-7010496e-d918&#8243;][vc_row_inner][vc_column_inner][vc_column_text el_class=&#8221;custom-video left-content border-yellow&#8221;]<div style=\"width: 843px;\" class=\"wp-video\"><!--[if lt IE 9]><script>document.createElement('video');<\/script><![endif]-->\n<video class=\"wp-video-shortcode\" id=\"video-204-1\" width=\"843\" height=\"474\" poster=\"https:\/\/dlf.uzh.ch\/sites\/uzhispanistik\/files\/2023\/04\/screen-testimonio-iberorromanistica.png\" preload=\"metadata\" controls=\"controls\"><source type=\"video\/mp4\" src=\"https:\/\/dlf.uzh.ch\/sites\/uzhispanistik\/files\/2023\/04\/Testimonio_iberorromanistica_medium.mp4?_=1\" \/><a href=\"https:\/\/dlf.uzh.ch\/sites\/uzhispanistik\/files\/2023\/04\/Testimonio_iberorromanistica_medium.mp4\">https:\/\/dlf.uzh.ch\/sites\/uzhispanistik\/files\/2023\/04\/Testimonio_iberorromanistica_medium.mp4<\/a><\/video><\/div>[\/vc_column_text][vc_column_text el_class=&#8221;caption-video&#8221;]<strong>Arianna Scuncio<\/strong><br \/>\nAsistente en la Embajada y Consulado General de Costa Rica[\/vc_column_text][\/vc_column_inner][\/vc_row_inner][\/vc_tta_section][vc_tta_section title=&#8221;Video Student 1&#8243; tab_id=&#8221;1686612558305-c03ea6c3-0c79&#8243;][vc_row_inner][vc_column_inner][vc_column_text el_class=&#8221;custom-video left-content border-yellow&#8221;]<div style=\"width: 843px;\" class=\"wp-video\"><video class=\"wp-video-shortcode\" id=\"video-204-2\" width=\"843\" height=\"474\" poster=\"https:\/\/dlf.uzh.ch\/sites\/uzhispanistik\/files\/2023\/07\/testimonio-maxine-poster.png\" preload=\"metadata\" controls=\"controls\"><source type=\"video\/mp4\" src=\"https:\/\/dlf.uzh.ch\/sites\/uzhispanistik\/files\/2023\/07\/testimonio-Maxine-Hofstetter.mp4?_=2\" \/><a href=\"https:\/\/dlf.uzh.ch\/sites\/uzhispanistik\/files\/2023\/07\/testimonio-Maxine-Hofstetter.mp4\">https:\/\/dlf.uzh.ch\/sites\/uzhispanistik\/files\/2023\/07\/testimonio-Maxine-Hofstetter.mp4<\/a><\/video><\/div>[\/vc_column_text][vc_column_text css=&#8221;&#8221; el_class=&#8221;caption-video&#8221;]<strong>Maxine Hofstetter<\/strong><\/p>\n<p>Cient\u00edfica de datos[\/vc_column_text][\/vc_column_inner][\/vc_row_inner][\/vc_tta_section][vc_tta_section title=&#8221;Video Student 1&#8243; tab_id=&#8221;1686611006606-63ae18a9-6d8d&#8221;][vc_row_inner][vc_column_inner el_class=&#8221;student-card&#8221;][vc_single_image image=&#8221;632&#8243; img_size=&#8221;medium&#8221; el_class=&#8221;image-card&#8221;][vc_column_text el_class=&#8221;content-card&#8221;]<\/p>\n<h2>Dominik Mart\u00ednez<\/h2>\n<p>Estudiante de m\u00e1ster<\/p>\n<p>&nbsp;<\/p>\n<p>Estudiando espa\u00f1ol y roman\u00edstica, complemento mis estudios de ling\u00fc\u00edstica computacional con m\u00e1s saber ling\u00fc\u00edstico, puedo satisfacer mi af\u00e1n de saber sobre el lenguaje, y, de paso, profundizo mis conocimientos del espa\u00f1ol y de otras lenguas.[\/vc_column_text][\/vc_column_inner][\/vc_row_inner][\/vc_tta_section][vc_tta_section title=&#8221;Student 2&#8243; tab_id=&#8221;1684033178190-e76bfd59-dda8&#8243;][vc_row_inner][vc_column_inner el_class=&#8221;student-card&#8221;][vc_single_image image=&#8221;633&#8243; img_size=&#8221;medium&#8221; el_class=&#8221;image-card&#8221;][vc_column_text el_class=&#8221;content-card&#8221;]<\/p>\n<h2>Larissa Klose<\/h2>\n<p>Estudiante de m\u00e1ster<\/p>\n<p>&nbsp;<\/p>\n<p>Estudiar Iberorroman\u00edstica me brind\u00f3 las herramientas para acceder a las diversas culturas del mundo hispanohablante del cual aprend\u00ed mucho para mi propia vida.[\/vc_column_text][\/vc_column_inner][\/vc_row_inner][\/vc_tta_section][vc_tta_section title=&#8221;Student 3&#8243; tab_id=&#8221;1684033578748-37c46f3f-fdde&#8221;][vc_row_inner][vc_column_inner el_class=&#8221;student-card&#8221;][vc_single_image image=&#8221;635&#8243; img_size=&#8221;medium&#8221; el_class=&#8221;image-card&#8221;][vc_column_text el_class=&#8221;content-card&#8221;]<\/p>\n<h2>Patrick Santos Rebelo<\/h2>\n<p>Estudiante de m\u00e1ster<\/p>\n<p>&nbsp;<\/p>\n<p>Este mestrado possibilitou especializarme nas duas l\u00ednguas rom\u00e2nicas com as quais mais me identifico. N\u00e3o s\u00f3 pude aperfei\u00e7oar os meus conhecimentos lingu\u00edsticos e liter\u00e1rios, como tamb\u00e9m pude crescer a n\u00edvel pessoal ao viver durante meio ano em Madrid e visitar pa\u00edses como Cuba, Col\u00f4mbia e Peru.[\/vc_column_text][\/vc_column_inner][\/vc_row_inner][\/vc_tta_section][vc_tta_section title=&#8221;Student 4&#8243; tab_id=&#8221;1684033989099-5f5bb802-7910&#8243;][vc_row_inner][vc_column_inner el_class=&#8221;student-card&#8221;][vc_single_image image=&#8221;634&#8243; img_size=&#8221;medium&#8221; el_class=&#8221;image-card&#8221;][vc_column_text el_class=&#8221;content-card&#8221;]<\/p>\n<h2>Andersen-Jinxuan Wu<\/h2>\n<p>Estudiante de m\u00e1ster<\/p>\n<p>&nbsp;<\/p>\n<p><span data-preserver-spaces=\"true\">Gracias a mis estudios en Iberorroman\u00edstica he adquirido varias competencias comunicativas, sociales y organizativas que en la actualidad son consideradas\u00a0<\/span><em><span data-preserver-spaces=\"true\">soft skills<\/span><\/em><span data-preserver-spaces=\"true\">, las cuales son muy apreciadas en el mercado laboral, as\u00ed como en las instituciones educativas.\u00a0\u00a0<\/span>[\/vc_column_text][\/vc_column_inner][\/vc_row_inner][\/vc_tta_section][\/vc_tta_pageable][\/vc_column][\/vc_row][vc_row el_id=&#8221;letters-sidebar&#8221;][vc_column][vc_widget_sidebar sidebar_id=&#8221;footer-2&#8243;][\/vc_column][\/vc_row]<\/p>\n<\/div>","protected":false},"excerpt":{"rendered":"<p>[vc_row full_width=&#8221;stretch_row_content&#8221; el_class=&#8221;head-image&#8221; css=&#8221;.vc_custom_1686597298680{margin-bottom: 30px !important;}&#8221;][vc_column width=&#8221;2\/6&#8243;][vc_single_image image=&#8221;51&#8243; img_size=&#8221;full&#8221; alignment=&#8221;right&#8221;][\/vc_column][vc_column width=&#8221;4\/6&#8243;][vc_column_text el_class=&#8221;title-page&#8221;] \u00bfPor qu\u00e9 y para qu\u00e9 estudiarla? [\/vc_column_text][\/vc_column][\/vc_row][vc_row el_id=&#8221;content-por-que&#8221;][vc_column width=&#8221;5\/6&#8243; offset=&#8221;vc_col-md-12 vc_col-sm-offset-0&#8243;][vc_tta_pageable no_fill_content_area=&#8221;true&#8221; autoplay=&#8221;10&#8243;&hellip;<\/p>\n","protected":false},"author":697,"featured_media":0,"parent":0,"menu_order":0,"comment_status":"closed","ping_status":"closed","template":"","meta":{"footnotes":""},"class_list":["post-204","page","type-page","status-publish","hentry"],"_links":{"self":[{"href":"https:\/\/dlf.uzh.ch\/sites\/uzhispanistik\/wp-json\/wp\/v2\/pages\/204","targetHints":{"allow":["GET"]}}],"collection":[{"href":"https:\/\/dlf.uzh.ch\/sites\/uzhispanistik\/wp-json\/wp\/v2\/pages"}],"about":[{"href":"https:\/\/dlf.uzh.ch\/sites\/uzhispanistik\/wp-json\/wp\/v2\/types\/page"}],"author":[{"embeddable":true,"href":"https:\/\/dlf.uzh.ch\/sites\/uzhispanistik\/wp-json\/wp\/v2\/users\/697"}],"replies":[{"embeddable":true,"href":"https:\/\/dlf.uzh.ch\/sites\/uzhispanistik\/wp-json\/wp\/v2\/comments?post=204"}],"version-history":[{"count":10,"href":"https:\/\/dlf.uzh.ch\/sites\/uzhispanistik\/wp-json\/wp\/v2\/pages\/204\/revisions"}],"predecessor-version":[{"id":1161,"href":"https:\/\/dlf.uzh.ch\/sites\/uzhispanistik\/wp-json\/wp\/v2\/pages\/204\/revisions\/1161"}],"wp:attachment":[{"href":"https:\/\/dlf.uzh.ch\/sites\/uzhispanistik\/wp-json\/wp\/v2\/media?parent=204"}],"curies":[{"name":"wp","href":"https:\/\/api.w.org\/{rel}","templated":true}]}}