{"id":2,"date":"2018-02-22T10:29:00","date_gmt":"2018-02-22T09:29:00","guid":{"rendered":"http:\/\/www.phil.uzh.ch\/elearning\/blog\/urbanekunst\/?page_id=2"},"modified":"2018-08-12T20:32:28","modified_gmt":"2018-08-12T18:32:28","slug":"beispiele","status":"publish","type":"page","link":"https:\/\/dlf.uzh.ch\/sites\/urbanekunst\/beispiele\/","title":{"rendered":"Quellen \/ Resources"},"content":{"rendered":"<div class=\"wpb-content-wrapper\"><p>[vc_row][vc_column][vc_column_text]Billing, Johanna\/Lind, Maria\/Nilsson, Lars: Taking The Matter Into Common Hands: On Contemporary Art and Collaborative Practices, London 2007.<\/p>\n<p>Bishop, Claire: Artificial hells: participatory art and the politics of spectatorship, London (u.a.) 2012.<\/p>\n<p><a href=\"http:\/\/eipcp.net\/transversal\/0102\/buchholzwuggenig\/en\">Buchholz, Larissa\/Wuggenig, Ulf: Constructing audiences, defining art. Public Art and social research, in: eipcp, 1\/2002.<br \/>\nURL: http:\/\/eipcp.net\/transversal\/0102\/buchholzwuggenig\/en<\/a><\/p>\n<p>De Certeau 1988: Michel de Certeau, Kunst des Handelns. Berlin 1988.<\/p>\n<p><a href=\"https:\/\/www.humanities.uci.edu\/critical\/pdf\/deutsche_agoraphobia.pdf\">Deutsche, Rosalyn: Evictions: art and spatial politics, Cambridge, Mass. 1996.<br \/>\nURL:\u00a0https:\/\/www.humanities.uci.edu\/critical\/pdf\/deutsche_agoraphobia.pdf<\/a><\/p>\n<p>Eckhardt, Frank (Hg.): Handbuch Stadtsoziologie, Wiesbaden 2012. G\u00fcnzel, Stephan: Raumwissenschaften, Frankfurt a.M. 2012.<\/p>\n<p>Ford, Simon:\u00a0Die Situationistische Internationale. Eine Gebrauchsanleitung,\u00a0Hamburg 2007.<\/p>\n<p>Friedrich, Sabine\/ Muri, Gabriela: Stadt(t)r\u00e4ume \u2013 Alltagsr\u00e4ume? Jugendkulturen zwischen geplanter und gelebter Urbanit\u00e4t,\u00a0Wiesbaden 2009.<\/p>\n<p>Ha, Noa K.: Zur Kolonialit\u00e4t des St\u00e4dtischen, in: Zwischenraum Kollektiv (Hg.): Decolonize the City!, M\u00fcnster 2017.<\/p>\n<p>Harvey, David: Rebellische St\u00e4dte. Berlin 2013.<\/p>\n<p>Hildebrandt, Paula: Urbane Kunst, in: Frank Eckardt: Handbuch Stadtsoziologie, Wiesbaden 2012, S. 721-744.<\/p>\n<p>Holm, Andrej: Das Recht auf Stadt, in: Bl\u00e4tter f\u00fcr deutsche und internationale Politik, 8\/2011, S. 89-97.<\/p>\n<p>Huffschmid, Anne: Recht auf Urbanit\u00e4t, in: Peripherie, Nr. 141, 36. Jg., April 2016, Leverkusen, S. 118-122.<\/p>\n<p>Jain, Rohit: Die Schweiz, ein_e Bastard_in. Reflexion zu einer postkolonialen Praxis im Kontext von Urban Citizenship in Z\u00fcrich, in: Krenn, Martin \/ Morawek, Katharina (Hg.): Urban Citizenship.\u00a0Democratising Democracy, Wien 2017, S. 379-419.<\/p>\n<p><a href=\"http:\/\/eipcp.net\/transversal\/0102\/kwon\/de\">Kwon, Miwon: Public Art und st\u00e4dtische Identit\u00e4ten, in: eipcp, 8\/2002,<br \/>\nURL:\u00a0http:\/\/eipcp.net\/transversal\/0102\/kwon\/de<\/a><\/p>\n<p>Kwon, Miwon: One place after another: site-specific art and locational identity, Cambridge, Mass. (u.a.) 2002.<\/p>\n<p>Lefebvre, Henri: Die Revolution der St\u00e4dte. Bodenheim: Syndikat 1972.<\/p>\n<p>Lefebvre, Henri: Das Recht auf Stadt, 3. Aufl., Paris 2009, dt. Hamburg 2016.<\/p>\n<p><a href=\"http:\/\/www.sozialraum.de\/space-oddity-raumtheorie-nach-dem-spatial-turn.php\">L\u00f6w, Martina: Space Oddity. Raumtheorie nach dem Spatial Turn, in: sozialraum.de (7), 1\/2015.<br \/>\nURL: http:\/\/www.sozialraum.de\/space-oddity-raumtheorie-nach-dem-spatial-turn.php <\/a><\/p>\n<p>L\u00f6w, Martina: Soziologie der St\u00e4dte, Frankfurt a.M., 1976, Ed.2, 2012.<\/p>\n<p>L\u00f6w, Martina: Raumsoziologie, Frankfurt am Main 2001.<\/p>\n<p>Orlich, Max Jakob:\u00a0Situationistische Internationale. Eintritt, Austritt, Ausschluss. Zur Dialektik interpersoneller Beziehungen und Theorieproduktion einer \u00e4sthetisch-politischen Avantgarde (1957-1972). Bielefeld 2011.<\/p>\n<p>Rosler, Martha: Culture Class: Art, Creativity, Urbanism, <a href=\"https:\/\/www.e-flux.com\/journal\/21\/67676\/culture-class-art-creativity-urbanism-part-i\/\">Part I, e-flux Journal, No. 21, 12\/2010<\/a>, <a href=\"https:\/\/www.e-flux.com\/journal\/23\/67813\/culture-class-art-creativity-urbanism-part-ii\/\">Part II: e-fl ux Journal, No. 23, 3\/2011<\/a>, <a href=\"https:\/\/www.e-flux.com\/journal\/25\/67898\/culture-class-art-creativity-urbanism-part-iii\/\">Part III: e-fl ux Journal, No. 25, 5\/2011<\/a>.<\/p>\n<p>&nbsp;<\/p>\n<p>&nbsp;<\/p>\n<p><a href=\"https:\/\/www.artfilm.ch\/zueri-braennt\">Der Film &#8222;Z\u00fcrich br\u00e4nnt&#8220;<\/a><\/p>\n<p><a href=\"https:\/\/rebelvideo.ch\/ueber\/\">Rebel Video &#8211; Portal mit Interviews von Akteur_innen der Videoszene Z\u00fcrich, die in den 1970er und 1980er Jahren aktiv waren und Infos zur\u00a0Ausstellung \u00abRebel Video\u00bb im Z\u00fcrcher Landesmuseum<\/a><\/p>\n<p><a href=\"https:\/\/ate-ta.tumblr.com\/dokumentation\">Vortrag von Christian Schmid (Soziologe, ETH Z\u00fcrich) im Rahmen von AlltageinTagaus \u2013 Ein Lefebvre Symposium \u00fcber das Recht auf Stadt, Kunsthochschule Wei\u00dfensee, Raumstrategien: https:\/\/doku-ateta.tumblr.com\/post\/161541096262\/vortrag-vonchristian-schmid-zentralit\u00e4t<\/a> (Audio)<\/p>\n<p><a href=\"https:\/\/stadtkuratorinhamburg.de\/documentation\/boaventura-desousa-santos\/\">Vortrag von Boaventura de Sousa Santos (Soziologe, Universit\u00e4t Coimbra), Epistemologies of the south: building public spaces upon absences and emergences, im Rahmen des Projekts \u201eStadtkuratorin Hamburg\u201c: https:\/\/stadtkuratorinhamburg.de\/documentation\/boaventura-desousa- santos\/<\/a> (Video)[\/vc_column_text][vc_separator color=&#8220;orange&#8220;][vc_column_text]Weitere Blogs aus der Digitalen Lehre &amp; Forschung (DLF) am Kunsthistorischen Institut &amp; an der Universit\u00e4t Z\u00fcrich:<\/p>\n<ul>\n<li><a href=\"http:\/\/www.phil.uzh.ch\/elearning\/blog\/exhibitions\/\">Thinking About Exhibitions<\/a><\/li>\n<li><a href=\"http:\/\/www.phil.uzh.ch\/elearning\/blog\/tourdesuisse\/\">Tour de Suisse<\/a><\/li>\n<li><a href=\"http:\/\/www.phil.uzh.ch\/elearning\/blog\/despues-de-trujillo\/\">Despues de Trujillo<\/a><\/li>\n<li><a href=\"\/www.phil.uzh.ch\/elearning\/blog\/slavicumpress\">Slavicum Press<\/a><\/li>\n<\/ul>\n<p>[\/vc_column_text][\/vc_column][\/vc_row]<\/p>\n<\/div>","protected":false},"excerpt":{"rendered":"<p>[vc_row][vc_column][vc_column_text]Billing, Johanna\/Lind, Maria\/Nilsson, Lars: Taking The Matter Into Common Hands: On Contemporary Art and Collaborative Practices, London 2007. Bishop, Claire: Artificial hells: participatory art and the politics of spectatorship, London (u.a.) 2012. Buchholz, Larissa\/Wuggenig, Ulf: Constructing audiences, defining art. Public Art and social research, in: eipcp, 1\/2002. URL: http:\/\/eipcp.net\/transversal\/0102\/buchholzwuggenig\/en De Certeau 1988: Michel de Certeau,&#8230;<\/p>\n","protected":false},"author":347,"featured_media":0,"parent":0,"menu_order":1,"comment_status":"closed","ping_status":"closed","template":"","meta":{"footnotes":""},"class_list":["post-2","page","type-page","status-publish","hentry"],"_links":{"self":[{"href":"https:\/\/dlf.uzh.ch\/sites\/urbanekunst\/wp-json\/wp\/v2\/pages\/2","targetHints":{"allow":["GET"]}}],"collection":[{"href":"https:\/\/dlf.uzh.ch\/sites\/urbanekunst\/wp-json\/wp\/v2\/pages"}],"about":[{"href":"https:\/\/dlf.uzh.ch\/sites\/urbanekunst\/wp-json\/wp\/v2\/types\/page"}],"author":[{"embeddable":true,"href":"https:\/\/dlf.uzh.ch\/sites\/urbanekunst\/wp-json\/wp\/v2\/users\/347"}],"replies":[{"embeddable":true,"href":"https:\/\/dlf.uzh.ch\/sites\/urbanekunst\/wp-json\/wp\/v2\/comments?post=2"}],"version-history":[{"count":27,"href":"https:\/\/dlf.uzh.ch\/sites\/urbanekunst\/wp-json\/wp\/v2\/pages\/2\/revisions"}],"predecessor-version":[{"id":564,"href":"https:\/\/dlf.uzh.ch\/sites\/urbanekunst\/wp-json\/wp\/v2\/pages\/2\/revisions\/564"}],"wp:attachment":[{"href":"https:\/\/dlf.uzh.ch\/sites\/urbanekunst\/wp-json\/wp\/v2\/media?parent=2"}],"curies":[{"name":"wp","href":"https:\/\/api.w.org\/{rel}","templated":true}]}}