{"id":2,"date":"2016-01-13T16:17:14","date_gmt":"2016-01-13T16:17:14","guid":{"rendered":"http:\/\/www.phil.uzh.ch\/elearning\/blog\/tourdesuisse\/?page_id=2"},"modified":"2018-03-03T11:07:42","modified_gmt":"2018-03-03T11:07:42","slug":"beispiel-seite","status":"publish","type":"page","link":"https:\/\/dlf.uzh.ch\/sites\/tourdesuisse\/beispiel-seite\/","title":{"rendered":"\u00dcber Tour de Suisse"},"content":{"rendered":"<p>Kunsthistorisches Institut, Lehrstuhl f\u00fcr Kunstgeschichte der Neuzeit<br \/>\nStudienbereich Kunstgeschichte und Musikologie, Professur f\u00fcr Kunstgeschichte der Moderne und Gegenwart<\/p>\n<figure id=\"attachment_17\" aria-describedby=\"caption-attachment-17\" style=\"width: 508px\" class=\"wp-caption alignnone\"><img loading=\"lazy\" decoding=\"async\" class=\" wp-image-17\" src=\"http:\/\/www.phil.uzh.ch\/elearning\/blog\/tourdesuisse\/files\/2016\/01\/mofa.jpg\" alt=\"Valentin Carron, Ciao n\u00b0 6, 2013, Piaggio Ciao restauriert, 150 x 105 x 64 cm, Leinwand, Galerie Eva Presenhuber, Z\u00fcrich.\" width=\"508\" height=\"381\" srcset=\"https:\/\/dlf.uzh.ch\/sites\/tourdesuisse\/files\/2016\/01\/mofa.jpg 720w, https:\/\/dlf.uzh.ch\/sites\/tourdesuisse\/files\/2016\/01\/mofa-300x225.jpg 300w\" sizes=\"auto, (max-width: 508px) 100vw, 508px\" \/><figcaption id=\"caption-attachment-17\" class=\"wp-caption-text\">Valentin Carron, Ciao n\u00b0 6, 2013, Piaggio Ciao restauriert, 150 x 105 x 64 cm, Leinwand, Galerie Eva Presenhuber, Z\u00fcrich.<\/figcaption><\/figure>\n<h1><strong>Tour de Suisse. Kunst und ihre Institutionen in der Schweiz<\/strong><\/h1>\n<p>Leiter: Prof. Dr. Tristan Weddigen, Dr. Henri de Riedmatten und Prof. Julia Gelshorn (Universit\u00e9 de Fribourg)<br \/>\nTutorin: \u00a0Nora Guggenb\u00fchler<\/p>\n<div class=\"mod mod-text skin-text-basics\">\n<h2>Beschreibung<\/h2>\n<div>\n<div>\n<p>Die \u00dcbung nimmt sich vor, in 5 Tagesexkursionen wichtige Kunstinstitutionen der Schweiz zu entdecken, wobei verschiedene Organe wie Kantonsmuseen, Kunsthallen, Stiftungen, Privatsammlungen und Messen besucht und miteinander verglichen werden. Hierbei bietet sich den Studierenden einerseits die M\u00f6glichkeit, die Kunst in der Schweiz und ihre Schaupl\u00e4tze kennenzulernen und andererseits mit den KuratorInnen zu diskutieren, die die jeweilige Institution vorstellen und durch die Sammlungen und Depots f\u00fchren.<\/p>\n<p>Im Fr\u00fchjarssemester 2015 wurden die St\u00e4dte Lausanne, Freiburg, Luzern und Basel besucht wie auch der internationalen Messe f\u00fcr moderne und zeitgen\u00f6ssische Kunst\u00a0<em>Art Basel<\/em>\u00a0einen Besuch abgestattet. Im Fr\u00fchjahrssemester 2016 fand eine Besichtigung der Insitutionen in Genf, St. Gallen und Neuenburg sowie der Manifesta 11 in Z\u00fcrich und der Art Basel statt.<\/p>\n<p><strong>Programm Fr\u00fchjahrssemester 2018:<\/strong><\/p>\n<p>02.03. Einf\u00fchrung und Themenverteilung (13:00-14:00 Uhr)<\/p>\n<p>06.03. Genf<\/p>\n<p>19.04. Basel<\/p>\n<p>03.05. Winterthur<\/p>\n<p>15.06. Art Basel<\/p>\n<p>16.06. Biel<\/p>\n<p>Ziel der \u00dcbung ist es in erster Linie, einen Einblick in die Kunst in der Schweiz zu geben sowie ein vertieftes Wissen zur Rolle und Spezifik der verschiedenen Institutionen, die die Kunstwelt in der Schweiz pr\u00e4gen, zu vermitteln. In einem gemeinsamen Gespr\u00e4ch mit den DirektorInnen, KuratorInnen und KunstvermittlerInnen werden die Institutionen und die verschiedenen beruflichen T\u00e4tigkeitsfelder in der Kunstwelt wie auch ihre Verbindungen zur wissenschaftlichen Welt vorgestellt und diskutiert. Auf diese Weise will die \u00dcbung auch die Studierenden auf einen Beruf in den Kunstinstitutionen vorbereiten. Die Diskussionen werden von den Studierenden in einem Protokoll festgehalten und auf dem\u00a0<a href=\"http:\/\/www.phil.uzh.ch\/elearning\/blog\/tourdesuisse\/beispiel-seite\/\">\u00a0Blog<\/a>\u00a0ver\u00f6ffentlicht. Auch bereiten die Studierenden Vortr\u00e4ge von etwa 10-15 Minuten vor, in denen sie sich mit bestimmten Werken aus der Sammlung oder einer Wechselausstellung eingehender besch\u00e4ftigen.<\/p>\n<\/div>\n<\/div>\n<\/div>\n<div class=\"mod mod-text skin-text-basics\">\n<h2>Blog<\/h2>\n<div>\n<p>Die Besichtigungen der Institutionen sowie die Diskussionen mit den DirektorInnen, KuratorInnen und KunstvermittlerInnen werden von den Studierenden in einem Kurzprotokoll festgehalten und auf diesem Blog ver\u00f6ffentlicht.<\/p>\n<p>Ausserdem ist es den Studierenden freigestellt, einen Artikel f\u00fcr das j\u00e4hrlich erscheinende Swiss Art Awards Journal zu verfassen. Grundlage f\u00fcr den Artikel ist ein Interview mit einem\/einer der Kunstschaffenden, die an den Swiss Art Awards teilnehmen. Diese Artikel werden auf dem Online Journal der Swiss Art Award wie auch auf dem Blog der Tour de Suisse ver\u00f6ffentlicht.<\/p>\n<p><a href=\"http:\/\/www.swissartawards.ch\/~journal\/about\/information\/\">Link zum Swiss Art Awards Journal<\/a><\/p>\n<\/div>\n<\/div>\n<div class=\"mod mod-text skin-text-basics\">\n<h2>Hinweise<\/h2>\n<div>\n<div>\n<p>Die \u00dcbung findet in Zusammenarbeit mit der Universit\u00e4t Freiburg statt und wird daher zweisprachig abgehalten.<\/p>\n<p>Die Lehrveranstaltung nimmt jeweils maximal 8 Studierende der Universit\u00e4t Z\u00fcrich und der Universit\u00e4t Freiburg auf. AuditorInnen sind nicht zugelassen.<\/p>\n<p>Teilnahme 30 Std.; Lekt\u00fcre und Referate 150 Std.<\/p>\n<p>Der Leistungsnachweis der \u00dcbung, die BA- und MA- Studierenden der Kunstgeschichte offensteht, umfasst ein Kurzreferat vor Ort und das Verfassen von Diskussionsprotokollen. Leistungen werden stufengerecht \u00fcberpr\u00fcft. Vorkenntnisse sind nicht erforderlich. Passive Franz\u00f6sichkenntnisse werden vorausgesetzt.<\/p>\n<p>F\u00fcr weitere Informationen siehe: Homepage <a href=\"http:\/\/www.khist.uzh.ch\/de\/chairs\/neuzeit\/res\/ch\/tds.html\">UZH KHIST<\/a><\/p>\n<\/div>\n<\/div>\n<\/div>\n","protected":false},"excerpt":{"rendered":"<p>Kunsthistorisches Institut, Lehrstuhl f\u00fcr Kunstgeschichte der Neuzeit Studienbereich Kunstgeschichte und Musikologie, Professur f\u00fcr Kunstgeschichte der Moderne und Gegenwart Tour de Suisse. Kunst und ihre Institutionen in der Schweiz Leiter: Prof. Dr. Tristan Weddigen, Dr. Henri de Riedmatten und Prof. Julia Gelshorn (Universit\u00e9 de Fribourg) Tutorin: \u00a0Nora Guggenb\u00fchler Beschreibung Die \u00dcbung nimmt sich vor, in 5&hellip;&nbsp;<\/p>\n","protected":false},"author":280,"featured_media":0,"parent":0,"menu_order":0,"comment_status":"closed","ping_status":"open","template":"","meta":{"neve_meta_sidebar":"","neve_meta_container":"","neve_meta_enable_content_width":"","neve_meta_content_width":0,"neve_meta_title_alignment":"","neve_meta_author_avatar":"","neve_post_elements_order":"","neve_meta_disable_header":"","neve_meta_disable_footer":"","neve_meta_disable_title":"","footnotes":""},"class_list":["post-2","page","type-page","status-publish","hentry"],"_links":{"self":[{"href":"https:\/\/dlf.uzh.ch\/sites\/tourdesuisse\/wp-json\/wp\/v2\/pages\/2","targetHints":{"allow":["GET"]}}],"collection":[{"href":"https:\/\/dlf.uzh.ch\/sites\/tourdesuisse\/wp-json\/wp\/v2\/pages"}],"about":[{"href":"https:\/\/dlf.uzh.ch\/sites\/tourdesuisse\/wp-json\/wp\/v2\/types\/page"}],"author":[{"embeddable":true,"href":"https:\/\/dlf.uzh.ch\/sites\/tourdesuisse\/wp-json\/wp\/v2\/users\/280"}],"replies":[{"embeddable":true,"href":"https:\/\/dlf.uzh.ch\/sites\/tourdesuisse\/wp-json\/wp\/v2\/comments?post=2"}],"version-history":[{"count":7,"href":"https:\/\/dlf.uzh.ch\/sites\/tourdesuisse\/wp-json\/wp\/v2\/pages\/2\/revisions"}],"predecessor-version":[{"id":313,"href":"https:\/\/dlf.uzh.ch\/sites\/tourdesuisse\/wp-json\/wp\/v2\/pages\/2\/revisions\/313"}],"wp:attachment":[{"href":"https:\/\/dlf.uzh.ch\/sites\/tourdesuisse\/wp-json\/wp\/v2\/media?parent=2"}],"curies":[{"name":"wp","href":"https:\/\/api.w.org\/{rel}","templated":true}]}}