{"id":681,"date":"2022-01-06T19:34:46","date_gmt":"2022-01-06T19:34:46","guid":{"rendered":"https:\/\/dlf.uzh.ch\/sites\/stalindigital1\/?page_id=681"},"modified":"2022-02-17T12:21:27","modified_gmt":"2022-02-17T12:21:27","slug":"start-2","status":"publish","type":"page","link":"https:\/\/dlf.uzh.ch\/sites\/stalindigital\/","title":{"rendered":"STARTSEITE"},"content":{"rendered":"<div class=\"wpb-content-wrapper\">[vc_row][vc_column][vc_column_text]\n<h1>HERZLICH WILLKOMMEN<\/h1>\n[\/vc_column_text][vc_column_text]<span style=\"color: #000000\">\u00abStalin digital\u00bb ist ein studentisches Public-History-Projekt des Historischen Seminars der Universit\u00e4t Z\u00fcrich. Es basiert auf Arbeiten und Blog-Beitr\u00e4gen, die Studierende im Herbstsemester 2020 im Rahmen eines BA-Seminars unter der Leitung von Peter Collmer erstellten. Die redaktionelle Aufbereitung der Texte und die Aufschaltung dieser Webseite wurden durch die Unterst\u00fctzung der Fachstelle <span style=\"text-decoration: underline\"><a style=\"color: #000000;text-decoration: underline\" href=\"https:\/\/dlf.uzh.ch\/\" target=\"_blank\" rel=\"noopener\">Digitale Lehre und Forschung (DLF)<\/a> <\/span>an der Philosophischen Fakult\u00e4t der Universit\u00e4t Z\u00fcrich erm\u00f6glicht.<\/span>[\/vc_column_text][\/vc_column][\/vc_row][vc_row][vc_column][vc_separator][\/vc_column][\/vc_row][vc_row css=&#8220;.vc_custom_1644401305482{background-image: url(https:\/\/dlf.uzh.ch\/sites\/stalindigital\/files\/2021\/08\/cropped-Bundesarchiv_Bild_183-R80329_Josef_Stalin-2.jpg?id=16) !important;background-position: center !important;background-repeat: no-repeat !important;background-size: cover !important;}&#8220;][vc_column width=&#8220;3\/5&#8243;][\/vc_column][vc_column css_animation=&#8220;none&#8220; width=&#8220;2\/5&#8243; css=&#8220;.vc_custom_1641913098505{padding-left: 40px !important;background-color: rgba(234,234,234,0.6) !important;*background-color: rgb(234,234,234) !important;}&#8220;][vc_empty_space][vc_separator color=&#8220;black&#8220; border_width=&#8220;2&#8243;][vc_column_text css=&#8220;.vc_custom_1641505985821{margin-top: -20px !important;}&#8220;]\n<h1><span style=\"color: #000000\"><a style=\"color: #000000\" href=\"https:\/\/dlf.uzh.ch\/sites\/stalindigital\/stalinismus\/\">STALINISMUS &amp; FORSCHUNG<\/a><\/span><\/h1>\n[\/vc_column_text][vc_column_text css=&#8220;.vc_custom_1641580602569{margin-top: px !important;margin-bottom: px !important;border-top-width: 0px !important;border-bottom-width: px !important;}&#8220;]<span style=\"color: #000000\"><a style=\"color: #000000\" href=\"https:\/\/dlf.uzh.ch\/sites\/stalindigital\/stalinismus\/\">Hier finden Sie thematischen Beitr\u00e4ge \u00fcber die verschiedenen Aspekte des Stalinismus, sowie weitere Informationen rund um die Stalinismus-Forschung.<\/a><\/span>[\/vc_column_text][vc_empty_space][\/vc_column][\/vc_row][vc_row][vc_column][vc_separator][\/vc_column][\/vc_row][vc_row content_placement=&#8220;top&#8220; css=&#8220;.vc_custom_1645100483777{background-image: url(https:\/\/dlf.uzh.ch\/sites\/stalindigital\/files\/2022\/01\/digitalhumanities2.jpg?id=693) !important;background-position: center !important;background-repeat: no-repeat !important;background-size: cover !important;}&#8220;][vc_column width=&#8220;2\/5&#8243; css=&#8220;.vc_custom_1641500473834{padding-left: 40px !important;background-color: rgba(234,234,234,0.6) !important;*background-color: rgb(234,234,234) !important;}&#8220;][vc_empty_space][vc_separator color=&#8220;black&#8220; border_width=&#8220;2&#8243;][vc_column_text css=&#8220;.vc_custom_1641509711452{margin-top: -20px !important;}&#8220;]\n<h1><span style=\"color: #000000\"><a style=\"color: #000000\" href=\"https:\/\/dlf.uzh.ch\/sites\/stalindigital\/digital-humanities\/\">DIGITAL <span style=\"color: #000000\">HUMANITIES<\/span><\/a><\/span><\/h1>\n[\/vc_column_text][vc_column_text css=&#8220;.vc_custom_1641509716708{margin-top: px !important;margin-bottom: px !important;border-top-width: 0px !important;border-bottom-width: px !important;}&#8220;]<span style=\"color: #000000\"><a style=\"color: #000000\" href=\"https:\/\/dlf.uzh.ch\/sites\/stalindigital\/digital-humanities\/\">Erfahren Sie hier mehr \u00fcber die Digital Humanities und wie diese unsere Arbeit als Forscher postiv aber auch negativ beeinflussen k\u00f6nnen.<\/a><\/span>[\/vc_column_text][vc_empty_space][\/vc_column][vc_column css_animation=&#8220;none&#8220; width=&#8220;3\/5&#8243; css=&#8220;.vc_custom_1641499687981{margin-top: -0px !important;border-top-width: -0px !important;background-position: center !important;background-repeat: no-repeat !important;background-size: contain !important;}&#8220;][\/vc_column][\/vc_row][vc_row][vc_column][vc_separator][\/vc_column][\/vc_row]\n<\/div>","protected":false},"excerpt":{"rendered":"<p>[vc_row][vc_column][vc_column_text] HERZLICH WILLKOMMEN [\/vc_column_text][vc_column_text]\u00abStalin digital\u00bb ist ein studentisches Public-History-Projekt des Historischen Seminars der Universit\u00e4t Z\u00fcrich. Es basiert auf Arbeiten und Blog-Beitr\u00e4gen, die Studierende im Herbstsemester 2020 im Rahmen eines BA-Seminars unter der Leitung von Peter Collmer erstellten. Die redaktionelle Aufbereitung der Texte und die Aufschaltung dieser Webseite wurden durch die Unterst\u00fctzung der Fachstelle Digitale Lehre [&hellip;]<\/p>\n","protected":false},"author":484,"featured_media":848,"parent":0,"menu_order":0,"comment_status":"closed","ping_status":"closed","template":"","meta":{"footnotes":""},"class_list":["post-681","page","type-page","status-publish","has-post-thumbnail","czr-hentry"],"_links":{"self":[{"href":"https:\/\/dlf.uzh.ch\/sites\/stalindigital\/wp-json\/wp\/v2\/pages\/681","targetHints":{"allow":["GET"]}}],"collection":[{"href":"https:\/\/dlf.uzh.ch\/sites\/stalindigital\/wp-json\/wp\/v2\/pages"}],"about":[{"href":"https:\/\/dlf.uzh.ch\/sites\/stalindigital\/wp-json\/wp\/v2\/types\/page"}],"author":[{"embeddable":true,"href":"https:\/\/dlf.uzh.ch\/sites\/stalindigital\/wp-json\/wp\/v2\/users\/484"}],"replies":[{"embeddable":true,"href":"https:\/\/dlf.uzh.ch\/sites\/stalindigital\/wp-json\/wp\/v2\/comments?post=681"}],"version-history":[{"count":42,"href":"https:\/\/dlf.uzh.ch\/sites\/stalindigital\/wp-json\/wp\/v2\/pages\/681\/revisions"}],"predecessor-version":[{"id":1049,"href":"https:\/\/dlf.uzh.ch\/sites\/stalindigital\/wp-json\/wp\/v2\/pages\/681\/revisions\/1049"}],"wp:featuredmedia":[{"embeddable":true,"href":"https:\/\/dlf.uzh.ch\/sites\/stalindigital\/wp-json\/wp\/v2\/media\/848"}],"wp:attachment":[{"href":"https:\/\/dlf.uzh.ch\/sites\/stalindigital\/wp-json\/wp\/v2\/media?parent=681"}],"curies":[{"name":"wp","href":"https:\/\/api.w.org\/{rel}","templated":true}]}}