{"id":2,"date":"2019-11-12T15:53:31","date_gmt":"2019-11-12T15:53:31","guid":{"rendered":"https:\/\/dlf.uzh.ch\/sites\/sozpsypodcasts\/?page_id=2"},"modified":"2023-02-14T11:00:18","modified_gmt":"2023-02-14T11:00:18","slug":"impressum","status":"publish","type":"page","link":"https:\/\/dlf.uzh.ch\/sites\/sozpsypodcasts\/impressum\/","title":{"rendered":"Impressum"},"content":{"rendered":"\n<p>Die Inhalte der Website wurden von Studierenden im Rahmen der Lehrveranstaltung  &#8222;<em>Der praktische Nutzen der Sozialpsychologie in Coaching, Therapie, und Selbstverwirklichung<\/em>&#8220; am Psychologischen Institut der Universit\u00e4t Z\u00fcrich erstellt. <br>Die Lehrveranstaltung wurde in den Herbstsemestern 2019 und 2022 durchgef\u00fchrt und von Dr. Anna Lisa Ayding betreut. <\/p>\n","protected":false},"excerpt":{"rendered":"<p>Die Inhalte der Website wurden von Studierenden im Rahmen der Lehrveranstaltung &#8222;Der praktische Nutzen der Sozialpsychologie in Coaching, Therapie, und Selbstverwirklichung&#8220; am Psychologischen Institut der Universit\u00e4t Z\u00fcrich erstellt. Die Lehrveranstaltung wurde in den Herbstsemestern 2019 und 2022 durchgef\u00fchrt und von Dr. Anna Lisa Ayding betreut.<\/p>\n","protected":false},"author":476,"featured_media":0,"parent":0,"menu_order":0,"comment_status":"closed","ping_status":"open","template":"","meta":{"footnotes":""},"class_list":["post-2","page","type-page","status-publish","hentry"],"_links":{"self":[{"href":"https:\/\/dlf.uzh.ch\/sites\/sozpsypodcasts\/wp-json\/wp\/v2\/pages\/2","targetHints":{"allow":["GET"]}}],"collection":[{"href":"https:\/\/dlf.uzh.ch\/sites\/sozpsypodcasts\/wp-json\/wp\/v2\/pages"}],"about":[{"href":"https:\/\/dlf.uzh.ch\/sites\/sozpsypodcasts\/wp-json\/wp\/v2\/types\/page"}],"author":[{"embeddable":true,"href":"https:\/\/dlf.uzh.ch\/sites\/sozpsypodcasts\/wp-json\/wp\/v2\/users\/476"}],"replies":[{"embeddable":true,"href":"https:\/\/dlf.uzh.ch\/sites\/sozpsypodcasts\/wp-json\/wp\/v2\/comments?post=2"}],"version-history":[{"count":3,"href":"https:\/\/dlf.uzh.ch\/sites\/sozpsypodcasts\/wp-json\/wp\/v2\/pages\/2\/revisions"}],"predecessor-version":[{"id":179,"href":"https:\/\/dlf.uzh.ch\/sites\/sozpsypodcasts\/wp-json\/wp\/v2\/pages\/2\/revisions\/179"}],"wp:attachment":[{"href":"https:\/\/dlf.uzh.ch\/sites\/sozpsypodcasts\/wp-json\/wp\/v2\/media?parent=2"}],"curies":[{"name":"wp","href":"https:\/\/api.w.org\/{rel}","templated":true}]}}