{"id":4877,"date":"2020-11-08T14:02:47","date_gmt":"2020-11-08T13:02:47","guid":{"rendered":"https:\/\/dlf.uzh.ch\/sites\/slavicumpress\/?page_id=4877"},"modified":"2020-11-08T14:02:47","modified_gmt":"2020-11-08T13:02:47","slug":"natalie-budinova","status":"publish","type":"page","link":"https:\/\/dlf.uzh.ch\/sites\/slavicumpress\/autoren\/natalie-budinova\/","title":{"rendered":"Nat\u00e1lie Budinov\u00e1"},"content":{"rendered":"<div class=\"wpb-content-wrapper\"><p>[vc_row][vc_column width=&#187;1\/4&#8243;][vc_single_image image=&#187;2194&#8243; img_size=&#187;medium&#187; style=&#187;vc_box_rounded&#187;][\/vc_column][vc_column width=&#187;1\/2&#8243;][vc_cta h2=&#187; Nat\u00e1lie Budinov\u00e1&#187;]I was born on 15thJuly 1997 in \u00dast\u00ednadOrlic\u00ed, Czech Republic. Since 2017, I have studied at the Department of East European Studies at the Faculty of Arts of Charles University in Prague. In 2019, I started working as an auxiliary in the Institute of Czech Literature of the CAS, responsible for collations (comparison of different copies of the same text). Currently, I\u2019m in the third year of the bachelor\u2019s program in Russian Language and Literature.[\/vc_cta][\/vc_column][vc_column width=&#187;1\/4&#8243;][\/vc_column][\/vc_row][vc_row][vc_column][vc_separator][vc_custom_heading text=&#187;Beitr\u00e4ge&#187; google_fonts=&#187;font_family:Roboto%3A100%2C100italic%2C300%2C300italic%2Cregular%2Citalic%2C500%2C500italic%2C700%2C700italic%2C900%2C900italic|font_style:400%20regular%3A400%3Anormal&#187;][vc_masonry_grid post_type=&#187;post&#187; max_items=&#187;-1&#8243; grid_id=&#187;vc_gid:1604840510967-143a2787-c7dc-0&#8243; taxonomies=&#187;154&#8243;][\/vc_column][\/vc_row]<\/p>\n<\/div>","protected":false},"excerpt":{"rendered":"<p>[vc_row][vc_column width=&#187;1\/4&#8243;][vc_single_image image=&#187;2194&#8243; img_size=&#187;medium&#187; style=&#187;vc_box_rounded&#187;][\/vc_column][vc_column width=&#187;1\/2&#8243;][vc_cta h2=&#187; Nat\u00e1lie Budinov\u00e1&#187;]I was born on 15thJuly 1997 in \u00dast\u00ednadOrlic\u00ed, Czech Republic. Since 2017, I have studied at the Department of East European Studies<span class=\"more-link\"><a href=\"https:\/\/dlf.uzh.ch\/sites\/slavicumpress\/autoren\/natalie-budinova\/\">Read More &rarr;<\/a><\/span><\/p>\n","protected":false},"author":484,"featured_media":0,"parent":4867,"menu_order":0,"comment_status":"closed","ping_status":"closed","template":"","meta":{"_acf_changed":false,"_FSMCFIC_featured_image_caption":"","_FSMCFIC_featured_image_nocaption":null,"_FSMCFIC_featured_image_hide":null,"footnotes":""},"class_list":["entry","author-flowie","post-4877","page","type-page","status-publish"],"acf":[],"_links":{"self":[{"href":"https:\/\/dlf.uzh.ch\/sites\/slavicumpress\/wp-json\/wp\/v2\/pages\/4877","targetHints":{"allow":["GET"]}}],"collection":[{"href":"https:\/\/dlf.uzh.ch\/sites\/slavicumpress\/wp-json\/wp\/v2\/pages"}],"about":[{"href":"https:\/\/dlf.uzh.ch\/sites\/slavicumpress\/wp-json\/wp\/v2\/types\/page"}],"author":[{"embeddable":true,"href":"https:\/\/dlf.uzh.ch\/sites\/slavicumpress\/wp-json\/wp\/v2\/users\/484"}],"replies":[{"embeddable":true,"href":"https:\/\/dlf.uzh.ch\/sites\/slavicumpress\/wp-json\/wp\/v2\/comments?post=4877"}],"version-history":[{"count":1,"href":"https:\/\/dlf.uzh.ch\/sites\/slavicumpress\/wp-json\/wp\/v2\/pages\/4877\/revisions"}],"predecessor-version":[{"id":4878,"href":"https:\/\/dlf.uzh.ch\/sites\/slavicumpress\/wp-json\/wp\/v2\/pages\/4877\/revisions\/4878"}],"up":[{"embeddable":true,"href":"https:\/\/dlf.uzh.ch\/sites\/slavicumpress\/wp-json\/wp\/v2\/pages\/4867"}],"wp:attachment":[{"href":"https:\/\/dlf.uzh.ch\/sites\/slavicumpress\/wp-json\/wp\/v2\/media?parent=4877"}],"curies":[{"name":"wp","href":"https:\/\/api.w.org\/{rel}","templated":true}]}}