{"id":71,"date":"2020-10-22T07:03:03","date_gmt":"2020-10-22T07:03:03","guid":{"rendered":"https:\/\/dlf.uzh.ch\/sites\/skandinavien-postkolonial\/?page_id=71"},"modified":"2021-01-26T23:41:32","modified_gmt":"2021-01-26T23:41:32","slug":"impressum","status":"publish","type":"page","link":"https:\/\/dlf.uzh.ch\/sites\/skandinavien-postkolonial\/impressum\/","title":{"rendered":"Impressum"},"content":{"rendered":"\n<p>Documenting the Periphery &#8211; Nordic Colonialism through the Centuries.<\/p>\n\n\n\n<p>A Blog by students of the departments for Scandinavian Studies at the Universities of Basel and Zurich.<\/p>\n\n\n\n<p>The Blog is hosted by the <a href=\"https:\/\/dlf.uzh.ch\/\" data-type=\"URL\" data-id=\"https:\/\/dlf.uzh.ch\/\">DLF (Digitale Lehre und Forschung)<\/a> at the University of Zurich.<\/p>\n\n\n\n<h2 class=\"wp-block-heading\">Contact<\/h2>\n\n\n\n<p><a href=\"https:\/\/www.ds.uzh.ch\/static\/cms\/pfs\/personen.php?detail=1032\">Lena Rohrbach<\/a><br>Deutsches Seminar<br>Sch\u00f6nberggasse 9<br>8001 Z\u00fcrich<\/p>\n\n\n\n<p><a href=\"https:\/\/www.ds.uzh.ch\/static\/cms\/pfs\/personen.php?detail=384\">Caroline Ballebye S\u00f8rensen<\/a><br>Deutsches Seminar<br>Sch\u00f6nberggasse 2<br>8001 Z\u00fcrich<\/p>\n\n\n\n<h2 class=\"wp-block-heading\">Contributors<\/h2>\n\n\n\n<p>Ann-Christin Ravald, University of Zurich<br>Alissa Ueberwasser, University of Basel<br>Colette Fermaud, University of Zurich<br>Cynthia Wiesendanger, University of Zurich<br>Eline Elmiger, University of Basel<br>Eliseo Galli, University of Zurich<br>Eveline Elmer, University of Zurich<br>Mira Boesch, University of Zurich<br>Martina Liniger, University of Basel<br>M\u00e9l M\u00fcller, University of Basel<br>Nicole Bruggmann, University of Zurich<br>Nuria Singenberger, University of Basel<br>Solenne Guyot, University of Strassbourg<br>Tim L\u00fcthi, University of Zurich<\/p>\n\n\n\n<h2 class=\"wp-block-heading\">Copyright and Licensing<\/h2>\n\n\n\n<p>All content of this blog is licensed under the international Creative Commons Attribution-ShareAlike 4.0 license (<a href=\"https:\/\/creativecommons.org\/licenses\/by-sa\/4.0\/\">CC BY-SA 4.0<\/a>).<\/p>\n\n\n\n<p>For all contents not created by the creators of this blog, the copyrights of the original content applies. Third party content is designated as such. If any copyright infringements should still come to your attention, we would kindly ask you to inform the creators of the blog; such content will be removed immediately.<\/p>\n\n\n\n<h2 class=\"wp-block-heading\">Disclaimer of Liability<\/h2>\n\n\n\n<p>All the information on this website is published in good faith and for general information purpose only. We do not make any warranties about the completeness, reliability and accuracy of this information. Any action you take upon the information you find on this website, is strictly at your own risk. We will not be liable for any losses and\/or damages in connection with the use of our website.<\/p>\n\n\n\n<p>From our website, you can visit other websites by following hyperlinks to such external sites. While we strive to provide only quality links to useful and ethical websites, we have no control over the content and nature of these sites. These links to other websites do not imply a recommendation for all the content found on these sites. Site owners and content may change without notice and may occur before we have the opportunity to remove a link which may have gone &#8222;bad&#8220;.<\/p>\n\n\n\n<p>Please be also aware that when you leave our website, other sites may have different privacy policies and terms which are beyond our control. Please be sure to check the Privacy Policies of these sites as well as their &#8222;Terms of Service&#8220; before engaging in any business or uploading any information.<\/p>\n\n\n\n<h3 class=\"wp-block-heading\">Consent<\/h3>\n\n\n\n<p>By using our website, you hereby consent to our disclaimer and agree to its terms.<\/p>\n\n\n\n<h3 class=\"wp-block-heading\">Update<\/h3>\n\n\n\n<p>Should we update, amend or make any changes to this document, those changes will be prominently posted here.<\/p>\n\n\n\n<p><\/p>\n","protected":false},"excerpt":{"rendered":"<p>Documenting the Periphery &#8211; Nordic Colonialism through the Centuries. A Blog by students of the departments for Scandinavian Studies at the Universities of Basel and Zurich. The Blog is hosted by the DLF (Digitale Lehre und Forschung) at the University of Zurich. Contact Lena RohrbachDeutsches SeminarSch\u00f6nberggasse 98001 Z\u00fcrich Caroline Ballebye S\u00f8rensenDeutsches SeminarSch\u00f6nberggasse 28001 Z\u00fcrich Contributors Ann-Christin Ravald, University of ZurichAlissa Ueberwasser, University of BaselColette Fermaud, University of ZurichCynthia Wiesendanger, University of ZurichEline Elmiger, University of BaselEliseo Galli, University of ZurichEveline Elmer, University of ZurichMira Boesch, University of ZurichMartina Liniger, University of BaselM\u00e9l M\u00fcller, University of BaselNicole Bruggmann, University of ZurichNuria Singenberger, University of BaselSolenne Guyot, University of StrassbourgTim L\u00fcthi, University of Zurich Copyright and Licensing All content of this blog is licensed under the international Creative Commons Attribution-ShareAlike 4.0 license (CC BY-SA 4.0). For all contents not created by the creators of this blog, the copyrights of the original content&hellip;<\/p>\n<p> <a class=\"more-link\" href=\"https:\/\/dlf.uzh.ch\/sites\/skandinavien-postkolonial\/impressum\/\">Weiterlesen<\/a><\/p>\n","protected":false},"author":615,"featured_media":0,"parent":0,"menu_order":0,"comment_status":"closed","ping_status":"closed","template":"","meta":{"footnotes":""},"class_list":["post-71","page","type-page","status-publish"],"_links":{"self":[{"href":"https:\/\/dlf.uzh.ch\/sites\/skandinavien-postkolonial\/wp-json\/wp\/v2\/pages\/71","targetHints":{"allow":["GET"]}}],"collection":[{"href":"https:\/\/dlf.uzh.ch\/sites\/skandinavien-postkolonial\/wp-json\/wp\/v2\/pages"}],"about":[{"href":"https:\/\/dlf.uzh.ch\/sites\/skandinavien-postkolonial\/wp-json\/wp\/v2\/types\/page"}],"author":[{"embeddable":true,"href":"https:\/\/dlf.uzh.ch\/sites\/skandinavien-postkolonial\/wp-json\/wp\/v2\/users\/615"}],"replies":[{"embeddable":true,"href":"https:\/\/dlf.uzh.ch\/sites\/skandinavien-postkolonial\/wp-json\/wp\/v2\/comments?post=71"}],"version-history":[{"count":8,"href":"https:\/\/dlf.uzh.ch\/sites\/skandinavien-postkolonial\/wp-json\/wp\/v2\/pages\/71\/revisions"}],"predecessor-version":[{"id":2640,"href":"https:\/\/dlf.uzh.ch\/sites\/skandinavien-postkolonial\/wp-json\/wp\/v2\/pages\/71\/revisions\/2640"}],"wp:attachment":[{"href":"https:\/\/dlf.uzh.ch\/sites\/skandinavien-postkolonial\/wp-json\/wp\/v2\/media?parent=71"}],"curies":[{"name":"wp","href":"https:\/\/api.w.org\/{rel}","templated":true}]}}