{"id":77,"date":"2020-09-04T19:08:57","date_gmt":"2020-09-04T19:08:57","guid":{"rendered":"https:\/\/dlf.uzh.ch\/sites\/siegfriedgoesyoutube\/?page_id=77"},"modified":"2021-01-20T21:36:45","modified_gmt":"2021-01-20T21:36:45","slug":"home-2","status":"publish","type":"page","link":"https:\/\/dlf.uzh.ch\/sites\/siegfriedgoesyoutube\/","title":{"rendered":"Home"},"content":{"rendered":"\n<p class=\"has-medium-font-size\"><strong>Herzlich willkommen bei \u201eSiegfried goes YouTube\u201c \u2013<\/strong><\/p>\n\n\n\n<div class=\"wp-block-group\"><div class=\"wp-block-group__inner-container is-layout-flow wp-block-group-is-layout-flow\">\n<p>dem experimentellen Lehrprojekt an der Universit\u00e4t Z\u00fcrich, das statt schriftlicher Arbeiten den Einsatz von Videos zur Analyse von \u00c4lterer deutscher Literatur erprobt<\/p>\n<\/div><\/div>\n\n\n\n<div class=\"wp-block-buttons is-layout-flex wp-block-buttons-is-layout-flex\">\n<div class=\"wp-block-button is-style-outline is-style-outline--1\"><a class=\"wp-block-button__link\" href=\"https:\/\/dlf.uzh.ch\/sites\/siegfriedgoesyoutube\/das-projekt\/\">ZUM PROJEKT<\/a><\/div>\n\n\n\n<div class=\"wp-block-button is-style-outline is-style-outline--2\"><a class=\"wp-block-button__link\" href=\"https:\/\/dlf.uzh.ch\/sites\/siegfriedgoesyoutube\/die-videos\/\">ZU DEN VIDEOS<\/a><\/div>\n<\/div>\n","protected":false},"excerpt":{"rendered":"<p>Herzlich willkommen bei \u201eSiegfried goes YouTube\u201c \u2013 dem experimentellen Lehrprojekt an der Universit\u00e4t Z\u00fcrich, das statt schriftlicher Arbeiten den Einsatz von Videos zur Analyse von \u00c4lterer deutscher Literatur erprobt<\/p>\n","protected":false},"author":608,"featured_media":0,"parent":0,"menu_order":0,"comment_status":"closed","ping_status":"closed","template":"","meta":{"footnotes":""},"class_list":["post-77","page","type-page","status-publish","hentry"],"_links":{"self":[{"href":"https:\/\/dlf.uzh.ch\/sites\/siegfriedgoesyoutube\/wp-json\/wp\/v2\/pages\/77","targetHints":{"allow":["GET"]}}],"collection":[{"href":"https:\/\/dlf.uzh.ch\/sites\/siegfriedgoesyoutube\/wp-json\/wp\/v2\/pages"}],"about":[{"href":"https:\/\/dlf.uzh.ch\/sites\/siegfriedgoesyoutube\/wp-json\/wp\/v2\/types\/page"}],"author":[{"embeddable":true,"href":"https:\/\/dlf.uzh.ch\/sites\/siegfriedgoesyoutube\/wp-json\/wp\/v2\/users\/608"}],"replies":[{"embeddable":true,"href":"https:\/\/dlf.uzh.ch\/sites\/siegfriedgoesyoutube\/wp-json\/wp\/v2\/comments?post=77"}],"version-history":[{"count":39,"href":"https:\/\/dlf.uzh.ch\/sites\/siegfriedgoesyoutube\/wp-json\/wp\/v2\/pages\/77\/revisions"}],"predecessor-version":[{"id":638,"href":"https:\/\/dlf.uzh.ch\/sites\/siegfriedgoesyoutube\/wp-json\/wp\/v2\/pages\/77\/revisions\/638"}],"wp:attachment":[{"href":"https:\/\/dlf.uzh.ch\/sites\/siegfriedgoesyoutube\/wp-json\/wp\/v2\/media?parent=77"}],"curies":[{"name":"wp","href":"https:\/\/api.w.org\/{rel}","templated":true}]}}