{"id":96,"date":"2021-02-17T12:26:10","date_gmt":"2021-02-17T12:26:10","guid":{"rendered":"https:\/\/dlf.uzh.ch\/sites\/rurican\/?page_id=96"},"modified":"2021-02-17T12:26:10","modified_gmt":"2021-02-17T12:26:10","slug":"antonio-corredor-aveledo","status":"publish","type":"page","link":"https:\/\/dlf.uzh.ch\/sites\/rurican\/antonio-corredor-aveledo\/","title":{"rendered":"Antonio Corredor Aveledo"},"content":{"rendered":"\n<p>Antonio Corredor Aveledo es investigador posdoctoral en la Universidad de Z\u00farich (UFSP&nbsp;Sprache&nbsp;und&nbsp;Raum). Es licenciado en Letras por la Universidad Cat\u00f3lica Andr\u00e9s Bello (Caracas, Venezuela) y se doctor\u00f3 en la Universidad de Neuch\u00e2tel con una tesis llamada&nbsp;<em>Morfosintaxis hist\u00f3rica,&nbsp;<\/em><em>koinizaci\u00f3n<\/em><em>&nbsp;y testimonios documentales en los or\u00edgenes del espa\u00f1ol en Am\u00e9rica. A prop\u00f3sito de los pret\u00e9ritos simple y compuesto y el futuro de subjuntivo en documentos de las provincias de&nbsp;<\/em><em>venezuela<\/em><em>&nbsp;y el r\u00edo de la plata (1567-1810)<\/em>, dirigida por el Dr. Juan S\u00e1nchez M\u00e9ndez.&nbsp;Sus intereses se centran en la historia de la lengua espa\u00f1ola, con especial \u00e9nfasis en la historia de la lengua espa\u00f1ola en Am\u00e9rica, la morfosintaxis hist\u00f3rica, el contacto dialectal y la documentaci\u00f3n indiana y la paleograf\u00eda.&nbsp;&nbsp;<\/p>\n\n\n\n<p>Su inter\u00e9s por la lengua espa\u00f1ola en Canarias est\u00e1 marcado por la particular situaci\u00f3n de las islas, que son a la vez puente y a la vez centro en la configuraci\u00f3n de lo que algunos han llamado&nbsp;<em>espa\u00f1ol atl\u00e1ntico<\/em>.&nbsp;Por&nbsp;esto,&nbsp;el estudio de sus variedades puede ayudarnos a entender mejor la historia del espa\u00f1ol tanto peninsular como americano, as\u00ed como tambi\u00e9n mostrarnos el valor ling\u00fc\u00edstico y cultural que las islas tienen en s\u00ed mismas.&nbsp;&nbsp;<\/p>\n","protected":false},"excerpt":{"rendered":"<p>Antonio Corredor Aveledo es investigador posdoctoral en la Universidad de Z\u00farich (UFSP&nbsp;Sprache&nbsp;und&nbsp;Raum). Es licenciado en Letras por la Universidad Cat\u00f3lica Andr\u00e9s Bello (Caracas, Venezuela) y se doctor\u00f3 en la Universidad de Neuch\u00e2tel con una tesis llamada&nbsp;Morfosintaxis hist\u00f3rica,&nbsp;koinizaci\u00f3n&nbsp;y testimonios documentales en los or\u00edgenes del espa\u00f1ol en Am\u00e9rica. A prop\u00f3sito de los pret\u00e9ritos simple y compuesto y [&hellip;]<\/p>\n","protected":false},"author":685,"featured_media":0,"parent":0,"menu_order":0,"comment_status":"closed","ping_status":"closed","template":"","meta":{"_uag_custom_page_level_css":"","footnotes":""},"class_list":["post-96","page","type-page","status-publish","hentry"],"uagb_featured_image_src":{"full":false,"thumbnail":false,"medium":false,"medium_large":false,"large":false,"1536x1536":false,"2048x2048":false,"post-thumbnail":false},"uagb_author_info":{"display_name":"rurican","author_link":"https:\/\/dlf.uzh.ch\/sites\/rurican\/author\/rurican\/"},"uagb_comment_info":0,"uagb_excerpt":"Antonio Corredor Aveledo es investigador posdoctoral en la Universidad de Z\u00farich (UFSP&nbsp;Sprache&nbsp;und&nbsp;Raum). Es licenciado en Letras por la Universidad Cat\u00f3lica Andr\u00e9s Bello (Caracas, Venezuela) y se doctor\u00f3 en la Universidad de Neuch\u00e2tel con una tesis llamada&nbsp;Morfosintaxis hist\u00f3rica,&nbsp;koinizaci\u00f3n&nbsp;y testimonios documentales en los or\u00edgenes del espa\u00f1ol en Am\u00e9rica. A prop\u00f3sito de los pret\u00e9ritos simple y compuesto y&hellip;","_links":{"self":[{"href":"https:\/\/dlf.uzh.ch\/sites\/rurican\/wp-json\/wp\/v2\/pages\/96","targetHints":{"allow":["GET"]}}],"collection":[{"href":"https:\/\/dlf.uzh.ch\/sites\/rurican\/wp-json\/wp\/v2\/pages"}],"about":[{"href":"https:\/\/dlf.uzh.ch\/sites\/rurican\/wp-json\/wp\/v2\/types\/page"}],"author":[{"embeddable":true,"href":"https:\/\/dlf.uzh.ch\/sites\/rurican\/wp-json\/wp\/v2\/users\/685"}],"replies":[{"embeddable":true,"href":"https:\/\/dlf.uzh.ch\/sites\/rurican\/wp-json\/wp\/v2\/comments?post=96"}],"version-history":[{"count":1,"href":"https:\/\/dlf.uzh.ch\/sites\/rurican\/wp-json\/wp\/v2\/pages\/96\/revisions"}],"predecessor-version":[{"id":97,"href":"https:\/\/dlf.uzh.ch\/sites\/rurican\/wp-json\/wp\/v2\/pages\/96\/revisions\/97"}],"wp:attachment":[{"href":"https:\/\/dlf.uzh.ch\/sites\/rurican\/wp-json\/wp\/v2\/media?parent=96"}],"curies":[{"name":"wp","href":"https:\/\/api.w.org\/{rel}","templated":true}]}}