{"id":2,"date":"2021-01-08T16:48:11","date_gmt":"2021-01-08T16:48:11","guid":{"rendered":"https:\/\/dlf.uzh.ch\/sites\/rurican\/?page_id=2"},"modified":"2022-12-23T09:21:45","modified_gmt":"2022-12-23T09:21:45","slug":"proeyecto","status":"publish","type":"page","link":"https:\/\/dlf.uzh.ch\/sites\/rurican\/proeyecto\/","title":{"rendered":"Proyecto"},"content":{"rendered":"\n<p>Las Islas Canarias tienen una personalidad propia gracias a una enorme riqueza cultural que sus habitantes guardan con pasi\u00f3n e inter\u00e9s. Cada isla tiene adem\u00e1s una identidad que podemos apreciar en sus tradiciones, su historia, su m\u00fasica, y su forma de hablar. En este sentido,&nbsp;Canarias es un espacio \u00fanico dentro de las variedades del espa\u00f1ol.&nbsp;Por un lado, en la formaci\u00f3n de las hablas canarias han participado distintas variedades peninsulares&nbsp;tanto espa\u00f1olas como portuguesas. Por otro lado, su ubicaci\u00f3n geogr\u00e1fica y su historia hacen que sea hasta nuestros d\u00edas puente ineludible para comprender muchas de las relaciones ling\u00fc\u00edsticas&nbsp;y socioculturales&nbsp;entre la Espa\u00f1a peninsular y Am\u00e9rica.&nbsp;<\/p>\n\n\n\n<p>En las \u00faltimas d\u00e9cadas, en las Islas Canarias, como en muchas otras partes del mundo, se est\u00e1n produciendo importantes cambios sociales que tienen que ver con las diferencias entre el campo y la ciudad. En un mundo como el de hoy, cada vez m\u00e1s centrado en las ciudades, interesarnos por la vida (tradicional y actual) del campo y de sus habitantes nos ayuda a mantener esa riqueza ling\u00fc\u00edstica, social y cultural. Asimismo, tambi\u00e9n es importante ver c\u00f3mo las nuevas generaciones se abren paso hacia el futuro sin perder de vista las tradiciones.<\/p>\n\n\n\n<p>Rurican es un proyecto llevado a cabo por investigadores de la Universidad de Z\u00farich en colaboraci\u00f3n con otras universidades europeas cuyo objetivo consiste en acercarse a la realidad ling\u00fc\u00edstica, social\u00a0y cultural\u00a0de los entornos rurales, semiurbanos y urbanos\u00a0de\u00a0las islas de La Palma y La Gomera, para entender mejor estos cambios.\u00a0Para\u00a0ello,\u00a0llevamos\u00a0a cabo entrevistas a adultos (a partir de 20 a\u00f1os) en al menos cuatro enclaves de cada isla. En estas entrevistas se conversar\u00e1 sobre el modo de vida pasada y presente en las diferentes localidades y sus costumbres, con la finalidad de ofrecer una muestra representativa que permita el estudio no solo de la lengua hablada en Canarias en entornos rurales, sino tambi\u00e9n de la cultura y tradici\u00f3n de estos lugares. Financiado por el\u00a0Fondo\u00a0nacional suizo\u00a0(FNS) para la investigaci\u00f3n, Rurican ya ha finalizado sus entrevistas en La Palma y realizar\u00e1 las grabaciones en la isla de La Gomera en el verano de 2023.<\/p>\n","protected":false},"excerpt":{"rendered":"<p>Las Islas Canarias tienen una personalidad propia gracias a una enorme riqueza cultural que sus habitantes guardan con pasi\u00f3n e inter\u00e9s. Cada isla tiene adem\u00e1s una identidad que podemos apreciar en sus tradiciones, su historia, su m\u00fasica, y su forma de hablar. En este sentido,&nbsp;Canarias es un espacio \u00fanico dentro de las variedades del espa\u00f1ol.&nbsp;Por [&hellip;]<\/p>\n","protected":false},"author":685,"featured_media":0,"parent":0,"menu_order":0,"comment_status":"closed","ping_status":"open","template":"","meta":{"_uag_custom_page_level_css":"","footnotes":""},"class_list":["post-2","page","type-page","status-publish","hentry"],"uagb_featured_image_src":{"full":false,"thumbnail":false,"medium":false,"medium_large":false,"large":false,"1536x1536":false,"2048x2048":false,"post-thumbnail":false},"uagb_author_info":{"display_name":"rurican","author_link":"https:\/\/dlf.uzh.ch\/sites\/rurican\/author\/rurican\/"},"uagb_comment_info":0,"uagb_excerpt":"Las Islas Canarias tienen una personalidad propia gracias a una enorme riqueza cultural que sus habitantes guardan con pasi\u00f3n e inter\u00e9s. Cada isla tiene adem\u00e1s una identidad que podemos apreciar en sus tradiciones, su historia, su m\u00fasica, y su forma de hablar. En este sentido,&nbsp;Canarias es un espacio \u00fanico dentro de las variedades del espa\u00f1ol.&nbsp;Por&hellip;","_links":{"self":[{"href":"https:\/\/dlf.uzh.ch\/sites\/rurican\/wp-json\/wp\/v2\/pages\/2","targetHints":{"allow":["GET"]}}],"collection":[{"href":"https:\/\/dlf.uzh.ch\/sites\/rurican\/wp-json\/wp\/v2\/pages"}],"about":[{"href":"https:\/\/dlf.uzh.ch\/sites\/rurican\/wp-json\/wp\/v2\/types\/page"}],"author":[{"embeddable":true,"href":"https:\/\/dlf.uzh.ch\/sites\/rurican\/wp-json\/wp\/v2\/users\/685"}],"replies":[{"embeddable":true,"href":"https:\/\/dlf.uzh.ch\/sites\/rurican\/wp-json\/wp\/v2\/comments?post=2"}],"version-history":[{"count":5,"href":"https:\/\/dlf.uzh.ch\/sites\/rurican\/wp-json\/wp\/v2\/pages\/2\/revisions"}],"predecessor-version":[{"id":411,"href":"https:\/\/dlf.uzh.ch\/sites\/rurican\/wp-json\/wp\/v2\/pages\/2\/revisions\/411"}],"wp:attachment":[{"href":"https:\/\/dlf.uzh.ch\/sites\/rurican\/wp-json\/wp\/v2\/media?parent=2"}],"curies":[{"name":"wp","href":"https:\/\/api.w.org\/{rel}","templated":true}]}}