{"id":104,"date":"2021-03-13T11:25:07","date_gmt":"2021-03-13T11:25:07","guid":{"rendered":"https:\/\/dlf.uzh.ch\/sites\/rurican\/?page_id=104"},"modified":"2021-03-20T10:41:02","modified_gmt":"2021-03-20T10:41:02","slug":"proteccion-de-datos-personales","status":"publish","type":"page","link":"https:\/\/dlf.uzh.ch\/sites\/rurican\/proteccion-de-datos-personales\/","title":{"rendered":"Protecci\u00f3n de datos personales"},"content":{"rendered":"\n<p class=\"has-medium-font-size\"><strong>Qui\u00e9nes somos<\/strong><\/p>\n\n\n\n<p>Esta p\u00e1gina web pertenece al equipo <em>Digitale Lehre und Forschung<\/em> que forma parte del decanato de la <em>Philosophische Fakult\u00e4t <\/em>de la Universidad de Z\u00farich y, consecuentemente, se rige por las leyes sobre los datos personales tanto <a rel=\"noreferrer noopener\" href=\"https:\/\/www.zh.ch\/de\/politik-staat\/gesetze-beschluesse\/gesetzessammlung\/zhlex-ls\/erlass-170_4-2007_02_12-2008_10_01-109.html\" target=\"_blank\">cantonales (IDG)<\/a>, como <a rel=\"noreferrer noopener\" href=\"https:\/\/www.fedlex.admin.ch\/eli\/cc\/1993\/1945_1945_1945\/en\" target=\"_blank\">nacionales (FADP)<\/a> y <a rel=\"noreferrer noopener\" href=\"https:\/\/eur-lex.europa.eu\/legal-content\/ES\/TXT\/?uri=celex%3A32016R0679\" target=\"_blank\">europeas (DSGVO)<\/a>. <\/p>\n\n\n\n<p>Por lo tanto, el contenido de esta p\u00e1gina web documenta y presenta el desarrollo del proyecto de investigaci\u00f3n <em>Socioling\u00fc\u00edstica rural en las Canarias <\/em>liderado por <em>Carlota de Benito Moreno, <\/em>profesora del departamento de Rom\u00e1nicas y del proyecto <em>UFSP Sprache und Raum.<\/em><br><br>Responsables de la p\u00e1gina:<\/p>\n\n\n\n<p><strong>Digitale Lehre und Forschung<\/strong><br>R\u00e4mistrasse 69<br>CH-8001 Z\u00fcrich<br>E-Mail: dlf@phl.uzh.ch<br><br><strong>Prof. Dr. Carlota de Benito Moreno<\/strong><br>Assistenzprofessur <em>Sprache und Raum der Iberoromania<\/em><br>Romanisches Seminar<br>Z\u00fcrichbergstrasse 8<br>CH-8032 Z\u00fcrich<br>+41 (0)44 634 36 03<br><br><strong>Marco Losavio<\/strong><br>Webmaster \/ Assistente<br>rurican@spur.uzh.ch<br><\/p>\n\n\n\n<p class=\"has-medium-font-size\"><strong>Qu\u00e9 datos personales almacenamos y por qu\u00e9<\/strong><\/p>\n\n\n\n<p>Almacenamos los datos personales de los usuarios, \u00fanicamente hasta donde sean imprescindibles para el funcionamiento de nuestra p\u00e1gina web y los fines de nuestra investigaci\u00f3n. El procesamiento de datos personales de los usuarios se realiza solamente con el consentimiento del proprio usuario. Se aplica una excepci\u00f3n en aquellos casos en los que no se puede obtener el consentimiento previo por razones pr\u00e1cticas y el procesamiento de los datos est\u00e1 permitido por la ley.<\/p>\n\n\n\n<p>El uso del formulario de contacto (por ejemplo, para registrarse en un taller o un evento) puede requerir una mayor recopilaci\u00f3n, procesamiento y almacenamiento a largo plazo de datos personales como el apellido y el nombre y el correo electr\u00f3nico. Al ingresar y enviar estos datos, el usuario da su consentimiento para su procesamiento.<br><br>Sin embargo, los datos no se transmitir\u00e1n a terceros y ser\u00e1n utilizados \u00fanicamente para entrar en contacto con el usuario.<\/p>\n\n\n\n<p><\/p>\n\n\n\n<p class=\"has-medium-font-size\"><strong>A qui\u00e9n comunicamos datos personales<\/strong><\/p>\n\n\n\n<p>Los datos personales solo se divulgar\u00e1n a terceros (por ejemplo, a otras autoridades) en la medida en que sea necesario dentro del marco de disposiciones legales obligatorias (por ejemplo, solicitudes oficiales, \u00f3rdenes judiciales) o con el fin de enjuiciamiento legal o penal (por ejemplo, en el caso de ataques a la infraestructura de la red). No se comunican datos personales a terceros para otros fines.<\/p>\n\n\n\n<p><\/p>\n\n\n\n<p class=\"has-medium-font-size\"><strong>Derechos del usuario<\/strong><\/p>\n\n\n\n<p>El usuario puede solicitar la eliminaci\u00f3n de todos los datos personales que tenemos almacenados sobre \u00e9l. Esto no incluye los datos que tenemos que conservar por motivos administrativos, legales o de seguridad.<\/p>\n\n\n\n<p><\/p>\n","protected":false},"excerpt":{"rendered":"<p>Qui\u00e9nes somos Esta p\u00e1gina web pertenece al equipo Digitale Lehre und Forschung que forma parte del decanato de la Philosophische Fakult\u00e4t de la Universidad de Z\u00farich y, consecuentemente, se rige por las leyes sobre los datos personales tanto cantonales (IDG), como nacionales (FADP) y europeas (DSGVO). Por lo tanto, el contenido de esta p\u00e1gina web [&hellip;]<\/p>\n","protected":false},"author":685,"featured_media":0,"parent":0,"menu_order":0,"comment_status":"closed","ping_status":"closed","template":"","meta":{"_uag_custom_page_level_css":"","footnotes":""},"class_list":["post-104","page","type-page","status-publish","hentry"],"uagb_featured_image_src":{"full":false,"thumbnail":false,"medium":false,"medium_large":false,"large":false,"1536x1536":false,"2048x2048":false,"post-thumbnail":false},"uagb_author_info":{"display_name":"rurican","author_link":"https:\/\/dlf.uzh.ch\/sites\/rurican\/author\/rurican\/"},"uagb_comment_info":0,"uagb_excerpt":"Qui\u00e9nes somos Esta p\u00e1gina web pertenece al equipo Digitale Lehre und Forschung que forma parte del decanato de la Philosophische Fakult\u00e4t de la Universidad de Z\u00farich y, consecuentemente, se rige por las leyes sobre los datos personales tanto cantonales (IDG), como nacionales (FADP) y europeas (DSGVO). Por lo tanto, el contenido de esta p\u00e1gina web&hellip;","_links":{"self":[{"href":"https:\/\/dlf.uzh.ch\/sites\/rurican\/wp-json\/wp\/v2\/pages\/104","targetHints":{"allow":["GET"]}}],"collection":[{"href":"https:\/\/dlf.uzh.ch\/sites\/rurican\/wp-json\/wp\/v2\/pages"}],"about":[{"href":"https:\/\/dlf.uzh.ch\/sites\/rurican\/wp-json\/wp\/v2\/types\/page"}],"author":[{"embeddable":true,"href":"https:\/\/dlf.uzh.ch\/sites\/rurican\/wp-json\/wp\/v2\/users\/685"}],"replies":[{"embeddable":true,"href":"https:\/\/dlf.uzh.ch\/sites\/rurican\/wp-json\/wp\/v2\/comments?post=104"}],"version-history":[{"count":6,"href":"https:\/\/dlf.uzh.ch\/sites\/rurican\/wp-json\/wp\/v2\/pages\/104\/revisions"}],"predecessor-version":[{"id":115,"href":"https:\/\/dlf.uzh.ch\/sites\/rurican\/wp-json\/wp\/v2\/pages\/104\/revisions\/115"}],"wp:attachment":[{"href":"https:\/\/dlf.uzh.ch\/sites\/rurican\/wp-json\/wp\/v2\/media?parent=104"}],"curies":[{"name":"wp","href":"https:\/\/api.w.org\/{rel}","templated":true}]}}