{"id":508,"date":"2025-09-03T11:15:40","date_gmt":"2025-09-03T09:15:40","guid":{"rendered":"https:\/\/dlf.uzh.ch\/sites\/memoriasdelaesclavitud\/?page_id=508"},"modified":"2025-09-03T15:48:10","modified_gmt":"2025-09-03T13:48:10","slug":"mesa-redonda","status":"publish","type":"page","link":"https:\/\/dlf.uzh.ch\/sites\/memoriasdelaesclavitud\/mesa-redonda\/","title":{"rendered":"Mesa redonda"},"content":{"rendered":"\n<p>\u00abAfro-descendant activism in Switzerland and the legacy of slavery\u00bb<\/p>\n\n\n\n<p>Como parte del programa del congreso internacional <strong><mark style=\"background-color:#ffffff;color:#d37818\" class=\"has-inline-color\">\u00abOtro espectro recorre el mundo. Pr\u00e1cticas, pol\u00edticas y est\u00e9ticas memorialistas de la esclavitud en Am\u00e9rica Latina y el Caribe\u00bb<\/mark><\/strong> invitamos a miembros de las organizaciones <a href=\"https:\/\/www.afroswissters.ch\/\"><strong><mark style=\"background-color:#ffffff;color:#d37818\" class=\"has-inline-color\">AfroSwissters<\/mark><\/strong><\/a> y <a href=\"https:\/\/africancouncil.ch\/\"><strong><mark style=\"background-color:#ffffff;color:#d37818\" class=\"has-inline-color\">African Diaspora Council of Switzerland (ADCS)<\/mark><\/strong><\/a>. La mesa redonda tendr\u00e1 lugar el d\u00eda <strong><mark style=\"background-color:#ffffff;color:#d37818\" class=\"has-inline-color\">viernes 26 de septiembre, de 17:30 hs. a 19:00 hs.<\/mark><\/strong><\/p>\n\n\n\n<div class=\"wp-block-uagb-image alignleft uagb-block-2df0db24 wp-block-uagb-image--layout-default wp-block-uagb-image--effect-static wp-block-uagb-image--align-left\"><figure class=\"wp-block-uagb-image__figure\"><img decoding=\"async\" src=\"https:\/\/dlf.uzh.ch\/sites\/memoriasdelaesclavitud\/files\/2025\/09\/Roundtable-Flyer-724x1024.jpg\" alt=\"\" class=\"uag-image-515\" width=\"620\" height=\"615\" title=\"Roundtable Flyer\" loading=\"lazy\" role=\"img\" \/><\/figure><\/div>\n","protected":false},"excerpt":{"rendered":"<p>\u00abAfro-descendant activism in Switzerland and the legacy of slavery\u00bb Como parte del programa del congreso internacional \u00abOtro espectro recorre el mundo. Pr\u00e1cticas, pol\u00edticas y est\u00e9ticas memorialistas de la esclavitud en Am\u00e9rica Latina y el Caribe\u00bb invitamos a miembros de las organizaciones AfroSwissters y African Diaspora Council of Switzerland (ADCS). La mesa redonda tendr\u00e1 lugar el&hellip; <a class=\"more-link\" href=\"https:\/\/dlf.uzh.ch\/sites\/memoriasdelaesclavitud\/mesa-redonda\/\">Read More <span class=\"screen-reader-text\">Mesa redonda<\/span><\/a><\/p>\n","protected":false},"author":676,"featured_media":0,"parent":0,"menu_order":0,"comment_status":"closed","ping_status":"closed","template":"","meta":{"_uag_custom_page_level_css":"","footnotes":""},"class_list":["post-508","page","type-page","status-publish","hentry"],"uagb_featured_image_src":{"full":false,"thumbnail":false,"medium":false,"medium_large":false,"large":false,"1536x1536":false,"2048x2048":false,"cerauno-home":false,"cerauno-header":false,"cerauno-site-logo":false},"uagb_author_info":{"display_name":"vholze","author_link":"https:\/\/dlf.uzh.ch\/sites\/memoriasdelaesclavitud\/author\/vholze\/"},"uagb_comment_info":0,"uagb_excerpt":"\u00abAfro-descendant activism in Switzerland and the legacy of slavery\u00bb Como parte del programa del congreso internacional \u00abOtro espectro recorre el mundo. Pr\u00e1cticas, pol\u00edticas y est\u00e9ticas memorialistas de la esclavitud en Am\u00e9rica Latina y el Caribe\u00bb invitamos a miembros de las organizaciones AfroSwissters y African Diaspora Council of Switzerland (ADCS). La mesa redonda tendr\u00e1 lugar el&hellip;&hellip;","_links":{"self":[{"href":"https:\/\/dlf.uzh.ch\/sites\/memoriasdelaesclavitud\/wp-json\/wp\/v2\/pages\/508","targetHints":{"allow":["GET"]}}],"collection":[{"href":"https:\/\/dlf.uzh.ch\/sites\/memoriasdelaesclavitud\/wp-json\/wp\/v2\/pages"}],"about":[{"href":"https:\/\/dlf.uzh.ch\/sites\/memoriasdelaesclavitud\/wp-json\/wp\/v2\/types\/page"}],"author":[{"embeddable":true,"href":"https:\/\/dlf.uzh.ch\/sites\/memoriasdelaesclavitud\/wp-json\/wp\/v2\/users\/676"}],"replies":[{"embeddable":true,"href":"https:\/\/dlf.uzh.ch\/sites\/memoriasdelaesclavitud\/wp-json\/wp\/v2\/comments?post=508"}],"version-history":[{"count":10,"href":"https:\/\/dlf.uzh.ch\/sites\/memoriasdelaesclavitud\/wp-json\/wp\/v2\/pages\/508\/revisions"}],"predecessor-version":[{"id":579,"href":"https:\/\/dlf.uzh.ch\/sites\/memoriasdelaesclavitud\/wp-json\/wp\/v2\/pages\/508\/revisions\/579"}],"wp:attachment":[{"href":"https:\/\/dlf.uzh.ch\/sites\/memoriasdelaesclavitud\/wp-json\/wp\/v2\/media?parent=508"}],"curies":[{"name":"wp","href":"https:\/\/api.w.org\/{rel}","templated":true}]}}