{"id":372,"date":"2025-08-13T16:28:39","date_gmt":"2025-08-13T14:28:39","guid":{"rendered":"https:\/\/dlf.uzh.ch\/sites\/memoriasdelaesclavitud\/?page_id=372"},"modified":"2025-08-17T16:24:55","modified_gmt":"2025-08-17T14:24:55","slug":"fernanda-felisberto","status":"publish","type":"page","link":"https:\/\/dlf.uzh.ch\/sites\/memoriasdelaesclavitud\/fernanda-felisberto\/","title":{"rendered":"Fernanda Felisberto"},"content":{"rendered":"\n<p><strong>Narrativas de liberdade: rastros autobiogr\u00e1ficos em testamentos de mulheres forras do s\u00e9culo XIX.<\/strong><\/p>\n\n\n\n<p>O presente trabalho tem por objetivo construir uma leitura \u00e0 luz dos estudos liter\u00e1rios, por meio do\u00a0 testamento de mulheres forras do s\u00e9culo XIX, provocando um deslocamento da fonte hist\u00f3rica, para uma possibilidade de interpreta\u00e7\u00e3o liter\u00e1ria, pensando uma via alternativa para entender estes manuscritos , como narrativas autobiogr\u00e1ficas destas mulheres. Pensar nestes relatos, como estrat\u00e9gias de pertencimento, e de registro de mem\u00f3ria, em uma comunidade que o c\u00f3digo da escrita, n\u00e3o era uma pratica autorizada.<\/p>\n","protected":false},"excerpt":{"rendered":"<p>Narrativas de liberdade: rastros autobiogr\u00e1ficos em testamentos de mulheres forras do s\u00e9culo XIX. O presente trabalho tem por objetivo construir uma leitura \u00e0 luz dos estudos liter\u00e1rios, por meio do\u00a0 testamento de mulheres forras do s\u00e9culo XIX, provocando um deslocamento da fonte hist\u00f3rica, para uma possibilidade de interpreta\u00e7\u00e3o liter\u00e1ria, pensando uma via alternativa para entender&hellip; <a class=\"more-link\" href=\"https:\/\/dlf.uzh.ch\/sites\/memoriasdelaesclavitud\/fernanda-felisberto\/\">Read More <span class=\"screen-reader-text\">Fernanda Felisberto<\/span><\/a><\/p>\n","protected":false},"author":967,"featured_media":0,"parent":0,"menu_order":0,"comment_status":"closed","ping_status":"closed","template":"","meta":{"_uag_custom_page_level_css":"","footnotes":""},"class_list":["post-372","page","type-page","status-publish","hentry"],"uagb_featured_image_src":{"full":false,"thumbnail":false,"medium":false,"medium_large":false,"large":false,"1536x1536":false,"2048x2048":false,"cerauno-home":false,"cerauno-header":false,"cerauno-site-logo":false},"uagb_author_info":{"display_name":"sohoff","author_link":"https:\/\/dlf.uzh.ch\/sites\/memoriasdelaesclavitud\/author\/sohoff\/"},"uagb_comment_info":0,"uagb_excerpt":"Narrativas de liberdade: rastros autobiogr\u00e1ficos em testamentos de mulheres forras do s\u00e9culo XIX. O presente trabalho tem por objetivo construir uma leitura \u00e0 luz dos estudos liter\u00e1rios, por meio do\u00a0 testamento de mulheres forras do s\u00e9culo XIX, provocando um deslocamento da fonte hist\u00f3rica, para uma possibilidade de interpreta\u00e7\u00e3o liter\u00e1ria, pensando uma via alternativa para entender&hellip;&hellip;","_links":{"self":[{"href":"https:\/\/dlf.uzh.ch\/sites\/memoriasdelaesclavitud\/wp-json\/wp\/v2\/pages\/372","targetHints":{"allow":["GET"]}}],"collection":[{"href":"https:\/\/dlf.uzh.ch\/sites\/memoriasdelaesclavitud\/wp-json\/wp\/v2\/pages"}],"about":[{"href":"https:\/\/dlf.uzh.ch\/sites\/memoriasdelaesclavitud\/wp-json\/wp\/v2\/types\/page"}],"author":[{"embeddable":true,"href":"https:\/\/dlf.uzh.ch\/sites\/memoriasdelaesclavitud\/wp-json\/wp\/v2\/users\/967"}],"replies":[{"embeddable":true,"href":"https:\/\/dlf.uzh.ch\/sites\/memoriasdelaesclavitud\/wp-json\/wp\/v2\/comments?post=372"}],"version-history":[{"count":2,"href":"https:\/\/dlf.uzh.ch\/sites\/memoriasdelaesclavitud\/wp-json\/wp\/v2\/pages\/372\/revisions"}],"predecessor-version":[{"id":433,"href":"https:\/\/dlf.uzh.ch\/sites\/memoriasdelaesclavitud\/wp-json\/wp\/v2\/pages\/372\/revisions\/433"}],"wp:attachment":[{"href":"https:\/\/dlf.uzh.ch\/sites\/memoriasdelaesclavitud\/wp-json\/wp\/v2\/media?parent=372"}],"curies":[{"name":"wp","href":"https:\/\/api.w.org\/{rel}","templated":true}]}}