{"id":1217,"date":"2023-08-25T12:25:58","date_gmt":"2023-08-25T10:25:58","guid":{"rendered":"https:\/\/dlf.uzh.ch\/sites\/medioscope\/?page_id=1217"},"modified":"2024-08-25T16:18:14","modified_gmt":"2024-08-25T14:18:14","slug":"hoehlen","status":"publish","type":"page","link":"https:\/\/dlf.uzh.ch\/sites\/medioscope\/hoehlen\/","title":{"rendered":"H\u00f6hlen"},"content":{"rendered":"<div class=\"wpb-content-wrapper\"><p>[vc_row][vc_column][vc_column_text]Den Anfang der Blog-Serien macht Sarah M\u00f6ller, wissenschaftliche Mitarbeiterin in der \u00c4DL der UZH, die uns gemeinsam mit ihrem Seminar in verschiedenste H\u00f6hlen des Mittelalters und der Fr\u00fchen Neuzeit f\u00fchrt und bei diesen Erkundungen die Logik dieser R\u00e4ume als Anderswelten erschlie\u00dft.[\/vc_column_text][\/vc_column][\/vc_row][vc_row][vc_column][vc_basic_grid post_type=&#8220;post&#8220; max_items=&#8220;9&#8243; item=&#8220;masonryGrid_Default&#8220; css=&#8220;&#8220; grid_id=&#8220;vc_gid:1724595482963-83467ccb-6602-4&#8243; taxonomies=&#8220;62&#8243;][\/vc_column][\/vc_row]<\/p>\n<\/div>","protected":false},"excerpt":{"rendered":"<p>[vc_row][vc_column][vc_column_text]Den Anfang der Blog-Serien macht Sarah M\u00f6ller, wissenschaftliche Mitarbeiterin in der \u00c4DL der UZH, die uns gemeinsam mit ihrem Seminar in verschiedenste H\u00f6hlen des Mittelalters und der Fr\u00fchen Neuzeit f\u00fchrt und bei diesen Erkundungen die Logik dieser R\u00e4ume als Anderswelten erschlie\u00dft.[\/vc_column_text][\/vc_column][\/vc_row][vc_row][vc_column][vc_basic_grid post_type=&#8220;post&#8220; max_items=&#8220;9&#8243; item=&#8220;masonryGrid_Default&#8220; css=&#8220;&#8220; grid_id=&#8220;vc_gid:1724595482963-83467ccb-6602-4&#8243; taxonomies=&#8220;62&#8243;][\/vc_column][\/vc_row]<span class=\"more-link\"><a href=\"https:\/\/dlf.uzh.ch\/sites\/medioscope\/hoehlen\/\">Weiterlesen&#8230;<\/a><\/span><\/p>\n","protected":false},"author":776,"featured_media":0,"parent":0,"menu_order":0,"comment_status":"closed","ping_status":"closed","template":"","meta":{"_FSMCFIC_featured_image_caption":"","_FSMCFIC_featured_image_nocaption":"","_FSMCFIC_featured_image_hide":"","footnotes":""},"class_list":["entry","author-ppelli","post-1217","page","type-page","status-publish"],"_links":{"self":[{"href":"https:\/\/dlf.uzh.ch\/sites\/medioscope\/wp-json\/wp\/v2\/pages\/1217","targetHints":{"allow":["GET"]}}],"collection":[{"href":"https:\/\/dlf.uzh.ch\/sites\/medioscope\/wp-json\/wp\/v2\/pages"}],"about":[{"href":"https:\/\/dlf.uzh.ch\/sites\/medioscope\/wp-json\/wp\/v2\/types\/page"}],"author":[{"embeddable":true,"href":"https:\/\/dlf.uzh.ch\/sites\/medioscope\/wp-json\/wp\/v2\/users\/776"}],"replies":[{"embeddable":true,"href":"https:\/\/dlf.uzh.ch\/sites\/medioscope\/wp-json\/wp\/v2\/comments?post=1217"}],"version-history":[{"count":3,"href":"https:\/\/dlf.uzh.ch\/sites\/medioscope\/wp-json\/wp\/v2\/pages\/1217\/revisions"}],"predecessor-version":[{"id":1473,"href":"https:\/\/dlf.uzh.ch\/sites\/medioscope\/wp-json\/wp\/v2\/pages\/1217\/revisions\/1473"}],"wp:attachment":[{"href":"https:\/\/dlf.uzh.ch\/sites\/medioscope\/wp-json\/wp\/v2\/media?parent=1217"}],"curies":[{"name":"wp","href":"https:\/\/api.w.org\/{rel}","templated":true}]}}