{"id":47,"date":"2022-03-10T17:08:37","date_gmt":"2022-03-10T17:08:37","guid":{"rendered":"https:\/\/dlf.uzh.ch\/sites\/maedchenfantasien\/?page_id=47"},"modified":"2022-03-15T17:08:11","modified_gmt":"2022-03-15T17:08:11","slug":"anfahrt","status":"publish","type":"page","link":"https:\/\/dlf.uzh.ch\/sites\/maedchenfantasien\/anfahrt\/","title":{"rendered":"Anfahrt"},"content":{"rendered":"<div class=\"wpb-content-wrapper\"><p>[vc_row][vc_column][vc_column_text]<strong>Tagungsort<\/strong><\/p>\n<p>Kleine Aula<br \/>\nGeb\u00e4ude RAA, Raum G-01<\/p>\n<p>R\u00e4mistrasse 59<br \/>\n8001 Z\u00fcrich[\/vc_column_text][vc_gmaps link=&#8220;#E-8_JTNDaWZyYW1lJTIwc3JjJTNEJTIyaHR0cHMlM0ElMkYlMkZ3d3cuZ29vZ2xlLmNvbSUyRm1hcHMlMkZlbWJlZCUzRnBiJTNEJTIxMW0xNCUyMTFtOCUyMTFtMyUyMTFkMTA4MDguMTY1NTA3NTA5MTgyJTIxMmQ4LjU1MDEyODIlMjEzZDQ3LjM3MjExMDklMjEzbTIlMjExaTEwMjQlMjEyaTc2OCUyMTRmMTMuMSUyMTNtMyUyMTFtMiUyMTFzMHgwJTI1M0EweDJjNmM3NGE2ZGEyYzE5MjQlMjEyc1JhYS1HLTAxJTIxNWUwJTIxM20yJTIxMXNkZSUyMTJzY2glMjE0djE2NDczNjM5NzQ4MDMlMjE1bTIlMjExc2RlJTIxMnNjaCUyMiUyMHdpZHRoJTNEJTIyNjAwJTIyJTIwaGVpZ2h0JTNEJTIyNDUwJTIyJTIwc3R5bGUlM0QlMjJib3JkZXIlM0EwJTNCJTIyJTIwYWxsb3dmdWxsc2NyZWVuJTNEJTIyJTIyJTIwbG9hZGluZyUzRCUyMmxhenklMjIlM0UlM0MlMkZpZnJhbWUlM0U=&#8220;][\/vc_column][\/vc_row]<\/p>\n<\/div>","protected":false},"excerpt":{"rendered":"<p>[vc_row][vc_column][vc_column_text]Tagungsort Kleine Aula Geb\u00e4ude RAA, Raum G-01 R\u00e4mistrasse 59 8001 Z\u00fcrich[\/vc_column_text][vc_gmaps link=&#8220;#E-8_JTNDaWZyYW1lJTIwc3JjJTNEJTIyaHR0cHMlM0ElMkYlMkZ3d3cuZ29vZ2xlLmNvbSUyRm1hcHMlMkZlbWJlZCUzRnBiJTNEJTIxMW0xNCUyMTFtOCUyMTFtMyUyMTFkMTA4MDguMTY1NTA3NTA5MTgyJTIxMmQ4LjU1MDEyODIlMjEzZDQ3LjM3MjExMDklMjEzbTIlMjExaTEwMjQlMjEyaTc2OCUyMTRmMTMuMSUyMTNtMyUyMTFtMiUyMTFzMHgwJTI1M0EweDJjNmM3NGE2ZGEyYzE5MjQlMjEyc1JhYS1HLTAxJTIxNWUwJTIxM20yJTIxMXNkZSUyMTJzY2glMjE0djE2NDczNjM5NzQ4MDMlMjE1bTIlMjExc2RlJTIxMnNjaCUyMiUyMHdpZHRoJTNEJTIyNjAwJTIyJTIwaGVpZ2h0JTNEJTIyNDUwJTIyJTIwc3R5bGUlM0QlMjJib3JkZXIlM0EwJTNCJTIyJTIwYWxsb3dmdWxsc2NyZWVuJTNEJTIyJTIyJTIwbG9hZGluZyUzRCUyMmxhenklMjIlM0UlM0MlMkZpZnJhbWUlM0U=&#8220;][\/vc_column][\/vc_row]<\/p>\n","protected":false},"author":765,"featured_media":0,"parent":0,"menu_order":0,"comment_status":"closed","ping_status":"closed","template":"","meta":{"_acf_changed":false,"neve_meta_sidebar":"","neve_meta_container":"","neve_meta_enable_content_width":"","neve_meta_content_width":0,"neve_meta_title_alignment":"","neve_meta_author_avatar":"","neve_post_elements_order":"","neve_meta_disable_header":"","neve_meta_disable_footer":"","neve_meta_disable_title":"","_FSMCFIC_featured_image_caption":"","_FSMCFIC_featured_image_nocaption":null,"_FSMCFIC_featured_image_hide":null,"footnotes":""},"class_list":["post-47","page","type-page","status-publish","hentry"],"acf":[],"_links":{"self":[{"href":"https:\/\/dlf.uzh.ch\/sites\/maedchenfantasien\/wp-json\/wp\/v2\/pages\/47","targetHints":{"allow":["GET"]}}],"collection":[{"href":"https:\/\/dlf.uzh.ch\/sites\/maedchenfantasien\/wp-json\/wp\/v2\/pages"}],"about":[{"href":"https:\/\/dlf.uzh.ch\/sites\/maedchenfantasien\/wp-json\/wp\/v2\/types\/page"}],"author":[{"embeddable":true,"href":"https:\/\/dlf.uzh.ch\/sites\/maedchenfantasien\/wp-json\/wp\/v2\/users\/765"}],"replies":[{"embeddable":true,"href":"https:\/\/dlf.uzh.ch\/sites\/maedchenfantasien\/wp-json\/wp\/v2\/comments?post=47"}],"version-history":[{"count":8,"href":"https:\/\/dlf.uzh.ch\/sites\/maedchenfantasien\/wp-json\/wp\/v2\/pages\/47\/revisions"}],"predecessor-version":[{"id":195,"href":"https:\/\/dlf.uzh.ch\/sites\/maedchenfantasien\/wp-json\/wp\/v2\/pages\/47\/revisions\/195"}],"wp:attachment":[{"href":"https:\/\/dlf.uzh.ch\/sites\/maedchenfantasien\/wp-json\/wp\/v2\/media?parent=47"}],"curies":[{"name":"wp","href":"https:\/\/api.w.org\/{rel}","templated":true}]}}