{"id":39,"date":"2022-03-10T16:54:20","date_gmt":"2022-03-10T16:54:20","guid":{"rendered":"https:\/\/dlf.uzh.ch\/sites\/maedchenfantasien\/?page_id=39"},"modified":"2022-06-01T18:55:06","modified_gmt":"2022-06-01T18:55:06","slug":"programm","status":"publish","type":"page","link":"https:\/\/dlf.uzh.ch\/sites\/maedchenfantasien\/programm\/","title":{"rendered":"Programm"},"content":{"rendered":"<p><strong>Donnerstag, 2.6.<\/strong><\/p>\n<table style=\"width: 38.9662027833002%;border-collapse: collapse;border-style: none;height: 450px\">\n<tbody>\n<tr style=\"height: 60px\">\n<td style=\"width: 4.791025999440873%;height: 60px;text-align: center\">13:00-13:30<\/td>\n<td style=\"width: 15.74760755491559%;height: 60px;text-align: center\"><span style=\"font-size: 14pt\">Moritz Ege &amp; Anja Schwanh\u00e4u\u00dfer:<br \/>\nM\u00e4dchen*Fantasien. Er\u00f6ffnung<\/span><\/td>\n<\/tr>\n<tr style=\"height: 150px\">\n<td style=\"width: 4.791025999440873%;height: 150px;text-align: center\">13:30-14:30<\/td>\n<td style=\"width: 15.74760755491559%;height: 150px;text-align: center\"><span style=\"font-size: 14pt\"><strong>KEYNOTE<br \/>\n<\/strong>Marcia Chatelain:<br \/>\nFinding the Girl in the Archive. What Children\u2019s History Can Teach Us About Historical Research<\/p>\n<p><\/span><span style=\"font-family: inherit;font-size: 10pt\">Moderation: Moritz Ege<\/span><\/td>\n<\/tr>\n<tr style=\"height: 30px\">\n<td style=\"width: 4.791025999440873%;height: 30px;text-align: center\">14:30-15:00<\/td>\n<td style=\"width: 15.74760755491559%;height: 30px;text-align: center\">Pause<\/td>\n<\/tr>\n<tr style=\"height: 30px\">\n<td style=\"width: 4.791025999440873%;height: 30px;text-align: center\">15:00-15:45<\/td>\n<td style=\"width: 15.74760755491559%;height: 30px;text-align: center\"><span style=\"font-size: 14pt\">Nicola Behrmann:<br \/>\nDas enthusiastische M\u00e4dchen<\/p>\n<p><\/span><span class=\"TextRun SCXW183922016 BCX9\" lang=\"DE-CH\" style=\"font-size: 10pt;font-family: inherit\" xml:lang=\"DE-CH\" data-contrast=\"auto\"><span class=\"NormalTextRun SCXW183922016 BCX9\">Moderation: Anja Schwanh\u00e4u\u00dfer<\/span><\/span><span class=\"EOP SCXW183922016 BCX9\" style=\"font-size: 10pt;font-family: inherit\" data-ccp-props=\"{&quot;335551550&quot;:2,&quot;335551620&quot;:2}\">\u00a0<\/span><\/td>\n<\/tr>\n<tr style=\"height: 30px\">\n<td style=\"width: 4.791025999440873%;height: 30px;text-align: center\">15:45-16:30<\/td>\n<td style=\"width: 15.74760755491559%;height: 30px;text-align: center\"><span style=\"font-size: 14pt\">Catharina R\u00fc\u00df:<br \/>\nWildf\u00e4nge au\u00dfer Rand und Band. Pop-M\u00e4dchen des fr\u00fchen 20. Jahrhunderts<\/p>\n<p><\/span><span style=\"font-size: 10pt;font-family: inherit\">Moderation: Anja Schwanh\u00e4u\u00dfer<\/span><\/td>\n<\/tr>\n<tr style=\"height: 30px\">\n<td style=\"width: 4.791025999440873%;height: 30px;text-align: center\">16:30-16:45<\/td>\n<td style=\"width: 15.74760755491559%;height: 30px;text-align: center\">Pause<\/td>\n<\/tr>\n<tr style=\"height: 30px\">\n<td style=\"width: 4.791025999440873%;height: 30px;text-align: center\">16:45-17:30<\/td>\n<td style=\"width: 15.74760755491559%;height: 30px;text-align: center\"><span style=\"font-size: 14pt\">Malte V\u00f6lk:<br \/>\n\u00abEsthers Tageb\u00fccher\u00bb \u2013 Ein Comic \u00fcber ein echtes M\u00e4dchen<\/p>\n<p><\/span><span style=\"font-size: 10pt;font-family: inherit\">Moderation: Marketa Spiritova<\/span><\/td>\n<\/tr>\n<tr style=\"height: 30px\">\n<td style=\"width: 4.791025999440873%;height: 30px;text-align: center\">17:30-18:15<\/td>\n<td style=\"width: 15.74760755491559%;height: 30px;text-align: center\"><span style=\"font-size: 14pt\">Birke Sturm:<br \/>\nSch\u00f6ne M\u00e4dchen*. Emanzipatorisches Sch\u00f6nheitshandeln in der Bravo Girl<\/p>\n<p><\/span><span style=\"font-size: 10pt;font-family: inherit\">Moderation: Marketa Spiritova<\/span><\/td>\n<\/tr>\n<tr style=\"height: 30px\">\n<td style=\"width: 4.791025999440873%;height: 30px;text-align: center\">ab 18:15<\/td>\n<td style=\"width: 15.74760755491559%;height: 30px;text-align: center\">Ap\u00e9ro<\/td>\n<\/tr>\n<tr style=\"height: 30px\">\n<td style=\"width: 4.791025999440873%;height: 30px;text-align: center\">ab 20:00<\/td>\n<td style=\"width: 15.74760755491559%;height: 30px;text-align: center\">\n<p style=\"text-align: center\"><span style=\"font-size: 14pt\">Filmscreening:<br \/>\nLadies and Gentlemen, the Fabulous Stains<\/span><\/p>\n<p style=\"text-align: center\"><span style=\"font-size: 14pt\">+ Diana Weis Lecture<\/p>\n<p><\/span><span style=\"font-size: 10pt\">Moderation: Anja Schwanh\u00e4u\u00dfer<\/span><\/p>\n<\/td>\n<\/tr>\n<\/tbody>\n<\/table>\n<p>&nbsp;<\/p>\n<p>&nbsp;<\/p>\n<p>&nbsp;<\/p>\n<p><strong>Freitag, 3.6<\/strong><\/p>\n<table style=\"height: 856px;width: 38.63485752153744%;border-style: none;border-color: #ef94bf\">\n<tbody>\n<tr style=\"height: 120px\">\n<td style=\"width: 10.559971704915991%;height: 120px;text-align: center\">9:00-9:45<\/td>\n<td style=\"width: 33.70259742836218%;height: 120px;text-align: center\"><span style=\"font-size: 14pt\">Levke Rehders:<br \/>\n\u00abRevolution Grrrl Style Now\u00bb. Gender- und Stilpraxen von M\u00e4dchen und jungen Frauen der deutschen Riot Grrrl Subkultur zwischen 1990-2000<\/p>\n<p><\/span><span class=\"TextRun SCXW57760207 BCX9\" lang=\"EN-US\" style=\"font-size: 10pt;font-family: inherit\" xml:lang=\"EN-US\" data-contrast=\"auto\"><span class=\"NormalTextRun SCXW57760207 BCX9\">Moderation: Julian <\/span><span class=\"NormalTextRun SCXW57760207 BCX9\">Schmitzberger<\/span><\/span><span class=\"EOP SCXW57760207 BCX9\" style=\"font-size: 10pt;font-family: inherit\" data-ccp-props=\"{&quot;335551550&quot;:2,&quot;335551620&quot;:2}\">\u00a0<\/span><\/td>\n<\/tr>\n<tr style=\"height: 30px\">\n<td style=\"width: 10.559971704915991%;height: 30px;text-align: center\">9:45-10:30<\/td>\n<td style=\"width: 33.70259742836218%;height: 30px;text-align: center\"><span style=\"font-size: 14pt\">Lea Jung:<br \/>\nRiot Grrrls revisited?<\/p>\n<p><\/span><span class=\"NormalTextRun SCXW57760207 BCX9\" style=\"font-size: 10pt;font-family: inherit\">Moderation: Julian <\/span><span class=\"NormalTextRun SCXW57760207 BCX9\" style=\"font-size: 10pt;font-family: inherit\">Schmitzberger<\/span><\/td>\n<\/tr>\n<tr style=\"height: 30px\">\n<td style=\"width: 10.559971704915991%;height: 30px;text-align: center\">10:30-11:00<\/td>\n<td style=\"width: 33.70259742836218%;height: 30px;text-align: center\">Pause<\/td>\n<\/tr>\n<tr style=\"height: 60px\">\n<td style=\"width: 10.559971704915991%;height: 60px;text-align: center\">11:00-11:45<\/td>\n<td style=\"width: 33.70259742836218%;height: 60px;text-align: center\"><span style=\"font-size: 14pt\">Anne-Kathrin Kohout:<br \/>\nGirls und Panzer. Wie impotent ist Niedlichkeit<\/p>\n<p><\/span><span class=\"TextRun SCXW31114492 BCX9\" lang=\"DE-CH\" style=\"font-size: 10pt;font-family: inherit\" xml:lang=\"DE-CH\" data-contrast=\"auto\"><span class=\"NormalTextRun SCXW31114492 BCX9\">Moderation: Maximilian <\/span><span class=\"NormalTextRun SpellingErrorV2Themed SCXW31114492 BCX9\">Jablonowski<\/span><\/span><span class=\"EOP SCXW31114492 BCX9\" style=\"font-size: 10pt;font-family: inherit\" data-ccp-props=\"{&quot;335551550&quot;:2,&quot;335551620&quot;:2}\">\u00a0<\/span><\/td>\n<\/tr>\n<tr style=\"height: 60px\">\n<td style=\"width: 10.559971704915991%;height: 60px;text-align: center\">11:45-12:30<\/td>\n<td style=\"width: 33.70259742836218%;height: 60px;text-align: center\"><span style=\"font-size: 14pt\">Christine L\u00f6tscher:<br \/>\nQueering Girls. M\u00e4dchen*fantasien in Coming-of-Age-Serien<\/p>\n<p><\/span><span class=\"NormalTextRun SCXW31114492 BCX9\" style=\"font-size: 10pt;font-family: inherit\">Moderation: Maximilian <\/span><span class=\"NormalTextRun SpellingErrorV2Themed SCXW31114492 BCX9\" style=\"font-size: 10pt;font-family: inherit\">Jablonowski<\/span><\/td>\n<\/tr>\n<tr style=\"height: 30px\">\n<td style=\"width: 10.559971704915991%;height: 30px;text-align: center\">12:30-14:00<\/td>\n<td style=\"width: 33.70259742836218%;height: 30px;text-align: center\">Mittagspause<\/td>\n<\/tr>\n<tr style=\"height: 196px\">\n<td style=\"width: 10.559971704915991%;height: 196px;text-align: center\">14:00-15:00<\/td>\n<td style=\"width: 33.70259742836218%;height: 196px;text-align: center\">\n<p style=\"text-align: center\"><span style=\"font-size: 14pt\">Lesung und Diskussion mit<\/span><br \/>\n<span style=\"font-size: 14pt\">Melinda Nadj Abonji<\/p>\n<p><\/span><span style=\"font-size: 10pt\">Moderation: Christine L\u00f6tscher<\/span><\/p>\n<\/td>\n<\/tr>\n<tr style=\"height: 30px\">\n<td style=\"width: 10.559971704915991%;height: 30px;text-align: center\">15:00-15:15<\/td>\n<td style=\"width: 33.70259742836218%;height: 30px;text-align: center\">Pause<\/td>\n<\/tr>\n<tr style=\"height: 60px\">\n<td style=\"width: 10.559971704915991%;height: 60px;text-align: center\">15:15-16:00<\/td>\n<td style=\"width: 33.70259742836218%;height: 60px;text-align: center\"><span style=\"font-size: 14pt\">Anja Schwanh\u00e4u\u00dfer:<br \/>\nPferdem\u00e4dchen. Gef\u00fchlsstruktur einer Subkultur<\/p>\n<p><\/span><span style=\"font-size: 10pt;font-family: inherit\">Moderation: Brigitte Frizzoni<\/span><\/td>\n<\/tr>\n<tr style=\"height: 60px\">\n<td style=\"width: 10.559971704915991%;height: 60px;text-align: center\">16:00-16:45<\/td>\n<td style=\"width: 33.70259742836218%;height: 60px;text-align: center\"><span style=\"font-size: 14pt\">Stefan Wellgraf:<br \/>\nSkingirls. Junge Frauen in gewaltorientierten rechten Szenen<\/p>\n<p><\/span><span style=\"font-size: 10pt;font-family: inherit\">Moderation: Brigitte Frizzoni<\/span><\/td>\n<\/tr>\n<tr style=\"height: 30px\">\n<td style=\"width: 10.559971704915991%;height: 30px;text-align: center\">16:45-17:15<\/td>\n<td style=\"width: 33.70259742836218%;height: 30px;text-align: center\">Pause \/ Snacks<\/td>\n<\/tr>\n<tr style=\"height: 90px\">\n<td style=\"width: 10.559971704915991%;height: 90px;text-align: center\">17:15-18:00<\/td>\n<td style=\"width: 33.70259742836218%;height: 90px;text-align: center\"><span style=\"font-size: 14pt\">Laura McAdam-Otto:<br \/>\nWeiblichkeit in Bewegung. Aushandlungen von\u00a0wirkm\u00e4chtigen\u00a0Selbst- und Fremdpositionierungen\u00a0im Grenzregime<\/p>\n<p><\/span><span style=\"font-size: 10pt;font-family: inherit\">Moderation: Laura B\u00e4umel<\/span><\/td>\n<\/tr>\n<tr style=\"height: 30px\">\n<td style=\"width: 10.559971704915991%;height: 30px;text-align: center\">18:00-18:15<\/td>\n<td style=\"width: 33.70259742836218%;height: 30px;text-align: center\">Pause<\/td>\n<\/tr>\n<tr style=\"height: 30px\">\n<td style=\"width: 10.559971704915991%;height: 30px;text-align: center\">18:15-19:30<\/td>\n<td style=\"width: 33.70259742836218%;height: 30px;text-align: center\"><span style=\"font-size: 14pt\">Roundtable:<br \/>\nM\u00e4dchenhafte Academia mit Elisabeth Bronfen et. al.<\/p>\n<p><\/span><span style=\"font-size: 10pt;font-family: inherit\">Moderation: Marcy Goldberg<\/span><\/td>\n<\/tr>\n<\/tbody>\n<\/table>\n<p>&nbsp;<\/p>\n<p>&nbsp;<\/p>\n<p>&nbsp;<\/p>\n<p><strong>Samstag, 4.6.<\/strong><\/p>\n<table style=\"width: 38.634857521537434%;border-style: none;border-color: #ef94bf;height: 332px\">\n<tbody>\n<tr>\n<td><\/td>\n<td><\/td>\n<\/tr>\n<tr style=\"height: 96px\">\n<td style=\"width: 9.401229177182175%;text-align: center;height: 96px\">9:45-10:30<\/td>\n<td style=\"width: 29.63675689909824%;text-align: center;height: 96px\"><span style=\"font-size: 14pt\">Stella Kuklinski\u00a0 &amp; Petra Schmidt:<br \/>\n\u00abFreche\u00bb Moms. Juvenalisierungspraktiken von M\u00fcttern auf Momblogs<br \/>\n<span style=\"font-family: inherit;font-size: 10pt\"><br \/>\nModeration: Christine H\u00e4mmerling<\/span><br \/>\n<\/span><\/td>\n<\/tr>\n<tr style=\"height: 48px\">\n<td style=\"width: 9.401229177182175%;text-align: center;height: 48px\">10:30-10:45<\/td>\n<td style=\"width: 29.63675689909824%;text-align: center;height: 48px\">Pause<\/td>\n<\/tr>\n<tr style=\"height: 144px\">\n<td style=\"width: 9.401229177182175%;text-align: center;height: 144px\">10:45-11:30<\/td>\n<td style=\"width: 29.63675689909824%;text-align: center;height: 144px\"><span style=\"font-size: 14pt\">Martina R\u00f6thl:<br \/>\n\u2026dass es eines der h\u00e4rtestens Dinge in unserer Welt ist, ein M\u00e4dchen zu sein. Zum Subjektivierungspotenzial feministischer (?) Identit\u00e4tsangebote<\/p>\n<p><\/span><span style=\"font-size: 10pt;font-family: inherit\">Moderation: Christine H\u00e4mmerling<\/span><\/td>\n<\/tr>\n<tr style=\"height: 10px\">\n<td style=\"width: 9.401229177182175%;text-align: center;height: 10px\">11:30-12:15<\/td>\n<td style=\"width: 29.63675689909824%;text-align: center;height: 10px\"><span style=\"font-size: 14pt\">Julian Schmitzberger:<br \/>\nAusgeh-Logb\u00fccher einer Katze. Zur m\u00e4dchenhaften Poetik des Nachtlebens<\/p>\n<p><\/span><span style=\"font-size: 10pt;font-family: inherit\">Moderation: Christine H\u00e4mmerling<\/span><\/td>\n<\/tr>\n<tr style=\"height: 24px\">\n<td style=\"width: 9.401229177182175%;text-align: center;height: 24px\">13:00<\/td>\n<td style=\"width: 29.63675689909824%;text-align: center;height: 24px\"><span style=\"font-size: 14pt\">Helen Ahner:<br \/>\nSchlusskommentar<\/p>\n<p><\/span><span style=\"font-size: 10pt;font-family: inherit\">Moderation: Veranstaltungsgruppe<\/span><\/td>\n<\/tr>\n<\/tbody>\n<\/table>\n<p>&nbsp;<\/p>\n","protected":false},"excerpt":{"rendered":"<p>Donnerstag, 2.6. 13:00-13:30 Moritz Ege &amp; Anja Schwanh\u00e4u\u00dfer: M\u00e4dchen*Fantasien. Er\u00f6ffnung 13:30-14:30 KEYNOTE Marcia Chatelain: Finding the Girl in the Archive. What Children\u2019s History Can Teach Us About Historical Research Moderation: Moritz Ege 14:30-15:00 Pause 15:00-15:45 Nicola Behrmann: Das enthusiastische M\u00e4dchen Moderation: Anja Schwanh\u00e4u\u00dfer\u00a0 15:45-16:30 Catharina R\u00fc\u00df: Wildf\u00e4nge au\u00dfer Rand und Band. Pop-M\u00e4dchen des fr\u00fchen 20.&hellip;&nbsp;<a href=\"https:\/\/dlf.uzh.ch\/sites\/maedchenfantasien\/programm\/\" rel=\"bookmark\">Weiterlesen &raquo;<span class=\"screen-reader-text\">Programm<\/span><\/a><\/p>\n","protected":false},"author":765,"featured_media":0,"parent":0,"menu_order":0,"comment_status":"closed","ping_status":"closed","template":"","meta":{"_acf_changed":false,"neve_meta_sidebar":"","neve_meta_container":"","neve_meta_enable_content_width":"off","neve_meta_content_width":100,"neve_meta_title_alignment":"","neve_meta_author_avatar":"","neve_post_elements_order":"","neve_meta_disable_header":"","neve_meta_disable_footer":"","neve_meta_disable_title":"","_FSMCFIC_featured_image_caption":"","_FSMCFIC_featured_image_nocaption":null,"_FSMCFIC_featured_image_hide":null,"footnotes":""},"class_list":["post-39","page","type-page","status-publish","hentry"],"acf":[],"_links":{"self":[{"href":"https:\/\/dlf.uzh.ch\/sites\/maedchenfantasien\/wp-json\/wp\/v2\/pages\/39","targetHints":{"allow":["GET"]}}],"collection":[{"href":"https:\/\/dlf.uzh.ch\/sites\/maedchenfantasien\/wp-json\/wp\/v2\/pages"}],"about":[{"href":"https:\/\/dlf.uzh.ch\/sites\/maedchenfantasien\/wp-json\/wp\/v2\/types\/page"}],"author":[{"embeddable":true,"href":"https:\/\/dlf.uzh.ch\/sites\/maedchenfantasien\/wp-json\/wp\/v2\/users\/765"}],"replies":[{"embeddable":true,"href":"https:\/\/dlf.uzh.ch\/sites\/maedchenfantasien\/wp-json\/wp\/v2\/comments?post=39"}],"version-history":[{"count":45,"href":"https:\/\/dlf.uzh.ch\/sites\/maedchenfantasien\/wp-json\/wp\/v2\/pages\/39\/revisions"}],"predecessor-version":[{"id":383,"href":"https:\/\/dlf.uzh.ch\/sites\/maedchenfantasien\/wp-json\/wp\/v2\/pages\/39\/revisions\/383"}],"wp:attachment":[{"href":"https:\/\/dlf.uzh.ch\/sites\/maedchenfantasien\/wp-json\/wp\/v2\/media?parent=39"}],"curies":[{"name":"wp","href":"https:\/\/api.w.org\/{rel}","templated":true}]}}