{"id":20,"date":"2022-03-10T14:53:59","date_gmt":"2022-03-10T14:53:59","guid":{"rendered":"https:\/\/dlf.uzh.ch\/sites\/maedchenfantasien\/?page_id=20"},"modified":"2022-06-01T14:28:56","modified_gmt":"2022-06-01T14:28:56","slug":"maedchenfantasien","status":"publish","type":"page","link":"https:\/\/dlf.uzh.ch\/sites\/maedchenfantasien\/","title":{"rendered":"Tagung, Universit\u00e4t Z\u00fcrich, 2.- 4.6.2022"},"content":{"rendered":"<div class=\"wpb-content-wrapper\"><p>[vc_row][vc_column width=&#8220;2\/3&#8243;][vc_column_text]<\/p>\r\n<p>Unter dem Thema \u00abM\u00e4dchen*fantasien \u2013 zur Politik und Poetik des M\u00e4dchenhaften\u00bb besch\u00e4ftigt sich die siebte Tagung der Kommission f\u00fcr\u00a0<a href=\"https:\/\/www.kpuv.de\/\" target=\"_blank\" rel=\"noopener noreferrer\" data-auth=\"NotApplicable\" data-linkindex=\"0\">Kulturen popul\u00e4rer Unterhaltung und Vergn\u00fcgen<\/a>\u00a0(KPUV) der\u00a0<a href=\"https:\/\/dgekw.de\/\" target=\"_blank\" rel=\"noopener noreferrer\" data-auth=\"NotApplicable\" data-linkindex=\"1\">Deutschen Gesellschaft f\u00fcr Empirische Kulturwissenschaft<\/a>\u00a0(DGEKW) mit dem Alltag von M\u00e4dchenkulturen, ihrer medialen Repr\u00e4sentation, Geschichte und Theorie.<\/p>\r\n<p>Die Tagung findet vom zweiten bis vierten Juni 2022 am\u00a0<a href=\"https:\/\/www.isek.uzh.ch\/de.html\" target=\"_blank\" rel=\"noopener noreferrer\" data-auth=\"NotApplicable\" data-linkindex=\"2\">Institut f\u00fcr Sozialanthropologie und Empirische Kulturwissenschaft<\/a> (ISEK) der Universit\u00e4t Z\u00fcrich statt und wird in Kooperation mit dem <a href=\"https:\/\/www.uni-goettingen.de\/de\/127644.html\">Institut f\u00fcr Kulturanthropologie\/Europ\u00e4ische Ethnologie der Georg-August-Universit\u00e4t G\u00f6ttingen<\/a>\u00a0(KAEE) ausgerichtet.<\/p>\r\n<p>Den Keynote-Vortrag h\u00e4lt die bekannte Historikerin und Pulitzer-Preistr\u00e4gerin Marcia Chatelain.<\/p>\r\n<p>&nbsp;<\/p>\r\n<p><strong>Unter folgendem <a href=\"https:\/\/tube.switch.ch\/switchcast\/uzh.ch\/series\/d12002f6-e769-4d2c-bb3d-1e6f7cf11ce2\">Link<\/a> gelangen Sie zum Livestream der Tagung.<\/strong><\/p>\r\n<p>Hier geht es zum <a href=\"https:\/\/dlf.uzh.ch\/sites\/maedchenfantasien\/programm\/\">Programm<\/a>.<\/p>\r\n<p aria-hidden=\"true\"><!-- \/wp:post-content --><\/p>\r\n<!-- wp:paragraph \/-->\r\n<p>&nbsp;<\/p>\r\n<p>[\/vc_column_text][\/vc_column][vc_column width=&#8220;1\/3&#8243;][\/vc_column][\/vc_row]<\/p><\/div>","protected":false},"excerpt":{"rendered":"<p>[vc_row][vc_column width=&#8220;2\/3&#8243;][vc_column_text] Unter dem Thema \u00abM\u00e4dchen*fantasien \u2013 zur Politik und Poetik des M\u00e4dchenhaften\u00bb besch\u00e4ftigt sich die siebte Tagung der Kommission f\u00fcr\u00a0Kulturen popul\u00e4rer Unterhaltung und Vergn\u00fcgen\u00a0(KPUV) der\u00a0Deutschen Gesellschaft f\u00fcr Empirische Kulturwissenschaft\u00a0(DGEKW) mit dem Alltag von M\u00e4dchenkulturen, ihrer medialen Repr\u00e4sentation, Geschichte und Theorie. Die Tagung findet vom zweiten bis vierten Juni 2022 am\u00a0Institut f\u00fcr Sozialanthropologie und Empirische&hellip;&nbsp;<a href=\"https:\/\/dlf.uzh.ch\/sites\/maedchenfantasien\/\" rel=\"bookmark\">Weiterlesen &raquo;<span class=\"screen-reader-text\">Tagung, Universit\u00e4t Z\u00fcrich, 2.- 4.6.2022<\/span><\/a><\/p>\n","protected":false},"author":765,"featured_media":0,"parent":0,"menu_order":0,"comment_status":"closed","ping_status":"closed","template":"","meta":{"_acf_changed":false,"neve_meta_sidebar":"","neve_meta_container":"","neve_meta_enable_content_width":"off","neve_meta_content_width":100,"neve_meta_title_alignment":"","neve_meta_author_avatar":"","neve_post_elements_order":"","neve_meta_disable_header":"","neve_meta_disable_footer":"","neve_meta_disable_title":"","_FSMCFIC_featured_image_caption":"","_FSMCFIC_featured_image_nocaption":null,"_FSMCFIC_featured_image_hide":null,"footnotes":""},"class_list":["post-20","page","type-page","status-publish","hentry"],"acf":[],"_links":{"self":[{"href":"https:\/\/dlf.uzh.ch\/sites\/maedchenfantasien\/wp-json\/wp\/v2\/pages\/20","targetHints":{"allow":["GET"]}}],"collection":[{"href":"https:\/\/dlf.uzh.ch\/sites\/maedchenfantasien\/wp-json\/wp\/v2\/pages"}],"about":[{"href":"https:\/\/dlf.uzh.ch\/sites\/maedchenfantasien\/wp-json\/wp\/v2\/types\/page"}],"author":[{"embeddable":true,"href":"https:\/\/dlf.uzh.ch\/sites\/maedchenfantasien\/wp-json\/wp\/v2\/users\/765"}],"replies":[{"embeddable":true,"href":"https:\/\/dlf.uzh.ch\/sites\/maedchenfantasien\/wp-json\/wp\/v2\/comments?post=20"}],"version-history":[{"count":40,"href":"https:\/\/dlf.uzh.ch\/sites\/maedchenfantasien\/wp-json\/wp\/v2\/pages\/20\/revisions"}],"predecessor-version":[{"id":382,"href":"https:\/\/dlf.uzh.ch\/sites\/maedchenfantasien\/wp-json\/wp\/v2\/pages\/20\/revisions\/382"}],"wp:attachment":[{"href":"https:\/\/dlf.uzh.ch\/sites\/maedchenfantasien\/wp-json\/wp\/v2\/media?parent=20"}],"curies":[{"name":"wp","href":"https:\/\/api.w.org\/{rel}","templated":true}]}}