{"id":107,"date":"2022-03-11T10:08:07","date_gmt":"2022-03-11T10:08:07","guid":{"rendered":"https:\/\/dlf.uzh.ch\/sites\/maedchenfantasien\/?page_id=107"},"modified":"2022-05-13T10:28:00","modified_gmt":"2022-05-13T10:28:00","slug":"maedchenfantasien-2","status":"publish","type":"page","link":"https:\/\/dlf.uzh.ch\/sites\/maedchenfantasien\/maedchenfantasien-2\/","title":{"rendered":"M\u00e4dchen*Fantasien"},"content":{"rendered":"<div class=\"wpb-content-wrapper\"><p>[vc_row][vc_column width=&#8220;2\/3&#8243;][vc_column_text]<strong>Zum Tagungsthema<\/strong><\/p>\n<p class=\"v1MsoNormal\">Starke, w\u00fctende, s\u00fc\u00dfe, fiese M\u00e4dchen,\u00a0<i>good girls<\/i>\u00a0und\u00a0<i>bad girls<\/i>,\u00a0<i>fat girls<\/i>\u00a0und\u00a0<i>sad girls<\/i>,\u00a0<i>waif<\/i>\u00a0und Wildfang, Tomboy und Nesth\u00e4kchen<i>, geek girls<\/i>, und Superheldinnen, diverse&#8216;\u00a0<i>girls* of color<\/i>\u00a0mit intersektionaler Agenda und deutsche\u00a0<i>M\u00e4dels<\/i>\u00a0mit blonden Z\u00f6pfen, M\u00e4dchen mit Basecap und mit Kopftuch,\u00a0<i>girls, grrrls, gurls<\/i>, Rebellinnen mit Pfeil und Bogen,\u00a0<i>Heidis M\u00e4dchen<\/i>, M\u00e4dchen-<i>cyborgs<\/i>, Pferdem\u00e4dchen, total nat\u00fcrliche M\u00e4dchen und M\u00e4dchen, die sich gerade nicht \u00fcber das biologische Geschlecht bestimmen: Die Pop(ul\u00e4r)kultur macht vielf\u00e4ltige M\u00e4dchen-Figuren sichtbar und, im Sinne Angela McRobbies, \u00abluminous\u00bb.<\/p>\n<p class=\"v1MsoNormal\">M\u00e4dchen\u00a0kuscheln, kratzen, l\u00e4stern, lauschen, lieben, tiktoken, twerken, tratschen, z\u00e4hmen, zicken.\u00a0Wenn wir mit Simone de Beauvoir davon ausgehen, dass M\u00e4dchen nicht als M\u00e4dchen geboren, sondern zu M\u00e4dchen\u00a0<i>werden<\/i>, dann verweist\u00a0<i>das M\u00e4dchenhafte<\/i>\u00a0aus kulturanalytischer Perspektive nicht zuletzt auf habituelle und \u00e4sthetische\u00a0Stile. Sie werden in kulturellen Repr\u00e4sentationen aufgef\u00fchrt und in (M\u00e4dchen*-)Gruppen gelebt, die sich nicht nur wegen, sondern auch trotz ihrer \u2013 weiterhin in vielerlei Hinsicht untergeordneten \u2013 gesellschaftlichen Rolle und den damit verbundenen Regeln und Codes\u00a0<i>m\u00e4dchenhaft\u00a0<\/i>verhalten. \u00abM\u00e4dchen*fantasien\u00bb meint hier zweierlei:\u00a0einerseits die riechenden, tastenden, schmeckenden, h\u00f6renden, f\u00fchlenden Jugendlichen selbst \u2013 samt ihrer welt-schaffenden Imaginationen, ihren Tr\u00e4umen, W\u00fcnschen und Sehns\u00fcchten. Anderseits mediale, auch fiktionale Repr\u00e4sentationen von M\u00e4dchen und M\u00e4dchenhaftigkeit sowie die gesellschaftlichen Hoffnungen, Heilsversprechen, Utopien, Vorurteile, Begierden Verniedlichungen etc., die auf M\u00e4dchen projiziert werden und die sie aushalten m\u00fcssen.<\/p>\n<p class=\"v1MsoNormal\">Gerade in den letzten Jahren sind die\u00a0<i>St\u00e4rkung<\/i>\u00a0von M\u00e4dchen, die Schaffung positiver Identifikationsm\u00f6glichkeiten und die Abkehr von althergebracht-patriarchalen Normen zu besonders prominenten Zielen von progressiver Kulturproduktion und -politik avanciert. Junge Frauen* steigern mit ihrer Kritik die Sensibilit\u00e4t gegen\u00fcber sexistischer (und anderer) Diskriminierung. Prominente Botschafter*innen gegen Klimawandel, Krieg, Flucht und Vertreibung, f\u00fcr den Tierschutz und f\u00fcr M\u00e4dchenrechte sind, wie vielfach kommentiert, derzeit oft M\u00e4dchen.\u00a0<i>Black lives matter<\/i>\u00a0begann in den USA als von jungen Frauen gef\u00fchrte Bewegung. In den sozialen Medien gehen Pop und Politik ohnehin ineinander \u00fcber: Aktivismus organisiert sich \u00fcber die sozialen Medien und M\u00e4dchen partizipieren und artikulieren sich auf diesem Weg; nicht wenige Influencer*innen sind\u00a0<i>woke<\/i>; m\u00e4dchengepr\u00e4gte\u00a0<i>fandoms<\/i>\u00a0gehen in Polit-Aktionen \u00fcber. Der zeitgen\u00f6ssische Feminismus tritt auch und gerade als junger, popul\u00e4rer Netz-Feminismus an die \u00d6ffentlichkeit. Anders gesagt: In einer Zeit, in der die\u00a0<i>alten, wei\u00dfen M\u00e4nner<\/i>\u00a0als politisch-moralische Anti-Figur der Gegenwartskultur(kritik) fungieren, verspricht\u00a0<i>das M\u00e4dchen*<\/i>\u00a0vielfach (wieder?) eine bessere, gerechtere, jugendlichere, und vielleicht auch: sinnlichere Welt \u2013 der die Zukunft geh\u00f6ren k\u00f6nnte.<\/p>\n<p class=\"v1MsoNormal\">Vor dem Hintergrund solcher zeitdiagnostischer\u00a0<i>Eins\u00e4tze<\/i>, aber auch einer offenen Herangehensweise an das Themenfeld der \u00abM\u00e4dchen*fantasien\u00bb, f\u00fchrt die Tagung ethnografische, medienkulturanalytische und historisch-anthropologische Beitr\u00e4ge zusammen und bringt sie miteinander ins Gespr\u00e4ch. In einer auf verschiedenen Ebenen weiterhin\u00a0<i>Jungs-dominierten<\/i> Popul\u00e4r- und Unterhaltungskulturforschung verschafft sie M\u00e4dchen*-Stimmen Geh\u00f6r und sp\u00fcrt geschlechtskonstituierenden und -spezifischen Wahrnehmungsweisen nach. Sie fragt, wie kulturelle Figurierungen des M\u00e4dchenseins gesellschaftliche Konjunkturen pr\u00e4gen. Und sie bietet Gelegenheit zum Nachdenken dar\u00fcber, wie sich Begriffe, Gegenstandsbestimmungen und Forschungsstile ver\u00e4ndern m\u00fcssen, um M\u00e4dchen im Kontext von popul\u00e4rer Unterhaltung und Vergn\u00fcgung nach eigenen Ma\u00dfst\u00e4ben zu verstehen und zu beschreiben. Besondere Beachtung schenken wir dabei im Sinne des\u00a0<i>sensual turn<\/i>\u00a0dem Sinnlichen und Imagin\u00e4ren und somit der Ambivalenz von hegemonialen Angeboten und (sinnlicher) Aneignung, von Wahrnehmen und Evozieren, Sp\u00fcren und Repr\u00e4sentieren, F\u00fchlen und Handeln, H\u00f6ren und Sprechen.<\/p>\n<p>&nbsp;<\/p>\n<p>Hier geht es zum ungek\u00fcrzten <a href=\"https:\/\/dlf.uzh.ch\/sites\/maedchenfantasien\/files\/2022\/03\/CfP_KPUV_MaedchenFantasien_Kommissionstagung_2022.pdf\" target=\"_blank\" rel=\"noopener\">Call for Papers<\/a>.[\/vc_column_text][\/vc_column][vc_column width=&#8220;1\/3&#8243;][\/vc_column][\/vc_row]<\/p>\n<\/div>","protected":false},"excerpt":{"rendered":"<p>[vc_row][vc_column width=&#8220;2\/3&#8243;][vc_column_text]Zum Tagungsthema Starke, w\u00fctende, s\u00fc\u00dfe, fiese M\u00e4dchen,\u00a0good girls\u00a0und\u00a0bad girls,\u00a0fat girls\u00a0und\u00a0sad girls,\u00a0waif\u00a0und Wildfang, Tomboy und Nesth\u00e4kchen, geek girls, und Superheldinnen, diverse&#8216;\u00a0girls* of color\u00a0mit intersektionaler Agenda und deutsche\u00a0M\u00e4dels\u00a0mit blonden Z\u00f6pfen, M\u00e4dchen mit Basecap und mit Kopftuch,\u00a0girls, grrrls, gurls, Rebellinnen mit Pfeil und Bogen,\u00a0Heidis M\u00e4dchen, M\u00e4dchen-cyborgs, Pferdem\u00e4dchen, total nat\u00fcrliche M\u00e4dchen und M\u00e4dchen, die sich gerade nicht \u00fcber&hellip;&nbsp;<a href=\"https:\/\/dlf.uzh.ch\/sites\/maedchenfantasien\/maedchenfantasien-2\/\" rel=\"bookmark\">Weiterlesen &raquo;<span class=\"screen-reader-text\">M\u00e4dchen*Fantasien<\/span><\/a><\/p>\n","protected":false},"author":765,"featured_media":0,"parent":0,"menu_order":0,"comment_status":"closed","ping_status":"closed","template":"","meta":{"_acf_changed":false,"neve_meta_sidebar":"","neve_meta_container":"","neve_meta_enable_content_width":"off","neve_meta_content_width":100,"neve_meta_title_alignment":"","neve_meta_author_avatar":"","neve_post_elements_order":"","neve_meta_disable_header":"","neve_meta_disable_footer":"","neve_meta_disable_title":"","_FSMCFIC_featured_image_caption":"","_FSMCFIC_featured_image_nocaption":null,"_FSMCFIC_featured_image_hide":null,"footnotes":""},"class_list":["post-107","page","type-page","status-publish","hentry"],"acf":[],"_links":{"self":[{"href":"https:\/\/dlf.uzh.ch\/sites\/maedchenfantasien\/wp-json\/wp\/v2\/pages\/107","targetHints":{"allow":["GET"]}}],"collection":[{"href":"https:\/\/dlf.uzh.ch\/sites\/maedchenfantasien\/wp-json\/wp\/v2\/pages"}],"about":[{"href":"https:\/\/dlf.uzh.ch\/sites\/maedchenfantasien\/wp-json\/wp\/v2\/types\/page"}],"author":[{"embeddable":true,"href":"https:\/\/dlf.uzh.ch\/sites\/maedchenfantasien\/wp-json\/wp\/v2\/users\/765"}],"replies":[{"embeddable":true,"href":"https:\/\/dlf.uzh.ch\/sites\/maedchenfantasien\/wp-json\/wp\/v2\/comments?post=107"}],"version-history":[{"count":8,"href":"https:\/\/dlf.uzh.ch\/sites\/maedchenfantasien\/wp-json\/wp\/v2\/pages\/107\/revisions"}],"predecessor-version":[{"id":360,"href":"https:\/\/dlf.uzh.ch\/sites\/maedchenfantasien\/wp-json\/wp\/v2\/pages\/107\/revisions\/360"}],"wp:attachment":[{"href":"https:\/\/dlf.uzh.ch\/sites\/maedchenfantasien\/wp-json\/wp\/v2\/media?parent=107"}],"curies":[{"name":"wp","href":"https:\/\/api.w.org\/{rel}","templated":true}]}}