{"id":1901,"date":"2023-05-29T04:52:42","date_gmt":"2023-05-29T04:52:42","guid":{"rendered":"https:\/\/dlf.uzh.ch\/sites\/laptopstickers\/?page_id=1901"},"modified":"2023-05-31T14:35:37","modified_gmt":"2023-05-31T14:35:37","slug":"about","status":"publish","type":"page","link":"https:\/\/dlf.uzh.ch\/sites\/laptopstickers\/about\/","title":{"rendered":"About"},"content":{"rendered":"\n<p>Laptops und Sticker: beides trifft man im Alltag immer wieder an, oft auch gemeinsam. In diesem Blog werden verschiedenste Laptopdeckel pr\u00e4sentiert und mit ihren Besitzenden in Bezug gesetzt und analysiert.<\/p>\n\n\n\n<p>Die Laptops, die Sticker, deren Bedeutungen und Hintergr\u00fcnde sind sehr vielf\u00e4ltig. Die Beitr\u00e4ge zeigen uns, wie unterschiedlich das Bestickern von Laptops ausge\u00fcbt wird und welche Motivationen hinter einem aufgeklebten Sticker stehen k\u00f6nnen.<\/p>\n\n\n\n<p>Wir treffen selbstgemachte Sticker an, welche einfach sch\u00f6n oder witzig sein sollen. Politische Sticker, die klare Forderungen stellen und zum Handeln oder Denken aufrufen. Sticker, die als Erinnerungsst\u00fccke fungieren und allerlei weitere Stickerarten.<\/p>\n\n\n\n<p>Allen bestickerten Laptops gemein ist ihre Individualit\u00e4t. Das Bekleben als ein performativer Akt schafft aus massenhaft produzierten und kahlen Objekten aussagekr\u00e4ftige Oberfl\u00e4chen. Die Laptopdeckel wurden zu einzigartigen Gegenst\u00e4nden, die in einer Beziehung zu den Besitzenden stehen und ein Ausdruck ihrer Selbst darstellen.<\/p>\n\n\n\n<p>Dieser Blog stellt den digitalen Teil eines BA-Studienprojekts an den &#8222;<a href=\"https:\/\/www.isek.uzh.ch\/de\/popul\u00e4rekulturen.html\">Popul\u00e4ren Kulturen<\/a>&#8220; des Institut f\u00fcr Sozialanthropologie und Empirische Kulturwissenschaft (ISEK) der Universit\u00e4t Z\u00fcrich dar. <\/p>\n\n\n\n<p>Im Rahmen des Moduls &#8222;Kulturwissenschaft explorativ&#8220; haben sich \u00fcber lediglich ein Semester, das Fr\u00fchjahrssemester 2023, neun Studierende mit dem Thema &#8222;Laptopsticker&#8220; befasst und Interviews mit den Menschen hinter bestickerten Laptops gef\u00fchrt. <\/p>\n\n\n\n<p>Der <a href=\"http:\/\/dlf.uzh.ch\/sites\/laptopstickers\/analog\/\">analoge Teil<\/a> dieser Ausstellung wird in den R\u00e4umlichkeiten der &#8222;Popul\u00e4ren Kulturen&#8220; im Stockwerk G der Affolternstr. 56 in Z\u00fcrich-Oerlikon gezeigt.<\/p>\n\n\n\n<p>Wir danken Anita Holdener von der Abteilung &#8222;Digitale Lehre und Forschung&#8220; ganz herzlich f\u00fcr ihre technische wie auch inhaltliche Unterst\u00fctzung. <\/p>\n\n\n\n<p>Zur Projektgruppe geh\u00f6rten die Studierenden <br>Milena F\u00e4ssler<br>Samuel Fleetwood<br>Magdalena Gjorgjieva<br>Lewin Graber<br>Luisa Perlati<br>Fanny Schiestl<br>Julia Weller<br>Till Wittmer<br>Lori Zangocyan<\/p>\n\n\n\n<p>Die Leitung hatte <a href=\"https:\/\/www.isek.uzh.ch\/de\/popul\u00e4rekulturen\/personen\/mittelbau\/wolff.html\">Eberhard Wolf<\/a><a href=\"eberhard.wolff@uzh.ch\">f<\/a> als Dozierender.<\/p>\n\n\n\n<p><\/p>\n","protected":false},"excerpt":{"rendered":"<p>Laptops und Sticker: beides trifft man im Alltag immer wieder an, oft auch gemeinsam. In diesem Blog werden verschiedenste Laptopdeckel pr\u00e4sentiert und mit ihren Besitzenden in Bezug gesetzt und analysiert. Die Laptops, die Sticker, deren Bedeutungen und Hintergr\u00fcnde sind sehr vielf\u00e4ltig. Die Beitr\u00e4ge zeigen uns, wie unterschiedlich das Bestickern von Laptops ausge\u00fcbt wird und welche [&hellip;]<\/p>\n","protected":false},"author":778,"featured_media":0,"parent":0,"menu_order":0,"comment_status":"closed","ping_status":"closed","template":"","meta":{"footnotes":""},"class_list":["post-1901","page","type-page","status-publish","hentry"],"_links":{"self":[{"href":"https:\/\/dlf.uzh.ch\/sites\/laptopstickers\/wp-json\/wp\/v2\/pages\/1901","targetHints":{"allow":["GET"]}}],"collection":[{"href":"https:\/\/dlf.uzh.ch\/sites\/laptopstickers\/wp-json\/wp\/v2\/pages"}],"about":[{"href":"https:\/\/dlf.uzh.ch\/sites\/laptopstickers\/wp-json\/wp\/v2\/types\/page"}],"author":[{"embeddable":true,"href":"https:\/\/dlf.uzh.ch\/sites\/laptopstickers\/wp-json\/wp\/v2\/users\/778"}],"replies":[{"embeddable":true,"href":"https:\/\/dlf.uzh.ch\/sites\/laptopstickers\/wp-json\/wp\/v2\/comments?post=1901"}],"version-history":[{"count":9,"href":"https:\/\/dlf.uzh.ch\/sites\/laptopstickers\/wp-json\/wp\/v2\/pages\/1901\/revisions"}],"predecessor-version":[{"id":2587,"href":"https:\/\/dlf.uzh.ch\/sites\/laptopstickers\/wp-json\/wp\/v2\/pages\/1901\/revisions\/2587"}],"wp:attachment":[{"href":"https:\/\/dlf.uzh.ch\/sites\/laptopstickers\/wp-json\/wp\/v2\/media?parent=1901"}],"curies":[{"name":"wp","href":"https:\/\/api.w.org\/{rel}","templated":true}]}}