{"id":150,"date":"2023-03-20T13:03:33","date_gmt":"2023-03-20T13:03:33","guid":{"rendered":"https:\/\/dlf.uzh.ch\/sites\/laptopstickers\/?page_id=150"},"modified":"2023-05-31T14:06:38","modified_gmt":"2023-05-31T14:06:38","slug":"glossar","status":"publish","type":"page","link":"https:\/\/dlf.uzh.ch\/sites\/laptopstickers\/glossar\/","title":{"rendered":"Glossar"},"content":{"rendered":"<div class=\"wpb-content-wrapper\"><p>[vc_row][vc_column][vc_column_text]Dies ist mehr als ein Register. Mit den Links in den Beitr\u00e4gen kann man \u00fcber das Glossar zu gleichen oder \u00e4hnlichen Themen in anderen Beitr\u00e4gen h\u00fcpfen, die andere Laptops untersuchen. Manchmal wird das Thema auch im Umfeld des angezeigten Absatzes abgehandelt.[\/vc_column_text][vc_tta_accordion color=&#8220;orange&#8220; active_section=&#8220;1&#8243;][vc_tta_section title=&#8220;Klick den Begriff&#8220; tab_id=&#8220;Klick&#8220;][\/vc_tta_section][vc_tta_section title=&#8220;\u00c4sthetik&#8220; tab_id=&#8220;\u00c4sthetik&#8220;][vc_column_text]Jeder der bestickerten Laptops hat eine eigene \u00c4sthetik. Manche Laptops sind sehr bewusst nach bestimmten \u00e4sthetischen Kriterien beklebt. Bei anderen geht es mehr um die Inhalte als um das Aussehen.<\/p>\n<p>Springe zu \u00e4hnlichen Themen bei anderen Laptops:<\/p>\n<p><a href=\"http:\/\/dlf.uzh.ch\/sites\/laptopstickers\/ani\/#\u00dcber-Anna\">Anis Laptop<\/a><\/p>\n<p><a href=\"http:\/\/dlf.uzh.ch\/sites\/laptopstickers\/jenny\/#Absatz03\">Jennys Laptop<\/a><\/p>\n<p><a href=\"https:\/\/dlf.uzh.ch\/sites\/laptopstickers\/nicolai\/#\u00c4sthetik\">Nicolais Laptop<\/a>[\/vc_column_text][\/vc_tta_section][vc_tta_section title=&#8220;Anordnung&#8220; tab_id=&#8220;Anordnung&#8220;][vc_column_text]Bei vielen der Laptops spielt die Anordnung, der Aufbau bzw. die Komposition der Sticker eine ganz besondere Rolle. Wo genau wird er platziert? Welcher Sticker kann (teilweise) \u00fcberklebt werden?<\/p>\n<p>Springe zu \u00e4hnlichen Themen bei anderen Laptops:<\/p>\n<p><a href=\"http:\/\/dlf.uzh.ch\/sites\/laptopstickers\/ani\/#anordnung\">Anis Laptop<\/a><\/p>\n<p><a href=\"http:\/\/dlf.uzh.ch\/sites\/laptopstickers\/delia\/#markenlogo\">Delias Laptop<\/a><\/p>\n<p><a href=\"http:\/\/dlf.uzh.ch\/sites\/laptopstickers\/jenny\/#Anordnung\">Jennys Laptop<\/a><\/p>\n<p><a href=\"http:\/\/dlf.uzh.ch\/sites\/laptopstickers\/julia\/#Dynamiken\">Julias Laptop<\/a><\/p>\n<p><a href=\"http:\/\/dlf.uzh.ch\/sites\/laptopstickers\/konstantin\/#Anordung\">Konstantins Laptop<\/a><\/p>\n<p><a href=\"https:\/\/dlf.uzh.ch\/sites\/laptopstickers\/nicolai\/#Anordnung\">Milas Laptop<\/a><\/p>\n<p><a href=\"https:\/\/dlf.uzh.ch\/sites\/laptopstickers\/rahel\/#Markenlogo\">Rahels Laptop<\/a><\/p>\n<p><a href=\"https:\/\/dlf.uzh.ch\/sites\/laptopstickers\/nicolai\/#Anordnung\">Nicolais Laptop<\/a><\/p>\n<p>Siehe auch <em><a href=\"https:\/\/dlf.uzh.ch\/sites\/laptopstickers\/glossar\/#\u00c4sthetik\">\u00c4sthetik<\/a>.<\/em><\/p>\n<p>Siehe auch <em>Sticker-<a href=\"https:\/\/dlf.uzh.ch\/sites\/laptopstickers\/glossar\/#Dynamiken\">Dynamiken <\/a><\/em>f\u00fcr die zeitliche Dimension<em>.<\/em><\/p>\n<p>Siehe auch <a href=\"https:\/\/dlf.uzh.ch\/sites\/laptopstickers\/glossar\/#Markenlogo\">Markenlogo<\/a>[\/vc_column_text][\/vc_tta_section][vc_tta_section title=&#8220;Beziehungen&#8220; tab_id=&#8220;Beziehungen&#8220;][vc_column_text]Mit Stickern werden &#8222;meta-pers\u00f6nliche&#8220; (s. <a href=\"http:\/\/dlf.uzh.ch\/sites\/laptopstickers\/jenny\/#beziehungen\">Jennys Laptop<\/a>) Beziehungen zu nahestehenden Menschen ausgehandelt. Sticker werden zum Beispiel Freunden und Bekannten zuliebe aufgeklebt.<\/p>\n<p>Springe zu \u00e4hnlichen Themen bei anderen Laptops:<\/p>\n<p><a href=\"http:\/\/dlf.uzh.ch\/sites\/laptopstickers\/jan\/#beziehungen\">Jans Laptop<\/a><\/p>\n<p><a href=\"http:\/\/dlf.uzh.ch\/sites\/laptopstickers\/jenny\/#beziehungen\">Jennys Laptop<\/a>[\/vc_column_text][\/vc_tta_section][vc_tta_section title=&#8220;Dynamiken&#8220; tab_id=&#8220;Dynamiken&#8220;][vc_column_text]Manche Sticker haben eine eigene Biographie auf dem Laptop. Sie werden erst nach einiger Zeit, zum richtigen Zeitpunkt, geklebt, wandern auf dem Laptop oder werden \u00fcberklebt. Das gleiche gilt f\u00fcr die Dynamik ganzer Sticker-Ensembles auf Laptops.<\/p>\n<p>Springe zu \u00e4hnlichen Themen bei anderen Laptops:<\/p>\n<p><a href=\"http:\/\/dlf.uzh.ch\/sites\/laptopstickers\/ani\/#dynamiken\">Anis Laptop<\/a><\/p>\n<p><a href=\"http:\/\/dlf.uzh.ch\/sites\/laptopstickers\/jan\/#Dynamiken\">Jans Laptop<\/a><\/p>\n<p><a href=\"http:\/\/dlf.uzh.ch\/sites\/laptopstickers\/julia\/#Dynamiken\">Julias Laptop<\/a><\/p>\n<p><a href=\"http:\/\/dlf.uzh.ch\/sites\/laptopstickers\/kaya\/#Dynamiken\">Kayas Laptop<\/a><\/p>\n<p><a href=\"https:\/\/dlf.uzh.ch\/sites\/laptopstickers\/yuki\/#Dynamiken\">Yukis Laptop<\/a><\/p>\n<p><a href=\"https:\/\/dlf.uzh.ch\/sites\/laptopstickers\/konstantin\/#Supporten\">Konstantins Laptop<\/a><\/p>\n<p><a href=\"https:\/\/dlf.uzh.ch\/sites\/laptopstickers\/nicolai\/#Dynamiken\">Nicolais Laptop<\/a><\/p>\n<p>Siehe auch <a href=\"https:\/\/dlf.uzh.ch\/sites\/laptopstickers\/glossar\/#Herkunft\">Herkunft<\/a> der Sticker.<br \/>\nSiehe auch <a href=\"https:\/\/dlf.uzh.ch\/sites\/laptopstickers\/glossar\/#Anordnung\">Anordnung<\/a> der Sticker.[\/vc_column_text][\/vc_tta_section][vc_tta_section title=&#8220;&#8222;einfach nur &#8230;&#8222;&#8220; tab_id=&#8220;cool&#8220;][vc_column_text]Warum ein Laptop wie bestickert wird, ist den Stickernden nicht immer bis ins Detail klar. Sie finden das zum Beispiel &#8222;einfach cool&#8220;.<\/p>\n<p>Springe zu \u00e4hnlichen Themen bei anderen Laptops:<\/p>\n<p><a href=\"http:\/\/dlf.uzh.ch\/sites\/laptopstickers\/daniel\/#cool\">Daniels Laptop<\/a><\/p>\n<p><a href=\"http:\/\/dlf.uzh.ch\/sites\/laptopstickers\/jan\/#cool\">Jans Laptop<\/a><\/p>\n<p><a href=\"http:\/\/dlf.uzh.ch\/sites\/laptopstickers\/julia\/#cool\">Julias Laptop<\/a><\/p>\n<p><a href=\"https:\/\/dlf.uzh.ch\/sites\/laptopstickers\/yuki\/#Dynamiken\">Yukis Laptop<\/a><\/p>\n<p><a href=\"https:\/\/dlf.uzh.ch\/sites\/laptopstickers\/nicolai\/#cool\">Nicolais Laptop<\/a>[\/vc_column_text][\/vc_tta_section][vc_tta_section title=&#8220;Herkunft&#8220; tab_id=&#8220;Herkunft&#8220;][vc_column_text]Die Sticker auf den Laptops wurden gekauft, geschenkt, gefunden, mitgenommen, waren beigelegt.<\/p>\n<p>Springe zu \u00e4hnlichen Themen bei anderen Laptops:<\/p>\n<p><a href=\"http:\/\/dlf.uzh.ch\/sites\/laptopstickers\/julia\/#Herkunft\">Julias Laptop<\/a><\/p>\n<p><a href=\"http:\/\/dlf.uzh.ch\/sites\/laptopstickers\/kaya\/#Herkunft\">Kayas Laptop<\/a><\/p>\n<p><a href=\"https:\/\/dlf.uzh.ch\/sites\/laptopstickers\/mia\/#Herkunft\">Mias Laptop<\/a><\/p>\n<p><a href=\"https:\/\/dlf.uzh.ch\/sites\/laptopstickers\/nicolai\/#Herkunft\">Nicolais Laptop<\/a>[\/vc_column_text][\/vc_tta_section][vc_tta_section title=&#8220;Humor und Ironie&#8220; tab_id=&#8220;Humor&#8220;][vc_column_text]Viele Sticker vermitteln ihre Botschaft \u00fcber Humor, Inonie, Witz und Hintersinn.<\/p>\n<p>Springe zu \u00e4hnlichen Themen bei anderen Laptops:<\/p>\n<p><a href=\"http:\/\/dlf.uzh.ch\/sites\/laptopstickers\/daniel\/#humor\">Daniels Laptop<\/a><\/p>\n<p><a href=\"http:\/\/dlf.uzh.ch\/sites\/laptopstickers\/jan\/#humor\">Jans Laptop<\/a><\/p>\n<p><a href=\"http:\/\/dlf.uzh.ch\/sites\/laptopstickers\/jenny\/#Humor\">Jennys Laptop<\/a><\/p>\n<p><a href=\"https:\/\/dlf.uzh.ch\/sites\/laptopstickers\/konstantin\/#Humor\">Konstantins Laptop<\/a><\/p>\n<p>Siehe auch: <a href=\"https:\/\/dlf.uzh.ch\/sites\/laptopstickers\/glossar\/#Verstehen\">Verstehen<\/a> der Sticker.[\/vc_column_text][\/vc_tta_section][vc_tta_section title=&#8220;Identit\u00e4tsverhandlungen&#8220; tab_id=&#8220;Identitaet&#8220;][vc_column_text]In den Interviews wird deutlich, wie sehr die Stickernden mit ihren Laptop-Stickerensembles ihre Identit\u00e4t, ihre Zugeh\u00f6rigkeiten, ihre Individualit\u00e4t und ihre \u00dcberzeugungen ausdr\u00fccken wollen.<\/p>\n<p>Springe zu \u00e4hnlichen Themen bei anderen Laptops:<\/p>\n<p><a href=\"http:\/\/dlf.uzh.ch\/sites\/laptopstickers\/daniel\/#identit\u00e4t\">Daniels Laptop<\/a><\/p>\n<p><a href=\"http:\/\/dlf.uzh.ch\/sites\/laptopstickers\/ani\/#Identitaet\">Anis Laptop<\/a><\/p>\n<p><a href=\"http:\/\/dlf.uzh.ch\/sites\/laptopstickers\/jan\/#identitaet\">Jans Laptop<\/a><\/p>\n<p><a href=\"http:\/\/dlf.uzh.ch\/sites\/laptopstickers\/jenny\/#Absatz01\">Jennys Laptop<\/a><\/p>\n<p><a href=\"http:\/\/dlf.uzh.ch\/sites\/laptopstickers\/kaya\/#Identitaet\">Kayas Laptop<\/a><\/p>\n<p><a href=\"https:\/\/dlf.uzh.ch\/sites\/laptopstickers\/yuki\/#Identitaet\">Yukis Laptop<\/a><\/p>\n<p><a href=\"https:\/\/dlf.uzh.ch\/sites\/laptopstickers\/mia\/#Identitaet\">Mias Laptop<\/a><\/p>\n<p><a href=\"https:\/\/dlf.uzh.ch\/sites\/laptopstickers\/mila\/#Anordnung\">Milas Laptop<\/a><\/p>\n<p><a href=\"https:\/\/dlf.uzh.ch\/sites\/laptopstickers\/rahel\/#Absatz04\">Rahels Laptop<\/a>[\/vc_column_text][\/vc_tta_section][vc_tta_section title=&#8220;Kommunikation&#8220; tab_id=&#8220;Kommunikation&#8220;][vc_column_text]F\u00fcr viele der Stickernden ist der Laptop nicht nur Selbstausdruck, sondern nach Ihren eigenen Aussagen auch ein Versuch, mit Menschen, die \u00e4hnliche Ansichten haben, in Kontakt zu treten.<\/p>\n<p>Springe zu \u00e4hnlichen Themen bei anderen Laptops:<\/p>\n<p><a href=\"http:\/\/dlf.uzh.ch\/sites\/laptopstickers\/jenny\/#Absatz04\">Jennys Laptop<\/a><\/p>\n<p><a href=\"https:\/\/dlf.uzh.ch\/sites\/laptopstickers\/mia\/#Kommunikation\">Mias Laptop<\/a>[\/vc_column_text][\/vc_tta_section][vc_tta_section title=&#8220;Lebensbereiche&#8220; tab_id=&#8220;Lebensbereiche&#8220;][vc_column_text]Viele der Laptops spiegeln die unterschiedlichen Lebensbereiche (Arbeit, ggf. Studium und Freizeit) ihrer Besitzenden und deren verschr\u00e4nktes Verh\u00e4ltnis untereinander wider.<\/p>\n<p>Springe zu \u00e4hnlichen Themen bei anderen Laptops:<\/p>\n<p><a href=\"http:\/\/dlf.uzh.ch\/sites\/laptopstickers\/daniel\/#lebensbereiche\">Daniels Laptop<\/a><\/p>\n<p><a href=\"https:\/\/dlf.uzh.ch\/sites\/laptopstickers\/konstantin\/#Lebensbereiche\">Konstantins Laptop<\/a><\/p>\n<p><a href=\"https:\/\/dlf.uzh.ch\/sites\/laptopstickers\/rahel\/#Markenlogo\">Rahels Laptop<\/a>[\/vc_column_text][\/vc_tta_section][vc_tta_section title=&#8220;Lebensabschnitte, Erinnerungen&#8220; tab_id=&#8220;Lebensabschnitte&#8220;][vc_column_text]Wenn die Laptopsticker-Landschaften \u00fcber mehrere Jahre entstanden sind, zeigen sie auch Schichten unterschiedlicher Lebensabschnitte ihrer Besitzenden. Hinzu kommen die Sticker, die ganz bewusst als Erinnerung als Erlebtes geklebt wurden.<\/p>\n<p>Springe zu \u00e4hnlichen Themen bei anderen Laptops:<\/p>\n<p><a href=\"http:\/\/dlf.uzh.ch\/sites\/laptopstickers\/ani\/#lebensabschnitte\">Anis Laptop<\/a><\/p>\n<p><a href=\"http:\/\/dlf.uzh.ch\/sites\/laptopstickers\/julia\/#Erinnerung\">Julias Laptop<\/a><\/p>\n<p><a href=\"http:\/\/dlf.uzh.ch\/sites\/laptopstickers\/kai\/#Lebensabschnitte\">Kais Laptop<\/a><\/p>\n<p><a href=\"http:\/\/dlf.uzh.ch\/sites\/laptopstickers\/kaya\/#Lebensabschnitte\">Kayas Laptop<\/a><\/p>\n<p><a href=\"https:\/\/dlf.uzh.ch\/sites\/laptopstickers\/rahel\/#Lebensabschnitte\">Rahels Laptop<\/a>[\/vc_column_text][\/vc_tta_section][vc_tta_section title=&#8220;Mehrdeutigkeit&#8220; tab_id=&#8220;Mehrdeutigkeit&#8220;][vc_column_text]Manche Laptopsticker sind f\u00fcr die Klebenden mehrdeutig oder ihre Bedeutung hat sich mit der Zeit ge\u00e4ndert.<\/p>\n<p>Springe zu \u00e4hnlichen Themen bei anderen Laptops:<\/p>\n<p><a href=\"http:\/\/dlf.uzh.ch\/sites\/laptopstickers\/julia\/#Mehrdeutigkeiten\">Julias Laptop<\/a>[\/vc_column_text][\/vc_tta_section][vc_tta_section title=&#8220;Politische Statements&#8220; tab_id=&#8220;Politik&#8220;][vc_column_text]Aktuelle politische Statements z\u00e4hlen zu den verbreitetsten Themen von Laptopstickern.<\/p>\n<p>Hier sind einige besondere Beispiele auf den anderen Laptops:<\/p>\n<p><a href=\"http:\/\/dlf.uzh.ch\/sites\/laptopstickers\/julia\/#Politik\">Julias Laptop<\/a><\/p>\n<p><a href=\"http:\/\/dlf.uzh.ch\/sites\/laptopstickers\/kai\/#Politik\">Kais Laptop<\/a><\/p>\n<p><a href=\"http:\/\/dlf.uzh.ch\/sites\/laptopstickers\/kaya\/#Politik\">Kayas Laptop<\/a><\/p>\n<p><a href=\"https:\/\/dlf.uzh.ch\/sites\/laptopstickers\/mila\/#Anordnung\">Milas Laptop<\/a><\/p>\n<p><a href=\"https:\/\/dlf.uzh.ch\/sites\/laptopstickers\/rahel\/#Politik\">Rahels Laptop<\/a>[\/vc_column_text][\/vc_tta_section][vc_tta_section title=&#8220;Selbermachen&#8220; tab_id=&#8220;Selbermachen&#8220;][vc_column_text]Immer wieder finden sich auf den Laptops Sticker, die selber eigens entworfen, hergestellt oder gebastelt worden sind.<\/p>\n<p>Springe zu \u00e4hnlichen Themen bei anderen Laptops:<\/p>\n<p><a href=\"http:\/\/dlf.uzh.ch\/sites\/laptopstickers\/daniel\/#selbermachen\">Daniels Laptop<\/a><\/p>\n<p><a href=\"http:\/\/dlf.uzh.ch\/sites\/laptopstickers\/jenny\/#Selbermachen\">Jennys Laptop<\/a><\/p>\n<p><a href=\"https:\/\/dlf.uzh.ch\/sites\/laptopstickers\/yuki\/#Selbermachen\">Yukis Laptop<\/a><\/p>\n<p><a href=\"https:\/\/dlf.uzh.ch\/sites\/laptopstickers\/nicolai\/#Selbermachen\">Nicolais Laptop<\/a>[\/vc_column_text][\/vc_tta_section][vc_tta_section title=&#8220;Markenlogo&#8220; tab_id=&#8220;Markenlogo&#8220;][vc_column_text]<\/p>\n<p style=\"font-weight: 400\">Das Markenlogo ist ein spezieller Ort der Auseinandersetzung mit dem Laptop selber. Bei vielen Laptops wird das Markenlogo bewusst \u00fcberklebt, aber auch gezeigt, ironisch \u00fcberformt oder gezielt eingesetzt, um Sticker zum Leuchten zu bringen.<\/p>\n<p>Springe zu \u00e4hnlichen Themen bei anderen Laptops:<\/p>\n<p><a href=\"http:\/\/dlf.uzh.ch\/sites\/laptopstickers\/delia\/#markenlogo\">Delias Laptop<\/a><\/p>\n<p><a href=\"https:\/\/dlf.uzh.ch\/sites\/laptopstickers\/rahel\/#Markenlogo\">Rahels Laptop<\/a><\/p>\n<p>Siehe auch <a href=\"https:\/\/dlf.uzh.ch\/sites\/laptopstickers\/glossar\/#Anordnung\">Anordnung<\/a>[\/vc_column_text][\/vc_tta_section][vc_tta_section title=&#8220;Supporten, Werbung&#8220; tab_id=&#8220;Supporten&#8220;][vc_column_text]&#8220;Supporten&#8220; wird immer wieder als Motivation genannt, einen Sticker auf den Laptop zu kleben. Oft sollen Bands, Brands oder Aktivit\u00e4ten nahestehender Personen unterst\u00fctzt werden. Die Grenzen zwischen ideeller Unterst\u00fctzung und kommerzieller Werbung sind dabei fliessend.<\/p>\n<p>Springe zu \u00e4hnlichen Themen bei anderen Laptops:<\/p>\n<p><a href=\"http:\/\/dlf.uzh.ch\/sites\/laptopstickers\/julia\/#Supporten\">Julias Laptop<\/a><\/p>\n<p><a href=\"http:\/\/dlf.uzh.ch\/sites\/laptopstickers\/kai\/#Supporten\">Kais Laptop<\/a><\/p>\n<p><a href=\"https:\/\/dlf.uzh.ch\/sites\/laptopstickers\/yuki\/#Supporten\">Yukis Laptop<\/a><\/p>\n<p><a href=\"https:\/\/dlf.uzh.ch\/sites\/laptopstickers\/konstantin\/#Supporten\">Konstantins Laptop<\/a><\/p>\n<p><a href=\"https:\/\/dlf.uzh.ch\/sites\/laptopstickers\/mila\/#Supporten\">Milas Laptop<\/a>[\/vc_column_text][\/vc_tta_section][vc_tta_section title=&#8220;Verstehen der Sticker&#8220; tab_id=&#8220;Verstehen&#8220;][vc_column_text]Oft k\u00f6nnen nur &#8222;Insider&#8220; die Aussage und Bedeutung von Stickern verstehen. Alle Beitr\u00e4ge erkl\u00e4ren die wichtigsten Sticker auf Ihren Laptops.<\/p>\n<p>Springe zu einigen besonderen Aspekten bei anderen Laptops:<\/p>\n<p><a href=\"http:\/\/dlf.uzh.ch\/sites\/laptopstickers\/ani\/#verstehen\">Anis Laptop<\/a><\/p>\n<p><a href=\"http:\/\/dlf.uzh.ch\/sites\/laptopstickers\/jenny\/#Selbermachen\">Jennys Laptop<\/a><\/p>\n<p><a href=\"https:\/\/dlf.uzh.ch\/sites\/laptopstickers\/mia\/#Verstehen\">Mias Laptop<\/a><\/p>\n<p><a href=\"https:\/\/dlf.uzh.ch\/sites\/laptopstickers\/mila\/#Anordnung\">Milas Laptop<\/a>[\/vc_column_text][\/vc_tta_section][\/vc_tta_accordion][\/vc_column][\/vc_row][vc_row][vc_column][\/vc_column][\/vc_row][vc_row][vc_column][\/vc_column][\/vc_row]<\/p>\n<\/div>","protected":false},"excerpt":{"rendered":"<p>[vc_row][vc_column][vc_column_text]Dies ist mehr als ein Register. Mit den Links in den Beitr\u00e4gen kann man \u00fcber das Glossar zu gleichen oder \u00e4hnlichen Themen in anderen Beitr\u00e4gen h\u00fcpfen, die andere Laptops untersuchen. Manchmal wird das Thema auch im Umfeld des angezeigten Absatzes abgehandelt.[\/vc_column_text][vc_tta_accordion color=&#8220;orange&#8220; active_section=&#8220;1&#8243;][vc_tta_section title=&#8220;Klick den Begriff&#8220; tab_id=&#8220;Klick&#8220;][\/vc_tta_section][vc_tta_section title=&#8220;\u00c4sthetik&#8220; tab_id=&#8220;\u00c4sthetik&#8220;][vc_column_text]Jeder der bestickerten Laptops hat eine eigene [&hellip;]<\/p>\n","protected":false},"author":476,"featured_media":0,"parent":0,"menu_order":0,"comment_status":"closed","ping_status":"closed","template":"","meta":{"footnotes":""},"class_list":["post-150","page","type-page","status-publish","hentry"],"_links":{"self":[{"href":"https:\/\/dlf.uzh.ch\/sites\/laptopstickers\/wp-json\/wp\/v2\/pages\/150","targetHints":{"allow":["GET"]}}],"collection":[{"href":"https:\/\/dlf.uzh.ch\/sites\/laptopstickers\/wp-json\/wp\/v2\/pages"}],"about":[{"href":"https:\/\/dlf.uzh.ch\/sites\/laptopstickers\/wp-json\/wp\/v2\/types\/page"}],"author":[{"embeddable":true,"href":"https:\/\/dlf.uzh.ch\/sites\/laptopstickers\/wp-json\/wp\/v2\/users\/476"}],"replies":[{"embeddable":true,"href":"https:\/\/dlf.uzh.ch\/sites\/laptopstickers\/wp-json\/wp\/v2\/comments?post=150"}],"version-history":[{"count":11,"href":"https:\/\/dlf.uzh.ch\/sites\/laptopstickers\/wp-json\/wp\/v2\/pages\/150\/revisions"}],"predecessor-version":[{"id":2622,"href":"https:\/\/dlf.uzh.ch\/sites\/laptopstickers\/wp-json\/wp\/v2\/pages\/150\/revisions\/2622"}],"wp:attachment":[{"href":"https:\/\/dlf.uzh.ch\/sites\/laptopstickers\/wp-json\/wp\/v2\/media?parent=150"}],"curies":[{"name":"wp","href":"https:\/\/api.w.org\/{rel}","templated":true}]}}