{"id":72,"date":"2021-01-19T15:37:09","date_gmt":"2021-01-19T15:37:09","guid":{"rendered":"https:\/\/dlf.uzh.ch\/sites\/khistglossar\/?page_id=72"},"modified":"2021-05-18T09:36:51","modified_gmt":"2021-05-18T09:36:51","slug":"literatur","status":"publish","type":"page","link":"https:\/\/dlf.uzh.ch\/sites\/khistglossar\/literatur\/","title":{"rendered":"Literatur"},"content":{"rendered":"\n<h2 class=\"wp-block-heading\">Noch nicht genug gest\u00f6bert?<\/h2>\n\n\n\n<p class=\"has-black-color has-text-color\">Folgende Literatur haben wir f\u00fcr die Definitionen der Begriffe verwendet:<\/p>\n\n\n\n<ul class=\"wp-block-list\"><li><span class=\"has-inline-color has-black-color\">Brown 2018: Michelle P. Brown, <em>Understanding Illuminated Manuscripts, A Guide to Technical Terms<\/em>, Los Angeles 2018.<\/span><\/li><li><span class=\"has-inline-color has-black-color\">Jahn und Lieb 2008: Johannes Jahn und Stefanie Lieb, <em>W\u00f6rterbuch der Kunst,<\/em> Stuttgart 2008.<\/span><\/li><li><span class=\"has-inline-color has-black-color\">Jakobi-Mirwald 1991: Christine Jakobi-Mirwald, <em>Buchmalerei. Ihre Terminologie in der Kunstgeschichte<\/em>, Berlin 1991.<\/span><\/li><li><span class=\"has-inline-color has-black-color\">Jakobi-Mirwald 1997: Christine Jakobi-Mirwald, <em>Buchmalerei. Ihre Terminologie in der Kunstgeschichte<\/em>, Berlin 1997.<\/span><\/li><li><span class=\"has-inline-color has-black-color\">K\u00fchnel 1992: Harry K\u00fchnel, <em>Bildw\u00f6rterbuch der Kleidung und R\u00fcstung: vom Alten Orient bis zum ausgehenden Mittelalter, <\/em>Stuttgart, 1992.<\/span><\/li><li><span class=\"has-inline-color has-black-color\">Palazzo 1998: \u00c9ric Palazzo, A History of Liturgical Books. From the Beginning to the Thirteenth Century, Collegeville 1998.<\/span><\/li><li><span class=\"has-inline-color has-black-color\">Reclam 2018: Reclams Sachbuch Premium, hrsg, von Philipp Reclam jun. GmbH &amp; Co. KG, <em>W\u00f6rterbuch der Architektur<\/em>, Ditzingen 2018.<\/span><\/li><\/ul>\n\n\n\n<div style=\"height:22px\" aria-hidden=\"true\" class=\"wp-block-spacer\"><\/div>\n\n\n\n<p><span class=\"has-inline-color has-black-color\">Die Rechte des verwendeten Bildmaterials liegen bei den besitzenden Sammlungen und Museen.<\/span><\/p>\n\n\n\n<p><\/p>\n\n\n\n<p><\/p>\n\n\n\n<p><\/p>\n","protected":false},"excerpt":{"rendered":"<p>Noch nicht genug gest\u00f6bert? Folgende Literatur haben wir f\u00fcr die Definitionen der Begriffe verwendet: Brown 2018: Michelle P. Brown, Understanding<span class=\"more-link\"><a href=\"https:\/\/dlf.uzh.ch\/sites\/khistglossar\/literatur\/\">&#8230;<\/a><\/span><\/p>\n","protected":false},"author":673,"featured_media":0,"parent":0,"menu_order":0,"comment_status":"closed","ping_status":"closed","template":"","meta":{"footnotes":""},"class_list":["entry","author-khistglossar","post-72","page","type-page","status-publish"],"_links":{"self":[{"href":"https:\/\/dlf.uzh.ch\/sites\/khistglossar\/wp-json\/wp\/v2\/pages\/72","targetHints":{"allow":["GET"]}}],"collection":[{"href":"https:\/\/dlf.uzh.ch\/sites\/khistglossar\/wp-json\/wp\/v2\/pages"}],"about":[{"href":"https:\/\/dlf.uzh.ch\/sites\/khistglossar\/wp-json\/wp\/v2\/types\/page"}],"author":[{"embeddable":true,"href":"https:\/\/dlf.uzh.ch\/sites\/khistglossar\/wp-json\/wp\/v2\/users\/673"}],"replies":[{"embeddable":true,"href":"https:\/\/dlf.uzh.ch\/sites\/khistglossar\/wp-json\/wp\/v2\/comments?post=72"}],"version-history":[{"count":15,"href":"https:\/\/dlf.uzh.ch\/sites\/khistglossar\/wp-json\/wp\/v2\/pages\/72\/revisions"}],"predecessor-version":[{"id":1254,"href":"https:\/\/dlf.uzh.ch\/sites\/khistglossar\/wp-json\/wp\/v2\/pages\/72\/revisions\/1254"}],"wp:attachment":[{"href":"https:\/\/dlf.uzh.ch\/sites\/khistglossar\/wp-json\/wp\/v2\/media?parent=72"}],"curies":[{"name":"wp","href":"https:\/\/api.w.org\/{rel}","templated":true}]}}