{"id":1238,"date":"2021-05-18T09:20:21","date_gmt":"2021-05-18T09:20:21","guid":{"rendered":"https:\/\/dlf.uzh.ch\/sites\/khistglossar\/?page_id=1238"},"modified":"2021-05-19T08:11:05","modified_gmt":"2021-05-19T08:11:05","slug":"impressum-3","status":"publish","type":"page","link":"https:\/\/dlf.uzh.ch\/sites\/khistglossar\/impressum-3\/","title":{"rendered":"Impressum"},"content":{"rendered":"\n<p><strong>Impressum<\/strong><\/p>\n\n\n\n<p>Idee, Texte und Gestaltung: Rebecca Ehl<br>Texte und Bildauswahl: Prof. Dr. David Ganz<\/p>\n\n\n\n<p>Lehrstuhl f\u00fcr Kunstgeschichte des Mittelalters<br>Universit\u00e4t Z\u00fcrich<br>Kunsthistorisches Institut<br>R\u00e4mistrasse 73<br>CH-8006 Z\u00fcrich<\/p>\n\n\n\n<p>bildglossar@khist.uzh.ch<\/p>\n","protected":false},"excerpt":{"rendered":"<p>Impressum Idee, Texte und Gestaltung: Rebecca EhlTexte und Bildauswahl: Prof. Dr. David Ganz Lehrstuhl f\u00fcr Kunstgeschichte des MittelaltersUniversit\u00e4t Z\u00fcrichKunsthistorisches InstitutR\u00e4mistrasse<span class=\"more-link\"><a href=\"https:\/\/dlf.uzh.ch\/sites\/khistglossar\/impressum-3\/\">&#8230;<\/a><\/span><\/p>\n","protected":false},"author":673,"featured_media":0,"parent":0,"menu_order":0,"comment_status":"closed","ping_status":"closed","template":"","meta":{"footnotes":""},"class_list":["entry","author-khistglossar","post-1238","page","type-page","status-publish"],"_links":{"self":[{"href":"https:\/\/dlf.uzh.ch\/sites\/khistglossar\/wp-json\/wp\/v2\/pages\/1238","targetHints":{"allow":["GET"]}}],"collection":[{"href":"https:\/\/dlf.uzh.ch\/sites\/khistglossar\/wp-json\/wp\/v2\/pages"}],"about":[{"href":"https:\/\/dlf.uzh.ch\/sites\/khistglossar\/wp-json\/wp\/v2\/types\/page"}],"author":[{"embeddable":true,"href":"https:\/\/dlf.uzh.ch\/sites\/khistglossar\/wp-json\/wp\/v2\/users\/673"}],"replies":[{"embeddable":true,"href":"https:\/\/dlf.uzh.ch\/sites\/khistglossar\/wp-json\/wp\/v2\/comments?post=1238"}],"version-history":[{"count":7,"href":"https:\/\/dlf.uzh.ch\/sites\/khistglossar\/wp-json\/wp\/v2\/pages\/1238\/revisions"}],"predecessor-version":[{"id":1256,"href":"https:\/\/dlf.uzh.ch\/sites\/khistglossar\/wp-json\/wp\/v2\/pages\/1238\/revisions\/1256"}],"wp:attachment":[{"href":"https:\/\/dlf.uzh.ch\/sites\/khistglossar\/wp-json\/wp\/v2\/media?parent=1238"}],"curies":[{"name":"wp","href":"https:\/\/api.w.org\/{rel}","templated":true}]}}