{"id":161,"date":"2021-05-20T09:05:33","date_gmt":"2021-05-20T07:05:33","guid":{"rendered":"https:\/\/dlf.uzh.ch\/sites\/ichdokumente\/?page_id=161"},"modified":"2021-05-25T22:31:44","modified_gmt":"2021-05-25T20:31:44","slug":"impressum","status":"publish","type":"page","link":"https:\/\/dlf.uzh.ch\/sites\/ichdokumente\/impressum\/","title":{"rendered":"Impressum"},"content":{"rendered":"\n<p>Dieser Blog dient als Leistungsweis des Kurses \u201eKulturwissenschaft explorativ: forschendes Lernen\u201c, welches einsemestrig im FS 2021 am \u00a0<a href=\"https:\/\/www.isek.uzh.ch\/de.html\">ISEK \u2013 Popul\u00e4re Kulturen<\/a> an der Universit\u00e4t Z\u00fcrich stattfand. <\/p>\n\n\n\n<p>Verantwortliche Dozentin: Dr. Christine H\u00e4mmerling<\/p>\n\n\n\n<p>Mit R\u00fcckmeldungen, Fragen oder Anregungen wenden Sie sich gerne an&nbsp;<a href=\"mailto:christine.haemmerling@uzh.ch\">christine.haemmerling@uzh.ch<\/a>.<\/p>\n","protected":false},"excerpt":{"rendered":"<p>Dieser Blog dient als Leistungsweis des Kurses \u201eKulturwissenschaft explorativ: forschendes Lernen\u201c, welches einsemestrig im FS 2021 am \u00a0ISEK \u2013 Popul\u00e4re Kulturen an der Universit\u00e4t Z\u00fcrich stattfand. Verantwortliche Dozentin: Dr. Christine H\u00e4mmerling Mit R\u00fcckmeldungen, Fragen oder Anregungen wenden Sie sich gerne an&nbsp;christine.haemmerling@uzh.ch.<\/p>\n","protected":false},"author":693,"featured_media":0,"parent":0,"menu_order":0,"comment_status":"closed","ping_status":"closed","template":"","meta":{"footnotes":""},"class_list":["post-161","page","type-page","status-publish","hentry"],"featured_image_src":null,"_links":{"self":[{"href":"https:\/\/dlf.uzh.ch\/sites\/ichdokumente\/wp-json\/wp\/v2\/pages\/161","targetHints":{"allow":["GET"]}}],"collection":[{"href":"https:\/\/dlf.uzh.ch\/sites\/ichdokumente\/wp-json\/wp\/v2\/pages"}],"about":[{"href":"https:\/\/dlf.uzh.ch\/sites\/ichdokumente\/wp-json\/wp\/v2\/types\/page"}],"author":[{"embeddable":true,"href":"https:\/\/dlf.uzh.ch\/sites\/ichdokumente\/wp-json\/wp\/v2\/users\/693"}],"replies":[{"embeddable":true,"href":"https:\/\/dlf.uzh.ch\/sites\/ichdokumente\/wp-json\/wp\/v2\/comments?post=161"}],"version-history":[{"count":3,"href":"https:\/\/dlf.uzh.ch\/sites\/ichdokumente\/wp-json\/wp\/v2\/pages\/161\/revisions"}],"predecessor-version":[{"id":304,"href":"https:\/\/dlf.uzh.ch\/sites\/ichdokumente\/wp-json\/wp\/v2\/pages\/161\/revisions\/304"}],"wp:attachment":[{"href":"https:\/\/dlf.uzh.ch\/sites\/ichdokumente\/wp-json\/wp\/v2\/media?parent=161"}],"curies":[{"name":"wp","href":"https:\/\/api.w.org\/{rel}","templated":true}]}}