{"id":104,"date":"2024-07-25T12:43:09","date_gmt":"2024-07-25T10:43:09","guid":{"rendered":"https:\/\/dlf.uzh.ch\/sites\/iaspmdachconference2024\/?page_id=104"},"modified":"2024-08-09T13:59:30","modified_gmt":"2024-08-09T11:59:30","slug":"konferenzdinner","status":"publish","type":"page","link":"https:\/\/dlf.uzh.ch\/sites\/iaspmdachconference2024\/konferenzdinner\/","title":{"rendered":"Konferenzdinner"},"content":{"rendered":"\n<div class=\"wp-block-group alignwide has-global-padding is-layout-constrained wp-block-group-is-layout-constrained\" style=\"margin-top:var(--wp--preset--spacing--30)\">\n<p>Am Donnerstag,&nbsp;07. November 2024 findet das Konferenzdinner ab 20:45 Uhr im&nbsp;<a href=\"http:\/\/www.ziegelohlac.ch\/\" target=\"_blank\" rel=\"noreferrer noopener\">Ziegel oh Lac<\/a>&nbsp;(Rote Fabrik) statt. Der Eigenanteil an den Kosten des Dinners setzt sich wie folgt zusammen:<\/p>\n\n\n\n<ul class=\"wp-block-list\">\n<li>Angestellte: 25,00 CHF (regul\u00e4r)<\/li>\n\n\n\n<li>Auszubildende, Studierende, Arbeitslose, RentnerInnen, Schwerbehinderte: 15,00 CHF (erm\u00e4\u00dfigt)<\/li>\n<\/ul>\n\n\n\n<p>Zur weiteren Planung des Dinners ben\u00f6tigen wir Ihre&nbsp;<strong>verbindliche Zu- oder Absage bis sp\u00e4testens 23. September 2024<\/strong>. Bitte nutzen Sie daf\u00fcr das folgende Google-Formular, w\u00e4hlen Sie bei Teilnahme Ihre bevorzugten Gerichte aus und lassen Sie uns wissen, ob Sie das Dessert (vegan) m\u00f6chten:<\/p>\n\n\n\n<div class=\"wp-block-buttons is-content-justification-center is-layout-flex wp-container-core-buttons-is-layout-98935462 wp-block-buttons-is-layout-flex\" style=\"margin-top:var(--wp--preset--spacing--10);margin-bottom:var(--wp--preset--spacing--10)\">\n<div class=\"wp-block-button\"><a class=\"wp-block-button__link wp-element-button\" href=\"https:\/\/forms.gle\/PWEWGbQB1jByDmkz6\" target=\"_blank\" rel=\"noreferrer noopener\">Link zur Anmeldung f\u00fcr das Konferenzdinner<\/a><\/div>\n<\/div>\n\n\n\n<p>Die Eigenanteile f\u00fcr das Dinner werden bei der Registrierung am 07. November vor Ort in bar f\u00e4llig (CHF) und bleiben mit oder ohne Dessert gleich.<\/p>\n<\/div>\n","protected":false},"excerpt":{"rendered":"<p>Am Donnerstag,&nbsp;07. November 2024 findet das Konferenzdinner ab 20:45 Uhr im&nbsp;Ziegel oh Lac&nbsp;(Rote Fabrik) statt. Der Eigenanteil an den Kosten des Dinners setzt sich wie folgt zusammen: Zur weiteren Planung des Dinners ben\u00f6tigen wir Ihre&nbsp;verbindliche Zu- oder Absage bis sp\u00e4testens 23. September 2024. Bitte nutzen Sie daf\u00fcr das folgende Google-Formular, w\u00e4hlen Sie bei Teilnahme Ihre [&hellip;]<\/p>\n","protected":false},"author":913,"featured_media":0,"parent":0,"menu_order":0,"comment_status":"closed","ping_status":"closed","template":"","meta":{"footnotes":""},"class_list":["post-104","page","type-page","status-publish","hentry"],"_links":{"self":[{"href":"https:\/\/dlf.uzh.ch\/sites\/iaspmdachconference2024\/wp-json\/wp\/v2\/pages\/104","targetHints":{"allow":["GET"]}}],"collection":[{"href":"https:\/\/dlf.uzh.ch\/sites\/iaspmdachconference2024\/wp-json\/wp\/v2\/pages"}],"about":[{"href":"https:\/\/dlf.uzh.ch\/sites\/iaspmdachconference2024\/wp-json\/wp\/v2\/types\/page"}],"author":[{"embeddable":true,"href":"https:\/\/dlf.uzh.ch\/sites\/iaspmdachconference2024\/wp-json\/wp\/v2\/users\/913"}],"replies":[{"embeddable":true,"href":"https:\/\/dlf.uzh.ch\/sites\/iaspmdachconference2024\/wp-json\/wp\/v2\/comments?post=104"}],"version-history":[{"count":10,"href":"https:\/\/dlf.uzh.ch\/sites\/iaspmdachconference2024\/wp-json\/wp\/v2\/pages\/104\/revisions"}],"predecessor-version":[{"id":312,"href":"https:\/\/dlf.uzh.ch\/sites\/iaspmdachconference2024\/wp-json\/wp\/v2\/pages\/104\/revisions\/312"}],"wp:attachment":[{"href":"https:\/\/dlf.uzh.ch\/sites\/iaspmdachconference2024\/wp-json\/wp\/v2\/media?parent=104"}],"curies":[{"name":"wp","href":"https:\/\/api.w.org\/{rel}","templated":true}]}}