{"id":2,"date":"2019-02-05T14:26:54","date_gmt":"2019-02-05T13:26:54","guid":{"rendered":"https:\/\/dlf.uzh.ch\/sites\/historia-techne\/?page_id=2"},"modified":"2019-02-19T18:50:45","modified_gmt":"2019-02-19T17:50:45","slug":"qgis","status":"publish","type":"page","link":"https:\/\/dlf.uzh.ch\/sites\/historia-techne\/uebungen\/qgis\/","title":{"rendered":"\u00dcbung 0: QGIS installieren"},"content":{"rendered":"\n<p>Herzlich willkommen in der Lehrveranstaltung <a href=\"https:\/\/www.hist.uzh.ch\/de\/fachbereiche\/oeg\/lehrstuhl-boskovska\/team\/ursprung\/historical_gis.html\">Storytelling with maps: Vom Geschichtsatlas zur Webkarte (mit Einf\u00fchrung ins Kartographieren)<\/a>. Um in der ersten Sitzung am 22. Februar starten zu k\u00f6nnen w\u00e4re es gut, wenn nach M\u00f6glichkeit ein eigener Computer mit installiertem QGIS vorhanden w\u00e4re. Im Folgenden werden die Installation und erste Schritte kurz erkl\u00e4rt. Die Erkl\u00e4rungen beziehen sich auf Windows-Systeme, worauf QGIS der Erfahrung nach besten l\u00e4uft. F\u00fcr Installtionen mit Mac siehe etwa folgende Seite: <a href=\"https:\/\/www.gislounge.com\/installing-qgis-on-the-mac\/\">Installing QGIS on a MAC<\/a> &#8211; ggf. m\u00fcssen Sicherheitseinstellung ge\u00e4ndert werden. Wer Linux nutzt wird in der Regel gen\u00fcgend Computerkenntnisse f\u00fcr die Installation von QGIS mitbringen, ansonsten googeln (gilt auch f\u00fcr die anderen Betriebssysteme). Eine Installation auf Android ist nicht empfehlenswert. Download aller Versionen von nachfolgender Seite.<\/p>\n\n\n\n<p>Wer QGIS erfolgreich installiert hat, kann das Programm <a href=\"https:\/\/dlf.uzh.ch\/sites\/historia-techne\/uebungen\/a\/vorbemerkungen\/\">mit einer ersten \u00dcbung ausprobieren<\/a>. <\/p>\n\n\n\n<h2 class=\"wp-block-heading\">Intallation unter Windows<\/h2>\n\n\n\n<p>Als erstes rufen wir die QGIS-Startseite auf: <a href=\"https:\/\/www.qgis.org\">https:\/\/www.qgis.org<\/a><\/p>\n\n\n\n<p>Dort gibt es einen Direktlink, der zur Download-Seite leitet:<\/p>\n\n\n\n<figure class=\"wp-block-image\"><img loading=\"lazy\" decoding=\"async\" width=\"1024\" height=\"795\" src=\"https:\/\/dlf.uzh.ch\/sites\/historia-techne\/files\/2019\/02\/01-1-1024x795.jpg\" alt=\"\" class=\"wp-image-65\" srcset=\"https:\/\/dlf.uzh.ch\/sites\/historia-techne\/files\/2019\/02\/01-1-1024x795.jpg 1024w, https:\/\/dlf.uzh.ch\/sites\/historia-techne\/files\/2019\/02\/01-1-300x233.jpg 300w, https:\/\/dlf.uzh.ch\/sites\/historia-techne\/files\/2019\/02\/01-1-768x596.jpg 768w, https:\/\/dlf.uzh.ch\/sites\/historia-techne\/files\/2019\/02\/01-1-465x361.jpg 465w, https:\/\/dlf.uzh.ch\/sites\/historia-techne\/files\/2019\/02\/01-1-644x500.jpg 644w, https:\/\/dlf.uzh.ch\/sites\/historia-techne\/files\/2019\/02\/01-1.jpg 1070w\" sizes=\"auto, (max-width: 1024px) 100vw, 1024px\" \/><\/figure>\n\n\n\n<p>Dort finden sich verschiedene Installer. F\u00fcr Windows sind die beiden unteren &#8222;Eigenst\u00e4ndige QGIS-Installation Version 3.4&#8220; auszuw\u00e4hlen: je nach Betriebssystem in der 64 oder 32 bit-Version. Bei Unsicherheit \u00fcber die installierte Betriebssystem-Version wie im folgenden Screenshot vorgehen (Windows 10) oder f\u00fcr andere Versionen z.B. hier nachsehen: <a href=\"https:\/\/support.office.com\/de-de\/article\/feststellen-ob-auf-dem-computer-die-32-bit-oder-die-64-bit-version-eines-windows-betriebssystems-ausgef%C3%BChrt-wird-aac162a1-0cb3-46f2-888f-2f22897396ce\">Windows 64- oder 32-bit<\/a>?<\/p>\n\n\n\n<figure class=\"wp-block-image\"><img loading=\"lazy\" decoding=\"async\" width=\"1024\" height=\"640\" src=\"https:\/\/dlf.uzh.ch\/sites\/historia-techne\/files\/2019\/02\/Betriebssystem-1024x640.jpg\" alt=\"\" class=\"wp-image-93\" srcset=\"https:\/\/dlf.uzh.ch\/sites\/historia-techne\/files\/2019\/02\/Betriebssystem-1024x640.jpg 1024w, https:\/\/dlf.uzh.ch\/sites\/historia-techne\/files\/2019\/02\/Betriebssystem-300x188.jpg 300w, https:\/\/dlf.uzh.ch\/sites\/historia-techne\/files\/2019\/02\/Betriebssystem-768x480.jpg 768w, https:\/\/dlf.uzh.ch\/sites\/historia-techne\/files\/2019\/02\/Betriebssystem-465x291.jpg 465w, https:\/\/dlf.uzh.ch\/sites\/historia-techne\/files\/2019\/02\/Betriebssystem-695x434.jpg 695w, https:\/\/dlf.uzh.ch\/sites\/historia-techne\/files\/2019\/02\/Betriebssystem.jpg 1920w\" sizes=\"auto, (max-width: 1024px) 100vw, 1024px\" \/><\/figure>\n\n\n\n<p>Dann entsprechechende Version herunterladen:<\/p>\n\n\n\n<figure class=\"wp-block-image\"><img loading=\"lazy\" decoding=\"async\" width=\"1024\" height=\"826\" src=\"https:\/\/dlf.uzh.ch\/sites\/historia-techne\/files\/2019\/02\/02-1-1024x826.jpg\" alt=\"\" class=\"wp-image-66\" srcset=\"https:\/\/dlf.uzh.ch\/sites\/historia-techne\/files\/2019\/02\/02-1-1024x826.jpg 1024w, https:\/\/dlf.uzh.ch\/sites\/historia-techne\/files\/2019\/02\/02-1-300x242.jpg 300w, https:\/\/dlf.uzh.ch\/sites\/historia-techne\/files\/2019\/02\/02-1-768x619.jpg 768w, https:\/\/dlf.uzh.ch\/sites\/historia-techne\/files\/2019\/02\/02-1-465x375.jpg 465w, https:\/\/dlf.uzh.ch\/sites\/historia-techne\/files\/2019\/02\/02-1-620x500.jpg 620w, https:\/\/dlf.uzh.ch\/sites\/historia-techne\/files\/2019\/02\/02-1.jpg 1065w\" sizes=\"auto, (max-width: 1024px) 100vw, 1024px\" \/><\/figure>\n\n\n\n<p>Herunterladen der Datei:<\/p>\n\n\n\n<figure class=\"wp-block-image\"><img loading=\"lazy\" decoding=\"async\" width=\"1024\" height=\"824\" src=\"https:\/\/dlf.uzh.ch\/sites\/historia-techne\/files\/2019\/02\/03-1-1024x824.jpg\" alt=\"\" class=\"wp-image-68\" srcset=\"https:\/\/dlf.uzh.ch\/sites\/historia-techne\/files\/2019\/02\/03-1-1024x824.jpg 1024w, https:\/\/dlf.uzh.ch\/sites\/historia-techne\/files\/2019\/02\/03-1-300x241.jpg 300w, https:\/\/dlf.uzh.ch\/sites\/historia-techne\/files\/2019\/02\/03-1-768x618.jpg 768w, https:\/\/dlf.uzh.ch\/sites\/historia-techne\/files\/2019\/02\/03-1-465x374.jpg 465w, https:\/\/dlf.uzh.ch\/sites\/historia-techne\/files\/2019\/02\/03-1-622x500.jpg 622w, https:\/\/dlf.uzh.ch\/sites\/historia-techne\/files\/2019\/02\/03-1.jpg 1068w\" sizes=\"auto, (max-width: 1024px) 100vw, 1024px\" \/><\/figure>\n\n\n\n<p>Ist die Datei\nfertig heruntergeladen, die gespeicherte Datei starten und Installation\nbest\u00e4tigen:<\/p>\n\n\n\n<figure class=\"wp-block-image\"><img loading=\"lazy\" decoding=\"async\" width=\"496\" height=\"397\" src=\"https:\/\/dlf.uzh.ch\/sites\/historia-techne\/files\/2019\/02\/04_22.jpg\" alt=\"\" class=\"wp-image-97\" srcset=\"https:\/\/dlf.uzh.ch\/sites\/historia-techne\/files\/2019\/02\/04_22.jpg 496w, https:\/\/dlf.uzh.ch\/sites\/historia-techne\/files\/2019\/02\/04_22-300x240.jpg 300w, https:\/\/dlf.uzh.ch\/sites\/historia-techne\/files\/2019\/02\/04_22-465x372.jpg 465w\" sizes=\"auto, (max-width: 496px) 100vw, 496px\" \/><\/figure>\n\n\n\n<p>\nLizenz annehmen:\n\n<\/p>\n\n\n\n<figure class=\"wp-block-image\"><img loading=\"lazy\" decoding=\"async\" width=\"500\" height=\"391\" src=\"https:\/\/dlf.uzh.ch\/sites\/historia-techne\/files\/2019\/02\/04b_2-1.jpg\" alt=\"\" class=\"wp-image-96\" srcset=\"https:\/\/dlf.uzh.ch\/sites\/historia-techne\/files\/2019\/02\/04b_2-1.jpg 500w, https:\/\/dlf.uzh.ch\/sites\/historia-techne\/files\/2019\/02\/04b_2-1-300x235.jpg 300w, https:\/\/dlf.uzh.ch\/sites\/historia-techne\/files\/2019\/02\/04b_2-1-465x364.jpg 465w\" sizes=\"auto, (max-width: 500px) 100vw, 500px\" \/><\/figure>\n\n\n\n<p>Komponenten\nw\u00e4hlen: die drei optional w\u00e4hlbaren Data Sets m\u00fcssen nicht installiert werden,\nes handelt sich um \u00dcbungsmaterial:<\/p>\n\n\n\n<figure class=\"wp-block-image\"><img loading=\"lazy\" decoding=\"async\" width=\"501\" height=\"391\" src=\"https:\/\/dlf.uzh.ch\/sites\/historia-techne\/files\/2019\/02\/04c_2.jpg\" alt=\"\" class=\"wp-image-73\" srcset=\"https:\/\/dlf.uzh.ch\/sites\/historia-techne\/files\/2019\/02\/04c_2.jpg 501w, https:\/\/dlf.uzh.ch\/sites\/historia-techne\/files\/2019\/02\/04c_2-300x234.jpg 300w, https:\/\/dlf.uzh.ch\/sites\/historia-techne\/files\/2019\/02\/04c_2-465x363.jpg 465w\" sizes=\"auto, (max-width: 501px) 100vw, 501px\" \/><\/figure>\n\n\n\n<p>Installation wird\ngestartet: Geduld, es dauert eine Weile!<\/p>\n\n\n\n<figure class=\"wp-block-image\"><img loading=\"lazy\" decoding=\"async\" width=\"499\" height=\"388\" src=\"https:\/\/dlf.uzh.ch\/sites\/historia-techne\/files\/2019\/02\/04d_2-1.jpg\" alt=\"\" class=\"wp-image-98\" srcset=\"https:\/\/dlf.uzh.ch\/sites\/historia-techne\/files\/2019\/02\/04d_2-1.jpg 499w, https:\/\/dlf.uzh.ch\/sites\/historia-techne\/files\/2019\/02\/04d_2-1-300x233.jpg 300w, https:\/\/dlf.uzh.ch\/sites\/historia-techne\/files\/2019\/02\/04d_2-1-465x362.jpg 465w\" sizes=\"auto, (max-width: 499px) 100vw, 499px\" \/><\/figure>\n\n\n\n<p>Fertig!<\/p>\n\n\n\n<figure class=\"wp-block-image\"><img loading=\"lazy\" decoding=\"async\" width=\"500\" height=\"390\" src=\"https:\/\/dlf.uzh.ch\/sites\/historia-techne\/files\/2019\/02\/04e_2-1.jpg\" alt=\"\" class=\"wp-image-99\" srcset=\"https:\/\/dlf.uzh.ch\/sites\/historia-techne\/files\/2019\/02\/04e_2-1.jpg 500w, https:\/\/dlf.uzh.ch\/sites\/historia-techne\/files\/2019\/02\/04e_2-1-300x234.jpg 300w, https:\/\/dlf.uzh.ch\/sites\/historia-techne\/files\/2019\/02\/04e_2-1-465x363.jpg 465w\" sizes=\"auto, (max-width: 500px) 100vw, 500px\" \/><\/figure>\n\n\n\n<p> Programm starten: auf Startknopf gehen, &#8222;QGIS&#8220; eintippen und QGIS-Icon w\u00e4hlen zum Starten; Rechtsklick auf das QGIS-Icon und &#8222;An Taskleiste anheften&#8220; w\u00e4hlen, um das QGIS-Icon in der Taskleiste anzuzeigen: vor dort kann das Programm einfach gestartet werden.<\/p>\n\n\n\n<figure class=\"wp-block-image\"><img loading=\"lazy\" decoding=\"async\" width=\"1024\" height=\"576\" src=\"https:\/\/dlf.uzh.ch\/sites\/historia-techne\/files\/2019\/02\/05b_2-1-1024x576.jpg\" alt=\"\" class=\"wp-image-101\" srcset=\"https:\/\/dlf.uzh.ch\/sites\/historia-techne\/files\/2019\/02\/05b_2-1-1024x576.jpg 1024w, https:\/\/dlf.uzh.ch\/sites\/historia-techne\/files\/2019\/02\/05b_2-1-300x169.jpg 300w, https:\/\/dlf.uzh.ch\/sites\/historia-techne\/files\/2019\/02\/05b_2-1-768x432.jpg 768w, https:\/\/dlf.uzh.ch\/sites\/historia-techne\/files\/2019\/02\/05b_2-1-465x262.jpg 465w, https:\/\/dlf.uzh.ch\/sites\/historia-techne\/files\/2019\/02\/05b_2-1-695x391.jpg 695w, https:\/\/dlf.uzh.ch\/sites\/historia-techne\/files\/2019\/02\/05b_2-1.jpg 1600w\" sizes=\"auto, (max-width: 1024px) 100vw, 1024px\" \/><\/figure>\n\n\n\n<figure class=\"wp-block-image\"><img loading=\"lazy\" decoding=\"async\" width=\"1024\" height=\"576\" src=\"https:\/\/dlf.uzh.ch\/sites\/historia-techne\/files\/2019\/02\/05c_2-2-1024x576.jpg\" alt=\"\" class=\"wp-image-103\" srcset=\"https:\/\/dlf.uzh.ch\/sites\/historia-techne\/files\/2019\/02\/05c_2-2-1024x576.jpg 1024w, https:\/\/dlf.uzh.ch\/sites\/historia-techne\/files\/2019\/02\/05c_2-2-300x169.jpg 300w, https:\/\/dlf.uzh.ch\/sites\/historia-techne\/files\/2019\/02\/05c_2-2-768x432.jpg 768w, https:\/\/dlf.uzh.ch\/sites\/historia-techne\/files\/2019\/02\/05c_2-2-465x262.jpg 465w, https:\/\/dlf.uzh.ch\/sites\/historia-techne\/files\/2019\/02\/05c_2-2-695x391.jpg 695w, https:\/\/dlf.uzh.ch\/sites\/historia-techne\/files\/2019\/02\/05c_2-2.jpg 1600w\" sizes=\"auto, (max-width: 1024px) 100vw, 1024px\" \/><\/figure>\n\n\n\n<figure class=\"wp-block-image\"><img loading=\"lazy\" decoding=\"async\" width=\"1024\" height=\"576\" src=\"https:\/\/dlf.uzh.ch\/sites\/historia-techne\/files\/2019\/02\/05b_2-2-1024x576.jpg\" alt=\"\" class=\"wp-image-104\" srcset=\"https:\/\/dlf.uzh.ch\/sites\/historia-techne\/files\/2019\/02\/05b_2-2-1024x576.jpg 1024w, https:\/\/dlf.uzh.ch\/sites\/historia-techne\/files\/2019\/02\/05b_2-2-300x169.jpg 300w, https:\/\/dlf.uzh.ch\/sites\/historia-techne\/files\/2019\/02\/05b_2-2-768x432.jpg 768w, https:\/\/dlf.uzh.ch\/sites\/historia-techne\/files\/2019\/02\/05b_2-2-465x262.jpg 465w, https:\/\/dlf.uzh.ch\/sites\/historia-techne\/files\/2019\/02\/05b_2-2-695x391.jpg 695w, https:\/\/dlf.uzh.ch\/sites\/historia-techne\/files\/2019\/02\/05b_2-2.jpg 1600w\" sizes=\"auto, (max-width: 1024px) 100vw, 1024px\" \/><\/figure>\n\n\n\n<p>QGIS startet:<\/p>\n\n\n\n<figure class=\"wp-block-image\"><img loading=\"lazy\" decoding=\"async\" width=\"1024\" height=\"576\" src=\"https:\/\/dlf.uzh.ch\/sites\/historia-techne\/files\/2019\/02\/06-2-1024x576.jpg\" alt=\"\" class=\"wp-image-105\" srcset=\"https:\/\/dlf.uzh.ch\/sites\/historia-techne\/files\/2019\/02\/06-2-1024x576.jpg 1024w, https:\/\/dlf.uzh.ch\/sites\/historia-techne\/files\/2019\/02\/06-2-300x169.jpg 300w, https:\/\/dlf.uzh.ch\/sites\/historia-techne\/files\/2019\/02\/06-2-768x432.jpg 768w, https:\/\/dlf.uzh.ch\/sites\/historia-techne\/files\/2019\/02\/06-2-465x262.jpg 465w, https:\/\/dlf.uzh.ch\/sites\/historia-techne\/files\/2019\/02\/06-2-695x391.jpg 695w, https:\/\/dlf.uzh.ch\/sites\/historia-techne\/files\/2019\/02\/06-2.jpg 1600w\" sizes=\"auto, (max-width: 1024px) 100vw, 1024px\" \/><\/figure>\n\n\n\n<p>Und so sieht das noch leere QGIS-Programmfenster beim ersten Start aus:<\/p>\n\n\n\n<figure class=\"wp-block-image\"><img loading=\"lazy\" decoding=\"async\" width=\"1024\" height=\"576\" src=\"https:\/\/dlf.uzh.ch\/sites\/historia-techne\/files\/2019\/02\/07-2-1024x576.jpg\" alt=\"\" class=\"wp-image-106\" srcset=\"https:\/\/dlf.uzh.ch\/sites\/historia-techne\/files\/2019\/02\/07-2-1024x576.jpg 1024w, https:\/\/dlf.uzh.ch\/sites\/historia-techne\/files\/2019\/02\/07-2-300x169.jpg 300w, https:\/\/dlf.uzh.ch\/sites\/historia-techne\/files\/2019\/02\/07-2-768x432.jpg 768w, https:\/\/dlf.uzh.ch\/sites\/historia-techne\/files\/2019\/02\/07-2-465x262.jpg 465w, https:\/\/dlf.uzh.ch\/sites\/historia-techne\/files\/2019\/02\/07-2-695x391.jpg 695w, https:\/\/dlf.uzh.ch\/sites\/historia-techne\/files\/2019\/02\/07-2.jpg 1600w\" sizes=\"auto, (max-width: 1024px) 100vw, 1024px\" \/><\/figure>\n\n\n\n<p><strong>Gratullation: QGIS ist fertig installiert und einsatzbereit!<\/strong><\/p>\n\n\n\n<p><strong>Wer QGIS erfolgreich installiert hat, kann das <a href=\"https:\/\/dlf.uzh.ch\/sites\/historia-techne\/uebungen\/a\">Programm mit einer ersten \u00dcbung ausprobieren<\/a>.  <\/strong><\/p>\n","protected":false},"excerpt":{"rendered":"<p>Herzlich willkommen in der Lehrveranstaltung Storytelling with maps: Vom Geschichtsatlas zur Webkarte (mit Einf\u00fchrung ins Kartographieren). Um in der ersten Sitzung am 22. Februar starten zu k\u00f6nnen w\u00e4re es gut, wenn nach M\u00f6glichkeit ein eigener Computer mit installiertem QGIS vorhanden w\u00e4re. Im Folgenden werden die Installation und erste Schritte kurz<span class=\"more-link\"><a href=\"https:\/\/dlf.uzh.ch\/sites\/historia-techne\/uebungen\/qgis\/\">Weiterlesen&#8230;<\/a><\/span><\/p>\n","protected":false},"author":477,"featured_media":0,"parent":416,"menu_order":0,"comment_status":"closed","ping_status":"closed","template":"","meta":{"footnotes":""},"class_list":["entry","author-durspr","post-2","page","type-page","status-publish"],"_links":{"self":[{"href":"https:\/\/dlf.uzh.ch\/sites\/historia-techne\/wp-json\/wp\/v2\/pages\/2","targetHints":{"allow":["GET"]}}],"collection":[{"href":"https:\/\/dlf.uzh.ch\/sites\/historia-techne\/wp-json\/wp\/v2\/pages"}],"about":[{"href":"https:\/\/dlf.uzh.ch\/sites\/historia-techne\/wp-json\/wp\/v2\/types\/page"}],"author":[{"embeddable":true,"href":"https:\/\/dlf.uzh.ch\/sites\/historia-techne\/wp-json\/wp\/v2\/users\/477"}],"replies":[{"embeddable":true,"href":"https:\/\/dlf.uzh.ch\/sites\/historia-techne\/wp-json\/wp\/v2\/comments?post=2"}],"version-history":[{"count":17,"href":"https:\/\/dlf.uzh.ch\/sites\/historia-techne\/wp-json\/wp\/v2\/pages\/2\/revisions"}],"predecessor-version":[{"id":490,"href":"https:\/\/dlf.uzh.ch\/sites\/historia-techne\/wp-json\/wp\/v2\/pages\/2\/revisions\/490"}],"up":[{"embeddable":true,"href":"https:\/\/dlf.uzh.ch\/sites\/historia-techne\/wp-json\/wp\/v2\/pages\/416"}],"wp:attachment":[{"href":"https:\/\/dlf.uzh.ch\/sites\/historia-techne\/wp-json\/wp\/v2\/media?parent=2"}],"curies":[{"name":"wp","href":"https:\/\/api.w.org\/{rel}","templated":true}]}}