{"id":74,"date":"2021-09-15T10:46:59","date_gmt":"2021-09-15T08:46:59","guid":{"rendered":"https:\/\/dlf.uzh.ch\/sites\/feedback\/?page_id=74"},"modified":"2021-09-15T11:11:33","modified_gmt":"2021-09-15T09:11:33","slug":"die-grundidee-lernprodukte-und-feedback","status":"publish","type":"page","link":"https:\/\/dlf.uzh.ch\/sites\/feedback\/die-grundidee-lernprodukte-und-feedback\/","title":{"rendered":"Die Grundidee: Lernprodukte und Feedback"},"content":{"rendered":"\n<p>Im Hintergrund dieser Weiterbildung steht mein pers\u00f6nliches Verst\u00e4ndnis von dialogischem Lernen (<a href=\"https:\/\/schulesocialmedia.com\/2020\/05\/27\/dialogisches-lernen-auch-im-digifernunterricht\/\" data-type=\"URL\" data-id=\"https:\/\/schulesocialmedia.com\/2020\/05\/27\/dialogisches-lernen-auch-im-digifernunterricht\/\">hier habe ich ausf\u00fchrlicher dazu geschrieben<\/a>). <\/p>\n\n\n\n<p>Die Grundidee besteht darin, dass Lernende konstant Lernprodukte herstellen, die dann zu einem Dialog zwischen Lehrenden und Lernenden f\u00fchren. So tauschen sie sich \u00fcber ihre Perspektiven aus. <\/p>\n\n\n\n<figure class=\"wp-block-image size-large\"><img loading=\"lazy\" decoding=\"async\" width=\"1024\" height=\"575\" src=\"https:\/\/dlf.uzh.ch\/sites\/feedback\/files\/2021\/09\/Bildschirmfoto-2021-09-15-um-10.08.15-1024x575.png\" alt=\"\" class=\"wp-image-81\" srcset=\"https:\/\/dlf.uzh.ch\/sites\/feedback\/files\/2021\/09\/Bildschirmfoto-2021-09-15-um-10.08.15-1024x575.png 1024w, https:\/\/dlf.uzh.ch\/sites\/feedback\/files\/2021\/09\/Bildschirmfoto-2021-09-15-um-10.08.15-300x168.png 300w, https:\/\/dlf.uzh.ch\/sites\/feedback\/files\/2021\/09\/Bildschirmfoto-2021-09-15-um-10.08.15-768x431.png 768w, https:\/\/dlf.uzh.ch\/sites\/feedback\/files\/2021\/09\/Bildschirmfoto-2021-09-15-um-10.08.15-1536x862.png 1536w, https:\/\/dlf.uzh.ch\/sites\/feedback\/files\/2021\/09\/Bildschirmfoto-2021-09-15-um-10.08.15-2048x1150.png 2048w, https:\/\/dlf.uzh.ch\/sites\/feedback\/files\/2021\/09\/Bildschirmfoto-2021-09-15-um-10.08.15-720x404.png 720w, https:\/\/dlf.uzh.ch\/sites\/feedback\/files\/2021\/09\/Bildschirmfoto-2021-09-15-um-10.08.15-560x314.png 560w\" sizes=\"auto, (max-width: 1024px) 100vw, 1024px\" \/><\/figure>\n\n\n\n<p>Das Feedback hat als zun\u00e4chst nicht die Funktion, Noten zu erkl\u00e4ren oder zu begr\u00fcnden, sondern es ist eine m\u00f6glichst authentische Reaktion auf das Lernprodukt. Das Feedback benennt Wahrnehmungen, stellt Fragen zum Lernprodukt und enth\u00e4lt Gedanken der Lehrperson dazu. <\/p>\n\n\n\n<p>Das bedeutet nicht, dass Noten nicht auch hinzugef\u00fcgt oder erkl\u00e4rt werden k\u00f6nnen, sie stehen aber in der Grundkonzeption nicht im Vordergrund. Gutes Feedback erleichtert aber die Akzeptanz von Noten, es zeigt, wie ernst es die Lehrperson meint und wie \u00fcberlegt sie vorgegangen ist. <\/p>\n\n\n\n<p>Ausf\u00fchrlicher erkl\u00e4re ich das im Video: <\/p>\n\n\n\n<figure class=\"wp-block-embed is-type-video is-provider-youtube wp-block-embed-youtube wp-embed-aspect-16-9 wp-has-aspect-ratio\"><div class=\"wp-block-embed__wrapper\">\n<iframe loading=\"lazy\" title=\"Grundidee\" width=\"1140\" height=\"641\" src=\"https:\/\/www.youtube.com\/embed\/rCgUVZ90Zm4?feature=oembed\" frameborder=\"0\" allow=\"accelerometer; autoplay; clipboard-write; encrypted-media; gyroscope; picture-in-picture\" allowfullscreen><\/iframe>\n<\/div><\/figure>\n","protected":false},"excerpt":{"rendered":"<p>Im Hintergrund dieser Weiterbildung steht mein pers\u00f6nliches Verst\u00e4ndnis von dialogischem Lernen (hier habe ich ausf\u00fchrlicher dazu geschrieben). Die Grundidee besteht &hellip; <a class=\"more-link\" href=\"https:\/\/dlf.uzh.ch\/sites\/feedback\/die-grundidee-lernprodukte-und-feedback\/\">Mehr<\/a><\/p>\n","protected":false},"author":712,"featured_media":0,"parent":0,"menu_order":0,"comment_status":"closed","ping_status":"closed","template":"","meta":{"footnotes":""},"class_list":["post-74","page","type-page","status-publish","hentry",""],"_links":{"self":[{"href":"https:\/\/dlf.uzh.ch\/sites\/feedback\/wp-json\/wp\/v2\/pages\/74","targetHints":{"allow":["GET"]}}],"collection":[{"href":"https:\/\/dlf.uzh.ch\/sites\/feedback\/wp-json\/wp\/v2\/pages"}],"about":[{"href":"https:\/\/dlf.uzh.ch\/sites\/feedback\/wp-json\/wp\/v2\/types\/page"}],"author":[{"embeddable":true,"href":"https:\/\/dlf.uzh.ch\/sites\/feedback\/wp-json\/wp\/v2\/users\/712"}],"replies":[{"embeddable":true,"href":"https:\/\/dlf.uzh.ch\/sites\/feedback\/wp-json\/wp\/v2\/comments?post=74"}],"version-history":[{"count":3,"href":"https:\/\/dlf.uzh.ch\/sites\/feedback\/wp-json\/wp\/v2\/pages\/74\/revisions"}],"predecessor-version":[{"id":82,"href":"https:\/\/dlf.uzh.ch\/sites\/feedback\/wp-json\/wp\/v2\/pages\/74\/revisions\/82"}],"wp:attachment":[{"href":"https:\/\/dlf.uzh.ch\/sites\/feedback\/wp-json\/wp\/v2\/media?parent=74"}],"curies":[{"name":"wp","href":"https:\/\/api.w.org\/{rel}","templated":true}]}}