{"id":21,"date":"2021-08-24T10:06:28","date_gmt":"2021-08-24T08:06:28","guid":{"rendered":"https:\/\/dlf.uzh.ch\/sites\/feedback\/?page_id=21"},"modified":"2021-09-15T11:23:33","modified_gmt":"2021-09-15T09:23:33","slug":"aufgabensammlung","status":"publish","type":"page","link":"https:\/\/dlf.uzh.ch\/sites\/feedback\/aufgabensammlung\/","title":{"rendered":"Aufgabensammlung"},"content":{"rendered":"\n<p>Die Aufgaben sind als Anregung gedacht, sie m\u00fcssen (bis auf die letzte) nicht bearbeitet werden. Viele von euch werden eine Reihe von Aufgaben schon bew\u00e4ltigt haben \u2013\u00a0dann geht einfach weiter. <\/p>\n\n\n\n<p>Die Aufgaben sind auch als Teams-Auftr\u00e4ge verf\u00fcgbar. <\/p>\n\n\n\n<ol class=\"wp-block-list\"><li>Verschickt einem Sch\u00fcler oder einer Sch\u00fclerin \u00fcber Teams (oder ein anderes System) eine sinnvolle Sprachnachricht. <\/li><li>a) Nehmt auf eurem Handy oder Computer eine Audio-Datei auf. <br>b) (fakultativ) K\u00f6nnt ihr sie schneiden? <br>c) Speichert sie in einer Cloud. <br>d) Verschickt sie als Link (auch nur an euch selber). <\/li><li>Versucht bei Lernprodukten, Feedback auf drei S\u00e4tze zu reduzieren: <br>a) Was hat mich beeindruckt? <br>b) Was sind bei mir f\u00fcr Gedanken entstanden? <br>c) Was m\u00fcsste das n\u00e4chste Mal besser sein? <br>\u00dcberlegt euch im Anschluss, ob dieses Feedback so funktioniert. Fragt auch die Klasse, wie sie das wahrgenommen hat. <\/li><li>Erstellt eine Aufgabe per Teams und gebt der Klasse so Feedback. <\/li><li>Gebt einer Klasse per Audionachricht Feedback. <\/li><li>Installiert <a href=\"http:\/\/loom.com\">Loom<\/a> und zeichnet ein erstes Video auf. <\/li><li>Gebt einer Klasse per Loom-Videos Feedback. <\/li><li>Gebt mir per Video Feedback auf diese Weiterbildungsveranstaltung. <\/li><\/ol>\n","protected":false},"excerpt":{"rendered":"<p>Die Aufgaben sind als Anregung gedacht, sie m\u00fcssen (bis auf die letzte) nicht bearbeitet werden. Viele von euch werden eine &hellip; <a class=\"more-link\" href=\"https:\/\/dlf.uzh.ch\/sites\/feedback\/aufgabensammlung\/\">Mehr<\/a><\/p>\n","protected":false},"author":712,"featured_media":0,"parent":0,"menu_order":0,"comment_status":"closed","ping_status":"closed","template":"","meta":{"footnotes":""},"class_list":["post-21","page","type-page","status-publish","hentry",""],"_links":{"self":[{"href":"https:\/\/dlf.uzh.ch\/sites\/feedback\/wp-json\/wp\/v2\/pages\/21","targetHints":{"allow":["GET"]}}],"collection":[{"href":"https:\/\/dlf.uzh.ch\/sites\/feedback\/wp-json\/wp\/v2\/pages"}],"about":[{"href":"https:\/\/dlf.uzh.ch\/sites\/feedback\/wp-json\/wp\/v2\/types\/page"}],"author":[{"embeddable":true,"href":"https:\/\/dlf.uzh.ch\/sites\/feedback\/wp-json\/wp\/v2\/users\/712"}],"replies":[{"embeddable":true,"href":"https:\/\/dlf.uzh.ch\/sites\/feedback\/wp-json\/wp\/v2\/comments?post=21"}],"version-history":[{"count":3,"href":"https:\/\/dlf.uzh.ch\/sites\/feedback\/wp-json\/wp\/v2\/pages\/21\/revisions"}],"predecessor-version":[{"id":85,"href":"https:\/\/dlf.uzh.ch\/sites\/feedback\/wp-json\/wp\/v2\/pages\/21\/revisions\/85"}],"wp:attachment":[{"href":"https:\/\/dlf.uzh.ch\/sites\/feedback\/wp-json\/wp\/v2\/media?parent=21"}],"curies":[{"name":"wp","href":"https:\/\/api.w.org\/{rel}","templated":true}]}}