{"id":633,"date":"2016-11-16T10:27:40","date_gmt":"2016-11-16T09:27:40","guid":{"rendered":"http:\/\/www.phil.uzh.ch\/elearning\/blog\/despues-de-trujillo\/?page_id=633"},"modified":"2025-03-04T15:57:28","modified_gmt":"2025-03-04T14:57:28","slug":"proyecciones-2","status":"publish","type":"page","link":"https:\/\/dlf.uzh.ch\/sites\/despues-de-trujillo\/proyecciones-2\/","title":{"rendered":"Proyecciones"},"content":{"rendered":"<div class=\"wpb-content-wrapper\"><p>[vc_row][vc_column][film_discover style_discover=&#8221;3&#8243; image=&#8221;1274&#8243; small_title=&#8221;Despu\u00e9s de Trujillo \/ After Trujillo&#8221;]Si desea proyectar el documental, puede encontrarlo en <a href=\"https:\/\/www.youtube.com\/channel\/UCr7cD7sfmgSITOsJJ3xS5TQ\">nuestro canal en YouTube<\/a>.<\/p>\n<p>If you would like to screen the film, it is available via our <a href=\"https:\/\/www.youtube.com\/channel\/UCr7cD7sfmgSITOsJJ3xS5TQ\">YouTube channel.\u00a0<\/a>[\/film_discover][vc_empty_space][vc_empty_space][film_discover style_discover=&#8221;3&#8243; small_title=&#8221;Proyecci\u00f3n y cine foro &#8211; Museo Memorial de la Resistencia, 2016&#8243;][\/film_discover][vc_video link=&#8221;https:\/\/youtu.be\/8Xus6H_hoDs&#8221; css=&#8221;&#8221;][vc_empty_space][film_discover style_discover=&#8221;3&#8243; image=&#8221;1127&#8243; small_title=&#8221;Cine Brasil Marginal, Zurich&#8221;]<\/p>\n<blockquote><p>We were thrilled that Colectivo Taoca included After Trujillo in their most recent edition of the festival Cine Marginal in Zurich, and translated the film into German.<\/p>\n<p>More information here: http:\/\/www.taoca.info\/cine-brasil-marginal-home<\/p><\/blockquote>\n<p>Sunday March 25 2018<br \/>\nPhotobastei<br \/>\nZurich[\/film_discover][film_discover style_discover=&#8221;3&#8243; image=&#8221;1107&#8243; small_title=&#8221;University of Leeds&#8221;]<\/p>\n<blockquote><p>Screening at Leeds University<\/p>\n<p><strong>16 February \u00a0<\/strong><br \/>\n<strong>9:30-12:30pm<\/strong><\/p>\n<p>&nbsp;<\/p><\/blockquote>\n<p>[\/film_discover][film_discover style_discover=&#8221;3&#8243; image=&#8221;1103&#8243; small_title=&#8221;Goldsmiths College&#8221;]<\/p>\n<blockquote><p>Screening at Goldsmiths&#8217; Unit for Global Justice<\/p>\n<p><strong>29 November\u00a0<\/strong><br \/>\n<strong>3pm<\/strong><\/p>\n<p>&nbsp;<\/p><\/blockquote>\n<p>[\/film_discover][film_discover style_discover=&#8221;3&#8243; image=&#8221;1057&#8243; small_title=&#8221;UNIBE, Santo Domingo&#8221;]<\/p>\n<blockquote><p>Proyecci\u00f3n en el ciclo de cine de la <strong>Escuela de Arquitectura, UNIBE<\/strong>, Santo Domingo, en colaboraci\u00f3n con DoCoMoMo Rep\u00fablica Dominicana.<\/p>\n<p>&nbsp;<\/p>\n<p><strong>Sal\u00f3n de Referencias UNIBE<\/strong><\/p>\n<p><strong>19 de septiembre<\/strong><br \/>\n<strong>3pm<\/strong><\/p>\n<p>&nbsp;<\/p><\/blockquote>\n<p>[\/film_discover][film_discover style_discover=&#8221;3&#8243; image=&#8221;959&#8243; short_description=&#8221;Estreno en Z\u00farich, Kino Toni, ZhDK&#8221; small_title=&#8221;Kino Toni, ZhDK, Zurich&#8221;]<\/p>\n<blockquote><p><strong>Kino Toni, ZhDK<\/strong><\/p>\n<p><strong>Pfingweidstrasse 96<\/strong><\/p>\n<p><b>Zurich, 8005<\/b><\/p>\n<p>s\u00e1bado 1 abril 2017, 5pm<\/p>\n<p>&nbsp;<\/p><\/blockquote>\n<p>[\/film_discover][film_discover style_discover=&#8221;3&#8243; image=&#8221;980&#8243; short_description=&#8221;Screening in the Ethnokino film series at University of Bern&#8221; small_title=&#8221;Ethnokino, Universit\u00e4t Bern, Switzerland&#8221;]We&#8217;re excited to travel to\u00a0Walter Benjamin College\/Institute of Social Anthropology at the University of\u00a0Bern to join colleagues from the Ethnokino group for a screening and Q+A.<\/p>\n<p>EthnoKino is a student-run film programme at University of Bern. They\u00a0present a handpicked selection from European ethnographic film festivals and invite filmmakers for Q&amp;A.<\/p>\n<blockquote><p><strong>University of Bern<\/strong><\/p>\n<p><strong>Lerchenweg 36,\u00a0Unitobler <\/strong><\/p>\n<p><strong>Room F-111<\/strong><\/p>\n<p>March 27, \u00a06:15 p.m<\/p>\n<p>&nbsp;<\/p><\/blockquote>\n<p>[\/film_discover][film_discover style_discover=&#8221;3&#8243; image=&#8221;828&#8243; short_description=&#8221;Screening and Discussion at John Jay College of Criminal Justice, NYC&#8221; small_title=&#8221;John Jay College of Criminal Justice, NYC&#8221;]We will conclude our set of early 2017 events with a screening with students from the John Jay College of Criminal Justice, where <a href=\"http:\/\/johnjay.jjay.cuny.edu\/newsroom\/6061.php\" target=\"_blank\" rel=\"noopener\">Professor Claudia Calirman <\/a>was generous to welcome us for a screening of an in-process cut of the documentary back in May 2016. We&#8217;re excited to return to John Jay to present the finished product and hear feedback from students. In 2016, Claudia co-curated an <a href=\"http:\/\/www.bastaexhibition.com\" target=\"_blank\" rel=\"noopener\">exhibition<\/a> of Latin American contemporary art that addresses processes of violence.<\/p>\n<p>&nbsp;<\/p>\n<blockquote><p><strong>524 West 59th St<\/strong><\/p>\n<p><strong>Haarem Hall, 3rd Floor<\/strong><\/p>\n<p>Thursday\u00a016 February 2017, 11am-1pm<\/p>\n<p>&nbsp;<\/p><\/blockquote>\n<p>[\/film_discover][film_discover style_discover=&#8221;3&#8243; image=&#8221;827&#8243; short_description=&#8221;Screening and Q+A at Skidmore College John B. Moore Documentary Studies Collaborative&#8221; small_title=&#8221;Skidmore College, Saratoga Springs&#8221;]We are excited to screen After Trujillo for documentary studies students at Skidmore College, with our colleague, <a href=\"http:\/\/www.skidmore.edu\/mdocs\/about\/people.php\" target=\"_blank\" rel=\"noopener\">Jordana Dym<\/a>, inaugural Director of the John B. Moore Documentary Studies Collaborative and Professor of History. &#8220;<a href=\"http:\/\/www.skidmore.edu\/mdocs\/index.php\" target=\"_blank\" rel=\"noopener\">MDOCS<\/a> is an interdisciplinary program presenting the stories of the human experience in documentary media and technologies: old and new; visual, oral and written; analog and digital. Providing\u00a0<a title=\"MDOCS resources\" href=\"http:\/\/www.skidmore.edu\/mdocs\/resources\/index.php\">resources<\/a>\u00a0for and fostering collaborations between Skidmore&#8217;s academic programs and documentary practitioners, MDOCS invites students, faculty and staff to learn and use the documentary arts for critical inquiry, discovery, civic engagement, and exposition.&#8221;<\/p>\n<p>&nbsp;<\/p>\n<blockquote><p><strong>Tisch\u00a0<\/strong><b>Learning Center<\/b><\/p>\n<p>Monday\u00a013 February 2017, 6-8pm<\/p><\/blockquote>\n<p>[\/film_discover][film_discover style_discover=&#8221;3&#8243; image=&#8221;826&#8243; short_description=&#8221;Two Screenings at the University of Toronto&#8221; small_title=&#8221;University of Toronto&#8221;]<a href=\"http:\/\/www.history.utoronto.ca\/kevin-coleman?ptype=all-faculty\" target=\"_blank\" rel=\"noopener\">Professor Kevin Coleman<\/a> from the <a href=\"http:\/\/www.history.utoronto.ca\" target=\"_blank\" rel=\"noopener\">History Department<\/a> has invited us to screen After Trujillo for his students of Latin American History at the Mississagua and St George campuses of the University of Toronto.<\/p>\n<p>&nbsp;<\/p>\n<blockquote><p><strong>Mississagua Campus<\/strong><\/p>\n<p>Thursday 8 February 2017, 11am-1pm<\/p>\n<p><strong>St George Campus<\/strong><\/p>\n<p>Friday 9 February 2017, 3:30-5pm<\/p>\n<p>&nbsp;<\/p><\/blockquote>\n<p>[\/film_discover][film_discover style_discover=&#8221;3&#8243; image=&#8221;798&#8243; short_description=&#8221;Transmisi\u00f3n y cine foro en Canal 4&#8243; small_title=&#8221;Canal 4, Dominican State TV&#8221;]El 5 de diciembre grabamos un cine foro en el Canal 4 (el primer canal de televisi\u00f3n creado bajo Trujillo y hoy todav\u00eda el canal estatal) con Yanela Hern\u00e1ndez y el arquitecto e investigador Marcos Blonda donde tuvimos la oportunidad de conversar sobre el documental, los espacios rese\u00f1ados, y las relaciones entre la relaci\u00f3n arquitectura-dictadura en RD y Venezuela. Se transmitir\u00e1 en la Rep\u00fablica Dominicana en las pr\u00f3ximas semanas.<\/p>\n<p>&nbsp;<\/p>\n<blockquote><p>Domingo\u00a018 de diciembre de 2016, 7pm<\/p>\n<p><a href=\"http:\/\/canal4rd.com\" target=\"_blank\" rel=\"noopener\">Canal 4<\/a><\/p><\/blockquote>\n<p>[\/film_discover][film_discover style_discover=&#8221;3&#8243; image=&#8221;822&#8243; short_description=&#8221;Cine Foro, Museo Memorial de la Resistencia&#8221; small_title=&#8221;Museo Memorial de la Resistencia&#8221;]Desde su fundaci\u00f3n en 2010, el Museo Memorial de la Resistencia Dominicana ha sido un agente aglutinador de los muchos grupos que conmemoran activamente los abusos de la dictadura y la resistencia a Trujillo. En nuestro \u00faltimo evento de este ciclo en RD, estaremos\u00a0proyectando y conversando sobre\u00a0<em>Despu\u00e9s de Trujillo <\/em>junto con la Directora del museo, Luisa De Pe\u00f1a D\u00edaz, y Tomasina Cabral,\u00a0miembro del Movimiento 14 de Junio.<\/p>\n<p>&nbsp;<\/p>\n<blockquote><p>Jueves 8 de diciembre de 2016, 6pm<\/p>\n<p>Auditorio, Museo Memorial de la Resistencia Dominicana<\/p>\n<p>Calle Arzobispo Noel\u00a0#210, Zona Colonial, Santo Domingo<\/p><\/blockquote>\n<p>[\/film_discover][film_discover style_discover=&#8221;3&#8243; image=&#8221;809&#8243; short_description=&#8221;Cine Foro en la Universidad Aut\u00f3noma de Santo Domingo&#8221; small_title=&#8221;Universidad Aut\u00f3noma de Santo Domingo&#8221;]Proyecci\u00f3n y discusi\u00f3n en \u00a0la UASD, en colaboraci\u00f3n con el Director de\u00a0la Escuela de Cine Julio Melo, Odalis P\u00e9rez, coordinadora de los cine-foros, y Julio Alberto, cr\u00edtico de cine.<\/p>\n<p>&nbsp;<\/p>\n<blockquote><p>Mi\u00e9rcoles\u00a07 de diciembre de 2016, 4-6pm<\/p>\n<p>Facultad de Artes, UASD<\/p>\n<p>Santo Domingo<\/p><\/blockquote>\n<p>[\/film_discover][film_discover style_discover=&#8221;3&#8243; image=&#8221;793&#8243; short_description=&#8221;Proyecciones en Altos de Chav\u00f3n, 1 y 7 de diciembre&#8221; small_title=&#8221;Altos de Chav\u00f3n&#8221;]Tendremos dos funciones en las sedes de Chav\u00f3n Escuela de Dise\u00f1o. Gracias a la invitaci\u00f3n de Jos\u00e9 Ram\u00edrez, profesor de Fotograf\u00eda.<\/p>\n<p>&nbsp;<\/p>\n<blockquote><p>Jueves 1 de diciembre de 2016, 7:30 pm<\/p>\n<p>Campus\u00a0La Romana<\/p>\n<p>&nbsp;<\/p>\n<p>Mi\u00e9rcoles 7 de diciembre de 2016, 10:30 am<\/p>\n<p>Campus\u00a0Santo Domingo<\/p>\n<p>&nbsp;<\/p><\/blockquote>\n<p>[\/film_discover][film_discover style_discover=&#8221;3&#8243; image=&#8221;752&#8243; short_description=&#8221;Cine Foro en el Centro Le\u00f3n, Santiago&#8221; small_title=&#8221;Centro Le\u00f3n Jim\u00e9nez&#8221;]En mayo de 2015 estuvimos en el Centro Le\u00f3n revisando la excelente colecci\u00f3n de mapas y fotograf\u00edas, dos de las cuales, de la autor\u00eda de Max Pou, aparecen en el documental. Nos da mucha alegr\u00eda volver al Centro para proyectar y conversar sobre\u00a0<em>Despu\u00e9s de Trujillo <\/em>de la mano de dos de nuestros colaboradores: la historiadora de arte y curadora, Sara Hermann, y el ge\u00f3grafo y profesor universitario Rafael Emilio Yun\u00e9n.<\/p>\n<p>&nbsp;<\/p>\n<blockquote><p>Mi\u00e9rcoles 30 de noviembre de 2016, 7-9pm<\/p>\n<p>Auditorio Centro Le\u00f3n<\/p>\n<p>Av. 27 de Febrero #146, Villa Progreso, Santiago<\/p><\/blockquote>\n<p>[\/film_discover][film_discover style_discover=&#8221;3&#8243; image=&#8221;780&#8243; short_description=&#8221;Presentaci\u00f3n en el Archivo General de la Naci\u00f3n&#8221; small_title=&#8221;Archivo General de la Naci\u00f3n&#8221;]En el marco de la III Feria del Libro de Historia Dominicana, estaremos hablando sobre el proceso de realizar un documental como una publicaci\u00f3n acad\u00e9mica. El Archivo General de la Naci\u00f3n fue la fuente m\u00e1s importante de material de archivo que consultamos y usamos en <em>Despu\u00e9s de Trujillo<\/em>, y el Director del AGN, Roberto Cass\u00e1, es una voz clave en el documental.<\/p>\n<p>&nbsp;<\/p>\n<blockquote><p>Martes\u00a029 de noviembre de 2016, 5-6pm<\/p>\n<p>Archivo General de la Naci\u00f3n, Calle General Modesto D\u00edaz<\/p><\/blockquote>\n<p>[\/film_discover][film_discover style_discover=&#8221;3&#8243; image=&#8221;778&#8243; short_description=&#8221;Cine Foro en la UNPHU, 28 noviembre 2016&#8243; small_title=&#8221;UNPHU&#8221;]Gracias a la invitaci\u00f3n del Decano de Arquitectura,\u00a0el Prof. Omar Rancier, que figura como uno de los entrevistados principales del documental, estaremos mostrando <em>Despu\u00e9s de Trujillo<\/em> a los estudiantes de Historia\u00a0y Cr\u00edtica de Arquitectura en un foro con la participaci\u00f3n de Mauricia Dom\u00ednguez y Bienvenido Pantale\u00f3n.<\/p>\n<p>&nbsp;<\/p>\n<blockquote><p>Lunes 28 de noviembre de 2016, 6-8pm<\/p>\n<p>Sala Max Henriquez Ure\u00f1a, Universidad Nacional Pedro Henr\u00edquez Ure\u00f1a.<\/p><\/blockquote>\n<p>&nbsp;<\/p>\n<p>[\/film_discover][film_discover style_discover=&#8221;3&#8243; image=&#8221;662&#8243; short_description=&#8221;Estreno en Santo Domingo, 22 noviembre 2016&#8243; small_title=&#8221;PUCMM&#8221;]Aterrizamos en Santo Domingo el s\u00e1bado 19 de noviembre, listos para el estreno del documental. Estaremos present\u00e1ndolo de la mano de nuestros colegas en el Departamento de Arquitectura de la Pontificia Universidad Cat\u00f3lica Madre y Maestra, con quienes\u00a0realizamos un seminario en 2015.<\/p>\n<blockquote><p>&nbsp;<\/p>\n<p>Martes 22 de noviembre, 5-7pm<\/p>\n<p>Seguido de un foro con los arquitectos Gustavo Luis Mor\u00e9, Marcos Blonda, y Mauricia Dom\u00ednguez.<\/p>\n<p>&nbsp;<\/p><\/blockquote>\n<p>[\/film_discover][\/vc_column][\/vc_row]<\/p>\n<\/div>","protected":false},"excerpt":{"rendered":"<p>[vc_row][vc_column][film_discover style_discover=&#8221;3&#8243; image=&#8221;1274&#8243; small_title=&#8221;Despu\u00e9s de Trujillo \/ After Trujillo&#8221;]Si desea proyectar el documental, puede encontrarlo en nuestro canal en YouTube. If you would like to screen the film, it is available via our YouTube channel.\u00a0[\/film_discover][vc_empty_space][vc_empty_space][film_discover style_discover=&#8221;3&#8243; small_title=&#8221;Proyecci\u00f3n y cine foro &#8211; Museo Memorial de la Resistencia, 2016&#8243;][\/film_discover][vc_video link=&#8221;https:\/\/youtu.be\/8Xus6H_hoDs&#8221; css=&#8221;&#8221;][vc_empty_space][film_discover style_discover=&#8221;3&#8243; image=&#8221;1127&#8243; small_title=&#8221;Cine Brasil Marginal, Zurich&#8221;] [&hellip;]<\/p>\n","protected":false},"author":305,"featured_media":0,"parent":0,"menu_order":0,"comment_status":"closed","ping_status":"closed","template":"template-nonesidebar.php","meta":{"footnotes":""},"class_list":["post-633","page","type-page","status-publish","hentry"],"_links":{"self":[{"href":"https:\/\/dlf.uzh.ch\/sites\/despues-de-trujillo\/wp-json\/wp\/v2\/pages\/633","targetHints":{"allow":["GET"]}}],"collection":[{"href":"https:\/\/dlf.uzh.ch\/sites\/despues-de-trujillo\/wp-json\/wp\/v2\/pages"}],"about":[{"href":"https:\/\/dlf.uzh.ch\/sites\/despues-de-trujillo\/wp-json\/wp\/v2\/types\/page"}],"author":[{"embeddable":true,"href":"https:\/\/dlf.uzh.ch\/sites\/despues-de-trujillo\/wp-json\/wp\/v2\/users\/305"}],"replies":[{"embeddable":true,"href":"https:\/\/dlf.uzh.ch\/sites\/despues-de-trujillo\/wp-json\/wp\/v2\/comments?post=633"}],"version-history":[{"count":10,"href":"https:\/\/dlf.uzh.ch\/sites\/despues-de-trujillo\/wp-json\/wp\/v2\/pages\/633\/revisions"}],"predecessor-version":[{"id":1296,"href":"https:\/\/dlf.uzh.ch\/sites\/despues-de-trujillo\/wp-json\/wp\/v2\/pages\/633\/revisions\/1296"}],"wp:attachment":[{"href":"https:\/\/dlf.uzh.ch\/sites\/despues-de-trujillo\/wp-json\/wp\/v2\/media?parent=633"}],"curies":[{"name":"wp","href":"https:\/\/api.w.org\/{rel}","templated":true}]}}