{"id":1417,"date":"2025-01-14T12:58:57","date_gmt":"2025-01-14T12:58:57","guid":{"rendered":"https:\/\/dlf.uzh.ch\/sites\/cultcomm\/?page_id=1417"},"modified":"2025-09-18T06:08:04","modified_gmt":"2025-09-18T06:08:04","slug":"podcast-litteraire","status":"publish","type":"page","link":"https:\/\/dlf.uzh.ch\/sites\/cultcomm\/podcast-litteraire\/","title":{"rendered":"Podcast litt\u00e9raire"},"content":{"rendered":"<div class=\"wpb-content-wrapper\"><p>[vc_row][vc_column][vc_column_text css=\u00a0\u00bb\u00a0\u00bb]<\/p>\n<h1>Z\u00e9phir Podcast<\/h1>\n<p>Partagez-vous ma passion pour les livres et le dialogue qu\u2019ils engagent avec notre vie et notre soci\u00e9t\u00e9 ? Alors voici la cha\u00eene de podcast \u00e0 ne pas manquer \ud83d\udcda !<\/p>\n<p>En partenariat avec les chaires de litt\u00e9rature fran\u00e7aise moderne de l&rsquo;universit\u00e9 de Zurich, je souhaite vous raconter comment les livres miroitent nos vies, nos cultures, nos crises soci\u00e9tales, et comment ils imaginent des pens\u00e9es alternatives et ouvrent la voie pour impl\u00e9menter des structures innovantes\u00a0\u2728\u00a0.<\/p>\n<p>Je m\u2019appelle Z\u00e9lie Stauffer et suis doctorante en g\u00e9ographie humaine \u00e0 l\u2019Universit\u00e9 de Zurich.\u00a0Mon int\u00e9r\u00eat particulier porte sur le rapport entre les livres et les causes environnementales\u00a0\ud83c\udf31 et je vous propose des podcasts sous forme de monologue et d\u2019entretiens\u00a0!<\/p>\n<p>La litt\u00e9rature est un tr\u00e9sor qui contient des histoires puissantes, touchantes, confiantes et pleines d&rsquo;espoir : ouvrons-le ! Rejoignez-moi pour lire, philosopher et choisir le monde de demain ![\/vc_column_text][\/vc_column][\/vc_row][vc_row][vc_column][vc_single_image image=\u00a0\u00bb1637&Prime; img_size=\u00a0\u00bbmedium\u00a0\u00bb alignment=\u00a0\u00bbcenter\u00a0\u00bb css=\u00a0\u00bb\u00a0\u00bb][vc_basic_grid post_type=\u00a0\u00bbpost\u00a0\u00bb max_items=\u00a0\u00bb10&Prime; css=\u00a0\u00bb\u00a0\u00bb grid_id=\u00a0\u00bbvc_gid:1758175631280-b219267456557791d4d22562a8bffbf2-7&Prime; taxonomies=\u00a0\u00bb35&Prime;][\/vc_column][\/vc_row]<\/p>\n<\/div>","protected":false},"excerpt":{"rendered":"<p>[vc_row][vc_column][vc_column_text css=\u00a0\u00bb\u00a0\u00bb] Z\u00e9phir Podcast Partagez-vous ma passion pour les livres et le dialogue qu\u2019ils engagent avec notre vie et notre soci\u00e9t\u00e9 ? Alors voici la cha\u00eene de podcast \u00e0 ne pas manquer \ud83d\udcda ! En partenariat avec les chaires de litt\u00e9rature fran\u00e7aise moderne de l&rsquo;universit\u00e9 de Zurich, je souhaite vous<span class=\"more-link\"><a href=\"https:\/\/dlf.uzh.ch\/sites\/cultcomm\/podcast-litteraire\/\">Lire plus<\/a><\/span><\/p>\n","protected":false},"author":581,"featured_media":1637,"parent":0,"menu_order":0,"comment_status":"closed","ping_status":"closed","template":"","meta":{"_acf_changed":false,"footnotes":""},"class_list":["entry","author-rofein","post-1417","page","type-page","status-publish","has-post-thumbnail"],"acf":[],"_links":{"self":[{"href":"https:\/\/dlf.uzh.ch\/sites\/cultcomm\/wp-json\/wp\/v2\/pages\/1417","targetHints":{"allow":["GET"]}}],"collection":[{"href":"https:\/\/dlf.uzh.ch\/sites\/cultcomm\/wp-json\/wp\/v2\/pages"}],"about":[{"href":"https:\/\/dlf.uzh.ch\/sites\/cultcomm\/wp-json\/wp\/v2\/types\/page"}],"author":[{"embeddable":true,"href":"https:\/\/dlf.uzh.ch\/sites\/cultcomm\/wp-json\/wp\/v2\/users\/581"}],"replies":[{"embeddable":true,"href":"https:\/\/dlf.uzh.ch\/sites\/cultcomm\/wp-json\/wp\/v2\/comments?post=1417"}],"version-history":[{"count":5,"href":"https:\/\/dlf.uzh.ch\/sites\/cultcomm\/wp-json\/wp\/v2\/pages\/1417\/revisions"}],"predecessor-version":[{"id":1639,"href":"https:\/\/dlf.uzh.ch\/sites\/cultcomm\/wp-json\/wp\/v2\/pages\/1417\/revisions\/1639"}],"wp:featuredmedia":[{"embeddable":true,"href":"https:\/\/dlf.uzh.ch\/sites\/cultcomm\/wp-json\/wp\/v2\/media\/1637"}],"wp:attachment":[{"href":"https:\/\/dlf.uzh.ch\/sites\/cultcomm\/wp-json\/wp\/v2\/media?parent=1417"}],"curies":[{"name":"wp","href":"https:\/\/api.w.org\/{rel}","templated":true}]}}