{"id":142,"date":"2023-12-22T17:04:08","date_gmt":"2023-12-22T17:04:08","guid":{"rendered":"https:\/\/dlf.uzh.ch\/sites\/coseriuletters\/?page_id=142"},"modified":"2023-12-22T17:04:39","modified_gmt":"2023-12-22T17:04:39","slug":"guest-speakers","status":"publish","type":"page","link":"https:\/\/dlf.uzh.ch\/sites\/coseriuletters\/guest-speakers\/","title":{"rendered":"Guest speakers"},"content":{"rendered":"\n<p>Bernhard Hurch (Universit\u00e4t Graz)<\/p>\n\n\n\n<p>Sarah Melker (Universit\u00e4t Graz)<\/p>\n\n\n\n<p>Wiltrud Mihatsch (Universit\u00e4t T\u00fcbingen)<\/p>\n\n\n\n<p>Yann Stricker (Zentrum Digitale Editionen &amp; Editionsanalytik, Universit\u00e4t Z\u00fcrich)<\/p>\n\n\n\n<p>Emma T\u0103m\u00e2ianu Morita (Kindai University, Osaka)<\/p>\n\n\n\n<p>Klaas Willems (Ghent University)<\/p>\n","protected":false},"excerpt":{"rendered":"<p>Bernhard Hurch (Universit\u00e4t Graz) Sarah Melker (Universit\u00e4t Graz) Wiltrud Mihatsch (Universit\u00e4t T\u00fcbingen) Yann Stricker (Zentrum Digitale Editionen &amp; Editionsanalytik, Universit\u00e4t Z\u00fcrich) Emma T\u0103m\u00e2ianu Morita (Kindai&hellip;<\/p>\n","protected":false},"author":794,"featured_media":0,"parent":0,"menu_order":0,"comment_status":"closed","ping_status":"closed","template":"","meta":{"footnotes":""},"class_list":["post-142","page","type-page","status-publish","hentry"],"_links":{"self":[{"href":"https:\/\/dlf.uzh.ch\/sites\/coseriuletters\/wp-json\/wp\/v2\/pages\/142","targetHints":{"allow":["GET"]}}],"collection":[{"href":"https:\/\/dlf.uzh.ch\/sites\/coseriuletters\/wp-json\/wp\/v2\/pages"}],"about":[{"href":"https:\/\/dlf.uzh.ch\/sites\/coseriuletters\/wp-json\/wp\/v2\/types\/page"}],"author":[{"embeddable":true,"href":"https:\/\/dlf.uzh.ch\/sites\/coseriuletters\/wp-json\/wp\/v2\/users\/794"}],"replies":[{"embeddable":true,"href":"https:\/\/dlf.uzh.ch\/sites\/coseriuletters\/wp-json\/wp\/v2\/comments?post=142"}],"version-history":[{"count":2,"href":"https:\/\/dlf.uzh.ch\/sites\/coseriuletters\/wp-json\/wp\/v2\/pages\/142\/revisions"}],"predecessor-version":[{"id":146,"href":"https:\/\/dlf.uzh.ch\/sites\/coseriuletters\/wp-json\/wp\/v2\/pages\/142\/revisions\/146"}],"wp:attachment":[{"href":"https:\/\/dlf.uzh.ch\/sites\/coseriuletters\/wp-json\/wp\/v2\/media?parent=142"}],"curies":[{"name":"wp","href":"https:\/\/api.w.org\/{rel}","templated":true}]}}