{"id":342,"date":"2022-03-23T03:07:40","date_gmt":"2022-03-23T02:07:40","guid":{"rendered":"https:\/\/dlf.uzh.ch\/sites\/congresomiguelhernandez2022\/?page_id=342"},"modified":"2022-03-23T10:21:46","modified_gmt":"2022-03-23T09:21:46","slug":"contacto","status":"publish","type":"page","link":"https:\/\/dlf.uzh.ch\/sites\/congresomiguelhernandez2022\/contacto\/","title":{"rendered":"Organizaci\u00f3n"},"content":{"rendered":"\n<p><strong>Organizaci\u00f3n acad\u00e9mica:<\/strong><\/p>\n\n\n\n<p>Prof. Dr. Itz\u00edar L\u00f3pez Guil<\/p>\n\n\n\n<p><strong>Organizaci\u00f3n administrativa:<\/strong><\/p>\n\n\n\n<p>Chiara Licci, Laura S\u00e1nchez y Mar\u00eda Luisa Gago Iglesias<\/p>\n\n\n\n<p>Luana Del Guercio, Besiana Kurti, Jos\u00e9 Enrique Laitano Fern\u00e1ndez, Marija Nikolic y Samantha Widmer<\/p>\n\n\n\n<p><strong>La realizaci\u00f3n de este congreso ha sido posible gracias al<\/strong><\/p>\n\n\n\n<p><strong>generoso apoyo de: &nbsp;&nbsp;&nbsp;&nbsp;&nbsp;&nbsp;&nbsp;&nbsp;&nbsp;&nbsp;&nbsp;&nbsp;&nbsp;&nbsp;&nbsp;&nbsp;&nbsp;&nbsp;&nbsp;&nbsp;<\/strong><\/p>\n\n\n\n<figure class=\"wp-block-image size-full\"><img loading=\"lazy\" decoding=\"async\" width=\"224\" height=\"98\" src=\"https:\/\/dlf.uzh.ch\/sites\/congresomiguelhernandez2022\/files\/2022\/03\/grafik.png\" alt=\"\" class=\"wp-image-391\" \/><figcaption><strong>C\u00e1tedra de Literatura Espa\u00f1ola<\/strong><br><strong>&nbsp;&nbsp;&nbsp;&nbsp;&nbsp;&nbsp; &nbsp;Prof. Dr. Itz\u00edar L\u00f3pez Guil<\/strong><br><br><strong>UZH \u2013 Hochschulstiftung<\/strong><br>&nbsp;<\/figcaption><\/figure>\n\n\n\n<figure class=\"wp-block-image size-full\"><img loading=\"lazy\" decoding=\"async\" width=\"152\" height=\"98\" src=\"https:\/\/dlf.uzh.ch\/sites\/congresomiguelhernandez2022\/files\/2022\/03\/grafik-1.png\" alt=\"\" class=\"wp-image-392\" srcset=\"https:\/\/dlf.uzh.ch\/sites\/congresomiguelhernandez2022\/files\/2022\/03\/grafik-1.png 152w, https:\/\/dlf.uzh.ch\/sites\/congresomiguelhernandez2022\/files\/2022\/03\/grafik-1-150x98.png 150w\" sizes=\"auto, (max-width: 152px) 100vw, 152px\" \/><\/figure>\n\n\n\n<figure class=\"wp-block-image size-full\"><img loading=\"lazy\" decoding=\"async\" width=\"266\" height=\"120\" src=\"https:\/\/dlf.uzh.ch\/sites\/congresomiguelhernandez2022\/files\/2022\/03\/grafik-2.png\" alt=\"\" class=\"wp-image-393\" \/><\/figure>\n\n\n\n<p><\/p>\n","protected":false},"excerpt":{"rendered":"<p>Organizaci\u00f3n acad\u00e9mica: Prof. Dr. Itz\u00edar L\u00f3pez Guil Organizaci\u00f3n administrativa: Chiara Licci, Laura S\u00e1nchez y Mar\u00eda Luisa Gago Iglesias Luana Del Guercio, Besiana Kurti, Jos\u00e9 Enrique Laitano Fern\u00e1ndez, Marija Nikolic y Samantha Widmer La realizaci\u00f3n de este congreso ha sido posible gracias al generoso apoyo de: &nbsp;&nbsp;&nbsp;&nbsp;&nbsp;&nbsp;&nbsp;&nbsp;&nbsp;&nbsp;&nbsp;&nbsp;&nbsp;&nbsp;&nbsp;&nbsp;&nbsp;&nbsp;&nbsp;&nbsp;<\/p>\n","protected":false},"author":751,"featured_media":0,"parent":0,"menu_order":0,"comment_status":"closed","ping_status":"closed","template":"","meta":{"footnotes":""},"class_list":["post-342","page","type-page","status-publish","hentry"],"_links":{"self":[{"href":"https:\/\/dlf.uzh.ch\/sites\/congresomiguelhernandez2022\/wp-json\/wp\/v2\/pages\/342","targetHints":{"allow":["GET"]}}],"collection":[{"href":"https:\/\/dlf.uzh.ch\/sites\/congresomiguelhernandez2022\/wp-json\/wp\/v2\/pages"}],"about":[{"href":"https:\/\/dlf.uzh.ch\/sites\/congresomiguelhernandez2022\/wp-json\/wp\/v2\/types\/page"}],"author":[{"embeddable":true,"href":"https:\/\/dlf.uzh.ch\/sites\/congresomiguelhernandez2022\/wp-json\/wp\/v2\/users\/751"}],"replies":[{"embeddable":true,"href":"https:\/\/dlf.uzh.ch\/sites\/congresomiguelhernandez2022\/wp-json\/wp\/v2\/comments?post=342"}],"version-history":[{"count":4,"href":"https:\/\/dlf.uzh.ch\/sites\/congresomiguelhernandez2022\/wp-json\/wp\/v2\/pages\/342\/revisions"}],"predecessor-version":[{"id":441,"href":"https:\/\/dlf.uzh.ch\/sites\/congresomiguelhernandez2022\/wp-json\/wp\/v2\/pages\/342\/revisions\/441"}],"wp:attachment":[{"href":"https:\/\/dlf.uzh.ch\/sites\/congresomiguelhernandez2022\/wp-json\/wp\/v2\/media?parent=342"}],"curies":[{"name":"wp","href":"https:\/\/api.w.org\/{rel}","templated":true}]}}