{"id":2,"date":"2022-02-10T17:17:39","date_gmt":"2022-02-10T16:17:39","guid":{"rendered":"https:\/\/dlf.uzh.ch\/sites\/congresomiguelhernandez2022\/?page_id=2"},"modified":"2022-05-10T00:23:37","modified_gmt":"2022-05-09T22:23:37","slug":"beispiel-seite","status":"publish","type":"page","link":"https:\/\/dlf.uzh.ch\/sites\/congresomiguelhernandez2022\/beispiel-seite\/","title":{"rendered":"Informaci\u00f3n general"},"content":{"rendered":"\n<figure class=\"wp-block-image size-large is-resized\"><img loading=\"lazy\" decoding=\"async\" src=\"https:\/\/dlf.uzh.ch\/sites\/congresomiguelhernandez2022\/files\/2022\/03\/2021_ROSE_Miquel_Hernandez_Flyer_digital2-722x1024.jpg\" alt=\"\" class=\"wp-image-292\" width=\"838\" height=\"1189\" srcset=\"https:\/\/dlf.uzh.ch\/sites\/congresomiguelhernandez2022\/files\/2022\/03\/2021_ROSE_Miquel_Hernandez_Flyer_digital2-722x1024.jpg 722w, https:\/\/dlf.uzh.ch\/sites\/congresomiguelhernandez2022\/files\/2022\/03\/2021_ROSE_Miquel_Hernandez_Flyer_digital2-211x300.jpg 211w, https:\/\/dlf.uzh.ch\/sites\/congresomiguelhernandez2022\/files\/2022\/03\/2021_ROSE_Miquel_Hernandez_Flyer_digital2-768x1090.jpg 768w, https:\/\/dlf.uzh.ch\/sites\/congresomiguelhernandez2022\/files\/2022\/03\/2021_ROSE_Miquel_Hernandez_Flyer_digital2-750x1064.jpg 750w, https:\/\/dlf.uzh.ch\/sites\/congresomiguelhernandez2022\/files\/2022\/03\/2021_ROSE_Miquel_Hernandez_Flyer_digital2.jpg 874w\" sizes=\"auto, (max-width: 838px) 100vw, 838px\" \/><\/figure>\n\n\n\n<p>El congreso internacional en homenaje a Miguel Hern\u00e1ndez en el octog\u00e9simo aniversario de su muerte se celebrar\u00e1 el 28 de marzo de 2022 en la Universidad de Z\u00faich. Se podr\u00e1 asistir al congreso tanto de forma presencial como en l\u00ednea.<\/p>\n\n\n\n<h2 class=\"wp-block-heading\">Aula<\/h2>\n\n\n\n<p>RAA-G-01, R\u00e4mistrasse 59, 8001 Z\u00fcrich<\/p>\n\n\n\n<p><a href=\"https:\/\/www.plaene.uzh.ch\/RAA?z=6&amp;lon=951787.09627803&amp;lat=6003015.9692803&amp;f=showAll&amp;w=618&amp;h=690&amp;m=marker_building_RAA\">https:\/\/www.plaene.uzh.ch\/RAA?z=6&amp;lon=951787.09627803&amp;lat=6003015.9692803&amp;f=showAll&amp;w=618&amp;h=690&amp;m=marker_building_RAA<\/a><\/p>\n\n\n\n<h2 class=\"wp-block-heading\">Zoom<\/h2>\n\n\n\n<p><a href=\"https:\/\/uzh.zoom.us\/j\/69301773602?pwd=MXdkTVR5ZEwvbG1sSVg3L29LclNSUT09\">https:\/\/uzh.zoom.us\/j\/69301773602?pwd=MXdkTVR5ZEwvbG1sSVg3L29LclNSUT09<\/a><\/p>\n\n\n\n<p>Meeting-ID: 693 0177 3602<br>Kenncode: 560590<\/p>\n\n\n\n<h2 class=\"wp-block-heading\">Programa<\/h2>\n\n\n\n<div class=\"wp-block-file\"><a id=\"wp-block-file--media-e4040f95-1ee6-4e2b-8865-77b4a2f0489a\" href=\"https:\/\/dlf.uzh.ch\/sites\/congresomiguelhernandez2022\/files\/2022\/03\/Programa-congreso-MH_definitivo-Febrero-22.pdf\">Programa-congreso-MH-22<\/a><a href=\"https:\/\/dlf.uzh.ch\/sites\/congresomiguelhernandez2022\/files\/2022\/03\/Programa-congreso-MH_definitivo-Febrero-22.pdf\" class=\"wp-block-file__button\" download aria-describedby=\"wp-block-file--media-e4040f95-1ee6-4e2b-8865-77b4a2f0489a\">Herunterladen<\/a><\/div>\n","protected":false},"excerpt":{"rendered":"<p>El congreso internacional en homenaje a Miguel Hern\u00e1ndez en el octog\u00e9simo aniversario de su muerte se celebrar\u00e1 el 28 de marzo de 2022 en la Universidad de Z\u00faich. Se podr\u00e1 asistir al congreso tanto de forma presencial como en l\u00ednea. Aula RAA-G-01, R\u00e4mistrasse 59, 8001 Z\u00fcrich https:\/\/www.plaene.uzh.ch\/RAA?z=6&amp;lon=951787.09627803&amp;lat=6003015.9692803&amp;f=showAll&amp;w=618&amp;h=690&amp;m=marker_building_RAA Zoom https:\/\/uzh.zoom.us\/j\/69301773602?pwd=MXdkTVR5ZEwvbG1sSVg3L29LclNSUT09 Meeting-ID: 693 0177 3602Kenncode: 560590 Programa<\/p>\n","protected":false},"author":751,"featured_media":0,"parent":0,"menu_order":0,"comment_status":"closed","ping_status":"open","template":"","meta":{"footnotes":""},"class_list":["post-2","page","type-page","status-publish","hentry"],"_links":{"self":[{"href":"https:\/\/dlf.uzh.ch\/sites\/congresomiguelhernandez2022\/wp-json\/wp\/v2\/pages\/2","targetHints":{"allow":["GET"]}}],"collection":[{"href":"https:\/\/dlf.uzh.ch\/sites\/congresomiguelhernandez2022\/wp-json\/wp\/v2\/pages"}],"about":[{"href":"https:\/\/dlf.uzh.ch\/sites\/congresomiguelhernandez2022\/wp-json\/wp\/v2\/types\/page"}],"author":[{"embeddable":true,"href":"https:\/\/dlf.uzh.ch\/sites\/congresomiguelhernandez2022\/wp-json\/wp\/v2\/users\/751"}],"replies":[{"embeddable":true,"href":"https:\/\/dlf.uzh.ch\/sites\/congresomiguelhernandez2022\/wp-json\/wp\/v2\/comments?post=2"}],"version-history":[{"count":15,"href":"https:\/\/dlf.uzh.ch\/sites\/congresomiguelhernandez2022\/wp-json\/wp\/v2\/pages\/2\/revisions"}],"predecessor-version":[{"id":595,"href":"https:\/\/dlf.uzh.ch\/sites\/congresomiguelhernandez2022\/wp-json\/wp\/v2\/pages\/2\/revisions\/595"}],"wp:attachment":[{"href":"https:\/\/dlf.uzh.ch\/sites\/congresomiguelhernandez2022\/wp-json\/wp\/v2\/media?parent=2"}],"curies":[{"name":"wp","href":"https:\/\/api.w.org\/{rel}","templated":true}]}}