{"id":294,"date":"2025-04-11T19:12:10","date_gmt":"2025-04-11T19:12:10","guid":{"rendered":"https:\/\/dlf.uzh.ch\/sites\/congresocarmenmartingaite2025\/?page_id=294"},"modified":"2025-04-22T11:27:39","modified_gmt":"2025-04-22T11:27:39","slug":"jose-teruel","status":"publish","type":"page","link":"https:\/\/dlf.uzh.ch\/sites\/congresocarmenmartingaite2025\/participantes-del-congreso\/jose-teruel\/","title":{"rendered":"Jos\u00e9 Teruel"},"content":{"rendered":"\n<figure class=\"wp-block-image aligncenter size-large is-resized\"><img loading=\"lazy\" decoding=\"async\" width=\"908\" height=\"1210\" src=\"https:\/\/dlf.uzh.ch\/sites\/congresocarmenmartingaite2025\/files\/2025\/04\/image-2-edited-1.jpeg\" alt=\"\" class=\"wp-image-295\" style=\"width:287px;height:auto\" srcset=\"https:\/\/dlf.uzh.ch\/sites\/congresocarmenmartingaite2025\/files\/2025\/04\/image-2-edited-1.jpeg 908w, https:\/\/dlf.uzh.ch\/sites\/congresocarmenmartingaite2025\/files\/2025\/04\/image-2-edited-1-225x300.jpeg 225w, https:\/\/dlf.uzh.ch\/sites\/congresocarmenmartingaite2025\/files\/2025\/04\/image-2-edited-1-768x1023.jpeg 768w\" sizes=\"auto, (max-width: 908px) 100vw, 908px\" \/><\/figure>\n\n\n\n<p><strong>Jos\u00e9 Teruel<\/strong> es profesor honorario de Literatura Espa\u00f1ola en la Universidad Aut\u00f3noma de Madrid. Ha sido <em>visiting professor&nbsp;<\/em>en Duke University, Middlebury College y la Universit\u00e0 Ca\u2019 Foscari Venezia. Entre sus publicaciones destacan&nbsp;<em>El trampol\u00edn y el atleta: \u00abLos placeres prohibidos\u00bb de Luis Cernuda&nbsp;<\/em>(2002),&nbsp;<em>Los a\u00f1os norteamericanos de Luis Cernuda&nbsp;<\/em>(Premio Internacional \u00abGerardo Diego\u00bb de Investigaci\u00f3n Literaria 2013),&nbsp;<em>Vertical de ausencia&nbsp;<\/em>(Premio Internacional de Poes\u00eda Ciudad de Salamanca 2021),&nbsp;<em>Carmen Mart\u00edn Gaite. Una biograf\u00eda&nbsp;<\/em>(Premio Comillas de Historia, Biograf\u00eda y Memorias, 2025). Dirigi\u00f3 la edici\u00f3n anotada de las&nbsp;<em>Obras completas&nbsp;<\/em>de Carmen Mart\u00edn Gaite en siete tomos. Ha preparado las ediciones cr\u00edticas de textos can\u00f3nicos de la literatura espa\u00f1ola del siglo XX, entre otros: las&nbsp;<em>Antolog\u00edas&nbsp;<\/em>de Gerardo Diego;&nbsp;<em>Nada&nbsp;<\/em>de Carmen Laforet;&nbsp;<em>Tirando del hilo<\/em>,&nbsp;<em>El cuarto de atr\u00e1s<\/em>,&nbsp;<em>Todos los cuentos, A rachas<\/em>,&nbsp;<em>De viva voz, P\u00e1ginas escogidas<\/em>&nbsp;y&nbsp;<em>De hija a madre, de madre a hija&nbsp;<\/em>de Mart\u00edn Gaite, as\u00ed como la&nbsp;<em>Correspondencia&nbsp;<\/em>entre la escritora salmantina y Juan Benet.<\/p>\n\n\n\n<p><em>Abstract<\/em>: Este art\u00edculo analiza las prefiguraciones de tres t\u00edtulos de Carmen Mar-t\u00edn Gaite que se configuraron o iniciaron en la d\u00e9cada de 1960 \u2013\u00abLa b\u00fasqueda de interlocutor\u00bb (1966), <em>El proceso de Macanaz<\/em> (1963-1969) y <em>Retah\u00edla<\/em>s (1965-1973)\u2013 a trav\u00e9s de la correspondencia que mantuvo con Juan Benet y a partir de la noci\u00f3n de epitexto de G\u00e9rard Genette (1987). Ello permitir\u00e1 dilucidar con mayor compleji-dad su idea de la b\u00fasqueda de interlocutor asociada a la busca literaria del modo y c\u00f3mo en el taller de la escritora conviven, en un periodo de corta duraci\u00f3n, distintas modalidades y mezclas de escritura (ensayo literario, investigaci\u00f3n his-t\u00f3rica y ficci\u00f3n), que demuestran preocupaciones similares, y una concepci\u00f3n de su obra como un texto unitarioque in\u00fatilmente se deja compartimentar.<\/p>\n\n\n\n<div class=\"wp-block-file\"><a id=\"wp-block-file--media-b1b63245-bff0-41f6-986e-8b51eaeb26d5\" href=\"https:\/\/dlf.uzh.ch\/sites\/congresocarmenmartingaite2025\/files\/2025\/04\/Articulo-Jose-Teruel.pdf\">Art\u00edculo Jos\u00e9 Teruel<\/a><a href=\"https:\/\/dlf.uzh.ch\/sites\/congresocarmenmartingaite2025\/files\/2025\/04\/Articulo-Jose-Teruel.pdf\" class=\"wp-block-file__button wp-element-button\" download aria-describedby=\"wp-block-file--media-b1b63245-bff0-41f6-986e-8b51eaeb26d5\">Download<\/a><\/div>\n\n\n\n<div class=\"wp-block-columns is-layout-flex wp-container-core-columns-is-layout-28f84493 wp-block-columns-is-layout-flex\"><\/div>\n\n\n\n<div class=\"wp-block-columns is-layout-flex wp-container-core-columns-is-layout-28f84493 wp-block-columns-is-layout-flex\">\n<div class=\"wp-block-column is-layout-flow wp-block-column-is-layout-flow\"><\/div>\n\n\n\n<div class=\"wp-block-column is-layout-flow wp-block-column-is-layout-flow\"><\/div>\n<\/div>\n\n\n\n<div class=\"wp-block-buttons is-layout-flex wp-block-buttons-is-layout-flex\">\n<div class=\"wp-block-button\"><a class=\"wp-block-button__link wp-element-button\" href=\"https:\/\/dlf.uzh.ch\/sites\/congresocarmenmartingaite2025\/\">Home<\/a><\/div>\n<\/div>\n\n\n<nav class=\"is-responsive items-justified-center alignfull wp-block-navigation is-content-justification-center is-layout-flex wp-container-core-navigation-is-layout-a89b3969 wp-block-navigation-is-layout-flex\" aria-label=\"Navegaci\u00f3n\" \n\t\t data-wp-interactive=\"core\/navigation\" data-wp-context='{\"overlayOpenedBy\":{\"click\":false,\"hover\":false,\"focus\":false},\"type\":\"overlay\",\"roleAttribute\":\"\",\"ariaLabel\":\"Menu\"}'><button aria-haspopup=\"dialog\" aria-label=\"Open menu\" class=\"wp-block-navigation__responsive-container-open\" \n\t\t\t\tdata-wp-on--click=\"actions.openMenuOnClick\"\n\t\t\t\tdata-wp-on--keydown=\"actions.handleMenuKeydown\"\n\t\t\t><svg width=\"24\" height=\"24\" xmlns=\"http:\/\/www.w3.org\/2000\/svg\" viewBox=\"0 0 24 24\" aria-hidden=\"true\" focusable=\"false\"><path d=\"M4 7.5h16v1.5H4z\"><\/path><path d=\"M4 15h16v1.5H4z\"><\/path><\/svg><\/button>\n\t\t\t\t<div class=\"wp-block-navigation__responsive-container\"  id=\"modal-1\" \n\t\t\t\tdata-wp-class--has-modal-open=\"state.isMenuOpen\"\n\t\t\t\tdata-wp-class--is-menu-open=\"state.isMenuOpen\"\n\t\t\t\tdata-wp-watch=\"callbacks.initMenu\"\n\t\t\t\tdata-wp-on--keydown=\"actions.handleMenuKeydown\"\n\t\t\t\tdata-wp-on--focusout=\"actions.handleMenuFocusout\"\n\t\t\t\ttabindex=\"-1\"\n\t\t\t>\n\t\t\t\t\t<div class=\"wp-block-navigation__responsive-close\" tabindex=\"-1\">\n\t\t\t\t\t\t<div class=\"wp-block-navigation__responsive-dialog\" \n\t\t\t\tdata-wp-bind--aria-modal=\"state.ariaModal\"\n\t\t\t\tdata-wp-bind--aria-label=\"state.ariaLabel\"\n\t\t\t\tdata-wp-bind--role=\"state.roleAttribute\"\n\t\t\t>\n\t\t\t\t\t\t\t<button aria-label=\"Close menu\" class=\"wp-block-navigation__responsive-container-close\" \n\t\t\t\tdata-wp-on--click=\"actions.closeMenuOnClick\"\n\t\t\t><svg xmlns=\"http:\/\/www.w3.org\/2000\/svg\" viewBox=\"0 0 24 24\" width=\"24\" height=\"24\" aria-hidden=\"true\" focusable=\"false\"><path d=\"m13.06 12 6.47-6.47-1.06-1.06L12 10.94 5.53 4.47 4.47 5.53 10.94 12l-6.47 6.47 1.06 1.06L12 13.06l6.47 6.47 1.06-1.06L13.06 12Z\"><\/path><\/svg><\/button>\n\t\t\t\t\t\t\t<div class=\"wp-block-navigation__responsive-container-content\" \n\t\t\t\tdata-wp-watch=\"callbacks.focusFirstElement\"\n\t\t\t id=\"modal-1-content\">\n\t\t\t\t\t\t\t\t<ul class=\"wp-block-navigation__container is-responsive items-justified-center alignfull wp-block-navigation\"><li data-wp-context=\"{ &quot;submenuOpenedBy&quot;: { &quot;click&quot;: false, &quot;hover&quot;: false, &quot;focus&quot;: false }, &quot;type&quot;: &quot;submenu&quot;, &quot;modal&quot;: null, &quot;previousFocus&quot;: null }\" data-wp-interactive=\"core\/navigation\" data-wp-on--focusout=\"actions.handleMenuFocusout\" data-wp-on--keydown=\"actions.handleMenuKeydown\" data-wp-on--mouseenter=\"actions.openMenuOnHover\" data-wp-on--mouseleave=\"actions.closeMenuOnHover\" data-wp-watch=\"callbacks.initMenu\" tabindex=\"-1\" class=\"wp-block-navigation-item has-child open-on-hover-click wp-block-navigation-submenu\"><a class=\"wp-block-navigation-item__content\" href=\"https:\/\/dlf.uzh.ch\/sites\/congresocarmenmartingaite2025\/carmen-martin-gaite\/\"><span class=\"wp-block-navigation-item__label\">Carmen Mart\u00edn Gaite<\/span><\/a><button data-wp-bind--aria-expanded=\"state.isMenuOpen\" data-wp-on--click=\"actions.toggleMenuOnClick\" aria-label=\"Carmen Mart\u00edn Gaite submenu\" class=\"wp-block-navigation__submenu-icon wp-block-navigation-submenu__toggle\" ><svg xmlns=\"http:\/\/www.w3.org\/2000\/svg\" width=\"12\" height=\"12\" viewBox=\"0 0 12 12\" fill=\"none\" aria-hidden=\"true\" focusable=\"false\"><path d=\"M1.50002 4L6.00002 8L10.5 4\" stroke-width=\"1.5\"><\/path><\/svg><\/button><ul data-wp-on--focus=\"actions.openMenuOnFocus\" class=\"wp-block-navigation__submenu-container wp-block-navigation-submenu\"><li class=\" wp-block-navigation-item wp-block-navigation-link\"><a class=\"wp-block-navigation-item__content\"  href=\"https:\/\/dlf.uzh.ch\/sites\/congresocarmenmartingaite2025\/biografia-de-carmen-martin-gaite\/\"><span class=\"wp-block-navigation-item__label\">Biograf\u00eda de Carmen Mart\u00edn Gaite<\/span><\/a><\/li><li class=\" wp-block-navigation-item wp-block-navigation-link\"><a class=\"wp-block-navigation-item__content\"  href=\"https:\/\/dlf.uzh.ch\/sites\/congresocarmenmartingaite2025\/poetica-de-carmen-martin-gaite\/\"><span class=\"wp-block-navigation-item__label\">Po\u00e9tica de Carmen Mart\u00edn Gaite<\/span><\/a><\/li><\/ul><\/li><li class=\" wp-block-navigation-item wp-block-navigation-link\"><a class=\"wp-block-navigation-item__content\"  href=\"https:\/\/dlf.uzh.ch\/sites\/congresocarmenmartingaite2025\/programa-del-congreso\/\"><span class=\"wp-block-navigation-item__label\">Programa del congreso<\/span><\/a><\/li><li data-wp-context=\"{ &quot;submenuOpenedBy&quot;: { &quot;click&quot;: false, &quot;hover&quot;: false, &quot;focus&quot;: false }, &quot;type&quot;: &quot;submenu&quot;, &quot;modal&quot;: null, &quot;previousFocus&quot;: null }\" data-wp-interactive=\"core\/navigation\" data-wp-on--focusout=\"actions.handleMenuFocusout\" data-wp-on--keydown=\"actions.handleMenuKeydown\" data-wp-on--mouseenter=\"actions.openMenuOnHover\" data-wp-on--mouseleave=\"actions.closeMenuOnHover\" data-wp-watch=\"callbacks.initMenu\" tabindex=\"-1\" class=\"wp-block-navigation-item has-child open-on-hover-click wp-block-navigation-submenu\"><a class=\"wp-block-navigation-item__content\" href=\"https:\/\/dlf.uzh.ch\/sites\/congresocarmenmartingaite2025\/participantes-del-congreso\/\"><span class=\"wp-block-navigation-item__label\">Participantes del congreso<\/span><\/a><button data-wp-bind--aria-expanded=\"state.isMenuOpen\" data-wp-on--click=\"actions.toggleMenuOnClick\" aria-label=\"Participantes del congreso submenu\" class=\"wp-block-navigation__submenu-icon wp-block-navigation-submenu__toggle\" ><svg xmlns=\"http:\/\/www.w3.org\/2000\/svg\" width=\"12\" height=\"12\" viewBox=\"0 0 12 12\" fill=\"none\" aria-hidden=\"true\" focusable=\"false\"><path d=\"M1.50002 4L6.00002 8L10.5 4\" stroke-width=\"1.5\"><\/path><\/svg><\/button><ul data-wp-on--focus=\"actions.openMenuOnFocus\" class=\"wp-block-navigation__submenu-container wp-block-navigation-submenu\"><li class=\" wp-block-navigation-item wp-block-navigation-link\"><a class=\"wp-block-navigation-item__content\"  href=\"https:\/\/dlf.uzh.ch\/sites\/congresocarmenmartingaite2025\/participantes-del-congreso\/itziar-lopez-guil\/\"><span class=\"wp-block-navigation-item__label\">Itz\u00edar L\u00f3pez Guil<\/span><\/a><\/li><li class=\" wp-block-navigation-item wp-block-navigation-link\"><a class=\"wp-block-navigation-item__content\"  href=\"https:\/\/dlf.uzh.ch\/sites\/congresocarmenmartingaite2025\/participantes-del-congreso\/maria-vittoria-calvi\/\"><span class=\"wp-block-navigation-item__label\">Maria Vittoria Calvi<\/span><\/a><\/li><li class=\" wp-block-navigation-item wp-block-navigation-link\"><a class=\"wp-block-navigation-item__content\"  href=\"https:\/\/dlf.uzh.ch\/sites\/congresocarmenmartingaite2025\/participantes-del-congreso\/fernando-valls\/\"><span class=\"wp-block-navigation-item__label\">Fernando Valls<\/span><\/a><\/li><li class=\" wp-block-navigation-item wp-block-navigation-link\"><a class=\"wp-block-navigation-item__content\"  href=\"https:\/\/dlf.uzh.ch\/sites\/congresocarmenmartingaite2025\/participantes-del-congreso\/rosa-maria-silva\/\"><span class=\"wp-block-navigation-item__label\">Rosa Mar\u00eda Silva<\/span><\/a><\/li><li class=\" wp-block-navigation-item wp-block-navigation-link\"><a class=\"wp-block-navigation-item__content\"  href=\"https:\/\/dlf.uzh.ch\/sites\/congresocarmenmartingaite2025\/participantes-del-congreso\/stefano-bellotti\/\"><span class=\"wp-block-navigation-item__label\">Stefano Bellotti<\/span><\/a><\/li><li class=\" wp-block-navigation-item wp-block-navigation-link\"><a class=\"wp-block-navigation-item__content\"  href=\"https:\/\/dlf.uzh.ch\/sites\/congresocarmenmartingaite2025\/participantes-del-congreso\/chiara-licci\/\"><span class=\"wp-block-navigation-item__label\">Chiara Licci<\/span><\/a><\/li><li class=\" wp-block-navigation-item wp-block-navigation-link\"><a class=\"wp-block-navigation-item__content\"  href=\"https:\/\/dlf.uzh.ch\/sites\/congresocarmenmartingaite2025\/ellen-mayock\/\"><span class=\"wp-block-navigation-item__label\">Ellen Mayock<\/span><\/a><\/li><li class=\" wp-block-navigation-item wp-block-navigation-link\"><a class=\"wp-block-navigation-item__content\"  href=\"https:\/\/dlf.uzh.ch\/sites\/congresocarmenmartingaite2025\/participantes-del-congreso\/angeles-encinar\/\"><span class=\"wp-block-navigation-item__label\">\u00c1ngeles Encinar<\/span><\/a><\/li><li class=\" wp-block-navigation-item wp-block-navigation-link\"><a class=\"wp-block-navigation-item__content\"  href=\"https:\/\/dlf.uzh.ch\/sites\/congresocarmenmartingaite2025\/participantes-del-congreso\/jose-teruel\/\"><span class=\"wp-block-navigation-item__label\">Jos\u00e9 Teruel<\/span><\/a><\/li><\/ul><\/li><li class=\" wp-block-navigation-item wp-block-navigation-link\"><a class=\"wp-block-navigation-item__content\"  href=\"https:\/\/dlf.uzh.ch\/sites\/congresocarmenmartingaite2025\/entrevista-de-carmen-martin-gaite\/\"><span class=\"wp-block-navigation-item__label\">Entrevista de Carmen Mart\u00edn Gaite<\/span><\/a><\/li><li class=\" wp-block-navigation-item wp-block-navigation-link\"><a class=\"wp-block-navigation-item__content\"  href=\"https:\/\/dlf.uzh.ch\/sites\/congresocarmenmartingaite2025\/fotos-del-congreso\/\"><span class=\"wp-block-navigation-item__label\">Fotos del congreso<\/span><\/a><\/li><\/ul>\n\t\t\t\t\t\t\t<\/div>\n\t\t\t\t\t\t<\/div>\n\t\t\t\t\t<\/div>\n\t\t\t\t<\/div><\/nav>\n\n\n<p><\/p>\n\n\n\n<p><\/p>\n","protected":false},"excerpt":{"rendered":"<p>Jos\u00e9 Teruel es profesor honorario de Literatura Espa\u00f1ola en la Universidad Aut\u00f3noma de Madrid. Ha sido visiting professor&nbsp;en Duke University, Middlebury College y la Universit\u00e0 Ca\u2019 Foscari Venezia. Entre sus publicaciones destacan&nbsp;El trampol\u00edn y el atleta: \u00abLos placeres prohibidos\u00bb de Luis Cernuda&nbsp;(2002),&nbsp;Los a\u00f1os norteamericanos de Luis Cernuda&nbsp;(Premio Internacional \u00abGerardo Diego\u00bb de Investigaci\u00f3n Literaria 2013),&nbsp;Vertical de [&hellip;]<\/p>\n","protected":false},"author":874,"featured_media":0,"parent":54,"menu_order":0,"comment_status":"closed","ping_status":"closed","template":"","meta":{"footnotes":""},"class_list":["post-294","page","type-page","status-publish","hentry"],"_links":{"self":[{"href":"https:\/\/dlf.uzh.ch\/sites\/congresocarmenmartingaite2025\/wp-json\/wp\/v2\/pages\/294","targetHints":{"allow":["GET"]}}],"collection":[{"href":"https:\/\/dlf.uzh.ch\/sites\/congresocarmenmartingaite2025\/wp-json\/wp\/v2\/pages"}],"about":[{"href":"https:\/\/dlf.uzh.ch\/sites\/congresocarmenmartingaite2025\/wp-json\/wp\/v2\/types\/page"}],"author":[{"embeddable":true,"href":"https:\/\/dlf.uzh.ch\/sites\/congresocarmenmartingaite2025\/wp-json\/wp\/v2\/users\/874"}],"replies":[{"embeddable":true,"href":"https:\/\/dlf.uzh.ch\/sites\/congresocarmenmartingaite2025\/wp-json\/wp\/v2\/comments?post=294"}],"version-history":[{"count":10,"href":"https:\/\/dlf.uzh.ch\/sites\/congresocarmenmartingaite2025\/wp-json\/wp\/v2\/pages\/294\/revisions"}],"predecessor-version":[{"id":491,"href":"https:\/\/dlf.uzh.ch\/sites\/congresocarmenmartingaite2025\/wp-json\/wp\/v2\/pages\/294\/revisions\/491"}],"up":[{"embeddable":true,"href":"https:\/\/dlf.uzh.ch\/sites\/congresocarmenmartingaite2025\/wp-json\/wp\/v2\/pages\/54"}],"wp:attachment":[{"href":"https:\/\/dlf.uzh.ch\/sites\/congresocarmenmartingaite2025\/wp-json\/wp\/v2\/media?parent=294"}],"curies":[{"name":"wp","href":"https:\/\/api.w.org\/{rel}","templated":true}]}}