{"id":146,"date":"2025-04-11T19:09:24","date_gmt":"2025-04-11T19:09:24","guid":{"rendered":"https:\/\/dlf.uzh.ch\/sites\/congresocarmenmartingaite2025\/?page_id=146"},"modified":"2025-04-21T16:49:28","modified_gmt":"2025-04-21T16:49:28","slug":"biografia-de-carmen-martin-gaite","status":"publish","type":"page","link":"https:\/\/dlf.uzh.ch\/sites\/congresocarmenmartingaite2025\/biografia-de-carmen-martin-gaite\/","title":{"rendered":"Biograf\u00eda de Carmen Mart\u00edn Gaite"},"content":{"rendered":"\n<figure class=\"wp-block-image size-full\"><img loading=\"lazy\" decoding=\"async\" width=\"143\" height=\"162\" src=\"https:\/\/dlf.uzh.ch\/sites\/congresocarmenmartingaite2025\/files\/2025\/04\/Bild1-4.png\" alt=\"\" class=\"wp-image-471\" \/><\/figure>\n\n\n\n<div class=\"wp-block-columns is-layout-flex wp-container-core-columns-is-layout-28f84493 wp-block-columns-is-layout-flex\">\n<div class=\"wp-block-column is-layout-flow wp-block-column-is-layout-flow\">\n<p>Carmen Mart\u00edn Gaite naci\u00f3 en Salamanca el 8 de diciembre de 1925. Fue la menor de dos hijas. Su padre, Jos\u00e9 Mart\u00edn, natural de Valladolid, fue notario y un lector apasionado, y su madre, Mar\u00eda Gaite, una costurera nacida en Orense (Teruel, 2025).<\/p>\n\n\n\n<p>La infancia de Carmen estuvo influenciada por el ambiente intelectual de su hogar, siendo educada por tutores y por sus propios padres, quienes le infundieron el amor por la buena literatura y por el conocimiento (Ferru, 2023). En las obras de Carmen es perceptible la huella de las vivencias de su hogar. Con su hermana, Ana Mar\u00eda, le\u00eda desde ni\u00f1a relatos de aventuras, novelas rosa y ex\u00f3ticas (entre ellas <em>Los Tres Mosqueteros<\/em>, <em>Los Caballeros de la Tabla Redonda<\/em>, <em>El Maravilloso Viaje<\/em>, los folletines de <em>La Ilustraci\u00f3n Espa\u00f1ola y Americana<\/em>, y las <em>Veladas de la Quinta<\/em>) (Teruel, 2024). Esta actividad permiti\u00f3 que Carmen se refugiara en la ficci\u00f3n para evadir a veces la realidad. En Bachillerato tuvo como profesor a Rafael Lapesa -a quien la guerra hab\u00eda sorprendido en Salamanca- que la anim\u00f3 a escribir. M\u00e1s tarde estudi\u00f3 Filosof\u00eda y Letras en la Universidad de Salamanca, teniendo la oportunidad de conocer a varios escritores y artistas (Villar, 2018). Despu\u00e9s se mud\u00f3 a Madrid para continuar su formaci\u00f3n y comienza a frecuentar c\u00edrculos literarios y culturales. En 1953 se cas\u00f3 con Rafael S\u00e1nchez Ferlosio. Se form\u00f3 tambi\u00e9n en Portugal, Francia, Italia y Estados Unidos, gracias a que obtuvo varias becas y a que sus suegros viv\u00edan en la ciudad eterna. Paralelamente a su producci\u00f3n literaria, Mart\u00edn Gaite se dedic\u00f3 a la investigaci\u00f3n hist\u00f3rica (Real Academia de la Historia, 2025). Entre sus trabajos en este campo destacan su tesis doctoral, publicada bajo el t\u00edtulo\u00a0<em>Usos amorosos del siglo XVIII en Espa\u00f1a<\/em>\u00a0(1972), y un extenso estudio sobre el ilustrado Melchor de Macanaz, que vio la luz en 1969 con el t\u00edtulo\u00a0<em>El proceso de Macanaz: Historia de un empapelamiento<\/em>. Comenz\u00f3 escribiendo poemas en su adolescencia y despu\u00e9s pas\u00f3 al g\u00e9nero cuento y al teatro. En 1955 public\u00f3 su primera obra narrativa, la novela corta\u00a0<em>El balneario<\/em>.\u00a0Con <em>Entre visillos<\/em> gan\u00f3 el Premio Nadal en 1957 y se dio a conocer un a\u00f1o m\u00e1s tarde, cuando fue publicada (Junta de Castilla y Le\u00f3n, 2025). La obra de Carmen Mart\u00edn Gaite se caracteriza por el inter\u00e9s que muestra hacia el entorno y la psicolog\u00eda de los personajes, as\u00ed como por la exploraci\u00f3n de temas como la b\u00fasqueda de la identidad, la represi\u00f3n social, la memoria y la soledad. En muchos de sus textos incorpora, adem\u00e1s, elementos de lo fant\u00e1stico y lo maravilloso (Ferru, 2023).<\/p>\n\n\n\n<p>Fue una escritora multifac\u00e9tica: nunca acept\u00f3 ser Acad\u00e9mica, aunque se lo propusieron en diferenntes ocasiones, colabor\u00f3 con varias revistas y publicaciones (Club de Lectura Cervantes, 2021), trabaj\u00f3 para editoriales, escribi\u00f3 novelas, relatos cortos, ensayos, cuentos, poes\u00eda, guiones para teatro y RTVE, as\u00ed como literatura infantil y juvenil. <em>El balneario<\/em> (1955), <em>Las ataduras<\/em> (1960), <em>Retah\u00edlas <\/em>(1974), <em>Caperucita en Manhattan<\/em> (1990) <em>Nubosidad variable<\/em> (1992), <em>Cuentos completos<\/em> (1994), <em>La reina de las nieves<\/em> (1994) y <em>Lo raro es vivir<\/em> (1996) son algunas de sus obras m\u00e1s destacadas (Teruel, 2025).<\/p>\n\n\n\n<p><em>Luc Steinmann, estudiante de m\u00e1ster<\/em><\/p>\n\n\n\n<p><strong>Bibliograf\u00eda<\/strong><\/p>\n\n\n\n<p>Aguilar, A. (2025). Carmen Mart\u00edn Gaite, la escritora de nunca acabar. El Pa\u00eds. Babelia. <a href=\"https:\/\/elpais.com\/babelia\/2025-01-18\/carmen-martin-gaite-la-escritora-de-nunca-acabar.html\">https:\/\/elpais.com\/babelia\/2025-01-18\/carmen-martin-gaite-la-escritora-de-nunca-acabar.html<\/a><\/p>\n\n\n\n<p>Aragu\u00e1s, N. (2025). Mart\u00edn Gaite, una escritora frente a la muerte de su madre y su hija. El Peri\u00f3dico. <a href=\"https:\/\/www.elperiodico.com\/es\/ocio-y-cultura\/20250324\/martin-gaite-escritora-frente-muerte-115546418\">https:\/\/www.elperiodico.com\/es\/ocio-y-cultura\/20250324\/martin-gaite-escritora-frente-muerte-115546418<\/a><\/p>\n\n\n\n<p>Club de Lectura Cervantes (2021). Club de lectura Entre Visillos, de Carmen Mart\u00edn Gaite. <a href=\"https:\/\/tetuan.cervantes.es\/imagenes\/file\/biblioteca\/entre_visillos_martin_gaite.pdf\">https:\/\/tetuan.cervantes.es\/imagenes\/file\/biblioteca\/entre_visillos_martin_gaite.pdf<\/a><\/p>\n\n\n\n<p>Ferru, E. (2023). La voz infantil en Carmen Mart\u00edn Gaite. Docta Complutense. Universidad complutense de Madrid. <a href=\"https:\/\/docta.ucm.es\/entities\/publication\/82ee62af-a0a6-456a-8537-0cfc6da24b2d\">https:\/\/docta.ucm.es\/entities\/publication\/82ee62af-a0a6-456a-8537-0cfc6da24b2d<\/a><\/p>\n\n\n\n<p>Junta de Castilla y Le\u00f3n (2025). Biograf\u00eda de Carmen Mart\u00edn Gaite. http:\/\/archivomartingaite.com\/<\/p>\n\n\n\n<p>Real Academia de la Historia (2025). Carmen mart\u00edn Gaite. Biograf\u00eda.<a href=\"https:\/\/historia-hispanica.rah.es\/biografias\/27918-carmen-martin-gaite\">https:\/\/historia-hispanica.rah.es\/biografias\/27918-carmen-martin-gaite<\/a><\/p>\n\n\n\n<p>Teruel, J. (2024). Biblioteca de Castilla y Le\u00f3n. <a href=\"http:\/\/archivomartingaite.com\/#biografia\">http:\/\/archivomartingaite.com\/#biografia<\/a><\/p>\n\n\n\n<p>Teruel, J. (2025). Carmen Mart\u00edn Gaite. Una biograf\u00eda. Barcelona: Tusquets Editores. <a href=\"https:\/\/proassetspdlcom.cdnstatics2.com\/usuaris\/libros_contenido\/arxius\/60\/59656_Carmen_martin_gaite.pdf\">https:\/\/proassetspdlcom.cdnstatics2.com\/usuaris\/libros_contenido\/arxius\/60\/59656_Carmen_martin_gaite.pdf<\/a><\/p>\n\n\n\n<p>Villar, B. (2018). Carmen Mart\u00edn Gaite. Culturas de norta. <a href=\"https:\/\/culturasdenorta.blogspot.com\/2016\/05\/carmen-martin-gaite.html\">https:\/\/culturasdenorta.blogspot.com\/2016\/05\/carmen-martin-gaite.html<\/a>.<\/p>\n<\/div>\n<\/div>\n\n\n\n<div class=\"wp-block-columns is-layout-flex wp-container-core-columns-is-layout-28f84493 wp-block-columns-is-layout-flex\"><\/div>\n\n\n\n<div class=\"wp-block-columns is-layout-flex wp-container-core-columns-is-layout-28f84493 wp-block-columns-is-layout-flex\">\n<div class=\"wp-block-column is-layout-flow wp-block-column-is-layout-flow\"><\/div>\n\n\n\n<div class=\"wp-block-column is-layout-flow wp-block-column-is-layout-flow\"><\/div>\n<\/div>\n\n\n\n<div class=\"wp-block-buttons is-layout-flex wp-block-buttons-is-layout-flex\">\n<div class=\"wp-block-button\"><a class=\"wp-block-button__link wp-element-button\" href=\"https:\/\/dlf.uzh.ch\/sites\/congresocarmenmartingaite2025\/\">Home<\/a><\/div>\n<\/div>\n\n\n<nav class=\"is-responsive items-justified-center alignfull wp-block-navigation is-content-justification-center is-layout-flex wp-container-core-navigation-is-layout-a89b3969 wp-block-navigation-is-layout-flex\" aria-label=\"Navegaci\u00f3n\" \n\t\t data-wp-interactive=\"core\/navigation\" data-wp-context='{\"overlayOpenedBy\":{\"click\":false,\"hover\":false,\"focus\":false},\"type\":\"overlay\",\"roleAttribute\":\"\",\"ariaLabel\":\"Menu\"}'><button aria-haspopup=\"dialog\" aria-label=\"Open menu\" class=\"wp-block-navigation__responsive-container-open\" \n\t\t\t\tdata-wp-on--click=\"actions.openMenuOnClick\"\n\t\t\t\tdata-wp-on--keydown=\"actions.handleMenuKeydown\"\n\t\t\t><svg width=\"24\" height=\"24\" xmlns=\"http:\/\/www.w3.org\/2000\/svg\" viewBox=\"0 0 24 24\" aria-hidden=\"true\" focusable=\"false\"><path d=\"M4 7.5h16v1.5H4z\"><\/path><path d=\"M4 15h16v1.5H4z\"><\/path><\/svg><\/button>\n\t\t\t\t<div class=\"wp-block-navigation__responsive-container\"  id=\"modal-1\" \n\t\t\t\tdata-wp-class--has-modal-open=\"state.isMenuOpen\"\n\t\t\t\tdata-wp-class--is-menu-open=\"state.isMenuOpen\"\n\t\t\t\tdata-wp-watch=\"callbacks.initMenu\"\n\t\t\t\tdata-wp-on--keydown=\"actions.handleMenuKeydown\"\n\t\t\t\tdata-wp-on--focusout=\"actions.handleMenuFocusout\"\n\t\t\t\ttabindex=\"-1\"\n\t\t\t>\n\t\t\t\t\t<div class=\"wp-block-navigation__responsive-close\" tabindex=\"-1\">\n\t\t\t\t\t\t<div class=\"wp-block-navigation__responsive-dialog\" \n\t\t\t\tdata-wp-bind--aria-modal=\"state.ariaModal\"\n\t\t\t\tdata-wp-bind--aria-label=\"state.ariaLabel\"\n\t\t\t\tdata-wp-bind--role=\"state.roleAttribute\"\n\t\t\t>\n\t\t\t\t\t\t\t<button aria-label=\"Close menu\" class=\"wp-block-navigation__responsive-container-close\" \n\t\t\t\tdata-wp-on--click=\"actions.closeMenuOnClick\"\n\t\t\t><svg xmlns=\"http:\/\/www.w3.org\/2000\/svg\" viewBox=\"0 0 24 24\" width=\"24\" height=\"24\" aria-hidden=\"true\" focusable=\"false\"><path d=\"m13.06 12 6.47-6.47-1.06-1.06L12 10.94 5.53 4.47 4.47 5.53 10.94 12l-6.47 6.47 1.06 1.06L12 13.06l6.47 6.47 1.06-1.06L13.06 12Z\"><\/path><\/svg><\/button>\n\t\t\t\t\t\t\t<div class=\"wp-block-navigation__responsive-container-content\" \n\t\t\t\tdata-wp-watch=\"callbacks.focusFirstElement\"\n\t\t\t id=\"modal-1-content\">\n\t\t\t\t\t\t\t\t<ul class=\"wp-block-navigation__container is-responsive items-justified-center alignfull wp-block-navigation\"><li data-wp-context=\"{ &quot;submenuOpenedBy&quot;: { &quot;click&quot;: false, &quot;hover&quot;: false, &quot;focus&quot;: false }, &quot;type&quot;: &quot;submenu&quot;, &quot;modal&quot;: null, &quot;previousFocus&quot;: null }\" data-wp-interactive=\"core\/navigation\" data-wp-on--focusout=\"actions.handleMenuFocusout\" data-wp-on--keydown=\"actions.handleMenuKeydown\" data-wp-on--mouseenter=\"actions.openMenuOnHover\" data-wp-on--mouseleave=\"actions.closeMenuOnHover\" data-wp-watch=\"callbacks.initMenu\" tabindex=\"-1\" class=\"wp-block-navigation-item has-child open-on-hover-click wp-block-navigation-submenu\"><a class=\"wp-block-navigation-item__content\" href=\"https:\/\/dlf.uzh.ch\/sites\/congresocarmenmartingaite2025\/carmen-martin-gaite\/\"><span class=\"wp-block-navigation-item__label\">Carmen Mart\u00edn Gaite<\/span><\/a><button data-wp-bind--aria-expanded=\"state.isMenuOpen\" data-wp-on--click=\"actions.toggleMenuOnClick\" aria-label=\"Carmen Mart\u00edn Gaite submenu\" class=\"wp-block-navigation__submenu-icon wp-block-navigation-submenu__toggle\" ><svg xmlns=\"http:\/\/www.w3.org\/2000\/svg\" width=\"12\" height=\"12\" viewBox=\"0 0 12 12\" fill=\"none\" aria-hidden=\"true\" focusable=\"false\"><path d=\"M1.50002 4L6.00002 8L10.5 4\" stroke-width=\"1.5\"><\/path><\/svg><\/button><ul data-wp-on--focus=\"actions.openMenuOnFocus\" class=\"wp-block-navigation__submenu-container wp-block-navigation-submenu\"><li class=\" wp-block-navigation-item wp-block-navigation-link\"><a class=\"wp-block-navigation-item__content\"  href=\"https:\/\/dlf.uzh.ch\/sites\/congresocarmenmartingaite2025\/biografia-de-carmen-martin-gaite\/\"><span class=\"wp-block-navigation-item__label\">Biograf\u00eda de Carmen Mart\u00edn Gaite<\/span><\/a><\/li><li class=\" wp-block-navigation-item wp-block-navigation-link\"><a class=\"wp-block-navigation-item__content\"  href=\"https:\/\/dlf.uzh.ch\/sites\/congresocarmenmartingaite2025\/poetica-de-carmen-martin-gaite\/\"><span class=\"wp-block-navigation-item__label\">Po\u00e9tica de Carmen Mart\u00edn Gaite<\/span><\/a><\/li><\/ul><\/li><li class=\" wp-block-navigation-item wp-block-navigation-link\"><a class=\"wp-block-navigation-item__content\"  href=\"https:\/\/dlf.uzh.ch\/sites\/congresocarmenmartingaite2025\/programa-del-congreso\/\"><span class=\"wp-block-navigation-item__label\">Programa del congreso<\/span><\/a><\/li><li data-wp-context=\"{ &quot;submenuOpenedBy&quot;: { &quot;click&quot;: false, &quot;hover&quot;: false, &quot;focus&quot;: false }, &quot;type&quot;: &quot;submenu&quot;, &quot;modal&quot;: null, &quot;previousFocus&quot;: null }\" data-wp-interactive=\"core\/navigation\" data-wp-on--focusout=\"actions.handleMenuFocusout\" data-wp-on--keydown=\"actions.handleMenuKeydown\" data-wp-on--mouseenter=\"actions.openMenuOnHover\" data-wp-on--mouseleave=\"actions.closeMenuOnHover\" data-wp-watch=\"callbacks.initMenu\" tabindex=\"-1\" class=\"wp-block-navigation-item has-child open-on-hover-click wp-block-navigation-submenu\"><a class=\"wp-block-navigation-item__content\" href=\"https:\/\/dlf.uzh.ch\/sites\/congresocarmenmartingaite2025\/participantes-del-congreso\/\"><span class=\"wp-block-navigation-item__label\">Participantes del congreso<\/span><\/a><button data-wp-bind--aria-expanded=\"state.isMenuOpen\" data-wp-on--click=\"actions.toggleMenuOnClick\" aria-label=\"Participantes del congreso submenu\" class=\"wp-block-navigation__submenu-icon wp-block-navigation-submenu__toggle\" ><svg xmlns=\"http:\/\/www.w3.org\/2000\/svg\" width=\"12\" height=\"12\" viewBox=\"0 0 12 12\" fill=\"none\" aria-hidden=\"true\" focusable=\"false\"><path d=\"M1.50002 4L6.00002 8L10.5 4\" stroke-width=\"1.5\"><\/path><\/svg><\/button><ul data-wp-on--focus=\"actions.openMenuOnFocus\" class=\"wp-block-navigation__submenu-container wp-block-navigation-submenu\"><li class=\" wp-block-navigation-item wp-block-navigation-link\"><a class=\"wp-block-navigation-item__content\"  href=\"https:\/\/dlf.uzh.ch\/sites\/congresocarmenmartingaite2025\/participantes-del-congreso\/itziar-lopez-guil\/\"><span class=\"wp-block-navigation-item__label\">Itz\u00edar L\u00f3pez Guil<\/span><\/a><\/li><li class=\" wp-block-navigation-item wp-block-navigation-link\"><a class=\"wp-block-navigation-item__content\"  href=\"https:\/\/dlf.uzh.ch\/sites\/congresocarmenmartingaite2025\/participantes-del-congreso\/maria-vittoria-calvi\/\"><span class=\"wp-block-navigation-item__label\">Maria Vittoria Calvi<\/span><\/a><\/li><li class=\" wp-block-navigation-item wp-block-navigation-link\"><a class=\"wp-block-navigation-item__content\"  href=\"https:\/\/dlf.uzh.ch\/sites\/congresocarmenmartingaite2025\/participantes-del-congreso\/fernando-valls\/\"><span class=\"wp-block-navigation-item__label\">Fernando Valls<\/span><\/a><\/li><li class=\" wp-block-navigation-item wp-block-navigation-link\"><a class=\"wp-block-navigation-item__content\"  href=\"https:\/\/dlf.uzh.ch\/sites\/congresocarmenmartingaite2025\/participantes-del-congreso\/rosa-maria-silva\/\"><span class=\"wp-block-navigation-item__label\">Rosa Mar\u00eda Silva<\/span><\/a><\/li><li class=\" wp-block-navigation-item wp-block-navigation-link\"><a class=\"wp-block-navigation-item__content\"  href=\"https:\/\/dlf.uzh.ch\/sites\/congresocarmenmartingaite2025\/participantes-del-congreso\/stefano-bellotti\/\"><span class=\"wp-block-navigation-item__label\">Stefano Bellotti<\/span><\/a><\/li><li class=\" wp-block-navigation-item wp-block-navigation-link\"><a class=\"wp-block-navigation-item__content\"  href=\"https:\/\/dlf.uzh.ch\/sites\/congresocarmenmartingaite2025\/participantes-del-congreso\/chiara-licci\/\"><span class=\"wp-block-navigation-item__label\">Chiara Licci<\/span><\/a><\/li><li class=\" wp-block-navigation-item wp-block-navigation-link\"><a class=\"wp-block-navigation-item__content\"  href=\"https:\/\/dlf.uzh.ch\/sites\/congresocarmenmartingaite2025\/ellen-mayock\/\"><span class=\"wp-block-navigation-item__label\">Ellen Mayock<\/span><\/a><\/li><li class=\" wp-block-navigation-item wp-block-navigation-link\"><a class=\"wp-block-navigation-item__content\"  href=\"https:\/\/dlf.uzh.ch\/sites\/congresocarmenmartingaite2025\/participantes-del-congreso\/angeles-encinar\/\"><span class=\"wp-block-navigation-item__label\">\u00c1ngeles Encinar<\/span><\/a><\/li><li class=\" wp-block-navigation-item wp-block-navigation-link\"><a class=\"wp-block-navigation-item__content\"  href=\"https:\/\/dlf.uzh.ch\/sites\/congresocarmenmartingaite2025\/participantes-del-congreso\/jose-teruel\/\"><span class=\"wp-block-navigation-item__label\">Jos\u00e9 Teruel<\/span><\/a><\/li><\/ul><\/li><li class=\" wp-block-navigation-item wp-block-navigation-link\"><a class=\"wp-block-navigation-item__content\"  href=\"https:\/\/dlf.uzh.ch\/sites\/congresocarmenmartingaite2025\/entrevista-de-carmen-martin-gaite\/\"><span class=\"wp-block-navigation-item__label\">Entrevista de Carmen Mart\u00edn Gaite<\/span><\/a><\/li><li class=\" wp-block-navigation-item wp-block-navigation-link\"><a class=\"wp-block-navigation-item__content\"  href=\"https:\/\/dlf.uzh.ch\/sites\/congresocarmenmartingaite2025\/fotos-del-congreso\/\"><span class=\"wp-block-navigation-item__label\">Fotos del congreso<\/span><\/a><\/li><\/ul>\n\t\t\t\t\t\t\t<\/div>\n\t\t\t\t\t\t<\/div>\n\t\t\t\t\t<\/div>\n\t\t\t\t<\/div><\/nav>\n\n\n<p><\/p>\n\n\n\n<p><\/p>\n","protected":false},"excerpt":{"rendered":"<p>Carmen Mart\u00edn Gaite naci\u00f3 en Salamanca el 8 de diciembre de 1925. Fue la menor de dos hijas. Su padre, Jos\u00e9 Mart\u00edn, natural de Valladolid, fue notario y un lector apasionado, y su madre, Mar\u00eda Gaite, una costurera nacida en Orense (Teruel, 2025). La infancia de Carmen estuvo influenciada por el ambiente intelectual de su [&hellip;]<\/p>\n","protected":false},"author":874,"featured_media":0,"parent":0,"menu_order":0,"comment_status":"closed","ping_status":"closed","template":"","meta":{"footnotes":""},"class_list":["post-146","page","type-page","status-publish","hentry"],"_links":{"self":[{"href":"https:\/\/dlf.uzh.ch\/sites\/congresocarmenmartingaite2025\/wp-json\/wp\/v2\/pages\/146","targetHints":{"allow":["GET"]}}],"collection":[{"href":"https:\/\/dlf.uzh.ch\/sites\/congresocarmenmartingaite2025\/wp-json\/wp\/v2\/pages"}],"about":[{"href":"https:\/\/dlf.uzh.ch\/sites\/congresocarmenmartingaite2025\/wp-json\/wp\/v2\/types\/page"}],"author":[{"embeddable":true,"href":"https:\/\/dlf.uzh.ch\/sites\/congresocarmenmartingaite2025\/wp-json\/wp\/v2\/users\/874"}],"replies":[{"embeddable":true,"href":"https:\/\/dlf.uzh.ch\/sites\/congresocarmenmartingaite2025\/wp-json\/wp\/v2\/comments?post=146"}],"version-history":[{"count":10,"href":"https:\/\/dlf.uzh.ch\/sites\/congresocarmenmartingaite2025\/wp-json\/wp\/v2\/pages\/146\/revisions"}],"predecessor-version":[{"id":479,"href":"https:\/\/dlf.uzh.ch\/sites\/congresocarmenmartingaite2025\/wp-json\/wp\/v2\/pages\/146\/revisions\/479"}],"wp:attachment":[{"href":"https:\/\/dlf.uzh.ch\/sites\/congresocarmenmartingaite2025\/wp-json\/wp\/v2\/media?parent=146"}],"curies":[{"name":"wp","href":"https:\/\/api.w.org\/{rel}","templated":true}]}}