{"id":26,"date":"2021-07-12T15:55:55","date_gmt":"2021-07-12T15:55:55","guid":{"rendered":"https:\/\/dlf.uzh.ch\/sites\/club-de-lectura\/?page_id=26"},"modified":"2025-11-26T09:56:47","modified_gmt":"2025-11-26T09:56:47","slug":"sumilla","status":"publish","type":"page","link":"https:\/\/dlf.uzh.ch\/sites\/club-de-lectura\/","title":{"rendered":"Sumilla"},"content":{"rendered":"\n<p style=\"font-size:20px\">El club de lectura de literatura latinoamericana en Z\u00farich surge con la idea de fortalecer el circuito cultural en espa\u00f1ol con enfoque en Latinoam\u00e9rica, y difundir la producci\u00f3n cultural de escritorxs contempor\u00e1nexs latinoamericanxs y de Brasil en Suiza.<\/p>\n\n\n\n<p style=\"font-size:20px\">A trav\u00e9s de los encuentros mensuales en los que discutiremos las obras de autorxs latinoamericanxs contempor\u00e1neos previamente le\u00eddas, nos proponemos generar una plataforma de intercambio de ideas y perspectivas que se produzcan a partir de la lectura de esos textos.<\/p>\n\n\n\n<figure class=\"wp-block-image size-large\"><img loading=\"lazy\" decoding=\"async\" width=\"1024\" height=\"771\" src=\"https:\/\/dlf.uzh.ch\/sites\/club-de-lectura\/files\/2023\/04\/Club-de-lectura-1024x771.png\" alt=\"\" class=\"wp-image-411\" srcset=\"https:\/\/dlf.uzh.ch\/sites\/club-de-lectura\/files\/2023\/04\/Club-de-lectura-1024x771.png 1024w, https:\/\/dlf.uzh.ch\/sites\/club-de-lectura\/files\/2023\/04\/Club-de-lectura-300x226.png 300w, https:\/\/dlf.uzh.ch\/sites\/club-de-lectura\/files\/2023\/04\/Club-de-lectura-768x578.png 768w, https:\/\/dlf.uzh.ch\/sites\/club-de-lectura\/files\/2023\/04\/Club-de-lectura-900x678.png 900w, https:\/\/dlf.uzh.ch\/sites\/club-de-lectura\/files\/2023\/04\/Club-de-lectura.png 1037w\" sizes=\"auto, (max-width: 1024px) 100vw, 1024px\" \/><\/figure>\n\n\n\n<p style=\"font-size:20px\">El c\u00edrculo de lectura est\u00e1 dirigido a personas interesadas en la cultura latinoamericana, que lean en espa\u00f1ol y que quieran compartir sus opiniones sobre las novelas y libros de cuentos en un ambiente relajado. La discusi\u00f3n de los textos es en espa\u00f1ol.<\/p>\n\n\n\n<p style=\"font-size:20px\">La modalidad de los encuentros es presencial, y tendr\u00e1n lugar los d\u00edas <strong>03.03<\/strong>, <strong>07.04<\/strong>, <strong>05.05<\/strong> y <strong>02.06.2026<\/strong> en el horario de <strong>18.30<\/strong> a <strong>20.00 hs.<\/strong> en el bar\/librer\u00eda <a href=\"https:\/\/spheres.cc\/\" data-type=\"URL\" data-id=\"https:\/\/spheres.cc\/\" target=\"_blank\" rel=\"noreferrer noopener\">Sph\u00e8res<\/a> (Hardturmstrasse 66, 8005 Z\u00farich).<\/p>\n\n\n\n<p style=\"font-size:20px\">Para mayor informaci\u00f3n, escr\u00edbenos a: <a href=\"mailto:clubdelectura@rom.uzh.ch\" target=\"_blank\" rel=\"noreferrer noopener\">clubdelectura@rom.uzh.ch<\/a><\/p>\n\n\n\n<figure class=\"wp-block-image size-full\"><img loading=\"lazy\" decoding=\"async\" width=\"1754\" height=\"2481\" src=\"https:\/\/dlf.uzh.ch\/sites\/club-de-lectura\/files\/2025\/11\/Club-de-lectura_FS26.jpg\" alt=\"\" class=\"wp-image-600\" srcset=\"https:\/\/dlf.uzh.ch\/sites\/club-de-lectura\/files\/2025\/11\/Club-de-lectura_FS26.jpg 1754w, https:\/\/dlf.uzh.ch\/sites\/club-de-lectura\/files\/2025\/11\/Club-de-lectura_FS26-212x300.jpg 212w, https:\/\/dlf.uzh.ch\/sites\/club-de-lectura\/files\/2025\/11\/Club-de-lectura_FS26-724x1024.jpg 724w, https:\/\/dlf.uzh.ch\/sites\/club-de-lectura\/files\/2025\/11\/Club-de-lectura_FS26-768x1086.jpg 768w, https:\/\/dlf.uzh.ch\/sites\/club-de-lectura\/files\/2025\/11\/Club-de-lectura_FS26-1086x1536.jpg 1086w, https:\/\/dlf.uzh.ch\/sites\/club-de-lectura\/files\/2025\/11\/Club-de-lectura_FS26-1448x2048.jpg 1448w, https:\/\/dlf.uzh.ch\/sites\/club-de-lectura\/files\/2025\/11\/Club-de-lectura_FS26-900x1273.jpg 900w, https:\/\/dlf.uzh.ch\/sites\/club-de-lectura\/files\/2025\/11\/Club-de-lectura_FS26-1280x1811.jpg 1280w\" sizes=\"auto, (max-width: 1754px) 100vw, 1754px\" \/><\/figure>\n","protected":false},"excerpt":{"rendered":"<p>El club de lectura de literatura latinoamericana en Z\u00farich surge con la idea de fortalecer el circuito cultural en espa\u00f1ol con enfoque en Latinoam\u00e9rica, y difundir la producci\u00f3n cultural de escritorxs contempor\u00e1nexs latinoamericanxs y de Brasil en Suiza. A trav\u00e9s de los encuentros mensuales en los que discutiremos las obras de autorxs latinoamericanxs contempor\u00e1neos previamente [&hellip;]<\/p>\n","protected":false},"author":676,"featured_media":0,"parent":0,"menu_order":1,"comment_status":"closed","ping_status":"closed","template":"","meta":{"footnotes":""},"class_list":["post-26","page","type-page","status-publish","hentry"],"_links":{"self":[{"href":"https:\/\/dlf.uzh.ch\/sites\/club-de-lectura\/wp-json\/wp\/v2\/pages\/26","targetHints":{"allow":["GET"]}}],"collection":[{"href":"https:\/\/dlf.uzh.ch\/sites\/club-de-lectura\/wp-json\/wp\/v2\/pages"}],"about":[{"href":"https:\/\/dlf.uzh.ch\/sites\/club-de-lectura\/wp-json\/wp\/v2\/types\/page"}],"author":[{"embeddable":true,"href":"https:\/\/dlf.uzh.ch\/sites\/club-de-lectura\/wp-json\/wp\/v2\/users\/676"}],"replies":[{"embeddable":true,"href":"https:\/\/dlf.uzh.ch\/sites\/club-de-lectura\/wp-json\/wp\/v2\/comments?post=26"}],"version-history":[{"count":10,"href":"https:\/\/dlf.uzh.ch\/sites\/club-de-lectura\/wp-json\/wp\/v2\/pages\/26\/revisions"}],"predecessor-version":[{"id":601,"href":"https:\/\/dlf.uzh.ch\/sites\/club-de-lectura\/wp-json\/wp\/v2\/pages\/26\/revisions\/601"}],"wp:attachment":[{"href":"https:\/\/dlf.uzh.ch\/sites\/club-de-lectura\/wp-json\/wp\/v2\/media?parent=26"}],"curies":[{"name":"wp","href":"https:\/\/api.w.org\/{rel}","templated":true}]}}